{"id":74461,"date":"2021-01-08T11:14:40","date_gmt":"2021-01-08T11:14:40","guid":{"rendered":"https:\/\/shop.nlq24.eu\/?post_type=product&#038;p=74461"},"modified":"2025-06-20T08:40:58","modified_gmt":"2025-06-20T08:40:58","slug":"glastrichter-35-mm-kalk-soda-glas","status":"publish","type":"product","link":"https:\/\/shop.nlq24.eu\/de\/Produkt\/glastrichter-35-mm-kalk-soda-glas\/","title":{"rendered":"Glastrichter 35 mm aus Kalk-Soda-Glas"},"content":{"rendered":"<p class=\"Normal\">Dieser Glastrichter 35 mm besteht aus Kalk-Soda-Glas. Er hat einen Durchmesser von nur 30 mm und ist damit ein sehr kleiner aber feiner Trichter. Er eignet sich sehr gut f\u00fcr kleine Menge, welche du in kleine Flaschen verbringen m\u00f6chtest. Zum Beispiel in die 30, 50 ml <strong><a href=\"https:\/\/shop.nlq24.eu\/produkt\/glasflasche-din18-slim-braun\/\">Glasflaschen DIN18<\/a><\/strong>. Aber auch f\u00fcr das Bef\u00fcllen der bruchsicheren <strong><a href=\"https:\/\/shop.nlq24.eu\/produkt\/pp-flaschen-bruchsicher-halbtransparent-mit-kindersicherheitsverschluss-div-groessen-farben\/\">PP-Flaschen<\/a><\/strong> ist dieser, aufgrund des geringen Durchmessers am Auslauf bestens geeignet.<\/p>\n<h3>Der Glastrichter 35 mm aus Kalk-Soda-Glas ist best\u00e4ndig<\/h3>\n<p>Das aus Kalk-Soda-Glas ist best\u00e4ndig gegen DMSO100 und 99,99 % und somit ideal zum Abf\u00fcllen von DMSO und andere L\u00f6semittel geeignet. Auch die meisten aggressiven Stoffe, machen deinem neuen Glastrichter kein Problem. Egal ob S\u00e4ure, Laugen oder L\u00f6semittel, aus deinem neuen Glas kann sich nichts herausl\u00f6sen. Dadurch erh\u00e4ltst du zum Beispiel bei DMSO eine Abf\u00fcllung ohne L\u00f6semittel aus Plastik. Sogar Pulver kannst du damit, dank der gleitenden Oberfl\u00e4che, recht gut damit verf\u00fcllen. Nat\u00fcrlich gilt dies auch f\u00fcr Lebensmittel. Sein steiler <strong>60\u00b0 Winkel<\/strong> macht ein leichtes durchgleiten deines F\u00fcllgutes m\u00f6glich.<\/p>\n<p>Mit deinem neuen Mini- Glastrichter bef\u00fcllst du also deine kleinen Gef\u00e4\u00dfe<strong> sicher<\/strong>.<\/p>\n<p class=\"Normal\">Dieser kleine Glastrichter 35 mm wird dir besonders gefallen, wenn du <strong>sehr kleine Flaschen oder Gef\u00e4\u00dfe<\/strong> bef\u00fcllen m\u00f6chtest. F\u00fcr das Bef\u00fcllen von DIN18 Flaschen eignet er sich fast so hervorragend, wie der ebenfalls best\u00e4ndige <strong><a href=\"https:\/\/shop.nlq24.eu\/produkt\/trichter-minitrichter-6-cm\/\">Minitrichter 60 mm<\/a><\/strong>.<\/p>\n<h3>Daten des Glastrichters auf einen Blick<\/h3>\n<p><strong>Das Gewicht betr\u00e4gt <\/strong>ca. 11 g, die <strong>Gesamtl\u00e4nge<\/strong> ca. 68 mm, der <strong>Durchmesser der \u00d6ffnung<\/strong> ca. 35 mm, der <strong>Durchmesser vom Stiel<\/strong> ca. 6 mm und die <strong>L\u00e4nge des Stieles<\/strong> ca. 35 mm. Der <strong>Winkel betr\u00e4gt<\/strong> ca. 60\u00b0 und der <strong>Durchmesser am Auslauf<\/strong> ca. 5 mm.<\/p>\n<p>F\u00fcr diesen Filter ist auch <strong><a href=\"https:\/\/shop.nlq24.eu\/produkt\/filterpapier-fuer-glastrichter-35-mm\/\">Filterpapier<\/a><\/strong> erh\u00e4ltlich.<\/p>\n<p>Suchst du einen g\u00fcnstigen Trichter aus <strong>best\u00e4ndigem PP<\/strong>, dann schauen Sie sich den <strong><a href=\"https:\/\/shop.nlq24.eu\/produkt\/trichter-minitrichter-6-cm\/\">Minitrichter 60 mm<\/a><\/strong> einmal an.<\/p>\n","protected":false},"excerpt":{"rendered":"<p>Glastrichter 35 mm Durchmesser, Auslauf ca. 5 mm<\/p>\n","protected":false},"featured_media":74467,"comment_status":"open","ping_status":"closed","template":"","meta":[],"product_brand":[],"product_cat":[43,44,81],"product_tag":[3022,3023,203,635,1801],"class_list":{"0":"post-74461","1":"product","2":"type-product","3":"status-publish","4":"has-post-thumbnail","6":"product_cat-dosieren-abmessen","7":"product_cat-trichter-zum-abfuellen","8":"product_cat-alle-produkte-im-ueberblick","9":"product_tag-glastrichter-35-mm","10":"product_tag-kleiner-trichter","11":"product_tag-trichter","12":"product_tag-kleiner","13":"product_tag-glastrichter","14":"product_shipping_class-standard","16":"first","17":"outofstock","18":"taxable","19":"shipping-taxable","20":"purchasable","21":"product-type-simple"},"_links":{"self":[{"href":"https:\/\/shop.nlq24.eu\/de\/wp-json\/wp\/v2\/product\/74461","targetHints":{"allow":["GET"]}}],"collection":[{"href":"https:\/\/shop.nlq24.eu\/de\/wp-json\/wp\/v2\/product"}],"about":[{"href":"https:\/\/shop.nlq24.eu\/de\/wp-json\/wp\/v2\/types\/product"}],"replies":[{"embeddable":true,"href":"https:\/\/shop.nlq24.eu\/de\/wp-json\/wp\/v2\/comments?post=74461"}],"wp:featuredmedia":[{"embeddable":true,"href":"https:\/\/shop.nlq24.eu\/de\/wp-json\/wp\/v2\/media\/74467"}],"wp:attachment":[{"href":"https:\/\/shop.nlq24.eu\/de\/wp-json\/wp\/v2\/media?parent=74461"}],"wp:term":[{"taxonomy":"product_brand","embeddable":true,"href":"https:\/\/shop.nlq24.eu\/de\/wp-json\/wp\/v2\/product_brand?post=74461"},{"taxonomy":"product_cat","embeddable":true,"href":"https:\/\/shop.nlq24.eu\/de\/wp-json\/wp\/v2\/product_cat?post=74461"},{"taxonomy":"product_tag","embeddable":true,"href":"https:\/\/shop.nlq24.eu\/de\/wp-json\/wp\/v2\/product_tag?post=74461"}],"curies":[{"name":"wp","href":"https:\/\/api.w.org\/{rel}","templated":true}]}}