{"id":74470,"date":"2021-01-08T11:40:20","date_gmt":"2021-01-08T11:40:20","guid":{"rendered":"https:\/\/shop.nlq24.eu\/?post_type=product&#038;p=74470"},"modified":"2025-05-06T08:19:13","modified_gmt":"2025-05-06T08:19:13","slug":"filterpapier-fuer-glastrichter-35-mm","status":"publish","type":"product","link":"https:\/\/shop.nlq24.eu\/de\/Produkt\/filterpapier-fuer-glastrichter-35-mm\/","title":{"rendered":"Filterpapier f\u00fcr Glastrichter 35 mm &#8211; 1 Blatt"},"content":{"rendered":"<p>Dieses Filterpapier f\u00fcr den <strong><a href=\"https:\/\/shop.nlq24.eu\/produkt\/glastrichter-35-mm-kalk-soda-glas\/\">Glastrichter 35 mm<\/a>.<\/strong> Er eignet sich hervorragend zum Filtern Ihrer Fl\u00fcssigkeiten. Dieses Filterpapier f\u00fcr Rundfilter bietet Ihnen eine gute Qualit\u00e4t und ist dazu preisg\u00fcnstig. Falten Sie dieses Filterpapier einfach 2 mal, wenn Sie es f\u00fcr den Glastrichter verwenden m\u00f6chten. Ein Bild zur Faltmethode finden Sie bei den Galeriebildern.<\/p>\n<p>Das Gewicht eines Filterpapiers betr\u00e4gt ca. 1 g.<\/p>\n<p>Der Durchmesser liegt bei 94 mm.<\/p>\n<p>Es handelt sich um ein helles Labporpapier, welches Ihre Fl\u00fcssigkeiten mittelschnell filtriert. Es eignet sich f\u00fcr Ihre qualitative Analyse von Fl\u00fcssigkeiten<\/p>\n<p>Andere Bezeichnungen f\u00fcr das Filterpapier sind: Rundfilter, Laborfilter, Analysefilter, Analysen Filter, Filterpapier.<\/p>\n<h3><strong>Anleitung Rundfilterpapier f\u00fcr Trichter falten<\/strong><\/h3>\n<ol>\n<li>Knicken Sie das Filterpapier in der Mitte und legen Sie die H\u00e4lften aufeinander.<\/li>\n<li>Falten Sie das Papier anschlie\u00dfend nochmals in der Mitte.<\/li>\n<li>Nun richten Sie das Filterpapier auf. Es muss wie eine Eist\u00fcte aussehen, wobei die Spitze nach unten zeigt. Hierzu dr\u00fccken Sie die beiden Ecken am runden Ende des Papiers leicht zusammen.<\/li>\n<li>Das aufgerichtete Filterpapier kann nun in den Trichter eingesetzt werden.<\/li>\n<\/ol>\n","protected":false},"excerpt":{"rendered":"<p>Filterpapier f\u00fcr Glastrichter 35 mm &#8211; 1 Blatt<\/p>\n","protected":false},"featured_media":74473,"comment_status":"open","ping_status":"closed","template":"","meta":[],"product_brand":[],"product_cat":[43,44,81],"product_tag":[3022,3023,203,635,1801],"class_list":{"0":"post-74470","1":"product","2":"type-product","3":"status-publish","4":"has-post-thumbnail","6":"product_cat-dosieren-abmessen","7":"product_cat-trichter-zum-abfuellen","8":"product_cat-alle-produkte-im-ueberblick","9":"product_tag-glastrichter-35-mm","10":"product_tag-kleiner-trichter","11":"product_tag-trichter","12":"product_tag-kleiner","13":"product_tag-glastrichter","14":"product_shipping_class-standard","16":"first","17":"instock","18":"taxable","19":"shipping-taxable","20":"purchasable","21":"product-type-simple"},"_links":{"self":[{"href":"https:\/\/shop.nlq24.eu\/de\/wp-json\/wp\/v2\/product\/74470","targetHints":{"allow":["GET"]}}],"collection":[{"href":"https:\/\/shop.nlq24.eu\/de\/wp-json\/wp\/v2\/product"}],"about":[{"href":"https:\/\/shop.nlq24.eu\/de\/wp-json\/wp\/v2\/types\/product"}],"replies":[{"embeddable":true,"href":"https:\/\/shop.nlq24.eu\/de\/wp-json\/wp\/v2\/comments?post=74470"}],"wp:featuredmedia":[{"embeddable":true,"href":"https:\/\/shop.nlq24.eu\/de\/wp-json\/wp\/v2\/media\/74473"}],"wp:attachment":[{"href":"https:\/\/shop.nlq24.eu\/de\/wp-json\/wp\/v2\/media?parent=74470"}],"wp:term":[{"taxonomy":"product_brand","embeddable":true,"href":"https:\/\/shop.nlq24.eu\/de\/wp-json\/wp\/v2\/product_brand?post=74470"},{"taxonomy":"product_cat","embeddable":true,"href":"https:\/\/shop.nlq24.eu\/de\/wp-json\/wp\/v2\/product_cat?post=74470"},{"taxonomy":"product_tag","embeddable":true,"href":"https:\/\/shop.nlq24.eu\/de\/wp-json\/wp\/v2\/product_tag?post=74470"}],"curies":[{"name":"wp","href":"https:\/\/api.w.org\/{rel}","templated":true}]}}