{"id":74533,"date":"2021-01-10T11:18:31","date_gmt":"2021-01-10T11:18:31","guid":{"rendered":"https:\/\/shop.nlq24.eu\/?post_type=product&#038;p=74533"},"modified":"2024-12-12T18:33:22","modified_gmt":"2024-12-12T18:33:22","slug":"absperrhahn-fuer-umkehrosmoseanlage-1-4-zoll","status":"publish","type":"product","link":"https:\/\/shop.nlq24.eu\/de\/Produkt\/absperrhahn-fuer-umkehrosmoseanlage-1-4-zoll\/","title":{"rendered":"Absperrhahn f\u00fcr Umkehrosmoseanlage 1\/4 Zoll"},"content":{"rendered":"<p>Dieser Absperrhahn f\u00fcr Ihre Umkehrosmoseanlage 1\/4 Zoll sorgt daf\u00fcr, dass Sie die Wasserzufuhr zu Ihre Umkehrosmoseanlage \u00f6ffnen oder oder schlie\u00dfen k\u00f6nnen. Das ist n\u00f6tig, wenn Sie die Anlage deinstallieren oder einen Filterwechsel durchf\u00fchren wollen, bei dem die Anlage drucklos gemacht werden muss. Der Absperrhahn erm\u00f6glicht es auch, die Anlage vom Wasserzufluss zu trennen, wenn eine Undichte z.B. am <strong><a href=\"https:\/\/shop.nlq24.eu\/produkt\/umkehrosmose-wasserhahn-edelstahl-design\/\">Umkehrosmose Wasserhahn<\/a><\/strong> auftreten sollte.<\/p>\n<p>Der Absperrhahn passt zu dem Wasseranschluss 1\/4 Zoll und somit zu den g\u00e4ngigen Umkehrosmose Anlagen.<\/p>\n<h3>Absperrhahn f\u00fcr Umkehrosmoseanlage 1\/4 Zoll anschlie\u00dfen<\/h3>\n<p>Schrauben Sie den Absperrhahn mit Teflon Band an den Anschluss Adapter 1\/4 Zoll. Dieser Adapter wird zuvor an dem Wasseranschluss an Ihrer Sp\u00fcle angeschlossen.<\/p>\n<p>L\u00f6sen Sie dann die \u00dcberwurf-Quetschmutter und schieben den <strong><a href=\"https:\/\/shop.nlq24.eu\/produkt\/schlauch-fuer-umkehrosmoseanlage-1-4-zoll\/\">Umkehrosmose Schlauch<\/a><\/strong> tief in die \u00d6ffnung und schrauben die Mutter danach fest. Durch die Verquetschung wird der Anschluss abgedichtet.<\/p>\n<p>Nun k\u00f6nnen Sie den Absperrhahn \u00f6ffnen um die Dichtigkeit zu testen.<\/p>\n","protected":false},"excerpt":{"rendered":"<p>Absperrhahn f\u00fcr Umkehrosmoseanlage 1\/4 Zoll<\/p>\n","protected":false},"featured_media":74536,"comment_status":"open","ping_status":"closed","template":"","meta":[],"product_brand":[],"product_cat":[54,417],"product_tag":[3049,3050],"class_list":{"0":"post-74533","1":"product","2":"type-product","3":"status-publish","4":"has-post-thumbnail","6":"product_cat-umkehrosmose-zubehoer","7":"product_cat-umkehrosmosewasserhaehne","8":"product_tag-absperrhahn-fuer-umkehrosmoseanlage-1-4-zoll","9":"product_tag-umkehrosmose-absperrhahn","11":"first","12":"instock","13":"taxable","14":"shipping-taxable","15":"purchasable","16":"product-type-simple"},"_links":{"self":[{"href":"https:\/\/shop.nlq24.eu\/de\/wp-json\/wp\/v2\/product\/74533","targetHints":{"allow":["GET"]}}],"collection":[{"href":"https:\/\/shop.nlq24.eu\/de\/wp-json\/wp\/v2\/product"}],"about":[{"href":"https:\/\/shop.nlq24.eu\/de\/wp-json\/wp\/v2\/types\/product"}],"replies":[{"embeddable":true,"href":"https:\/\/shop.nlq24.eu\/de\/wp-json\/wp\/v2\/comments?post=74533"}],"wp:featuredmedia":[{"embeddable":true,"href":"https:\/\/shop.nlq24.eu\/de\/wp-json\/wp\/v2\/media\/74536"}],"wp:attachment":[{"href":"https:\/\/shop.nlq24.eu\/de\/wp-json\/wp\/v2\/media?parent=74533"}],"wp:term":[{"taxonomy":"product_brand","embeddable":true,"href":"https:\/\/shop.nlq24.eu\/de\/wp-json\/wp\/v2\/product_brand?post=74533"},{"taxonomy":"product_cat","embeddable":true,"href":"https:\/\/shop.nlq24.eu\/de\/wp-json\/wp\/v2\/product_cat?post=74533"},{"taxonomy":"product_tag","embeddable":true,"href":"https:\/\/shop.nlq24.eu\/de\/wp-json\/wp\/v2\/product_tag?post=74533"}],"curies":[{"name":"wp","href":"https:\/\/api.w.org\/{rel}","templated":true}]}}