{"id":74588,"date":"2021-01-11T19:15:52","date_gmt":"2021-01-11T19:15:52","guid":{"rendered":"https:\/\/shop.nlq24.eu\/?post_type=product&#038;p=74588"},"modified":"2024-12-12T18:33:01","modified_gmt":"2024-12-12T18:33:01","slug":"bio-energie-tachyon-scheibe","status":"publish","type":"product","link":"https:\/\/shop.nlq24.eu\/de\/Produkt\/bio-energie-tachyon-scheibe\/","title":{"rendered":"Bio Energie Tachyon Scheibe"},"content":{"rendered":"<h3 class=\"Normal tm5 tm6\"><span class=\"tm7\">Bio Energie Tachyon Scheibe\u00a0aus Glas<\/span><\/h3>\n<p class=\"Normal tm5 tm6\"><span class=\"tm7\">Ihre neue <strong>Bio Energie Tachyon Scheibe<\/strong> aus klarem Glas hat einen Durchmesser von 90 mm und eine St\u00e4rke von 10 mm. <\/span><span class=\"tm7\">Mit dieser Bio Energie Scheibe aus Glas k\u00f6nnen Sie energetisiertes Ionenwasser selbst herstellen.<\/span><\/p>\n<p class=\"Normal tm5 tm6\"><span class=\"tm7\">Die Energie der Scheibe h\u00e4lt mehr als 5 Jahre. <\/span><span class=\"tm7\">\u00a0<\/span><span class=\"tm7\">Die St\u00e4rke der Tachyon Energie liegt zwischen 2500 bis 3000 NIO.<\/span><\/p>\n<p class=\"Normal tm5 tm8\"><span class=\"tm7\">Sie soll den Geschmack Ihrer Getr\u00e4nke verbessern und den Energielevel Ihres Trinkwassers erh\u00f6hen.\u00a0<\/span><span class=\"tm7\">Das maximiert die Energie auch bei Ihrer Essenszubereitung. Gute Energie bedeutet Harmonie.<\/span><\/p>\n<p class=\"Normal tm5 tm8\"><span class=\"tm7\">Sogar die Haltbarkeit von Gem\u00fcse, Fr\u00fcchten und Fleisch soll sich bei einer gemeinsamen Lagerung verl\u00e4ngern.<\/span><\/p>\n<p class=\"Normal tm5 tm8\"><span class=\"tm7\">Das Yin und Yang soll durch diese Energie in Harmonie kommen, so dass vielen verschwinden kann, was in der Disharmonie ausgel\u00f6st wurde. <\/span><span class=\"tm7\">Relaxen Sie mit dieser neuen harmonischen Energie.<\/span><\/p>\n<p class=\"Normal tm5 tm8\"><span class=\"tm7\">\u00a0<\/span><\/p>\n<p class=\"Normal tm5 tm8\"><strong><span class=\"tm9\">So benutzen Sie die <\/span><span class=\"tm9\">BIO-<\/span><span class=\"tm9\">Energie Scheibe<\/span><\/strong><\/p>\n<p class=\"Normal tm5 tm8\"><span class=\"tm7\">Der Hersteller gibt folgende Verwendungsm\u00f6glichkeiten an: <\/span><\/p>\n<p class=\"Normal tm5 tm8\"><strong><span class=\"tm9\">Energetisieren von Fl\u00fcssigkeiten:<\/span><\/strong><br \/>\n<span class=\"tm7\">Gie\u00dfen Sie das Wasser oder eine beliebige Fl\u00fcssigkeit <\/span><span class=\"tm7\">in einem Gef\u00e4\u00df und stellen es <\/span><span class=\"tm7\">\u00fcber die Scheibe. Das Wasser wird sofort energetisiert und hat einen besseren Geschmack und einen h\u00f6heren Sauerstoffgehalt<\/span><span class=\"tm7\">. <\/span><\/p>\n<p class=\"Normal tm5 tm8\"><strong><span class=\"tm7\">Nutzung im K<\/span><span class=\"tm7\">\u00fchlschrank<\/span><\/strong><span class=\"tm7\"><strong>:<\/strong><br \/>\nSt<\/span><span class=\"tm7\">ellen<\/span><span class=\"tm7\"> sie er hinein und die gelagerten Lebensmittel sollen N\u00e4hrstoffe optimiert und energetisiert sein. \u00c4hnlich, wie bei der <a href=\"https:\/\/shop.nlq24.eu\/produkt\/tachyon-nano-energie-schuessel-1-stueck\/\"><strong>Tachyon<\/strong> Nano <strong>Energie<\/strong> Sch\u00fcssel<\/a>.<\/span><\/p>\n<p class=\"Normal tm5 tm8\"><strong><span class=\"tm9\">Wasser in einer<\/span><span class=\"tm9\"> Flasche<\/span><span class=\"tm9\"> energetisieren:<\/span><\/strong><span class=\"tm7\"><br \/>\nStellen Sie die Flasche auf die Scheibe und warten <\/span><span class=\"tm7\">20 Minuten<\/span><span class=\"tm7\">. Dann wurde die E<\/span><span class=\"tm7\">nergie<\/span><span class=\"tm7\"> aufgenommen.<\/span><\/p>\n<h4 class=\"Normal tm5 tm8\"><strong><span class=\"tm9\">Schlafqualit\u00e4t verbessern<\/span><span class=\"tm9\">:<br \/>\n<\/span><\/strong><strong><span class=\"tm9\">1. BIO-<\/span><span class=\"tm9\">Energie Scheibe<\/span><\/strong><span class=\"tm7\"> unter das Bett legen und gut schlafen.<br \/>\n<\/span><strong><span class=\"tm9\">2. <\/span><\/strong><span class=\"tm7\">Stellen Sie 4 Flaschen mit energetisiertem Wasser unter das Bett, <\/span><span class=\"tm7\">jeweils eine Flasche<\/span><span class=\"tm7\"> an jedem Bein des Bettes<\/span><span class=\"tm7\">. Dies soll <\/span><span class=\"tm7\">negative Energie <\/span><span class=\"tm7\">a<\/span><span class=\"tm7\">bsorbieren und positive Energie <\/span><span class=\"tm7\">geben.<\/span><\/h4>\n<p class=\"Normal tm5 tm8\"><strong><span class=\"tm9\">Auftragen auf den K\u00f6rper:<\/span><\/strong><span class=\"tm7\"><br \/>\nScheibe in <\/span><span class=\"tm7\">ein Wasserbad legen<\/span><span class=\"tm7\">. Dann das energetisierte Wasser auf der Haut auft<\/span><span class=\"tm7\">ragen<\/span><span class=\"tm7\">. Dies soll einen Jetlag <\/span><span class=\"tm7\">stoppen<\/span><span class=\"tm7\"> und<\/span><span class=\"tm7\"> das Energieniveau verbessern<\/span><span class=\"tm7\">.<\/span><\/p>\n<p class=\"Normal tm5 tm8\"><strong><span class=\"tm9\">K\u00f6rperenergie verbessern<\/span><\/strong><span class=\"tm7\">:<br \/>\n<\/span><span class=\"tm7\">Tragen Sie<\/span><span class=\"tm7\"> die Bio-Energie-Scheibe in Ihrer<\/span><span class=\"tm7\"> Tasche<\/span><span class=\"tm7\">.<\/span><\/p>\n<p class=\"Normal tm5 tm8\"><strong><span class=\"tm9\">Schmerzen bestrahlen:<\/span><\/strong><span class=\"tm7\"> Lassen Sie die <\/span><span class=\"tm7\">Sonnenstrahlen durch die Linse auf die schmerzende Stelle<\/span><span class=\"tm7\"> refle<\/span><span class=\"tm7\">ktieren<\/span><span class=\"tm7\">. H<\/span><span class=\"tm7\">alten Sie die Scheibe <\/span><span class=\"tm7\">hierzu ca. <\/span><span class=\"tm7\">21 cm von der betroffenen Stelle und drehen Sie die Scheibe gegen den Uhrzeigersinn<\/span><span class=\"tm7\">.<\/span><\/p>\n<h3>Haben die Bio Energie Scheibe tats\u00e4chlich die Energie?<\/h3>\n<p>Hier finden Sie das Video, welches den Test zeigt:<\/p>\n<div style=\"width: 736px;\" class=\"wp-video\"><video class=\"wp-video-shortcode\" id=\"video-74588-1\" width=\"736\" height=\"544\" preload=\"metadata\" controls=\"controls\"><source type=\"video\/mp4\" src=\"https:\/\/shop.nlq24.eu\/wp-content\/uploads\/2021\/01\/Test-Bio-Energie-Glas.mp4?_=1\" \/><a href=\"https:\/\/shop.nlq24.eu\/wp-content\/uploads\/2021\/01\/Test-Bio-Energie-Glas.mp4\">https:\/\/shop.nlq24.eu\/wp-content\/uploads\/2021\/01\/Test-Bio-Energie-Glas.mp4<\/a><\/video><\/div>\n<p class=\"Normal\">Ich habe die Anh\u00e4nger selbst mit einigen Bekannten getestet, bevor ich diese in mein Sortiment aufgenommen habe. Testen Sie den Anh\u00e4nger einfach unvoreingenommen selbst. F\u00fchlen und h\u00f6ren Sie mal in sich hinein. Dann werden Sie die Antwort f\u00fcr sich bekommen. Sollte Ihnen der Anh\u00e4nger nichts bringen w\u00e4re er immer noch ein sch\u00f6ner Schmuck.<\/p>\n<p>&nbsp;<\/p>\n<h3 class=\"Normal\"><strong><u><span class=\"tm6\">Haftungsausschluss \/ Nutzungsbedingungen f\u00fcr Energie Produkte<\/span><\/u><\/strong><\/h3>\n<p class=\"Normal\"><strong><span class=\"tm6\">Inhalt:<\/span><\/strong> Die Texte auf meiner Website erheben keinen Anspruch auf naturwissenschaftliche Vollst\u00e4ndigkeit. Tachyonen Produkte und deren Anwendung ersetzen keinesfalls Unterst\u00fctzung oder Therapie durch einen Arzt, Heilpraktiker oder anderer medizinischen oder psychologischen Therapeuten. Diese Produkte dienen nicht als Alternative zu klassischem Heilmitteln und Methoden, sondern als Hilfsmittel f\u00fcr ein besseres Wohlbefinden. Die Messverfahren, welche die Wirkung nachweisen k\u00f6nnen, werden nur nach <u>aktuellen wissenschaftlichen Standards<\/u> nicht anerkannt. Aber was ist Wissenschaft und kann diese auf alles zutreffen? Sie versucht, alles zu erkl\u00e4ren. Aber erst, nachdem es bereits da ist und funktioniert. Zudem besteht sie immer wieder aus Versuch und Irrtum. Dazu unten mehr.<\/p>\n<p class=\"Normal\">Die genannten Eigenschaften dieser Produkte beruhen alle auf praktischen Erfahrungen. Ich kann f\u00fcr die dargestellten Anwendungen und Erfahrungen sowie die Ausf\u00fchrungen des Herstellers weder eine Haftung noch eine Garantie \u00fcbernehmen. Ich \u00fcbernehme keine Haftung f\u00fcr evtl. Fehlanwendungen. Ich gebe keine Heilversprechen. Der Anwender und Besteller dieser Produkte wird darauf hingewiesen, dass die Nutzung nur seiner eigenen Verantwortung unterstellt bleibt. Sollten gesundheitliche St\u00f6rungen bei den Anwendern auftreten, die die Anwender in Zusammenhang mit den Produkten sehen, so bitte ich um R\u00fcckmeldung. Gleichzeitig mache ich darauf aufmerksam, dass bei jeder physischen oder psychischen Befindlichkeitsst\u00f6rung auf jeden Fall ein entsprechender Arzt, Therapeut oder psychologischer Sachverst\u00e4ndiger zur Hilfe herangezogen werden sollte. Tachyon Produkte d\u00fcrfen Sie weder essen, noch herunterschlucken. Sie sind auch keine Spielzeuge f\u00fcr unbeaufsichtigte Kleinkinder. Nur unter diesen Bedingungen vertreibe ich diese Produkte und gebe die Informationen, die ich dazu gesammelt habe, weiter. Es gibt weltweit viele zufriedene Anwender.<\/p>\n<h3><strong>Zu wissenschaftlichen Standards:<\/strong><\/h3>\n<p class=\"Normal\">Physiker versprechen immer wieder, eine umfassende Theorie zu entwickeln, welches die gesamte Welt erkl\u00e4rt. Dabei m\u00fcsste jeder wissen, der sich diese Disziplin zu seinem Beruf gemacht hat, dass sogar in l\u00e4ngst fertig geglaubten Theorien, teils gewaltige Unstimmigkeiten vorherrschen.<\/p>\n<p class=\"Normal\">Die Physik ist einer der fundamentalsten der Naturwissenschaften. So zumindest, sehen es die Physiker. Diese Ansicht, und Sichtweise pr\u00e4gt nat\u00fcrlich auch die Art und Weise, wie die Physik gelehrt wird. Man glaubt, die Wissenschaft w\u00e4re allumfassend, frei von inneren Widerspr\u00fcchen, mit schl\u00fcssigem Konzept immer richtig.<\/p>\n<p class=\"Normal\">Je weiter sich ein Physiker entwickelt, desto auff\u00e4lliger m\u00fcsste ihm manche Widerspr\u00fcchlichkeit auffallen.<\/p>\n<p class=\"Normal\">Jedem ist doch bei genauerem Nachdenken klar, dass noch immer viele wirklich grundlegende Fragen nicht beantwortet sind. Zum Beispiel bei der Masse der Tr\u00e4gheit. Welcher physikalische Mechanismus steckt nun dahinter?<\/p>\n<p class=\"Normal\">Wie viele Dimensionen besitzt ein Raum? Wirklich nur drei? Schon weit vor diesen Fragen gibt es gro\u00dfe L\u00fccken. Dennoch pr\u00e4sentiert die &#8222;Wissenschaft&#8220; ihre Themen als vollst\u00e4ndig verstanden und erkl\u00e4rt. Man glaubt, vieles erkl\u00e4ren zu k\u00f6nnen. Aber es bleibt auch meist beim Glauben. Aber Glaube ist in Wirklichkeit keine Wissenschaft. Sondern ihr Vorl\u00e4ufer. Man behauptet einfach, dass es f\u00fcr jedes Problem eine exakte L\u00f6sung g\u00e4be. Aber dem ist leider in der Wirklichkeit nicht so. Schon zwei verschiedene Einfl\u00fcsse machen eine genaue Berechnung unm\u00f6glich. Meist treffen aber weit mehr als zwei zusammen.<\/p>\n<p class=\"Normal\">Was ich damit sagen will, ist, dass die Wissenschaft ein Versuch ist, das Bestehende und Erlebte zu erkl\u00e4ren. Mehr aber auch nicht. Nicht umsonst war Einstein auch so ehrlich und nannte seine Relativit\u00e4ts<strong>theorie<\/strong> eine Theorie.<\/p>\n<p class=\"Normal\">Die Welt der subatomaren Teilchen und der Quantenphysik bringen jede Menge Mysterien hervor. Die Frage ist letztlich, ob man auf die Erkl\u00e4rung, also die Wissenschaft warten sollte, bis man Dinge und M\u00f6glichkeiten nutzt.<\/p>\n","protected":false},"excerpt":{"rendered":"<p>Bio Energie Tachyon Scheibe<\/p>\n","protected":false},"featured_media":0,"comment_status":"open","ping_status":"closed","template":"","meta":[],"product_brand":[],"product_cat":[81,225],"product_tag":[3051,3052,233,504,516,517,729],"class_list":{"0":"post-74588","1":"product","2":"type-product","3":"status-publish","5":"product_cat-alle-produkte-im-ueberblick","6":"product_cat-tachyon-produkte","7":"product_tag-bio-energie-tachyon-scheibe","8":"product_tag-energie-scheibe","9":"product_tag-negative-ionen","10":"product_tag-energy","11":"product_tag-scalar","12":"product_tag-tachyon","13":"product_tag-bioenergie","14":"product_shipping_class-standard","16":"first","17":"outofstock","18":"taxable","19":"shipping-taxable","20":"purchasable","21":"product-type-simple"},"_links":{"self":[{"href":"https:\/\/shop.nlq24.eu\/de\/wp-json\/wp\/v2\/product\/74588","targetHints":{"allow":["GET"]}}],"collection":[{"href":"https:\/\/shop.nlq24.eu\/de\/wp-json\/wp\/v2\/product"}],"about":[{"href":"https:\/\/shop.nlq24.eu\/de\/wp-json\/wp\/v2\/types\/product"}],"replies":[{"embeddable":true,"href":"https:\/\/shop.nlq24.eu\/de\/wp-json\/wp\/v2\/comments?post=74588"}],"wp:attachment":[{"href":"https:\/\/shop.nlq24.eu\/de\/wp-json\/wp\/v2\/media?parent=74588"}],"wp:term":[{"taxonomy":"product_brand","embeddable":true,"href":"https:\/\/shop.nlq24.eu\/de\/wp-json\/wp\/v2\/product_brand?post=74588"},{"taxonomy":"product_cat","embeddable":true,"href":"https:\/\/shop.nlq24.eu\/de\/wp-json\/wp\/v2\/product_cat?post=74588"},{"taxonomy":"product_tag","embeddable":true,"href":"https:\/\/shop.nlq24.eu\/de\/wp-json\/wp\/v2\/product_tag?post=74588"}],"curies":[{"name":"wp","href":"https:\/\/api.w.org\/{rel}","templated":true}]}}