{"id":74633,"date":"2021-01-15T18:24:51","date_gmt":"2021-01-15T18:24:51","guid":{"rendered":"https:\/\/shop.nlq24.eu\/?post_type=product&#038;p=74633"},"modified":"2025-01-23T18:09:50","modified_gmt":"2025-01-23T18:09:50","slug":"3-in-1-wasserhahn-vena-edelstahl","status":"publish","type":"product","link":"https:\/\/shop.nlq24.eu\/de\/Produkt\/3-in-1-wasserhahn-vena-edelstahl\/","title":{"rendered":"3 in 1 Wasserhahn Vena Edelstahl"},"content":{"rendered":"<div>\n<h3 class=\"Normal tm5\">3 in 1 Wasserhahn Vena Edelstahl<\/h3>\n<p class=\"Normal tm5\"><span class=\"tm6\">Dieser 3 in 1 Wasserhahn Vena Edelstahl ist eine praktische L\u00f6sung f\u00fcr eine moderne K\u00fcche. Er erm\u00f6glicht den st\u00e4ndigen Zugriff auf kaltes und hei\u00dfes Leitungswasser sowie auf gefiltertes Wasser. Eine Drei-Wege-Armatur aus Edelstahl erf\u00fcllt zudem h\u00f6chste \u00e4sthetische und materielle Anspr\u00fcche. Edelstahl ist seit Jahren ein Synonym f\u00fcr Eleganz und Luxus. Die Accessoires aus Edelstahl sind ein Blickfang, sind eine sch\u00f6ne Innendekoration, von der man sich nur schwer l\u00f6sen kann.<\/span><\/p>\n<p class=\"Normal tm5\"><span class=\"tm6\">Die K\u00fcchenarmatur aus rostfreiem Stahl ist das Herzst\u00fcck einer gut gestalteten K\u00fcche. Der \u00e4sthetische und funktionale 3 in 1 Wasserhahn von WaterCell\u2122 sorgt f\u00fcr maximale Freude bei den t\u00e4glichen Aktivit\u00e4ten.<\/span><\/p>\n<p class=\"Normal tm5\"><span class=\"tm6\">Drei-Wege-Mischbatterie Vena Inox von WaterCell\u2122 ist ein hochwertiger Wasserhahn\u00a0<\/span>aus Edelstahl mit Zubeh\u00f6r<\/p>\n<p class=\"Normal tm5\"><span class=\"tm6\">Die 3 in 1 Wasserhahn Vena Edelstahl passt perfekt in moderne und traditionelle Einrichtungen. Das subtile Design und die Sch\u00f6nheit des Edelstahls harmonieren sowohl mit kleinen als auch mit gro\u00dfen Innenr\u00e4umen. Zeitloser Edelstahl harmoniert perfekt mit fast jedem Stil und sieht zu jeder Sp\u00fcle sch\u00f6n aus.<\/span><\/p>\n<p class=\"Normal tm5\"><span class=\"tm6\">Ihr neuer Wasserhahn ist aus korrosionsbest\u00e4ndigem Edelstahl gefertigt. Der Edelstahl wurde in der Endbearbeitung geb\u00fcrstet, um die Sch\u00f6nheit des edlen Materials zur Geltung zu bringen.<\/span><\/p>\n<p class=\"Normal tm5\"><span class=\"tm6\">Edelstahl zeichnet sich durch hohe Haltbarkeit, Kratzfestigkeit, Korrosionsbest\u00e4ndigkeit und hohe Temperaturen aus. Eine solche Konstruktion macht die WaterCell\u2122 3 in 1 Wasserhahn Vena Edelstahl nahezu unverw\u00fcstlich. Die geb\u00fcrstete Stahloberfl\u00e4che macht es einfach, den Wasserhahn sauber zu halten, und das gefilterte Wasser verhindert die Bildung von Kalkablagerungen.<\/span><\/p>\n<p class=\"Normal tm5\"><span class=\"tm6\">Edelstahl als langlebiges, kratzfestes und \u00f6kologisches Material ist perfekt f\u00fcr jede K\u00fcche.<\/span><\/p>\n<h3 class=\"Normal tm5\"><span class=\"tm6\">3 in 1 Wasserhahn Vena Edelstahl &#8211; elegant und praktisch<\/span><\/h3>\n<p class=\"Normal tm5\"><span class=\"tm6\">Der Hahn ist auch eine praktische L\u00f6sung: Die Installation eines Wasserfilters erfordert keinen zus\u00e4tzlichen Platz oder ein Loch in der Sp\u00fcle f\u00fcr den Wasserhahn f\u00fcr gefiltertes Wasser. Der 3 in 1 Wasserhahn Vena Edelstahl ist ein Dreiwege-Zweikreis-Hahn mit Doppelfunktion, d.h. <\/span><strong><span class=\"tm7\">hei\u00dfes, kaltes und gefiltertes Wasser<\/span><\/strong><span class=\"tm6\"> wird <\/span><strong><span class=\"tm7\">an einen Hahn<\/span><\/strong><span class=\"tm6\"> angeschlossen. Er ist daher die perfekte L\u00f6sung f\u00fcr alle, die die Installation eines separaten Wasserhahns f\u00fcr den Wasserfilter vermeiden wollen. Es gen\u00fcgt, dass Sie den vorhandenen Wasserhahn durch Ihren neuen Wasserhahn zu ersetzen und ihn an Leitungswasser und gefiltertes Wasser anzuschlie\u00dfen.<\/span><\/p>\n<p class=\"Normal tm5\"><span class=\"tm6\">Edelstahl ist vollkommen \u00f6kologisch und nicht zuletzt \u00e4u\u00dferst hygienisch. Die Keramikscheiben sorgen f\u00fcr eine lange Lebensdauer und Haltbarkeit des Wasserhahns.<\/span><\/p>\n<p class=\"Normal tm5\"><span class=\"tm6\">Er ist mit zwei unabh\u00e4ngigen Kreisl\u00e4ufen und zwei Perlatoren ausgestattet:<\/span><\/p>\n<p class=\"Normal tm5\"><span class=\"tm6\">&#8211; f\u00fcr hei\u00dfes und kaltes Leitungswasser<\/span><\/p>\n<p class=\"Normal tm5\"><span class=\"tm6\">&#8211; f\u00fcr gefiltertes Wasser (gefiltertes Wasser vermischt sich nicht mit Leitungswasser)<\/span><\/p>\n<p class=\"Normal tm5\"><span class=\"tm6\">Die 3 in 1 Wasserhahn Vena Edelstahl <strong>passt zu allen Modellen von Wasserfiltern<\/strong>, einschlie\u00dflich Umkehrosmosefiltern und ORP-Redox-Membran-Wasserionisierern.<\/span><\/p>\n<p>&nbsp;<\/p>\n<p class=\"Normal tm5\"><strong><span class=\"tm6\">Der 3 in 1 Wasserhahn Vena Edelstahl<\/span><\/strong><\/p>\n<p class=\"Normal tm5\"><span class=\"tm6\">&#8211; aus rostfreiem Stahl garantiert hohe Haltbarkeit<\/span><\/p>\n<p class=\"Normal tm5\"><span class=\"tm6\"><strong>&#8211; Ausf\u00fchrung:<\/strong> geb\u00fcrsteter Edelstahl<\/span><\/p>\n<p class=\"Normal tm5\"><span class=\"tm6\">&#8211; zwei unabh\u00e4ngige Kreisl\u00e4ufe<\/span><\/p>\n<p class=\"Normal tm5\"><span class=\"tm6\">&#8211; zwei sparsame Wasserperlatoren<\/span><\/p>\n<p class=\"Normal tm5\"><span class=\"tm6\">&#8211; Einhebelgriff f\u00fcr Warm- und Kaltwasser &#8211; Sie k\u00f6nnen die Temperatur und Intensit\u00e4t des Wasserstrahls einfach und schnell an Ihre Bed\u00fcrfnisse anpassen.<\/span><\/p>\n<p class=\"Normal tm5\"><span class=\"tm6\">&#8211; Keramikscheiben reduzieren die Ansammlung von Kalkablagerungen und Schmutz.<\/span><\/p>\n<p class=\"Normal tm5\"><span class=\"tm6\">&#8211; drei flexible Panzerschl\u00e4uche zum Anschluss von hei\u00dfem, kaltem und gefiltertem Wasser.<\/span><\/p>\n<p class=\"Normal tm5\"><span class=\"tm6\">&#8211; Fitting zum Anschluss des \u00bc&#8220;-Wasserfilterschlauchs<\/span><\/p>\n<h3 class=\"Normal tm5\"><span class=\"tm6\">Technische Informationen:<\/span><\/h3>\n<p class=\"Normal tm5\"><span class=\"tm6\"><strong>Ausf\u00fchrung:<\/strong> geb\u00fcrsteter Edelstahl<br \/>\n<strong>Anschluss:<\/strong> Warm-, Kalt- und gefiltertes Wasser<br \/>\n<strong>Installation:<\/strong> 2 flexible verst\u00e4rkte Schl\u00e4uche f\u00fcr den Anschluss (Kalt- und Warmwasser) &#8211; 500 mm<\/span><\/p>\n<p class=\"Normal tm5\"><span class=\"tm6\"><strong>Zubeh\u00f6r:<\/strong> 1 verst\u00e4rkter Schlauch f\u00fcr den Anschluss an den Filter &#8211; 370 mm mit einem Anschluss f\u00fcr den Wasserfilterschlauch 1\/4 \u2033 <\/span><\/p>\n<p class=\"Normal tm5\"><span class=\"tm6\"><strong>Ausstattung:<\/strong> 2 unabh\u00e4ngige Kreisl\u00e4ufe,\u00a0<\/span><span class=\"tm6\"> 2 Perlatoren &#8211; drehbar um 360 \u00b0 ,<\/span><span class=\"tm6\"> 360 \u00b0 schwenkbarer Auslauf, <\/span><span class=\"tm6\">Ventil mit Keramikscheiben.<\/span><\/p>\n<p class=\"Normal tm5\"><span class=\"tm6\"><strong>Das Zubeh\u00f6r Set enth\u00e4lt auch:<\/strong> Rosette, Dichtungen, Anschlussst\u00fcck zum Wasserfilterschlauch Abmessung: H\u00f6he 350 mm.<\/span><\/p>\n<\/div>\n<h3><\/h3>\n<h3>Anschlussbild<\/h3>\n<div>\n<p class=\"Normal\"><img loading=\"lazy\" decoding=\"async\" id=\"tinymce-editor-image-b2136f21-0a9d-424a-9f85-152a12247d18\" class=\"tinymce-editor-image tinymce-editor-image-b2136f21-0a9d-424a-9f85-152a12247d18\" src=\"https:\/\/www.osmofresh.de\/media\/image\/1a\/9d\/2c\/3-Wege-Armatur-Anschluss.jpg\" alt=\"3-Wege-Armatur-Anschluss\" width=\"319\" height=\"304\" data-src=\"media\/image\/3-Wege-Armatur-Anschluss.jpg\" \/><\/p>\n<div class=\"product--description\"><\/div>\n<\/div>\n<div class=\"content--description\">\n<div class=\"product--description\">\n<div class=\"content--description\">\n<div class=\"product--description\">\n<p>Viel Spa\u00df mit dieser tollen L\u00f6sung!<\/p>\n<\/div>\n<\/div>\n<\/div>\n<\/div>\n","protected":false},"excerpt":{"rendered":"<p>3 in 1 Wasserhahn Vena Edelstahl<\/p>\n","protected":false},"featured_media":74647,"comment_status":"open","ping_status":"closed","template":"","meta":[],"product_brand":[],"product_cat":[51,54,81,417],"product_tag":[585,614,721,722,723],"class_list":{"0":"post-74633","1":"product","2":"type-product","3":"status-publish","4":"has-post-thumbnail","6":"product_cat-3-in-1-wasserhaehne","7":"product_cat-umkehrosmose-zubehoer","8":"product_cat-alle-produkte-im-ueberblick","9":"product_cat-umkehrosmosewasserhaehne","10":"product_tag-wasserhahn","11":"product_tag-osmosewasserhahn","12":"product_tag-3-in-1-wasserhahn","13":"product_tag-3-wege-armatur","14":"product_tag-umkehrosmose-armatur","15":"product_shipping_class-standard","17":"first","18":"instock","19":"taxable","20":"shipping-taxable","21":"purchasable","22":"product-type-simple"},"_links":{"self":[{"href":"https:\/\/shop.nlq24.eu\/de\/wp-json\/wp\/v2\/product\/74633","targetHints":{"allow":["GET"]}}],"collection":[{"href":"https:\/\/shop.nlq24.eu\/de\/wp-json\/wp\/v2\/product"}],"about":[{"href":"https:\/\/shop.nlq24.eu\/de\/wp-json\/wp\/v2\/types\/product"}],"replies":[{"embeddable":true,"href":"https:\/\/shop.nlq24.eu\/de\/wp-json\/wp\/v2\/comments?post=74633"}],"wp:featuredmedia":[{"embeddable":true,"href":"https:\/\/shop.nlq24.eu\/de\/wp-json\/wp\/v2\/media\/74647"}],"wp:attachment":[{"href":"https:\/\/shop.nlq24.eu\/de\/wp-json\/wp\/v2\/media?parent=74633"}],"wp:term":[{"taxonomy":"product_brand","embeddable":true,"href":"https:\/\/shop.nlq24.eu\/de\/wp-json\/wp\/v2\/product_brand?post=74633"},{"taxonomy":"product_cat","embeddable":true,"href":"https:\/\/shop.nlq24.eu\/de\/wp-json\/wp\/v2\/product_cat?post=74633"},{"taxonomy":"product_tag","embeddable":true,"href":"https:\/\/shop.nlq24.eu\/de\/wp-json\/wp\/v2\/product_tag?post=74633"}],"curies":[{"name":"wp","href":"https:\/\/api.w.org\/{rel}","templated":true}]}}