{"id":75186,"date":"2021-02-04T18:22:43","date_gmt":"2021-02-04T18:22:43","guid":{"rendered":"https:\/\/shop.nlq24.eu\/?post_type=product&#038;p=75186"},"modified":"2024-12-12T18:32:21","modified_gmt":"2024-12-12T18:32:21","slug":"spruehflasche-500-ml-verstellbare-spruehduese","status":"publish","type":"product","link":"https:\/\/shop.nlq24.eu\/de\/Produkt\/spruehflasche-500-ml-verstellbare-spruehduese\/","title":{"rendered":"Spr\u00fchflasche 500 ml &#8211; verstellbare Spr\u00fchd\u00fcse"},"content":{"rendered":"<p><strong>Diese Spr\u00fchflasche 500 ml &#8211; verstellbare Spr\u00fchd\u00fcse, mit stufenloser Feinverstellung, besteht aus wei\u00dfem aus PP.<\/strong><\/p>\n<p>Diese sehr handliche Spr\u00fchflasche ist flach und liegt gut in der Hand. Sie ist zum Verspr\u00fchen von Fl\u00fcssigkeiten mit niedriger Viskosit\u00e4t (d\u00fcnnfl\u00fcssig) geeignet.<\/p>\n<p>Sie hat eine <strong>H\u00f6he<\/strong> von ca. 261 mm inklusive Zerst\u00e4uber und 198 mm ohne Spr\u00fchkopf. Die <strong>L\u00e4nge<\/strong> beitr\u00e4gt ca. 103 mm und die <strong>Breite<\/strong> ca. 47 mm.<\/p>\n<p>Sie k\u00f6nnen <strong>Etiketten in einer H\u00f6he von ca. 65 mm<\/strong> hervorragend anbringen. Das Gewicht betr\u00e4gt nur ca. 76 gramm.<\/p>\n<p>&nbsp;<\/p>\n<h3>Qualit\u00e4t und Eignung der Spr\u00fchflasche 500 ml &#8211; verstellbare Spr\u00fchd\u00fcse<\/h3>\n<p class=\"Normal\">Diese hochwertige <strong>Qualit\u00e4ts-Spr\u00fchflasche<\/strong> ist <strong>wiederbef\u00fcllbar<\/strong> und erm\u00f6glicht einen vielfachen Gebrauch.<\/p>\n<p class=\"Normal\">Diese Spr\u00fchflasche ist f\u00fcr Haushaltsreiniger geeignet. F\u00fcr Chemikalien jedoch nur bedingt geeignet. Chemikalien, die ausdampfen, sollten restlos verspr\u00fcht werden oder in ihre geschlossene zur\u00fcck verbracht werden.<\/p>\n<h3>Materialzusammensetzung<\/h3>\n<p class=\"Normal\">Der Unterteil dieser Flasche besteht aus PP. Der Spr\u00fchkopfes (Zerst\u00e4ubers) besteht im Grundmaterial ebenfalls aus PP, weiterhin aus Poly\u00e4thylen und die Spr\u00fchkugel aus Nirosta!<\/p>\n<h3>Der Spr\u00fchkopf<\/h3>\n<p>Sie k\u00f6nnen die D\u00fcsen von diesem Spr\u00fchkopf stufenlos verstellen \/ einstellen. Die D\u00fcse ist stufenlos verstellbar und erm\u00f6glicht Ihnen sowohl einen <strong>sehr feinen bis zu einem harten Spr\u00fchstrahl<\/strong>. Absperren l\u00e4sst sich der Spr\u00fcher damit jedoch nicht.<\/p>\n<p>Die Menge, die Sie pro Druck des Spr\u00fchkopfes verspr\u00fchen, liegt bei 1,2 ml \u00b1 0,1 ml.<\/p>\n<p>Zum Abmessen f\u00fcr selbst anzufertigende Mischungen, schauen Sie in die Rubrik: <a href=\"https:\/\/shop.nlq24.eu\/de\/produkt\/messbecher-100-ml-bestaendiges-pp-blaue-skala\/\">beim Messbecher (Dosieren \/Abf\u00fcllen).<\/a><\/p>\n","protected":false},"excerpt":{"rendered":"<p>Spr\u00fchflasche 500 ml<\/p>\n","protected":false},"featured_media":74916,"comment_status":"open","ping_status":"closed","template":"","meta":[],"product_brand":[],"product_cat":[81,90,91],"product_tag":[3063,92,93,735],"class_list":{"0":"post-75186","1":"product","2":"type-product","3":"status-publish","4":"has-post-thumbnail","6":"product_cat-alle-produkte-im-ueberblick","7":"product_cat-sprayerflaschen-aus-hdpe-oder-glas","8":"product_cat-sprayer-flaschen","9":"product_tag-spruehflasche","10":"product_tag-sprayerflasche","11":"product_tag-sprayer","12":"product_tag-sprayer-pe","13":"product_shipping_class-standard","15":"first","16":"outofstock","17":"taxable","18":"shipping-taxable","19":"purchasable","20":"product-type-simple"},"_links":{"self":[{"href":"https:\/\/shop.nlq24.eu\/de\/wp-json\/wp\/v2\/product\/75186","targetHints":{"allow":["GET"]}}],"collection":[{"href":"https:\/\/shop.nlq24.eu\/de\/wp-json\/wp\/v2\/product"}],"about":[{"href":"https:\/\/shop.nlq24.eu\/de\/wp-json\/wp\/v2\/types\/product"}],"replies":[{"embeddable":true,"href":"https:\/\/shop.nlq24.eu\/de\/wp-json\/wp\/v2\/comments?post=75186"}],"wp:featuredmedia":[{"embeddable":true,"href":"https:\/\/shop.nlq24.eu\/de\/wp-json\/wp\/v2\/media\/74916"}],"wp:attachment":[{"href":"https:\/\/shop.nlq24.eu\/de\/wp-json\/wp\/v2\/media?parent=75186"}],"wp:term":[{"taxonomy":"product_brand","embeddable":true,"href":"https:\/\/shop.nlq24.eu\/de\/wp-json\/wp\/v2\/product_brand?post=75186"},{"taxonomy":"product_cat","embeddable":true,"href":"https:\/\/shop.nlq24.eu\/de\/wp-json\/wp\/v2\/product_cat?post=75186"},{"taxonomy":"product_tag","embeddable":true,"href":"https:\/\/shop.nlq24.eu\/de\/wp-json\/wp\/v2\/product_tag?post=75186"}],"curies":[{"name":"wp","href":"https:\/\/api.w.org\/{rel}","templated":true}]}}