{"id":75500,"date":"2021-03-11T19:39:28","date_gmt":"2021-03-11T19:39:28","guid":{"rendered":"https:\/\/shop.nlq24.eu\/?post_type=product&#038;p=75500"},"modified":"2024-12-21T11:01:36","modified_gmt":"2024-12-21T11:01:36","slug":"mironglas-weithalsflasche-1-liter","status":"publish","type":"product","link":"https:\/\/shop.nlq24.eu\/de\/Produkt\/mironglas-weithalsflasche-1-liter\/","title":{"rendered":"Mironglas Weithalsflasche 1 Liter"},"content":{"rendered":"<p><strong>Mironglas Weithalsflasche 1 Liter<\/strong><\/p>\n<p>Diese Mironglas Weithalsflasche 1 Liter Volumen, kann auch zur Herstellung einer Chlordioxid L\u00f6sung (CDL) nach der so genannten Gurkenglasmethode verwendet werden. Es handelt sich hier um eine Premium Variante, die ber\u00fccksichtigt, dass bei der Herstellung von Chlordioxid L\u00f6sungen Licht eine zerst\u00f6rende, reduzierende Rolle spielt. Im Mironglas ist die L\u00f6sung bei der Aktivierung und \u00dcberleitung des Chlordioxid Gases vor Licht bestm\u00f6glich gesch\u00fctzt.<\/p>\n<p>Das ist Ihr besonderer Vorteil bei der Verwendung dieser Mironglas Weithalsflasche. Sie verf\u00fcgt \u00fcber eine Aufnahmevolumen von 1 Liter.<\/p>\n<p>Als <strong>Innengef\u00e4\u00df<\/strong> wird hier die<strong> kleine durchsichtige Flasche (100 ml) <\/strong>mitgeliefert.<\/p>\n<p>Das hochwertige Mironglas sch\u00fctzt s\u00e4mtliche Substanzen und G\u00fcter, die bei Lichteinfall schneller zerfallen oder nicht mehr frisch bleiben. Zu nennen w\u00e4re hier auch die Aufbewahrung von Kr\u00e4utern, Cremes.<\/p>\n<h3>Mironglas Weithalsflasche 1 Liter f\u00fcr l\u00e4ngere Haltbarkeit<\/h3>\n<p>Diese Apothekerflaschen 1 Liter ist eine einzigartige und luxuri\u00f6se MIRON Violett Glasflasche. Sie wurde speziell entwickelt und wirkt als Filter, welcher sch\u00e4dliche Lichtstrahlen blockiert. Der Schutz des Glases gew\u00e4hrleistet, dass der Geschmack, Geruch, Farbe, Bioenergie und die entsprechenden Produkteigenschaften l\u00e4nger erhalten bleiben,<\/p>\n<p>Tests haben gezeigt, dass Produkte, welche in solchen Miron Violettglas Flaschen gelagert werden, ihre einzigartigen Eigenschaften w\u00e4hrend einer l\u00e4ngeren Periode, manchmal sogar Jahren, behalten k\u00f6nnen.<\/p>\n<h3>Chlordioxid L\u00f6sung nach der Gurkenglasmethode<\/h3>\n<p>Auch <strong>Chlordioxid L\u00f6sungen<\/strong> sind, nicht nur bei der Aktivierung, empfindlich gegen Licht. Daher eignet sich dieses Miron Glas besonders f\u00fcr eine sch\u00fctzende<strong> Aktivierung<\/strong> sowie auch zur <strong>Aufbewahrung<\/strong>.<\/p>\n<p>Ein Schwachpunkt bei der so genannten &#8222;Gurkenglasmethode&#8220; zur Herstellung einer Chlordioxid L\u00f6sung bestand in der Gummidichtung, die von Chlordioxid angegriffen werden kann.<\/p>\n<p>Diese Flasche hingegen, ist mit einem geschliffenen Glasstopfen ausgestattet. Dieser hat keinerlei organisches Material, welche angegriffen werden k\u00f6nnte.<\/p>\n<p>Die Flasche ist quasi absolut gasdicht. Ein \u00dcberdruck kann bei einer Aktivierung mit Salzs\u00e4ure nicht entstehen. Nutzt man zur Aktivierung <strong><a href=\"https:\/\/shop.nlq24.eu\/de\/produkt\/milchsaeure-21-rechtsdrehend\/\">Milchs\u00e4ure 21 %<\/a><\/strong> entsteht ein kleiner Dampfdruck.<\/p>\n<p>Als Zubeh\u00f6r ist eine kleinere Flasche enthalten, in der Sie das Natriumchlorit mit der Salzs\u00e4ure aktivieren und es danach gleich in das Mironglas stellen k\u00f6nnen.<\/p>\n<h3>Aktivierung nach der Gurkenglasmethode deluxe<\/h3>\n<p>Diese Weithalsflasche aus <strong>Licht und Frequenzen sch\u00fctzendem Mironglas<\/strong> soll zun\u00e4chst mit 700 ml demineralisiertem Wasser gef\u00fcllt werden. Am Besten eignet sich hierf\u00fcr das Wasser aus solch einer <strong><a href=\"https:\/\/shop.nlq24.eu\/de\/produkt\/umkehrosmoseanlage-7-star-energy\/\">Umkehrosmoseanlage<\/a><\/strong>.<\/p>\n<p>Danach werden 30 ml <strong><a href=\"https:\/\/shop.nlq24.eu\/de\/produkt\/natriumchlorit-25-loesung\/\">Natriumchlorit L\u00f6sung 25%<\/a> <\/strong>und anschlie\u00dfend\u00a0 70 ml <strong><a href=\"https:\/\/shop.nlq24.eu\/de\/produkt\/salzsaeure-4\/\">Salzs\u00e4ure 4%<\/a><\/strong> in die kleine Flasche gegeben. Sie k\u00f6nnen beides auch als <strong><a href=\"https:\/\/shop.nlq24.eu\/de\/produkt\/chlordioxid-set-typ-mms\/\">Chlordioxid Set<\/a><\/strong> gleich zusammen bestellen. Zum Abmessen empfehle ich 2 solcher <strong><a href=\"https:\/\/shop.nlq24.eu\/de\/produkt\/messbecher-100-ml-bestaendiges-pp-blaue-skala\/\">Messbecher 100 ml<\/a><\/strong>.<\/p>\n<p>2 St\u00fcck aus dem Grunde, damit die beiden Substanzen nicht schon im Messbecher aktiviert werden. Zudem kann man in einem Messbecher genauer dosieren, wenn man die Fl\u00fcssigkeit mit je einer <strong><a href=\"https:\/\/shop.nlq24.eu\/de\/produkt\/einmalspritze-20-ml-chirana\/\">Spritze<\/a><\/strong> abmisst.<\/p>\n<p>Sofern Natriumchlorit und die Salzs\u00e4ure in das kleine Fl\u00e4schchen gef\u00fcllt sind, wird diese\u00a0 sogleich in die gr\u00f6\u00dfere Weithalsflasche gestellt. Die kleine Flasche mit Natriumchlorit und Salzs\u00e4ure NICHT verschlie\u00dfen, da diese ja in der gr\u00f6\u00dferen Weihaltflasche ausgasen soll.<\/p>\n<p>Durch die Bef\u00fcllung der kleinen Flasche, bleibt diese auch am Boden der Weithalsflasche stehen. Man kann die kleine Flasche gut mit der Hand oder auch einer Grillzange in die Weithalsflasche hineinstellen.<\/p>\n<p>Nun gleich den Glasstopfen auf die Weithals Mironglasflasche aufsetzen und damit die Weithalsflasche verschlie\u00dfen. Nach einer Wartezeit von 24 Stunden bei Zimmertemperatur, geht das Chlordioxid Gas in der geschlossenen Flasche in das darin vorhandene Osmosewasser \u00fcber. Durch einen h\u00f6heren S\u00e4ureanteil geht das Gas schneller \u00fcber. Wasser nimmt dauerhafter nur maximal 3000 ppm am Chlordioxid auf.<\/p>\n<p>Nach diesem Prozess, stelle man die beiden Flaschen, so wie sie ineinander stehen, in den K\u00fchlschrank. Dann kann das Gemisch f\u00fcr ca. 6 Stunden auf unter 9 Grad Celsius abk\u00fchlen. Dann ist das Chlordioxid Gas bestm\u00f6glich im Wasser gel\u00f6st und gast weniger schnell in die Luft aus. Chlordioxid Gas verfl\u00fcssigt sich n\u00e4mlich unter dieser Temperatur weitgehend und ist somit verlustfreier umzuf\u00fcllen.<\/p>\n<h4>Weiterverarbeitung der Chlordioxid L\u00f6sung nach der Gurkenglasmethode<\/h4>\n<p>Nun kann die kalte L\u00f6sung ungef\u00fcllt werden. Dazu die Mironglas Weithalsflasche \u00f6ffnen, die kleine Flasche entnehmen und wieder verschlie\u00dfen. Nun kann die L\u00f6sung genutzt, oder umgef\u00fcllt werden. Zum Umf\u00fcllen, empfehle ich den <a href=\"https:\/\/shop.nlq24.eu\/de\/produkt\/trichter-mini-trichter\/\">Trichter 6 mm.<\/a>\u00a0 Dieser passt in alle DIN18 <strong><a href=\"https:\/\/shop.nlq24.eu\/de\/produkt\/glasflasche-din18-vario\/\">Tropferflaschen<\/a><\/strong> und auch in die gr\u00f6\u00dferen <strong><a href=\"https:\/\/shop.nlq24.eu\/de\/produkt\/glasflasche-pp28\/\">Braunglasflaschen PP28<\/a><\/strong>. Nach dem Umf\u00fcllen, die Flaschen gleich verschlie\u00dfen.<\/p>\n<p>F\u00fcr das Umf\u00fcllen, empfehle ich die unten verlinkten Mironglasflaschen mit Tropfer. Die Mironglasflasche DIN18 in 100 ml ist auch mit einem Doser-System erh\u00e4ltlich, mit dem Sie die Chlordioxid L\u00f6sung anschlie\u00dfend<strong> weitgehend ohne den Verlust des wertvollen Chlordioxid Gases<\/strong> entnehmen k\u00f6nnen. Und das auch dann, wenn die L\u00f6sung nicht gek\u00fchlt ist!<\/p>\n<p>Hier finden Sie die empfohlenen <strong><a href=\"https:\/\/shop.nlq24.eu\/de\/produkt\/miron-glasflasche\/\">Mironglasflachen<\/a><\/strong><\/p>\n<p>&nbsp;<\/p>\n<p>&nbsp;<\/p>\n","protected":false},"excerpt":{"rendered":"<p>Mironglas Weithalsflasche 1 Liter Volumen<\/p>\n","protected":false},"featured_media":75494,"comment_status":"open","ping_status":"closed","template":"","meta":[],"product_brand":[],"product_cat":[327,1475,2699],"product_tag":[2263,2265,3097,3098],"class_list":{"0":"post-75500","1":"product","2":"type-product","3":"status-publish","4":"has-post-thumbnail","6":"product_cat-verschluesse-und-zubehoer","7":"product_cat-miron-glasflaschen","8":"product_cat-iew","9":"product_tag-mironglasflasche","10":"product_tag-mironglas","11":"product_tag-gurkenglas","12":"product_tag-mironglas-weithalsflasche","13":"product_shipping_class-standard","15":"first","16":"instock","17":"taxable","18":"shipping-taxable","19":"purchasable","20":"product-type-simple"},"_links":{"self":[{"href":"https:\/\/shop.nlq24.eu\/de\/wp-json\/wp\/v2\/product\/75500","targetHints":{"allow":["GET"]}}],"collection":[{"href":"https:\/\/shop.nlq24.eu\/de\/wp-json\/wp\/v2\/product"}],"about":[{"href":"https:\/\/shop.nlq24.eu\/de\/wp-json\/wp\/v2\/types\/product"}],"replies":[{"embeddable":true,"href":"https:\/\/shop.nlq24.eu\/de\/wp-json\/wp\/v2\/comments?post=75500"}],"wp:featuredmedia":[{"embeddable":true,"href":"https:\/\/shop.nlq24.eu\/de\/wp-json\/wp\/v2\/media\/75494"}],"wp:attachment":[{"href":"https:\/\/shop.nlq24.eu\/de\/wp-json\/wp\/v2\/media?parent=75500"}],"wp:term":[{"taxonomy":"product_brand","embeddable":true,"href":"https:\/\/shop.nlq24.eu\/de\/wp-json\/wp\/v2\/product_brand?post=75500"},{"taxonomy":"product_cat","embeddable":true,"href":"https:\/\/shop.nlq24.eu\/de\/wp-json\/wp\/v2\/product_cat?post=75500"},{"taxonomy":"product_tag","embeddable":true,"href":"https:\/\/shop.nlq24.eu\/de\/wp-json\/wp\/v2\/product_tag?post=75500"}],"curies":[{"name":"wp","href":"https:\/\/api.w.org\/{rel}","templated":true}]}}