{"id":76089,"date":"2021-04-30T10:51:14","date_gmt":"2021-04-30T10:51:14","guid":{"rendered":"https:\/\/shop.nlq24.eu\/?post_type=product&#038;p=76089"},"modified":"2024-12-12T18:28:47","modified_gmt":"2024-12-12T18:28:47","slug":"absperrhahn-wasseranschluss-umkehrosmose","status":"publish","type":"product","link":"https:\/\/shop.nlq24.eu\/de\/Produkt\/absperrhahn-wasseranschluss-umkehrosmose\/","title":{"rendered":"Absperrhahn Wasseranschluss Umkehrosmose 3\/8 #"},"content":{"rendered":"<p>Dieser Absperrhahn Wasseranschluss 3\/8 # sorgt daf\u00fcr, dass Sie die Wasserzufuhr zu Ihrer Umkehrosmoseanlage \u00f6ffnen oder oder schlie\u00dfen k\u00f6nnen. Das ist n\u00f6tig, wenn Sie die Anlage deinstallieren oder einen Filterwechsel durchf\u00fchren wollen, bei dem die Anlage drucklos machen m\u00fcssen. Der Absperrhahn erm\u00f6glicht es auch, die Anlage vom Wasserzufluss zu trennen, wenn eine Undichte z.B. am <strong><a href=\"https:\/\/shop.nlq24.eu\/produkt\/umkehrosmose-wasserhahn-edelstahl-design\/\">Umkehrosmose Wasserhahn<\/a><\/strong> auftreten sollte.<\/p>\n<p>Es ist eine <strong>neue, stabilere Generation<\/strong> bei der das Absperrventil schon im Adapter integriert ist. So gibt es eine Schwachstelle weniger f\u00fcr Undichtigkeiten.<\/p>\n<p>Der Absperrhahn passt zu dem Wasseranschluss 3\/8 Zoll und somit zu den g\u00e4ngigen Umkehrosmose Anlagen. Es ist ein Adapter auf den Osmoseschlauch 1\/4 #<\/p>\n<h3>Absperrhahn f\u00fcr Umkehrosmoseanlage 3\/8 Zoll anschlie\u00dfen<\/h3>\n<p>Schrauben Sie den Absperrhahn mit Teflon Band oder besser Hanfband an den Anschluss Adapter 3\/8 Zoll. Dieser Adapter wird zuvor an den Wasseranschluss an Ihrer Sp\u00fcle angeschlossen.<\/p>\n<p>L\u00f6sen Sie dann die \u00dcberwurf-Quetschmutter und schieben den <strong><a href=\"https:\/\/shop.nlq24.eu\/produkt\/schlauch-fuer-umkehrosmoseanlage-1-4-zoll\/\">Umkehrosmose Schlauch<\/a><\/strong> tief in die \u00d6ffnung und schrauben die Mutter danach fest. Durch die Verquetschung wird der Anschluss abgedichtet.<\/p>\n<p>Nun k\u00f6nnen Sie den Absperrhahn \u00f6ffnen um die Dichtigkeit zu testen.<\/p>\n","protected":false},"excerpt":{"rendered":"<p>Absperrhahn Wasseranschluss f\u00fcr Umkehrosmoseanlage 3\/8 Zoll auf 1\/4 Zoll.+<\/p>\n","protected":false},"featured_media":76086,"comment_status":"open","ping_status":"closed","template":"","meta":[],"product_brand":[],"product_cat":[54,417],"product_tag":[3049,3050],"class_list":{"0":"post-76089","1":"product","2":"type-product","3":"status-publish","4":"has-post-thumbnail","6":"product_cat-umkehrosmose-zubehoer","7":"product_cat-umkehrosmosewasserhaehne","8":"product_tag-absperrhahn-fuer-umkehrosmoseanlage-1-4-zoll","9":"product_tag-umkehrosmose-absperrhahn","10":"product_shipping_class-standard","12":"first","13":"instock","14":"taxable","15":"shipping-taxable","16":"purchasable","17":"product-type-simple"},"_links":{"self":[{"href":"https:\/\/shop.nlq24.eu\/de\/wp-json\/wp\/v2\/product\/76089","targetHints":{"allow":["GET"]}}],"collection":[{"href":"https:\/\/shop.nlq24.eu\/de\/wp-json\/wp\/v2\/product"}],"about":[{"href":"https:\/\/shop.nlq24.eu\/de\/wp-json\/wp\/v2\/types\/product"}],"replies":[{"embeddable":true,"href":"https:\/\/shop.nlq24.eu\/de\/wp-json\/wp\/v2\/comments?post=76089"}],"wp:featuredmedia":[{"embeddable":true,"href":"https:\/\/shop.nlq24.eu\/de\/wp-json\/wp\/v2\/media\/76086"}],"wp:attachment":[{"href":"https:\/\/shop.nlq24.eu\/de\/wp-json\/wp\/v2\/media?parent=76089"}],"wp:term":[{"taxonomy":"product_brand","embeddable":true,"href":"https:\/\/shop.nlq24.eu\/de\/wp-json\/wp\/v2\/product_brand?post=76089"},{"taxonomy":"product_cat","embeddable":true,"href":"https:\/\/shop.nlq24.eu\/de\/wp-json\/wp\/v2\/product_cat?post=76089"},{"taxonomy":"product_tag","embeddable":true,"href":"https:\/\/shop.nlq24.eu\/de\/wp-json\/wp\/v2\/product_tag?post=76089"}],"curies":[{"name":"wp","href":"https:\/\/api.w.org\/{rel}","templated":true}]}}