{"id":76134,"date":"2021-05-03T16:10:26","date_gmt":"2021-05-03T16:10:26","guid":{"rendered":"https:\/\/shop.nlq24.eu\/?post_type=product&#038;p=76134"},"modified":"2024-12-12T18:28:11","modified_gmt":"2024-12-12T18:28:11","slug":"tropfer-verschluss-deckel-din18-kindersicher","status":"publish","type":"product","link":"https:\/\/shop.nlq24.eu\/de\/Produkt\/tropfer-verschluss-deckel-din18-kindersicher\/","title":{"rendered":"Tropfer Verschluss Deckel DIN18 Kindersicher"},"content":{"rendered":"<p><strong>Tropfer Verschluss Deckel DIN18 Kindersicher<\/strong><\/p>\n<p>Hierbei handelt es sich um eine Tropfer Verschluss-Deckel, welchen Sie f\u00fcr alle DIN18 Flaschen verwenden k\u00f6nnen. Er ist als Kindersicherheitsverschluss ausgelegt. Zudem wei\u00dft er eine hohe <strong>Dichtigkeit<\/strong> auf, nach der ich lange suchen musste.<\/p>\n<p>Ein <strong>wirklich dichter Verschluss<\/strong> Deckel ist gerade bei der Abf\u00fcllung von Fl\u00fcssigkeiten per Hand ein Muss und nicht einfach zu finden. Hier jedoch ist die L\u00f6sung!<\/p>\n<p>Er eignet sich ebenso zum Topfen von Fl\u00fcssigkeiten als auch als reiner Verschluss. Er ist aus PE hergestellt. Der Tropfer Einsatz erm\u00f6glicht gutes Tropfen, auch etwas dickfl\u00fcssigerer L\u00f6sungen.<\/p>\n<p>Sie k\u00f6nnen diesen Tropfer aber auch gut f\u00fcr alkoholische, w\u00e4sserige oder auch d\u00fcnnfl\u00fcssige F\u00fcllmedien verwenden.<\/p>\n<p>Ihr Tropfer ist in den Farben <strong>Schwarz<\/strong> oder Wei\u00df w\u00e4hlbar.<\/p>\n<p><strong>Technische Daten:<\/strong><\/p>\n<p>H\u00f6he: ca. 19 mm<\/p>\n<p>Durchmesser: ca. 23 mm<\/p>\n<p>Gewicht: ca. 4 g<\/p>\n","protected":false},"excerpt":{"rendered":"<p><strong>Tropfer-Verschluss, f\u00fcr Glasflasche DIN18 Standard<\/strong><\/p>\n","protected":false},"featured_media":4242,"comment_status":"open","ping_status":"closed","template":"","meta":[],"product_brand":[],"product_cat":[81,109,327],"product_tag":[761,762,105,106,107,110,111,530],"class_list":{"0":"post-76134","1":"product","2":"type-product","3":"status-publish","4":"has-post-thumbnail","6":"product_cat-alle-produkte-im-ueberblick","7":"product_cat-verschluesse-din18","8":"product_cat-verschluesse-und-zubehoer","9":"product_tag-tropferverschluss-glasflasche-din18","10":"product_tag-deckel-din18","11":"product_tag-tropfer","12":"product_tag-tropfverschluss","13":"product_tag-randtropfer","14":"product_tag-kindersicherheitsverschluss","15":"product_tag-verschluss","16":"product_tag-din18","17":"product_shipping_class-standard","19":"first","20":"instock","21":"taxable","22":"shipping-taxable","23":"purchasable","24":"product-type-variable"},"_links":{"self":[{"href":"https:\/\/shop.nlq24.eu\/de\/wp-json\/wp\/v2\/product\/76134","targetHints":{"allow":["GET"]}}],"collection":[{"href":"https:\/\/shop.nlq24.eu\/de\/wp-json\/wp\/v2\/product"}],"about":[{"href":"https:\/\/shop.nlq24.eu\/de\/wp-json\/wp\/v2\/types\/product"}],"replies":[{"embeddable":true,"href":"https:\/\/shop.nlq24.eu\/de\/wp-json\/wp\/v2\/comments?post=76134"}],"wp:featuredmedia":[{"embeddable":true,"href":"https:\/\/shop.nlq24.eu\/de\/wp-json\/wp\/v2\/media\/4242"}],"wp:attachment":[{"href":"https:\/\/shop.nlq24.eu\/de\/wp-json\/wp\/v2\/media?parent=76134"}],"wp:term":[{"taxonomy":"product_brand","embeddable":true,"href":"https:\/\/shop.nlq24.eu\/de\/wp-json\/wp\/v2\/product_brand?post=76134"},{"taxonomy":"product_cat","embeddable":true,"href":"https:\/\/shop.nlq24.eu\/de\/wp-json\/wp\/v2\/product_cat?post=76134"},{"taxonomy":"product_tag","embeddable":true,"href":"https:\/\/shop.nlq24.eu\/de\/wp-json\/wp\/v2\/product_tag?post=76134"}],"curies":[{"name":"wp","href":"https:\/\/api.w.org\/{rel}","templated":true}]}}