{"id":76533,"date":"2021-05-19T09:09:40","date_gmt":"2021-05-19T09:09:40","guid":{"rendered":"https:\/\/shop.nlq24.eu\/?post_type=product&#038;p=76533"},"modified":"2025-10-21T19:01:31","modified_gmt":"2025-10-21T19:01:31","slug":"pipette-fuer-glasflasche-din18-90-mm","status":"publish","type":"product","link":"https:\/\/shop.nlq24.eu\/de\/Produkt\/pipette-fuer-glasflasche-din18-90-mm\/","title":{"rendered":"Pipette f\u00fcr Glasflasche DIN18, 90 mm schwarz"},"content":{"rendered":"<p><strong>Pipette f\u00fcr Glasflasche DIN18, 90 mm schwarz<\/strong><\/p>\n<p><strong>Diese Pipette passt optimal in die DIN18 Glasflasche mit 50 ml Volumen.\u00a0<\/strong><\/p>\n<p>Um Sie zu nutzen, brauchen Sie diese Pipette nur einfach auf Ihre DIN18 Glasflasche aufschrauben. F\u00fcr kleinere Flaschen als 50 ml DIN18, ist diese Pipette nicht geeignet. Sie hat eine L\u00e4nge von 90 mm.<\/p>\n<p>Das m\u00f6gliche Volumen pro Hub liegt bei ca. <strong>0,6 ml<\/strong>. Der Verschluss besteht aus PE. Der Balg aus Gummi und das R\u00f6hrchen aus Glas. Die Farbe des Balges und Kopfes der Pipette ist<strong>\u00a0schwarz<\/strong>.<\/p>\n<p>Ma\u00dfe: 7,25 x 90 mm<\/p>\n<p>&nbsp;<\/p>\n","protected":false},"excerpt":{"rendered":"<p>Pipette f\u00fcr Glasflasche DIN18, 90 mm schwarz Diese Pipette passt optimal in die DIN18 Glasflasche mit 50 ml Volumen.\u00a0 Um Sie zu nutzen, brauchen Sie diese Pipette nur einfach auf Ihre DIN18 Glasflasche aufschrauben. F\u00fcr kleinere Flaschen als 50 ml DIN18, ist diese Pipette nicht geeignet. Sie hat eine L\u00e4nge von 90 mm. Das m\u00f6gliche [&#8230;]\n","protected":false},"featured_media":75932,"comment_status":"open","ping_status":"closed","template":"","meta":[],"product_brand":[],"product_cat":[43,81,843,89,109,327],"product_tag":[530,531,103,364,3239,525,3240,528],"class_list":{"0":"post-76533","1":"product","2":"type-product","3":"status-publish","4":"has-post-thumbnail","6":"product_cat-dosieren-abmessen","7":"product_cat-alle-produkte-im-ueberblick","8":"product_cat-pipetten","9":"product_cat-glasflaschen","10":"product_cat-verschluesse-din18","11":"product_cat-verschluesse-und-zubehoer","12":"product_tag-din18","13":"product_tag-slim","14":"product_tag-glasflasche","15":"product_tag-pipette","16":"product_tag-90-mm","17":"product_tag-glasflaschen","18":"product_tag-vario","19":"product_tag-mm","20":"product_shipping_class-standard","22":"first","23":"instock","24":"taxable","25":"shipping-taxable","26":"purchasable","27":"product-type-simple"},"_links":{"self":[{"href":"https:\/\/shop.nlq24.eu\/de\/wp-json\/wp\/v2\/product\/76533","targetHints":{"allow":["GET"]}}],"collection":[{"href":"https:\/\/shop.nlq24.eu\/de\/wp-json\/wp\/v2\/product"}],"about":[{"href":"https:\/\/shop.nlq24.eu\/de\/wp-json\/wp\/v2\/types\/product"}],"replies":[{"embeddable":true,"href":"https:\/\/shop.nlq24.eu\/de\/wp-json\/wp\/v2\/comments?post=76533"}],"wp:featuredmedia":[{"embeddable":true,"href":"https:\/\/shop.nlq24.eu\/de\/wp-json\/wp\/v2\/media\/75932"}],"wp:attachment":[{"href":"https:\/\/shop.nlq24.eu\/de\/wp-json\/wp\/v2\/media?parent=76533"}],"wp:term":[{"taxonomy":"product_brand","embeddable":true,"href":"https:\/\/shop.nlq24.eu\/de\/wp-json\/wp\/v2\/product_brand?post=76533"},{"taxonomy":"product_cat","embeddable":true,"href":"https:\/\/shop.nlq24.eu\/de\/wp-json\/wp\/v2\/product_cat?post=76533"},{"taxonomy":"product_tag","embeddable":true,"href":"https:\/\/shop.nlq24.eu\/de\/wp-json\/wp\/v2\/product_tag?post=76533"}],"curies":[{"name":"wp","href":"https:\/\/api.w.org\/{rel}","templated":true}]}}