{"id":76606,"date":"2021-05-22T18:13:28","date_gmt":"2021-05-22T18:13:28","guid":{"rendered":"https:\/\/shop.nlq24.eu\/?post_type=product&#038;p=76606"},"modified":"2025-09-12T08:26:49","modified_gmt":"2025-09-12T08:26:49","slug":"messbecher-1000-ml","status":"publish","type":"product","link":"https:\/\/shop.nlq24.eu\/de\/Produkt\/messbecher-1000-ml\/","title":{"rendered":"Messbecher 1000 ml"},"content":{"rendered":"<p>Dieser Messbecher 1000 ml eignet sich optimal zum Dosieren, Abmessen und Mischen bis 1000 ml Volumen.<\/p>\n<p>Viele Messbecher f\u00fcr den Haushaltsbedarf sind erschreckend ungenau. Das ist gerade im Bereich der Abmessung von Chemikalien problematisch. Dieser Messbecher bietet Ihnen jedoch eine sehr genaue Skala zur Abmessung.<\/p>\n<h3>Material des Messbechers 1000 ml<\/h3>\n<p>Der Messbecher ist aus <strong>best\u00e4ndigem PP<\/strong> und dadurch <strong>nahezu unzerbrechlich<\/strong>.<\/p>\n<p>Das Material ist <strong>hochtransparent<\/strong> nach DIN 12.311 und gew\u00e4hrt einen guten Einblick in das F\u00fcllgut. So ist eine Qualit\u00e4ts-Sichtkontrolle beim Abf\u00fcllen sehr gut m\u00f6glich. Er hat eine glatte Oberfl\u00e4che und ist universal verwendbar. Er ist durch seine hohe Best\u00e4ndigkeit z.B. auch f\u00fcr CDH3000, DMSO, MKB, DMKB und viele weitere Fl\u00fcssigkeiten geeignet. Neben der Verwendung im Labor ist er nat\u00fcrlich auch in Industrie, Handwerk, K\u00fcchen\/Gro\u00dfk\u00fcchen. Ihr genauer Helfer, wenn es um genaues Abmessen geht.<\/p>\n<p>Die chemiebest\u00e4ndige, blaue Skala hat eine Grobskalierung in <strong>50 ml-Schritten<\/strong>.<\/p>\n<p>Der Becher ist auch zur Hei\u00dfdesinfektion bis max. 135 \u00b0C f\u00fcr bis zu 20 Minuten geeignet und somit autoklavierbar.<\/p>\n<ul>\n<li><strong>Das Fassungsverm\u00f6gen betr\u00e4gt<\/strong>\u00a01000 ml\u00a0<strong>Der Messbecher hat eine H\u00f6he von <\/strong>148 mm.<\/li>\n<li><strong>Der Au\u00dfendurchmesser Rand<\/strong>\u00a0 betr\u00e4gt 115 mm.<\/li>\n<li><strong>Mit einem Gewicht von <\/strong>\u00a087 g\u00a0 liegt er Ihnen gut in der Hand.<\/li>\n<li><\/li>\n<\/ul>\n","protected":false},"excerpt":{"rendered":"<p>Messbecher 1000 ml.<\/p>\n","protected":false},"featured_media":44869,"comment_status":"open","ping_status":"closed","template":"","meta":[],"product_brand":[],"product_cat":[45,81],"product_tag":[3245,99,100,674,675,677],"class_list":{"0":"post-76606","1":"product","2":"type-product","3":"status-publish","4":"has-post-thumbnail","6":"product_cat-messbecher","7":"product_cat-alle-produkte-im-ueberblick","8":"product_tag-messbecher-1000-ml","9":"product_tag-messbecher","10":"product_tag-dosierbecher","11":"product_tag-kueche","12":"product_tag-labor","13":"product_tag-unzerbrechlicher","14":"product_shipping_class-standard","16":"first","17":"instock","18":"taxable","19":"shipping-taxable","20":"purchasable","21":"product-type-simple"},"_links":{"self":[{"href":"https:\/\/shop.nlq24.eu\/de\/wp-json\/wp\/v2\/product\/76606","targetHints":{"allow":["GET"]}}],"collection":[{"href":"https:\/\/shop.nlq24.eu\/de\/wp-json\/wp\/v2\/product"}],"about":[{"href":"https:\/\/shop.nlq24.eu\/de\/wp-json\/wp\/v2\/types\/product"}],"replies":[{"embeddable":true,"href":"https:\/\/shop.nlq24.eu\/de\/wp-json\/wp\/v2\/comments?post=76606"}],"wp:featuredmedia":[{"embeddable":true,"href":"https:\/\/shop.nlq24.eu\/de\/wp-json\/wp\/v2\/media\/44869"}],"wp:attachment":[{"href":"https:\/\/shop.nlq24.eu\/de\/wp-json\/wp\/v2\/media?parent=76606"}],"wp:term":[{"taxonomy":"product_brand","embeddable":true,"href":"https:\/\/shop.nlq24.eu\/de\/wp-json\/wp\/v2\/product_brand?post=76606"},{"taxonomy":"product_cat","embeddable":true,"href":"https:\/\/shop.nlq24.eu\/de\/wp-json\/wp\/v2\/product_cat?post=76606"},{"taxonomy":"product_tag","embeddable":true,"href":"https:\/\/shop.nlq24.eu\/de\/wp-json\/wp\/v2\/product_tag?post=76606"}],"curies":[{"name":"wp","href":"https:\/\/api.w.org\/{rel}","templated":true}]}}