{"id":76642,"date":"2021-05-26T13:01:32","date_gmt":"2021-05-26T13:01:32","guid":{"rendered":"https:\/\/shop.nlq24.eu\/?post_type=product&#038;p=76642"},"modified":"2025-07-01T12:57:00","modified_gmt":"2025-07-01T12:57:00","slug":"verschluss-kindersicher-pp28-schwarz","status":"publish","type":"product","link":"https:\/\/shop.nlq24.eu\/de\/Produkt\/verschluss-kindersicher-pp28-schwarz\/","title":{"rendered":"Verschluss, Kindersicher f\u00fcr Glasflasche PP28 schwarz"},"content":{"rendered":"<p><u><strong>Verschluss, Kindersicher f\u00fcr Glasflaschen PP28<\/strong><\/u><\/p>\n<div>Dieser Verschluss verf\u00fcgt \u00fcber eine PE Schaumdichtung und eine Kindersicherung.<\/div>\n<div><\/div>\n<div>Dr\u00fccke zum \u00d6ffnen der Flasche den Verschluss herunter. Erst dann den Verschluss zum \u00d6ffnen drehen.<\/div>\n<div>Der Verschlussdeckel bietet dir eine optimale Dichtigkeit, auch f\u00fcr unterwegs. Somit hast du einen guten Schutz f\u00fcr das F\u00fcllgut.<\/div>\n<div><\/div>\n<h3>Eignung:<\/h3>\n<div>Der Deckel eignet sich f\u00fcr PP 28 Flaschen aus Glas oder auch aus PET in den Gr\u00f6\u00dfen 250, 500 und 1000 ml. Die Glas &#8211; Leerflaschen kannst du ebenfalls <a href=\"https:\/\/shop.nlq24.eu\/produkt\/glasflasche-pp28-verschiedene-groessen-und-zubehoer\/\">hier<\/a> im Shop erwerben.<\/div>\n<div><\/div>\n<h3>Dosiereinsatz als Zubeh\u00f6r erh\u00e4ltlich<\/h3>\n<div>Um den Durchmesser von PP28 Flaschen am Hals zu verringern, kannst du ihn mit diesem<strong><a href=\"https:\/\/shop.nlq24.eu\/de\/produkt\/doser-einsatz-fuer-doser-system\/\"> Doser-Einsatz<\/a><\/strong> kombinieren.<\/div>\n<div>Der Doser-Einsatz und dieser Kindersichere Verschluss PP28 sind aufeinander abgestimmt, so dass die Dichtigkeit bei der Verwendung des Doser-Einsatzes gegeben ist.<\/div>\n<div><\/div>\n<div>Vielleicht ben\u00f6tigst du auch dieses komplette<strong><a href=\"https:\/\/shop.nlq24.eu\/de\/produkt\/doser-cdh-doser-10-ml\/\"> Doser-System<\/a><\/strong>. Darin ist alles enthalten, um sauber zu dosieren.<\/div>\n<div>Oder suchst du eine Glasflasche komplett mit Doser-System, wie diese <strong><a href=\"https:\/\/shop.nlq24.eu\/de\/produkt\/doser-system-flasche\/\">Doser-System-Flasche<\/a><\/strong>?<\/div>\n<div><\/div>\n<div>Den Kindersicherheitsverschluss gibt es auch <a href=\"https:\/\/shop.nlq24.eu\/de\/produkt\/verschluss-kindersicher-fuer-glasflasche-pp28-grosse-oeffnung\/\">HIER in der Farbe weiss<\/a>.<\/div>\n","protected":false},"excerpt":{"rendered":"<p><u><strong>Verschluss, Kindersicher f\u00fcr Glasflaschen PP28, schwarz<\/strong><\/u><\/p>\n","protected":false},"featured_media":88207,"comment_status":"open","ping_status":"closed","template":"","meta":[],"product_brand":[],"product_cat":[81,89,113,327],"product_tag":[3251,111,3252,375,476,533],"class_list":{"0":"post-76642","1":"product","2":"type-product","3":"status-publish","4":"has-post-thumbnail","6":"product_cat-alle-produkte-im-ueberblick","7":"product_cat-glasflaschen","8":"product_cat-verschluesse-fuer-pp28-glasflaschen","9":"product_cat-verschluesse-und-zubehoer","10":"product_tag-kisi-schwarz","11":"product_tag-verschluss","12":"product_tag-verschluss-kindersicher","13":"product_tag-kindersicherheitsverschluss-pp28","14":"product_tag-deckel-fuer-pp28-glasflaschen","15":"product_tag-pp28","16":"product_shipping_class-standard","18":"first","19":"instock","20":"taxable","21":"shipping-taxable","22":"purchasable","23":"product-type-simple"},"_links":{"self":[{"href":"https:\/\/shop.nlq24.eu\/de\/wp-json\/wp\/v2\/product\/76642","targetHints":{"allow":["GET"]}}],"collection":[{"href":"https:\/\/shop.nlq24.eu\/de\/wp-json\/wp\/v2\/product"}],"about":[{"href":"https:\/\/shop.nlq24.eu\/de\/wp-json\/wp\/v2\/types\/product"}],"replies":[{"embeddable":true,"href":"https:\/\/shop.nlq24.eu\/de\/wp-json\/wp\/v2\/comments?post=76642"}],"wp:featuredmedia":[{"embeddable":true,"href":"https:\/\/shop.nlq24.eu\/de\/wp-json\/wp\/v2\/media\/88207"}],"wp:attachment":[{"href":"https:\/\/shop.nlq24.eu\/de\/wp-json\/wp\/v2\/media?parent=76642"}],"wp:term":[{"taxonomy":"product_brand","embeddable":true,"href":"https:\/\/shop.nlq24.eu\/de\/wp-json\/wp\/v2\/product_brand?post=76642"},{"taxonomy":"product_cat","embeddable":true,"href":"https:\/\/shop.nlq24.eu\/de\/wp-json\/wp\/v2\/product_cat?post=76642"},{"taxonomy":"product_tag","embeddable":true,"href":"https:\/\/shop.nlq24.eu\/de\/wp-json\/wp\/v2\/product_tag?post=76642"}],"curies":[{"name":"wp","href":"https:\/\/api.w.org\/{rel}","templated":true}]}}