{"id":76690,"date":"2021-05-29T18:19:38","date_gmt":"2021-05-29T18:19:38","guid":{"rendered":"https:\/\/shop.nlq24.eu\/?post_type=product&#038;p=76690"},"modified":"2024-12-12T18:21:18","modified_gmt":"2024-12-12T18:21:18","slug":"flyer-phantom-virus","status":"publish","type":"product","link":"https:\/\/shop.nlq24.eu\/de\/Produkt\/flyer-phantom-virus\/","title":{"rendered":"Flyer Phantom Virus"},"content":{"rendered":"<p>Flyer Phantom Virus<\/p>\n<p>Aus www.wissen-teilen.org:<\/p>\n<p>W\u00e4hrend der Angstpegel durch die Behauptung von Virus-Mutationen hochgehalten wird, zeigen die Autoren Engelbrecht, Scoglio und Demeter in diesem gut recherchierten Artikel auf, dass SARS-CoV-2 bis heute lediglich ein Konstrukt am Computer ist und trotz hoher Preisgelder von <a href=\"https:\/\/www.samueleckert.net\/isolat-truth-fund\/\" target=\"_blank\" rel=\"noreferrer noopener\">Samuel Eckert<\/a>\u00a0und\u00a0<a href=\"https:\/\/www.impfkritik.de\/pressespiegel\/2021012401.html\" target=\"_blank\" rel=\"noreferrer noopener\">Hans U. P. Tolzin<\/a>\u00a0kein wissenschaftlicher Nachweis des behaupteten Virus gefunden wurde.<\/p>\n<p>Wenn Sie diesen Flyer zus\u00e4tzlich erhalten m\u00f6chten, f\u00fcgen Sie ihn Ihrem Warenkorb hinzu.<\/p>\n","protected":false},"excerpt":{"rendered":"<p>Flyer Phantom Virus Aus www.wissen-teilen.org: W\u00e4hrend der Angstpegel durch die Behauptung von Virus-Mutationen hochgehalten wird, zeigen die Autoren Engelbrecht, Scoglio und Demeter in diesem gut recherchierten Artikel auf, dass SARS-CoV-2 bis heute lediglich ein Konstrukt am Computer ist und trotz hoher Preisgelder von Samuel Eckert\u00a0und\u00a0Hans U. P. Tolzin\u00a0kein wissenschaftlicher Nachweis des behaupteten Virus gefunden wurde. [&#8230;]\n","protected":false},"featured_media":76691,"comment_status":"open","ping_status":"closed","template":"","meta":[],"product_brand":[],"product_cat":[3257],"product_tag":[],"class_list":{"0":"post-76690","1":"product","2":"type-product","3":"status-publish","4":"has-post-thumbnail","6":"product_cat-wissen","8":"first","9":"instock","10":"purchasable","11":"product-type-simple"},"_links":{"self":[{"href":"https:\/\/shop.nlq24.eu\/de\/wp-json\/wp\/v2\/product\/76690","targetHints":{"allow":["GET"]}}],"collection":[{"href":"https:\/\/shop.nlq24.eu\/de\/wp-json\/wp\/v2\/product"}],"about":[{"href":"https:\/\/shop.nlq24.eu\/de\/wp-json\/wp\/v2\/types\/product"}],"replies":[{"embeddable":true,"href":"https:\/\/shop.nlq24.eu\/de\/wp-json\/wp\/v2\/comments?post=76690"}],"wp:featuredmedia":[{"embeddable":true,"href":"https:\/\/shop.nlq24.eu\/de\/wp-json\/wp\/v2\/media\/76691"}],"wp:attachment":[{"href":"https:\/\/shop.nlq24.eu\/de\/wp-json\/wp\/v2\/media?parent=76690"}],"wp:term":[{"taxonomy":"product_brand","embeddable":true,"href":"https:\/\/shop.nlq24.eu\/de\/wp-json\/wp\/v2\/product_brand?post=76690"},{"taxonomy":"product_cat","embeddable":true,"href":"https:\/\/shop.nlq24.eu\/de\/wp-json\/wp\/v2\/product_cat?post=76690"},{"taxonomy":"product_tag","embeddable":true,"href":"https:\/\/shop.nlq24.eu\/de\/wp-json\/wp\/v2\/product_tag?post=76690"}],"curies":[{"name":"wp","href":"https:\/\/api.w.org\/{rel}","templated":true}]}}