{"id":76822,"date":"2021-06-08T10:43:07","date_gmt":"2021-06-08T10:43:07","guid":{"rendered":"https:\/\/shop.nlq24.eu\/?post_type=product&#038;p=76822"},"modified":"2026-04-13T09:56:46","modified_gmt":"2026-04-13T09:56:46","slug":"verschluss-deckel-pp28-gruen","status":"publish","type":"product","link":"https:\/\/shop.nlq24.eu\/de\/Produkt\/verschluss-deckel-pp28-gruen\/","title":{"rendered":"Verschluss Deckel, PP28 gr\u00fcn mit Dichteinlage"},"content":{"rendered":"<p>Dieser Verschluss Deckel, PP28 in 28 mm in gr\u00fcn ist passend f\u00fcr das Dosersystem PP28.<\/p>\n<p>Es handelt sich um einen Schraubverschluss mit einem Originalit\u00e4tssicherungsring. Nach dem erstmaligen Verschlie\u00dfen der Flasche, rei\u00dft dieser beim ersten \u00d6ffnen ab. Somit ist sichtbar, ob die Flasche bereits ge\u00f6ffnet wurde.<\/p>\n<p>Die Dichteinlage im Deckel besteht aus sehr best\u00e4ndigem PE-Schaum. Er bietet Ihnen damit gute Dichteigenschaften f\u00fcr die meisten Fl\u00fcssigkeiten. Dies ist auch der Grund, warum dieser Deckel f\u00fcr Chlordioxid L\u00f6sungen &lt; 0,3 % verwendet werden kann.<\/p>\n<p>Der Verschluss passt nicht nur auf Glasflaschen mit PP28 Gewinde, sondern eben so auf PET-Flaschen dieser Gewindegr\u00f6\u00dfe.<\/p>\n<h3>Technische Daten des Verschluss Deckel PP28 f\u00fcr Dosersystem:<\/h3>\n<p>Material: PP &#8211; best\u00e4ndig<br \/>\nFarbe: gr\u00fcn<br \/>\nM\u00fcndung\/Gewinde: 28 mm (PP28)<br \/>\nAusf\u00fchrung: mit Qualit\u00e4tsring\/Abrei\u00dfring<br \/>\nDichtung: PEP-Scheibe<\/p>\n<p>Passend zum Verschluss gibt es auch das <strong><a href=\"https:\/\/shop.nlq24.eu\/de\/produkt\/doser-cdh-doser-10-ml\/\">Doser-System<\/a><\/strong>, einen <strong><a href=\"https:\/\/shop.nlq24.eu\/de\/produkt\/doser-einsatz-fuer-doser-system\/\">Doser-Einsatz<\/a><\/strong> zur Verkleinerung der \u00d6ffnung. Dadurch ist sogar ein Tropfen der Fl\u00fcssigkeit aus einer PP28 Flasche m\u00f6glich.<\/p>\n<p>Suchen Sie Flaschen, die direkt mit Doser-System ausgestattet sind, w\u00e4hlen Sie diese <strong><a href=\"https:\/\/shop.nlq24.eu\/de\/produkt\/doser-system-flasche\/\">Doser-System-Flasche<\/a>.<\/strong><\/p>\n","protected":false},"excerpt":{"rendered":"<p>Verschluss Deckel, PP28 mm gr\u00fcn mit Dichteinlage<\/p>\n","protected":false},"featured_media":76828,"comment_status":"open","ping_status":"closed","template":"","meta":[],"product_brand":[],"product_cat":[46,113,327,328,466,858],"product_tag":[3209,3210],"class_list":{"0":"post-76822","1":"product","2":"type-product","3":"status-publish","4":"has-post-thumbnail","6":"product_cat-doser-fuer-pp28-flaschen","7":"product_cat-verschluesse-fuer-pp28-glasflaschen","8":"product_cat-verschluesse-und-zubehoer","9":"product_cat-flaschen-verschluesse-zubehoer","10":"product_cat-glasflaschen-pp28","11":"product_cat-cdh-komponenten","12":"product_tag-verschluss-pp28","13":"product_tag-verschluss-28-mm","15":"first","16":"instock","17":"taxable","18":"shipping-taxable","19":"purchasable","20":"product-type-simple"},"_links":{"self":[{"href":"https:\/\/shop.nlq24.eu\/de\/wp-json\/wp\/v2\/product\/76822","targetHints":{"allow":["GET"]}}],"collection":[{"href":"https:\/\/shop.nlq24.eu\/de\/wp-json\/wp\/v2\/product"}],"about":[{"href":"https:\/\/shop.nlq24.eu\/de\/wp-json\/wp\/v2\/types\/product"}],"replies":[{"embeddable":true,"href":"https:\/\/shop.nlq24.eu\/de\/wp-json\/wp\/v2\/comments?post=76822"}],"wp:featuredmedia":[{"embeddable":true,"href":"https:\/\/shop.nlq24.eu\/de\/wp-json\/wp\/v2\/media\/76828"}],"wp:attachment":[{"href":"https:\/\/shop.nlq24.eu\/de\/wp-json\/wp\/v2\/media?parent=76822"}],"wp:term":[{"taxonomy":"product_brand","embeddable":true,"href":"https:\/\/shop.nlq24.eu\/de\/wp-json\/wp\/v2\/product_brand?post=76822"},{"taxonomy":"product_cat","embeddable":true,"href":"https:\/\/shop.nlq24.eu\/de\/wp-json\/wp\/v2\/product_cat?post=76822"},{"taxonomy":"product_tag","embeddable":true,"href":"https:\/\/shop.nlq24.eu\/de\/wp-json\/wp\/v2\/product_tag?post=76822"}],"curies":[{"name":"wp","href":"https:\/\/api.w.org\/{rel}","templated":true}]}}