{"id":76904,"date":"2021-06-11T10:02:45","date_gmt":"2021-06-11T10:02:45","guid":{"rendered":"https:\/\/shop.nlq24.eu\/?post_type=product&#038;p=76904"},"modified":"2025-07-01T09:15:49","modified_gmt":"2025-07-01T09:15:49","slug":"trichter-micro-trichter-32mm","status":"publish","type":"product","link":"https:\/\/shop.nlq24.eu\/de\/Produkt\/trichter-micro-trichter-32mm\/","title":{"rendered":"Trichter &#8211; Micro-Trichter 32 mm aus PE"},"content":{"rendered":"<p class=\"Normal\">Dieser Trichter ist ein sehr kleiner Micro-Trichter und hat nur 32 mm Durchmesser. Diesen k\u00f6nnen Sie wunderbar zum Bef\u00fcllen Ihrer kleinen Gef\u00e4\u00dfen benutzen. Als <strong>Material<\/strong> wurde harter Polyethylen (PE) verwendet. Er ist gegen L\u00f6semittel best\u00e4ndig. Au\u00dferdem verf\u00fcgt er \u00fcber eine praktische Aufh\u00e4nge-\u00d6se. An dieser kann man diesen z.B. zum Trocknen aufh\u00e4ngen. Mit diesem Mini-Trichter bef\u00fcllen Sie Gef\u00e4\u00dfe sicher. Er eignet sich ebenso f\u00fcr Lebensmittel, wie auch f\u00fcr S\u00e4uren\/Laugen und Pulver.<\/p>\n<p class=\"Normal\">Der <strong>Auslauf-Durchmesser<\/strong> betr\u00e4gt 3 mm. Der <strong>Au\u00dfendurchmesser<\/strong> am oberen Rand betr\u00e4gt nur 32 mm.<\/p>\n<p>Seine <span style=\"color: #333333;\">Gesamth\u00f6he betr\u00e4gt ca. 42 mm. Der<strong> innere D<\/strong><\/span><span style=\"color: #333333;\"><strong>urchmesser des Auslaufs<\/strong> betr\u00e4gt: ca. 3 mm. Der \u00e4u\u00dfere <\/span><span style=\"color: #333333;\">Durchmesser des Auslaufs betr\u00e4gt hingegen ca. 6 mm.<\/span><\/p>\n<h3>Einsatzgebiete \/ Eignung<\/h3>\n<p>Dieser Micro Trichter 32 mm ist sehr gut geeignet zum Bef\u00fcllen von Parfum Flakons oder Taschenzerst\u00e4ubern, die \u00fcber eine sehr kleine \u00d6ffnung verf\u00fcgen.<\/p>\n<p class=\"Normal\">Er passt in <strong><a href=\"https:\/\/shop.nlq24.eu\/produkt\/glasflasche-din18-slim-braun\/\">Glasflaschen der Gewindegr\u00f6\u00dfe DIN18<\/a><\/strong>. Ebenfalls passt er in die M\u00fcndungen Ihrer <strong><a href=\"https:\/\/shop.nlq24.eu\/produkt\/pe-flaschen-weiss-in-verschiedenen-varianten-groessen-und-zubehoer\/\">HDPE-Flaschen 20-410<\/a><\/strong>. Und sogar in die \u00d6ffnung der kleinen <strong><a href=\"https:\/\/shop.nlq24.eu\/produkt\/pp-flaschen-bruchsicher-halbtransparent-mit-kindersicherheitsverschluss-div-groessen-farben\/\">bruchsicheren PP-Flaschen<\/a><\/strong> passt er super hinein.<\/p>\n","protected":false},"excerpt":{"rendered":"<p>Micro-Trichter PE, Trichter 32 mm Durchmesser<\/p>\n","protected":false},"featured_media":76907,"comment_status":"open","ping_status":"closed","template":"","meta":[],"product_brand":[],"product_cat":[43,44,81],"product_tag":[3292,3293,203,635],"class_list":{"0":"post-76904","1":"product","2":"type-product","3":"status-publish","4":"has-post-thumbnail","6":"product_cat-dosieren-abmessen","7":"product_cat-trichter-zum-abfuellen","8":"product_cat-alle-produkte-im-ueberblick","9":"product_tag-microtrichter","10":"product_tag-micro-trichter","11":"product_tag-trichter","12":"product_tag-kleiner","13":"product_shipping_class-standard","15":"first","16":"outofstock","17":"taxable","18":"shipping-taxable","19":"purchasable","20":"product-type-simple"},"_links":{"self":[{"href":"https:\/\/shop.nlq24.eu\/de\/wp-json\/wp\/v2\/product\/76904","targetHints":{"allow":["GET"]}}],"collection":[{"href":"https:\/\/shop.nlq24.eu\/de\/wp-json\/wp\/v2\/product"}],"about":[{"href":"https:\/\/shop.nlq24.eu\/de\/wp-json\/wp\/v2\/types\/product"}],"replies":[{"embeddable":true,"href":"https:\/\/shop.nlq24.eu\/de\/wp-json\/wp\/v2\/comments?post=76904"}],"wp:featuredmedia":[{"embeddable":true,"href":"https:\/\/shop.nlq24.eu\/de\/wp-json\/wp\/v2\/media\/76907"}],"wp:attachment":[{"href":"https:\/\/shop.nlq24.eu\/de\/wp-json\/wp\/v2\/media?parent=76904"}],"wp:term":[{"taxonomy":"product_brand","embeddable":true,"href":"https:\/\/shop.nlq24.eu\/de\/wp-json\/wp\/v2\/product_brand?post=76904"},{"taxonomy":"product_cat","embeddable":true,"href":"https:\/\/shop.nlq24.eu\/de\/wp-json\/wp\/v2\/product_cat?post=76904"},{"taxonomy":"product_tag","embeddable":true,"href":"https:\/\/shop.nlq24.eu\/de\/wp-json\/wp\/v2\/product_tag?post=76904"}],"curies":[{"name":"wp","href":"https:\/\/api.w.org\/{rel}","templated":true}]}}