{"id":76986,"date":"2021-06-17T09:36:07","date_gmt":"2021-06-17T09:36:07","guid":{"rendered":"https:\/\/shop.nlq24.eu\/?post_type=product&#038;p=76986"},"modified":"2026-01-07T16:45:42","modified_gmt":"2026-01-07T16:45:42","slug":"wespen-stop","status":"publish","type":"product","link":"https:\/\/shop.nlq24.eu\/de\/Produkt\/wespen-stop\/","title":{"rendered":"Wespen Stop 10 ml"},"content":{"rendered":"<div>\n<h3 class=\"tm5 tm6\"><strong><span class=\"tm7\">Wespen-Stop 10 ml<\/span><\/strong><\/h3>\n<p class=\"Normal tm5 tm8\"><strong><span class=\"tm10\">Abwehrmittel zum Fernhalten von Wespen<\/span><\/strong><\/p>\n<p class=\"Normal tm5 tm8\"><span class=\"tm9\">Der Sommer ist auch die Zeit der Wespen. Sie werden vor allem durch s\u00fc\u00dfe Speisen angelockt, insbesondere dann, wenn man drau\u00dfen im Freien essen m\u00f6chte. Aber auch eiwei\u00dfhaltige Speisen und Grillfleisch sind f\u00fcr diese Tierchen besonders verlockend.<\/span><\/p>\n<p class=\"Normal tm5 tm8\"><span class=\"tm9\">Wenn man nach Ihnen schl\u00e4gt, um sie zu vertreiben k\u00f6nnen diese schnell aggressiv werden. Und wenn man nicht aufpasst, kann es zu schmerzvollen Stichen kommen. F\u00fcr manch einen k\u00f6nnen diese gef\u00e4hrliche Folgen haben. <\/span><\/p>\n<p class=\"Normal tm5 tm8\"><span class=\"tm9\">\u00a0<\/span><\/p>\n<p class=\"Normal tm5 tm8\"><span class=\"tm9\">Um dies zu verhindern und um einen entspannten Tag im Freien zu genie\u00dfen, gibt es das NaturGut Wespen Stop. Seine nat\u00fcrlichen Inhaltsstoffe aus<\/span><strong><span class=\"tm10\"> Nelken- und Zitronen\u00f6l<\/span><\/strong><span class=\"tm9\"> halten die Wespen meist schon aus gro\u00dfer Entfernung ab, ohne diesen dabei zu schaden.<\/span><\/p>\n<p class=\"Normal tm5 tm8\"><span class=\"tm9\">Die Anwendung von Wespen Stop ist denkbar einfach. Geben Sie einfach 5ml des Konzentrates auf einen Duftw\u00fcrfel oder ein St\u00fcck Holz und stellen Sie es auf eine Unterlage, der \u00d6l nichts ausmacht.<\/span><\/p>\n<p class=\"Normal tm5 tm8\"><span class=\"tm9\">\u00a0<\/span><\/p>\n<p class=\"Normal tm5 tm8\"><span class=\"tm9\">In dem Wespen Stop sind folgende Inhaltsstoffe enthalten: <\/span><span class=\"tm9\">Nelkenbl\u00e4tter\u00f6l, Zitronen\u00f6l, Lavandula hybrida Extrakt<\/span><span class=\"tm11\"> 5,5% (V\/V)<\/span><\/p>\n<p class=\"Normal tm5 tm8\"><strong><span class=\"tm10\">Repellent\u00a0N-51206<\/span><span class=\"tm12\"><br \/>\n<\/span><span class=\"tm10\">Biozidprodukte vorsichtig verwenden. Vor Gebrauch stets Etikett und Produktinformation lesen.<\/span><\/strong><\/p>\n<p><b>Einordnung nach CLP-Verordnung<\/b><\/p>\n<table class=\"lenz-clp-table\">\n<tbody>\n<tr>\n<td>Symbole<\/td>\n<td>\n<table class=\"lenz-clp-table-symbol-table\">\n<tbody>\n<tr>\n<td class=\"symbol-image\"><img decoding=\"async\" title=\"GHS02: Flamme\" src=\"https:\/\/naturgut.de\/custom\/plugins\/LenzCLP\/Resources\/views\/frontend\/_public\/src\/img\/lenz_clp\/60\/ghs02.gif\" alt=\"GHS02: Flamme\" \/><\/td>\n<td class=\"symbol-name\">GHS02: Flamme<\/td>\n<\/tr>\n<tr>\n<td class=\"symbol-image\"><img decoding=\"async\" title=\"GHS07: dickes Ausrufezeichensymbol\" src=\"https:\/\/naturgut.de\/custom\/plugins\/LenzCLP\/Resources\/views\/frontend\/_public\/src\/img\/lenz_clp\/60\/ghs07.gif\" alt=\"GHS07: dickes Ausrufezeichensymbol\" \/><\/td>\n<td class=\"symbol-name\">GHS07: dickes Ausrufezeichensymbol<\/td>\n<\/tr>\n<tr>\n<td class=\"symbol-image\"><img decoding=\"async\" title=\"GHS09: Umwelt\" src=\"https:\/\/naturgut.de\/custom\/plugins\/LenzCLP\/Resources\/views\/frontend\/_public\/src\/img\/lenz_clp\/60\/ghs09.gif\" alt=\"GHS09: Umwelt\" \/><\/td>\n<td class=\"symbol-name\">GHS09: Umwelt<\/td>\n<\/tr>\n<\/tbody>\n<\/table>\n<\/td>\n<\/tr>\n<\/tbody>\n<\/table>\n<p>&nbsp;<\/p>\n<p>Fl\u00fcssigkeit und Dampf entz\u00fcndbar. Verursacht Hautreizungen. Kann allergische Hautreaktionen verursachen. Verursacht schwere Augenreizung. Giftig f\u00fcr Wasserorganismen, mit langfristiger Wirkung.<\/p>\n<\/div>\n<p>Ich verwende diese wunderbare Kombination auch selbst und bin damit sehr zufrieden.<\/p>\n","protected":false},"excerpt":{"rendered":"<p><strong>Wespen Stop 10 ml<\/strong><\/p>\n<p class=\"Normal tm5 tm6\"><span class=\"tm8\">Biozidprodukte vorsichtig verwenden. Vor Gebrauch stets Etikett und Produktinformation lesen&#8230;.<\/span><\/p>\n","protected":false},"featured_media":84815,"comment_status":"open","ping_status":"closed","template":"","meta":[],"product_brand":[],"product_cat":[37,81],"product_tag":[3305,3306,3307,3308,3303,3304],"class_list":{"0":"post-76986","1":"product","2":"type-product","3":"status-publish","4":"has-post-thumbnail","6":"product_cat-aetherische-oele","7":"product_cat-alle-produkte-im-ueberblick","8":"product_tag-wespen-stop","9":"product_tag-nelkenblaetteroel","10":"product_tag-zitronenoel","11":"product_tag-lavandula-hybrida-extrakt","12":"product_tag-wespenstop","13":"product_tag-wespen-fernhalten","14":"product_shipping_class-standard","16":"first","17":"instock","18":"taxable","19":"shipping-taxable","20":"purchasable","21":"product-type-simple"},"_links":{"self":[{"href":"https:\/\/shop.nlq24.eu\/de\/wp-json\/wp\/v2\/product\/76986","targetHints":{"allow":["GET"]}}],"collection":[{"href":"https:\/\/shop.nlq24.eu\/de\/wp-json\/wp\/v2\/product"}],"about":[{"href":"https:\/\/shop.nlq24.eu\/de\/wp-json\/wp\/v2\/types\/product"}],"replies":[{"embeddable":true,"href":"https:\/\/shop.nlq24.eu\/de\/wp-json\/wp\/v2\/comments?post=76986"}],"wp:featuredmedia":[{"embeddable":true,"href":"https:\/\/shop.nlq24.eu\/de\/wp-json\/wp\/v2\/media\/84815"}],"wp:attachment":[{"href":"https:\/\/shop.nlq24.eu\/de\/wp-json\/wp\/v2\/media?parent=76986"}],"wp:term":[{"taxonomy":"product_brand","embeddable":true,"href":"https:\/\/shop.nlq24.eu\/de\/wp-json\/wp\/v2\/product_brand?post=76986"},{"taxonomy":"product_cat","embeddable":true,"href":"https:\/\/shop.nlq24.eu\/de\/wp-json\/wp\/v2\/product_cat?post=76986"},{"taxonomy":"product_tag","embeddable":true,"href":"https:\/\/shop.nlq24.eu\/de\/wp-json\/wp\/v2\/product_tag?post=76986"}],"curies":[{"name":"wp","href":"https:\/\/api.w.org\/{rel}","templated":true}]}}