{"id":77,"date":"2018-12-11T18:42:41","date_gmt":"2018-12-11T18:42:41","guid":{"rendered":"https:\/\/www.nlq24.de\/?post_type=product&#038;p=77"},"modified":"2026-04-13T09:56:46","modified_gmt":"2026-04-13T09:56:46","slug":"messbecher-30-ml-aus-bestaendigem-hdpe","status":"publish","type":"product","link":"https:\/\/shop.nlq24.eu\/de\/Produkt\/messbecher-30-ml-aus-bestaendigem-hdpe\/","title":{"rendered":"Messbecher 30 ml aus HDPE"},"content":{"rendered":"<p>Dieser kleine Messbecher 30 ml aus HDPE ist optimal zum Dosieren f\u00fcr kleine Mengen. Er ist universal verwendbar (z.B. f\u00fcr CDH, DMSO, MKB, etc.). Auch auch f\u00fcr K\u00fcche und Labor ist er gut geeignet. Zudem ist er chemiebest\u00e4ndig und aus HDPE. Die Skala ist durchsichtig.Da sie in das Kunststoff gepr\u00e4gt ist, kann sie nie verwischen. Sie k\u00f6nnen diesen Messbecher bequem und platzsparend \u00fcber einen Flaschenverschluss PP28 st\u00fclpen.<br \/>\nSkaliert ist diese 30 ml Messbecher in folgenden Schritten: 1 \/ 2 \/ 3 \/ 4 \/ 5 \/ 6 \/ 7 \/ 8 \/ 9 \/ 10 \/ 15 \/ 20 \/ 30 ml. Er eignet sich damit gut f\u00fcr Sirup, Fl\u00fcssigkeiten, S\u00e4fte und auch Medikamente.<\/p>\n<p>&nbsp;<\/p>\n","protected":false},"excerpt":{"rendered":"<p>Messbecher 30 ml.<\/p>\n","protected":false},"featured_media":3601,"comment_status":"open","ping_status":"closed","template":"","meta":[],"product_brand":[],"product_cat":[43,45,81],"product_tag":[98,99,100,697],"class_list":{"0":"post-77","1":"product","2":"type-product","3":"status-publish","4":"has-post-thumbnail","6":"product_cat-dosieren-abmessen","7":"product_cat-messbecher","8":"product_cat-alle-produkte-im-ueberblick","9":"product_tag-messbecher-30-ml","10":"product_tag-messbecher","11":"product_tag-dosierbecher","12":"product_tag-dosierbecher-30-ml","13":"product_shipping_class-standard","15":"first","16":"instock","17":"taxable","18":"shipping-taxable","19":"purchasable","20":"product-type-simple"},"_links":{"self":[{"href":"https:\/\/shop.nlq24.eu\/de\/wp-json\/wp\/v2\/product\/77","targetHints":{"allow":["GET"]}}],"collection":[{"href":"https:\/\/shop.nlq24.eu\/de\/wp-json\/wp\/v2\/product"}],"about":[{"href":"https:\/\/shop.nlq24.eu\/de\/wp-json\/wp\/v2\/types\/product"}],"replies":[{"embeddable":true,"href":"https:\/\/shop.nlq24.eu\/de\/wp-json\/wp\/v2\/comments?post=77"}],"wp:featuredmedia":[{"embeddable":true,"href":"https:\/\/shop.nlq24.eu\/de\/wp-json\/wp\/v2\/media\/3601"}],"wp:attachment":[{"href":"https:\/\/shop.nlq24.eu\/de\/wp-json\/wp\/v2\/media?parent=77"}],"wp:term":[{"taxonomy":"product_brand","embeddable":true,"href":"https:\/\/shop.nlq24.eu\/de\/wp-json\/wp\/v2\/product_brand?post=77"},{"taxonomy":"product_cat","embeddable":true,"href":"https:\/\/shop.nlq24.eu\/de\/wp-json\/wp\/v2\/product_cat?post=77"},{"taxonomy":"product_tag","embeddable":true,"href":"https:\/\/shop.nlq24.eu\/de\/wp-json\/wp\/v2\/product_tag?post=77"}],"curies":[{"name":"wp","href":"https:\/\/api.w.org\/{rel}","templated":true}]}}