{"id":77199,"date":"2021-07-01T12:41:04","date_gmt":"2021-07-01T12:41:04","guid":{"rendered":"https:\/\/shop.nlq24.eu\/?post_type=product&#038;p=77199"},"modified":"2026-02-03T11:12:29","modified_gmt":"2026-02-03T11:12:29","slug":"cdh3000-ms-premium","status":"publish","type":"product","link":"https:\/\/shop.nlq24.eu\/de\/Produkt\/cdh3000-ms-premium\/","title":{"rendered":"CDH3000-MS-PREMIUM &#8211; (CDL) 0,3 %"},"content":{"rendered":"<p class=\"Normal\"><strong>CDH3000-MS-PREMIUM &#8211; CD L\u00f6sung 0,3 %<\/strong> ist eine Chlordioxid L\u00f6sung (CDS\/CDL) &lt; 0,3 % Chlordioxid Anteil. Sie wurde mit <strong>rechtsdrehender Milchs\u00e4ure aktiviert<\/strong>\u00a0und wird in einer <strong>besonders vor Licht sch\u00fctzenden Mironglasflasche (Violettglas)<\/strong>\u00a0geliefert wird.<\/p>\n<h3><strong>CDH3000-MS-PREMIUM &#8211; CD L\u00f6sung 0,3 % <span class=\"tm6\">Hinweise:<\/span><\/strong><\/h3>\n<p class=\"Normal tm5\">Die CDH3000-Fl\u00fcssigkeit kann unverd\u00fcnnt organisches Material entf\u00e4rben. Nach Einatmen von \u00fcber der Fl\u00fcssigkeit befindlichem Gas, sorge f\u00fcr Frischluft. Bei Kontakt mit den Augen, sp\u00fcle das Auge bei ge\u00f6ffnetem Lidspalt mit Wasser. Nach versehentlichem Verschlucken, trinke reichlich Wasser zur Verd\u00fcnnung. Solltest du anhaltende Beschwerden haben, suche einen Arzt oder Heilpraktiker auf. Lasse keine gr\u00f6\u00dferen Mengen in die Kanalisation oder Gew\u00e4sser gelangen. Lagere es k\u00fchl in der geschlossenen Flasche.<\/p>\n<h3 class=\"Normal\"><strong><span class=\"tm6\">Folgende Varianten von CDH3000-MS stehen zur Auswahl:<\/span><\/strong><\/h3>\n<p class=\"Normal\">Die <strong><span class=\"tm6\">100 ml<\/span><\/strong> Variante gibt es in HDPE- oder Glasflasche DIN18 jeweils mit Tropfer. F\u00fcr die 100 ml Glasflasche gibt es jetzt auch ein <strong><a href=\"https:\/\/shop.nlq24.eu\/de\/produkt\/doser-system-din18\/\">Doser-System DIN18<\/a><\/strong> (Dosiersystem).<\/p>\n<p class=\"Normal\">Die 250 und 500 ml &#8211; Variante biete ich Ihnen in der Glasflasche PP28 an. Wahlweise kannst du zu dieser Flasche einen Doser mit dem passenden Einsatz zum Entnehmen und Abmessen gleich mit ausw\u00e4hlen. Ohne die Bestellung eines Dosers liefere ich keinen Doser-Einsatz mit. Auch der Deckel bei der Bestellung ohne Doser-System, passt nicht nicht zu dem <strong><a href=\"https:\/\/shop.nlq24.eu\/de\/produkt\/verschluss-deckel-pp28-schwarz\/\">Deckel f\u00fcr das Doser-System PP28.<\/a><\/strong><\/p>\n<p><strong>Das Doser-System<\/strong><\/p>\n<p>ist erh\u00e4ltlich f\u00fcr folgende Flaschen:<\/p>\n<p>&#8211; In DIN18 Flaschenhals Durchmesser f\u00fcr die 100 ml Variante &#8211; mit 10 ml Spritze (Standard) oder der<a href=\"https:\/\/shop.nlq24.eu\/de\/produkt\/doser-system-6-ml-bestaendig-din18mm\/\"> best\u00e4ndigeren 6 ml Spritze (MD6-18)<\/a><br \/>\n&#8211; In 28 mm Flaschenhals Durchmesser f\u00fcr 250 ml und 500 ml &#8211; mit 10 ml Spritze (Standard) oder der <a href=\"https:\/\/shop.nlq24.eu\/de\/produkt\/doser-system-6-28-mm\/\">best\u00e4ndigeren 6 ml Spritze (MD6-28)<\/a><\/p>\n<p>Ein Qualit\u00e4tsprodukt von <a href=\"https:\/\/www.natao.org\/cdh3000-cdl-wasserdesinfektion.htm\">OX-IT.<\/a><\/p>\n","protected":false},"excerpt":{"rendered":"<p><span style=\"font-size: 110%;\"><span class=\"tm6\">CDH3000 &#8211; MS Premium bitte vorsichtig verwenden. Vor Gebrauch stets Etikett und Produktinformationen lesen.<\/span><\/span><\/p>\n","protected":false},"featured_media":87115,"comment_status":"open","ping_status":"closed","template":"","meta":[],"product_brand":[],"product_cat":[31,81],"product_tag":[615,68,617,706,3327,1835,1836],"class_list":{"0":"post-77199","1":"product","2":"type-product","3":"status-publish","4":"has-post-thumbnail","6":"product_cat-cdh3000-cdl3000","7":"product_cat-alle-produkte-im-ueberblick","8":"product_tag-premium","9":"product_tag-chlordioxid-loesung","10":"product_tag-cdh","11":"product_tag-cds-cdl","12":"product_tag-cdh3000-ms-premium","13":"product_tag-cdh3000-ms","14":"product_tag-cdh-milchsaeure","15":"product_shipping_class-standard","16":"pa_flaschenart-mironglasflasche-28-mm","17":"pa_flaschenart-mironglasflasche","18":"pa_flaschenart-hdpe-flasche","19":"pa_flaschenart-glasflasche-din18","20":"pa_flaschenart-glasflasche-pp28","21":"pa_milliliter-100-ml","22":"pa_milliliter-2-x-500-ml","23":"pa_milliliter-250-ml","24":"pa_milliliter-500-ml","25":"pa_milliliter-1000-ml","27":"first","28":"instock","29":"taxable","30":"shipping-taxable","31":"purchasable","32":"product-type-variable"},"_links":{"self":[{"href":"https:\/\/shop.nlq24.eu\/de\/wp-json\/wp\/v2\/product\/77199","targetHints":{"allow":["GET"]}}],"collection":[{"href":"https:\/\/shop.nlq24.eu\/de\/wp-json\/wp\/v2\/product"}],"about":[{"href":"https:\/\/shop.nlq24.eu\/de\/wp-json\/wp\/v2\/types\/product"}],"replies":[{"embeddable":true,"href":"https:\/\/shop.nlq24.eu\/de\/wp-json\/wp\/v2\/comments?post=77199"}],"wp:featuredmedia":[{"embeddable":true,"href":"https:\/\/shop.nlq24.eu\/de\/wp-json\/wp\/v2\/media\/87115"}],"wp:attachment":[{"href":"https:\/\/shop.nlq24.eu\/de\/wp-json\/wp\/v2\/media?parent=77199"}],"wp:term":[{"taxonomy":"product_brand","embeddable":true,"href":"https:\/\/shop.nlq24.eu\/de\/wp-json\/wp\/v2\/product_brand?post=77199"},{"taxonomy":"product_cat","embeddable":true,"href":"https:\/\/shop.nlq24.eu\/de\/wp-json\/wp\/v2\/product_cat?post=77199"},{"taxonomy":"product_tag","embeddable":true,"href":"https:\/\/shop.nlq24.eu\/de\/wp-json\/wp\/v2\/product_tag?post=77199"}],"curies":[{"name":"wp","href":"https:\/\/api.w.org\/{rel}","templated":true}]}}