{"id":78,"date":"2018-10-30T20:32:08","date_gmt":"2018-10-30T20:32:08","guid":{"rendered":"https:\/\/www.nlq24.de\/?post_type=product&#038;p=78"},"modified":"2026-04-13T09:56:46","modified_gmt":"2026-04-13T09:56:46","slug":"messbecher-100-ml-bestaendiges-pp-blaue-skala","status":"publish","type":"product","link":"https:\/\/shop.nlq24.eu\/de\/Produkt\/messbecher-100-ml-bestaendiges-pp-blaue-skala\/","title":{"rendered":"Messbecher f\u00fcr 100 ml"},"content":{"rendered":"<p><span style=\"font-size: 100%;\">Dieser Messbecher 100 ml eignet sich optimal zum Dosieren, Abmessen und Mischen bis 100 ml Volumen.<\/span><br \/>\n<span style=\"font-size: 100%;\">Der Messbecher ist aus <strong>best\u00e4ndigem PP<\/strong> und dadurch <strong>nahezu unzerbrechlich<\/strong>. <\/span><\/p>\n<p><span style=\"font-size: 100%;\">Das Material ist hochtransparent und gew\u00e4hrt einen guten Einblick in das F\u00fcllgut. So ist eine Qualit\u00e4t-Sichtkontrolle beim Abf\u00fcllen sehr gut m\u00f6glich. Er hat eine glatte Oberfl\u00e4che und ist universal verwendbar. Er ist durch seine Best\u00e4ndigkeit z.B. auch f\u00fcr CDH3000, DMSO, MKB, DMKB und viele weitere Fl\u00fcssigkeiten geeignet. Er findet Verwendung sowohl in in der K\u00fcche als auch im Labor. Die chemiebest\u00e4ndige, blaue Skala hat eine Grobskalierung in 10 ml-Schritten und eine Feinskalierung in 2 ml-Schritten. Dies erm\u00f6glicht eine genaue Bemessung.<\/span><br \/>\n<span style=\"font-size: 100%;\">Der Becher ist auch zur Hei\u00dfdesinfektion bis max. 121 \u00b0C f\u00fcr bis zu 20 Minuten geeignet und somit autoklavierbar.<\/span><br \/>\n<span style=\"font-size: 100%;\">Der Durchmesser im oberen Randbereich betr\u00e4gt 50 mm, im unteren 40 mm. Die H\u00f6he liegt bei 80 mm.<\/span><\/p>\n","protected":false},"excerpt":{"rendered":"<p>Messbecher 100 ml.<\/p>\n","protected":false},"featured_media":5141,"comment_status":"open","ping_status":"closed","template":"","meta":[],"product_brand":[],"product_cat":[45,81],"product_tag":[99,100,674,675,677],"class_list":{"0":"post-78","1":"product","2":"type-product","3":"status-publish","4":"has-post-thumbnail","6":"product_cat-messbecher","7":"product_cat-alle-produkte-im-ueberblick","8":"product_tag-messbecher","9":"product_tag-dosierbecher","10":"product_tag-kueche","11":"product_tag-labor","12":"product_tag-unzerbrechlicher","13":"product_shipping_class-standard","15":"first","16":"instock","17":"taxable","18":"shipping-taxable","19":"purchasable","20":"product-type-simple"},"_links":{"self":[{"href":"https:\/\/shop.nlq24.eu\/de\/wp-json\/wp\/v2\/product\/78","targetHints":{"allow":["GET"]}}],"collection":[{"href":"https:\/\/shop.nlq24.eu\/de\/wp-json\/wp\/v2\/product"}],"about":[{"href":"https:\/\/shop.nlq24.eu\/de\/wp-json\/wp\/v2\/types\/product"}],"replies":[{"embeddable":true,"href":"https:\/\/shop.nlq24.eu\/de\/wp-json\/wp\/v2\/comments?post=78"}],"wp:featuredmedia":[{"embeddable":true,"href":"https:\/\/shop.nlq24.eu\/de\/wp-json\/wp\/v2\/media\/5141"}],"wp:attachment":[{"href":"https:\/\/shop.nlq24.eu\/de\/wp-json\/wp\/v2\/media?parent=78"}],"wp:term":[{"taxonomy":"product_brand","embeddable":true,"href":"https:\/\/shop.nlq24.eu\/de\/wp-json\/wp\/v2\/product_brand?post=78"},{"taxonomy":"product_cat","embeddable":true,"href":"https:\/\/shop.nlq24.eu\/de\/wp-json\/wp\/v2\/product_cat?post=78"},{"taxonomy":"product_tag","embeddable":true,"href":"https:\/\/shop.nlq24.eu\/de\/wp-json\/wp\/v2\/product_tag?post=78"}],"curies":[{"name":"wp","href":"https:\/\/api.w.org\/{rel}","templated":true}]}}