{"id":78246,"date":"2021-10-16T22:19:31","date_gmt":"2021-10-16T22:19:31","guid":{"rendered":"https:\/\/shop.nlq24.eu\/?post_type=product&#038;p=78246"},"modified":"2025-11-15T19:19:14","modified_gmt":"2025-11-15T19:19:14","slug":"chlordioxid-komplett-set-iew","status":"publish","type":"product","link":"https:\/\/shop.nlq24.eu\/de\/Produkt\/chlordioxid-komplett-set-iew\/","title":{"rendered":"IEW Komplett-Set"},"content":{"rendered":"<p>Hier erh\u00e4ltst du das Komplett-Set der IEW. Die IEW ist die Interessengemeinschaft f\u00fcr Ern\u00e4hrung und Wohlbefinden.<\/p>\n<p>Es wurde eigens vom <strong>Verlag f\u00fcr Gesundheit<\/strong> f\u00fcr seine Leser zusammengestellt.<\/p>\n<p><strong>Das\u00a0 Selfmade CDS\/CDL Set besteht aus:<\/strong><\/p>\n<ul>\n<li>einer <strong><a href=\"https:\/\/shop.nlq24.eu\/de\/produkt\/mironglas-weithalsflasche-1-liter\/\">Mironglas-Weithals-Flasche<\/a><\/strong>\u00a0und einem geschliffenen Deckel.<\/li>\n<li>1 x Chlordioxid Set in braunen Glasflaschen. Es bestehend aus <strong style=\"color: #555555;\"><a href=\"https:\/\/shop.nlq24.eu\/de\/produkt\/chlordioxid-set-typ-mms\/\">Natriumchlorit L\u00f6sung 25% und Salzs\u00e4ure 4%<\/a><\/strong><span style=\"color: #555555;\">, je 100 ml.<\/span><\/li>\n<li>1 x <strong style=\"color: #555555;\"><a href=\"https:\/\/shop.nlq24.eu\/de\/produkt\/messbecher-100-ml-bestaendiges-pp-blaue-skala\/\">Messbecher 100 ml<\/a><\/strong><span style=\"color: #555555;\"> und<\/span><\/li>\n<li>1 x <strong style=\"color: #555555;\"><a href=\"https:\/\/shop.nlq24.eu\/de\/produkt\/doser-system-flasche\/\">Doser-System-Flasche<\/a><\/strong><span style=\"color: #555555;\"> mit 250 ml Volumen incl. Dosierspritze<\/span><\/li>\n<li>1 x Innenflasche 100 ml mit Deckel. Der Deckel wird bei der Nutzung nicht ben\u00f6tigt.<\/li>\n<\/ul>\n<h1>Die Komponenten im \u00dcberblick:<\/h1>\n<hr \/>\n<h3>Set aus Natriumchlorit 25 % + Salzs\u00e4ure 4 %<\/h3>\n<p><span class=\"style7\">Set aus Natriumchlorit 25%ige L\u00f6sung + Salzs\u00e4ure 4 % vorsichtig verwenden und vor Gebrauch stets Etikett und Produktinformationen lesen. <\/span><\/p>\n<p><strong>Natriumchlorit L\u00f6sung 25 %<\/strong><strong>:<\/strong><\/p>\n<p><strong><img loading=\"lazy\" decoding=\"async\" class=\"alignnone size-full wp-image-55159\" src=\"https:\/\/shop.nlq24.eu\/wp-content\/uploads\/2019\/01\/Achtung-Ausrufezeichen-71x71-1.jpg\" alt=\"\" width=\"71\" height=\"71\" \/>\u00a0 \u00a0<\/strong><strong><br \/>\nAchtung\u00a0 \u00a0 \u00a0 \u00a0 \u00a0<\/strong><\/p>\n<p class=\"Standard_1\"><span class=\"tm6\">Gefahren- und Sicherheitshinweise:<\/span><\/p>\n<p class=\"Standard_1\"><span class=\"tm6\">Vor Gebrauch stets Etikett + Produktinformationen lesen.<\/span><\/p>\n<p class=\"Standard_1\"><span class=\"tm6\">Entwickelt bei Ber\u00fchrung mit S\u00e4ure sehr giftige Gase. Gesundheitssch\u00e4dlich bei Verschlucken. Verursacht schwere Augenreizung. Gesundheitssch\u00e4dlich bei Einatmen. Gas\/Nebel\/Dampf\/Aerosol nicht einatmen. Darf nicht in die H\u00e4nde von Kindern gelangen.<\/span><\/p>\n<p class=\"Standard_1\"><span class=\"tm6\">Schutzhandschuhe\/Schutzkleidung, Augenschutz\/Gesichtsschutz tragen. Nur in Original Verpackung unter Verschluss aufbewahren. Bei Verschlucken: Sofort Giftinformationszentrum oder Arzt anrufen. Bei Kontakt mit den Augen: Einige Minuten lang behutsam mit Wasser aussp\u00fclen. Eventuell vorhandene Kontaktlinsen nach M\u00f6glichkeit entfernen. Weiter aussp\u00fclen. Ist \u00e4rztlicher Rat erforderlich, Kennzeichnungsetikett bereithalten.<\/span><\/p>\n<p class=\"Normal tm7\"><span class=\"tm8\">Dieses Gemisch enth\u00e4lt keine Stoffe, die als PBT- oder vPvB-Stoff beurteilt werden.<\/span><\/p>\n<hr \/>\n<p><span class=\"style7\"><strong>Salzs\u00e4ure 4%:<br \/>\n<\/strong><strong><img loading=\"lazy\" decoding=\"async\" class=\"alignnone size-full wp-image-55159\" src=\"https:\/\/shop.nlq24.eu\/wp-content\/uploads\/2019\/01\/Achtung-Ausrufezeichen-71x71-1.jpg\" alt=\"\" width=\"71\" height=\"71\" \/><br \/>\nAchtung<br \/>\n<\/strong><\/span>Kann gegen\u00fcber Metallen korrosiv sein. Verursacht Hautreizungen. Verursacht schwere Augenreizung. Bei Kontakt mit den Augen: Einige Minuten lang behutsam mit Wasser sp\u00fclen. Vorhandene Kontaktlinsen nach M\u00f6glichkeit entfernen. Weiter sp\u00fclen. Bei Verschlucken: Mund aussp\u00fclen. Kein Erbrechen herbeif\u00fchren. Schutzhandschuhe\/Schutzkleidung\/ Augenschutz\/Gesichtsschutz tragen.<\/p>\n<p>Bei der Mischung von Natriumchlorit 25% und S\u00e4ure entsteht Chlordioxid-Gas.<\/p>\n<hr \/>\n<h3>Info zu den Inhalten des Set<\/h3>\n<p>mit freundlicher Ausf\u00fchrung vom Verlag f\u00fcr Gesundheit.<\/p>\n<h3>Die Mironglas Weithalsflasche<\/h3>\n<p>Diese Spezialflasche kann auch zur Herstellung einer L\u00f6sung nach der so genannten Gurkenglas-Methode verwendet werden. Es handelt sich hier jedoch um eine Premium Variante. Die lichtempfindliche Chlordioxid L\u00f6sung wird dabei durch das <strong><a href=\"https:\/\/shop.nlq24.eu\/de\/miron-schuetzt-substanzen\/\">Mironglas<\/a><\/strong> <strong>bestm\u00f6glich gesch\u00fctzt.<\/strong><\/p>\n<p>Das ist Ihr besonderer Vorteil bei der Verwendung dieser Mironglas Weithalsflasche. Sie verf\u00fcgt \u00fcber eine Aufnahmevolumen von 1 Liter.<\/p>\n<p>Als <strong>Innengef\u00e4\u00df<\/strong> wird hier die<strong> kleine durchsichtige Flasche (100 ml) <\/strong>mitgeliefert.<\/p>\n<p>Das hochwertige Mironglas sch\u00fctzt s\u00e4mtliche Substanzen, die bei Lichteinfall schneller zerfallen. Zu nennen w\u00e4ren hier z.B. die Aufbewahrung von Kr\u00e4utern, sowie von Cremes aber auch vielen weiteren Ingredienzien.<\/p>\n<h3>Mironglas Weithalsflasche f\u00fcr l\u00e4ngere Haltbarkeit<\/h3>\n<p>Diese Apothekerflasche ist eine einzigartige und zudem luxuri\u00f6se MIRON Violett Glasflasche. Sie wurde speziell entwickelt und wirkt als optimaler Filter gegen sch\u00e4dliche, sowie auch zerst\u00f6rerische Lichtstrahlen. Sie werden von diesem speziellen Glas blockiert. Der Schutz des Glases gew\u00e4hrleistet, zum einen, dass der Geschmack, sowie auch der Geruch, die Farbe, als auch die Bioenergie und die entsprechenden Produkteigenschaften l\u00e4nger erhalten bleiben,<\/p>\n<p>Produkte, welche in solchen Mironglas-Flaschen gelagert werden, behalten ihre einzigartigen Eigenschaften. Und dies sogar w\u00e4hrend einer l\u00e4ngeren Periode. Das haben Tests eindrucksvoll gezeigt.<\/p>\n<p>Chlordioxid L\u00f6sung nach der Gurkenglas-Methode<\/p>\n<p>Auch die gemischten L\u00f6sungen sind empfindlich gegen Licht. Und dies gilt nicht nur bei der Aktivierung. Daher eignet sich dieses Miron Glas besonders hierf\u00fcr.<\/p>\n<p>Ein Schwachpunkt bei der so genannten &#8222;Gurkenglas-Methode&#8220; war die Gummidichtung.\u00a0 Diese Dichtung wurde vom Chlordioxid angegriffen.<\/p>\n<p>Diese Flasche hingegen, ist mit einem geschliffenen Glasstopfen ausgestattet. Dieser hat keinerlei organisches Material, welches angegriffen werden k\u00f6nnte.<\/p>\n<p>Die Flasche ist nahezu gasdicht. Ein \u00dcberdruck kann bei einer Aktivierung mit Salzs\u00e4ure in der Flasche nicht entstehen.<\/p>\n<p>Als Zubeh\u00f6r ist eine kleinere Flasche enthalten, in der du das Natriumchlorit mit der Salzs\u00e4ure aktivieren kannst. Nach dem Mischen der Fl\u00fcssigkeiten stellst du diese Flasche gleich in die gro\u00dfe Mironglas-Weithals-Flasche.<\/p>\n<h3>Aktivierung nach der Gurkenglas-Methode Deluxe<\/h3>\n<p>Diese Weithalsflasche, aus <strong>Licht und Frequenzen sch\u00fctzendem Mironglas,<\/strong> soll zun\u00e4chst mit 700 ml demineralisiertem Wasser gef\u00fcllt werden. Am Besten eignet sich hierf\u00fcr das Wasser aus einer <a href=\"https:\/\/shop.nlq24.eu\/de\/Produkt\/umkehrosmoseanlage-7-star-energy-einfach\/\"><strong>Umkehrosmoseanlage<\/strong><\/a>. Im Shop gibt es zwei Modelle,<\/p>\n<p>Danach werden 30 ml <strong><a href=\"https:\/\/shop.nlq24.eu\/de\/produkt\/natriumchlorit-25-loesung\/\">Natriumchlorit L\u00f6sung 25%<\/a> <\/strong>und anschlie\u00dfend\u00a0 70 ml <strong><a href=\"https:\/\/shop.nlq24.eu\/de\/produkt\/salzsaeure-4\/\">Salzs\u00e4ure 4%<\/a><\/strong> in die kleine Flasche gegeben. Zum Abmessen nutze den im Set enthaltenen <strong><a href=\"https:\/\/shop.nlq24.eu\/de\/produkt\/messbecher-100-ml-bestaendiges-pp-blaue-skala\/\">Messbecher 100 ml<\/a><\/strong>. Sp\u00fcle den Messbecher unbedingt gr\u00fcndlich aus, bevor du die zweite Komponente mit diesem abmisst, damit die beiden Substanzen nicht schon im Messbecher aktiviert werden.<\/p>\n<p>Sofern Natriumchlorit und die Salzs\u00e4ure in das kleine Fl\u00e4schchen gef\u00fcllt sind, wird diese sogleich in die gr\u00f6\u00dfere Weithalsflasche gestellt. Die kleine Flasche mit dem Gemisch darf NICHT verschlossen werden, damit das Gas ungehindert in das Wasser in der Weithalsflasche \u00fcbergehen kann. Verschlie\u00dfe sogleich die Weithalsflasche mit dem gro\u00dfen geschliffenen Deckel, indem du diesen einfach auflegst..<\/p>\n<h3>Die Aktivierung<\/h3>\n<p>Nach einer Wartezeit von ca. 24 Stunden bei Zimmertemperatur, geht das Gas in der geschlossenen Flasche in das darin vorhandene Wasser \u00fcber. Wasser nimmt \u00fcbrigens dauerhafter nur maximal 3000 ppm des Gases auf. Das sind die 0,3 %. Also genau das, was wir brauchen.<\/p>\n<p>Erst nach dieser Aktivierung, stelle die Weithalsflasche mit samt dem Inhalt vorsichtig in den K\u00fchlschrank. Darin kann das Gemisch f\u00fcr ca. 6 Stunden auf unter 9 Grad Celsius abk\u00fchlen. Nach dieser Zeit ist das Chlordioxid Gas bestm\u00f6glich im Wasser gel\u00f6st und gast weniger schnell in die Luft aus. Das Gas verfl\u00fcssigt sich unterhalb dieser Temperatur weitgehend. Somit bleibt es beim nachfolgenden Umf\u00fcllen in der Fl\u00fcssigkeit gebunden.<\/p>\n<h3>Weiterverarbeitung der L\u00f6sung<\/h3>\n<p>Nach dieser Zeit kann die kalte L\u00f6sung in andere Gef\u00e4\u00dfe ungef\u00fcllt werden. Dazu \u00f6ffne die Mironglas Weithalsflasche und entnehme die kleine Flasche. Danach schlie\u00dfe diese umgehend. Danach kann du die L\u00f6sung (CDS) in kleinere Flaschen umf\u00fcllen. Stelle den Rest wieder in den K\u00fchlschrank.<\/p>\n<p>Hier findest du weitere <strong><a href=\"https:\/\/shop.nlq24.eu\/de\/produkt\/miron-glasflasche\/\">Mironglas-Flaschen<\/a> <\/strong>zum Bef\u00fcllen. Du kannst das CDL nat\u00fcrlich auch in <strong><a href=\"https:\/\/shop.nlq24.eu\/de\/product-category\/flaschen-verschluesse-zubehoer\/\">braune Glasflaschen<\/a><\/strong> umf\u00fcllen<\/p>\n<p>&nbsp;<\/p>\n<hr \/>\n<h3><strong>Der Messbecher 100 ml<\/strong><\/h3>\n<p>Dieser Messbecher eignet sich optimal zum Dosieren, Abmessen und Mischen bis 100 ml Volumen.<br \/>\nEr besteht aus <strong>best\u00e4ndigem PP<\/strong> und ist dadurch <strong>nahezu unzerbrechlich<\/strong>. Das Material ist hochtransparent und gew\u00e4hrt einen guten Einblick in das F\u00fcllgut. So ist eine Qualit\u00e4t-Sichtkontrolle beim Abf\u00fcllen sehr gut m\u00f6glich. Dieser Messbecher hat eine glatte Oberfl\u00e4che und ist universal verwendbar. Durch seine Best\u00e4ndigkeit ist er z.B. auch f\u00fcr <strong><a href=\"https:\/\/shop.nlq24.eu\/de\/produkt\/cdh3000-chlordioxid-loesung\/\">CDH3000<\/a><\/strong>, <span style=\"color: #333399;\"><strong><a style=\"color: #333399;\" href=\"https:\/\/shop.nlq24.eu\/de\/produkt\/dmso100-dimethylsulfoxid\/\">DMSO<\/a><\/strong>,<\/span> <a href=\"https:\/\/shop.nlq24.eu\/de\/produkt\/mkb-magnesium-kalium-borax-mischung-in-glasflasche-100-ml\/\">MKB<\/a>, <a href=\"https:\/\/shop.nlq24.eu\/de\/produkt\/dmkb-dmso-magnesium-kalium-borax-loesung\/\">DMKB<\/a> und viele weitere Fl\u00fcssigkeiten geeignet. Optimal zur Verwendung in der K\u00fcche wie auch im Labor. Die chemiebest\u00e4ndige, blaue Skala hat eine Grobskalierung in 10 ml-Schritten und zudem eine Feinskalierung in 2 ml-Schritten. Dies erm\u00f6glicht eine genaue Bemessung.<br \/>\nDieser Becher ist auch zur Hei\u00dfdesinfektion bis max. 121 \u00b0C f\u00fcr bis zu 20 Minuten geeignet und somit autoklavierbar.<\/p>\n<h4><strong>Die Ma\u00dfe:<\/strong><br \/>\nDer Durchmesser im oberen Randbereich betr\u00e4gt 50 mm, im unteren 40 mm. Die H\u00f6he liegt bei 80 mm.<\/h4>\n<p>&nbsp;<\/p>\n<hr \/>\n<h3><strong>Die Doser-System Flasche 250 ml<\/strong><\/h3>\n<p>Die Doser-System-Flasche kann mit einem Entnahmesystem ausgew\u00e4hlt werden. Ein Plastik-Pfropfen, der so genannte <strong><a href=\"https:\/\/shop.nlq24.eu\/de\/produkt\/doser-einsatz-fuer-doser-system\/\">Doser-Einsatz<\/a><\/strong>, wird nach dem Bef\u00fcllen der Flasche bis zum Anschlag mit dem Daumen fest in den Flaschenhals hinein gedr\u00fcckt. Der Doser-Einsatz wiederum ist pass genau auf den Doser (Dosierspritze) abgestimmt. Er ist die Kupplung zwischen Doser-Einsatz und <strong><a href=\"https:\/\/shop.nlq24.eu\/de\/Produkt\/doser-dosierspritze-10-ml-fuer-pp28-flaschen\/\">Doser<\/a><\/strong>. Die als &#8222;Doser&#8220; bezeichnete Dosierspritze eignet sich zum sauberen und verlustfreien Entnehmen aus der Glasflasche. Die Entnahme ist sehr einfach:<\/p>\n<p><strong>1.<\/strong> \u00f6ffne die Flasche.<br \/>\n<strong>2. <\/strong>stecke den <strong><a href=\"https:\/\/shop.nlq24.eu\/de\/Produkt\/doser-dosierspritze-10-ml-fuer-pp28-flaschen\/\">Doser<\/a><\/strong> (Dosierspritze) fest in den <strong><a href=\"https:\/\/shop.nlq24.eu\/de\/produkt\/doser-einsatz-fuer-doser-system\/\">Doser-Einsatz<\/a><\/strong> (Kupplung).<br \/>\n<strong>3.<\/strong> kippe nun die Flasche \u00dcberkopf.<br \/>\n<b>4. <\/b>entnehme mit dem Doser die Menge, die du brauchst und drehe die Flasche wieder um.<br \/>\n<strong>5. <\/strong>verschlie\u00dfe die Flasche sofort wieder.<\/p>\n<p>Nun kannst du die L\u00f6sung verwenden.<\/p>\n<p>Durch seine Graduierung (Skala) kannst du die F\u00fcllmenge w\u00e4hrend des Aufziehens der Fl\u00fcssigkeit gleichzeitig abmessen.<\/p>\n<h4><strong>Technische Daten der Doser-System-Flasche PP28:<\/strong><\/h4>\n<p>Der Glask\u00f6rper der <strong><a href=\"https:\/\/shop.nlq24.eu\/de\/Produkt\/doser-system-flasche\/\">Doser-System-Flasche<\/a><\/strong> PP28 besteht aus Braunglas der hydrolytischen Klasse 3. Mit ihrer Durchf\u00e4rbung bietet Sie deinem F\u00fcllgut in der Flasche einen guten Lichtschutz. Das Gewinde hat eine Gr\u00f6\u00dfe 28 mm (PP28). Diese Flasche ist sogar resistent gegen S\u00e4uren und andere aggressive Substanzen. Dadurch hat sie hervorragende Barriere- Eigenschaften und verf\u00fcgt au\u00dferdem \u00fcber ein hochwertiges Aussehen. Du kannst diese auch sehr gut f\u00fcr das Bef\u00fcllen mit <strong><a href=\"https:\/\/shop.nlq24.eu\/de\/Produkt\/cds-cdl-chlordioxid-loesung-cdh3000\/\">CDH3000<\/a><\/strong> verwenden.<\/p>\n<p>Einen noch h\u00f6heren Lichtschutz und damit eine noch l\u00e4nger Haltbarkeit bieten die <strong><a href=\"https:\/\/shop.nlq24.eu\/de\/product-category\/miron-glasflaschen\/\">Mironglasflaschen<\/a><\/strong>. Diese sind die optimalsten Flaschen f\u00fcr CDL \/ CDS L\u00f6sungen.<\/p>\n","protected":false},"excerpt":{"rendered":"<p>IEW Komplett-Set: Gurkenglas Miron +<span class=\"style7\"> Natriumchlorit + Salzs\u00e4ure je 100 ml +<\/span>, Messbecher + Doser-System-Flasche 250 ml<\/p>\n","protected":false},"featured_media":78256,"comment_status":"open","ping_status":"closed","template":"","meta":[],"product_brand":[],"product_cat":[858,2699],"product_tag":[3356,3364],"class_list":{"0":"post-78246","1":"product","2":"type-product","3":"status-publish","4":"has-post-thumbnail","6":"product_cat-cdh-komponenten","7":"product_cat-iew","8":"product_tag-iew-set-gurkenglasmethode","9":"product_tag-chlordioxid-komplett-set-iew","10":"product_shipping_class-standard","12":"first","13":"instock","14":"taxable","15":"shipping-taxable","16":"purchasable","17":"product-type-simple"},"_links":{"self":[{"href":"https:\/\/shop.nlq24.eu\/de\/wp-json\/wp\/v2\/product\/78246","targetHints":{"allow":["GET"]}}],"collection":[{"href":"https:\/\/shop.nlq24.eu\/de\/wp-json\/wp\/v2\/product"}],"about":[{"href":"https:\/\/shop.nlq24.eu\/de\/wp-json\/wp\/v2\/types\/product"}],"replies":[{"embeddable":true,"href":"https:\/\/shop.nlq24.eu\/de\/wp-json\/wp\/v2\/comments?post=78246"}],"wp:featuredmedia":[{"embeddable":true,"href":"https:\/\/shop.nlq24.eu\/de\/wp-json\/wp\/v2\/media\/78256"}],"wp:attachment":[{"href":"https:\/\/shop.nlq24.eu\/de\/wp-json\/wp\/v2\/media?parent=78246"}],"wp:term":[{"taxonomy":"product_brand","embeddable":true,"href":"https:\/\/shop.nlq24.eu\/de\/wp-json\/wp\/v2\/product_brand?post=78246"},{"taxonomy":"product_cat","embeddable":true,"href":"https:\/\/shop.nlq24.eu\/de\/wp-json\/wp\/v2\/product_cat?post=78246"},{"taxonomy":"product_tag","embeddable":true,"href":"https:\/\/shop.nlq24.eu\/de\/wp-json\/wp\/v2\/product_tag?post=78246"}],"curies":[{"name":"wp","href":"https:\/\/api.w.org\/{rel}","templated":true}]}}