{"id":78543,"date":"2021-11-11T17:49:17","date_gmt":"2021-11-11T17:49:17","guid":{"rendered":"https:\/\/shop.nlq24.eu\/?post_type=product&#038;p=78543"},"modified":"2025-04-25T18:46:43","modified_gmt":"2025-04-25T18:46:43","slug":"doser-system-bestaendig","status":"publish","type":"product","link":"https:\/\/shop.nlq24.eu\/de\/Produkt\/doser-system-bestaendig\/","title":{"rendered":"Doser-System best\u00e4ndig 28 mm &#8211; 12 ml Spritze + Einsatz + Deckel"},"content":{"rendered":"<p class=\"Normal\"><strong><span class=\"tm6\">Der Doser<\/span><\/strong> ist ein Teil vom <strong><span class=\"tm6\">ORIGINAL Doser-System best\u00e4ndig 28 mm &#8211; 12 ml Spritze + Einsatz + Deckel.<\/span><\/strong><\/p>\n<p class=\"Normal\"><strong><span class=\"tm6\">Die Flasche ist <em>nicht<\/em> mit dabei. Sie dient nur zur Darstellung, wie das System an einer Flasche aussieht.<br \/>\n<\/span><\/strong><\/p>\n<p>Dieses Doser-System 28 mm<strong> passt auf alle Flaschen der Gr\u00f6\u00dfe\/M\u00fcndung PP28, also 28 mm und ebenso auf die Miron Glasflasche 250 ml. Jedoch nicht auf andere Mironglasflaschen.<\/strong><\/p>\n<p><strong>Eine Flasche ist in diesem Angebot NICHT enthalten.<\/strong><\/p>\n<p class=\"Normal\">Dieses Doser-System best\u00e4ndig, 28 mm &#8211; 12 ml Spritze + Einsatz + Deckel bietet dir eine genaue Dosier-Hilfe f\u00fcr Fl\u00fcssigkeiten, wie: CDH, Wasser, S\u00e4fte, DMSO, DMKB, MKB Vital, CDH, Natriumchlorit 25 %, Salzs\u00e4ure 4% etc. Es handelt sich um eine Dosierspritze mit <strong>12 ml Volumen<\/strong>. Diese wird durch den 28 mm Flascheneinsatz, dem Doser-Einsatz, zu einer Entnahmevorrichtung. Das <strong>Doser-System passt also f\u00fcr Medizin-Glasflaschen mit der gro\u00dfen 28 mm \u00d6ffnung. <\/strong><\/p>\n<p class=\"Normal\">Sie passt jedoch<strong> nicht<\/strong> zu den kleinen DIN18 Medizinflaschen \/ Apothekerflaschen mit 18 mm \u00d6ffnung. Ein <a href=\"https:\/\/shop.nlq24.eu\/de\/produkt\/doser-system-din18\/\">Doser-System f\u00fcr die kleinen DIN18 Flaschen findest du hier<\/a>.<\/p>\n<p class=\"Normal\">Der St\u00f6\u00dfel in diesem Doser ist aus dem Material PE. Passend zu diesem Doser gibt es einem kleinen Kunststoff-Einsatz, den sogenannten Doser-Einsatz 28 mm. Er kann in Flaschen der Gr\u00f6\u00dfe PP28 (28 mm) &#8211; also in die g\u00e4ngigen Medizinflaschen, hineingepresst werden. Der<strong> Doser<\/strong> (also die Dosierspritze) wiederum, <strong>passt<\/strong> genau <strong>in den Doser-Einsatz 28 mm, welchen du in die Flasche hinein gedr\u00fcckt hast<\/strong>. So kannst du mit dem Doser-Einsatz und dem pass genauen Doser, <strong>Fl\u00fcssigkeiten<\/strong>\u00a0<strong>entnehmen<\/strong>. Beim Entnehmen der Fl\u00fcssigkeit, durch das Aufziehen in den Doser, kannst du diese <strong>gleichzeitig abmessen.<\/strong> Dies ist durch die gut sichtbare Skalierung auf dem Doser leicht m\u00f6glich. Die Graduierung ist in <strong>0,25 ml &#8211; Schritte aufgeteilt<\/strong>. So kannst du viertel, und auch halbe Milliliter wunderbar ablesen und dadurch <strong>sehr genau dosieren.<\/strong> Hier hast du einen klaren Vorteil gegen\u00fcber dem Abmessen mit einem ungenauen Messbecher.<\/p>\n<h3 class=\"Normal\"><strong><span class=\"tm6\">Mein Pflege-TIPP f\u00fcr Doser-System best\u00e4ndig, 28 mm &#8211; 12 ml Spritze + Einsatz + Deckel:<\/span><\/strong><\/h3>\n<div>Pflegehinweis: Damit der Doser (die Spritze) leichtg\u00e4ngig bleibt, sp\u00fcle diesen also gleich nach der Benutzung mit klarem Wasser.<\/div>\n<p>&nbsp;<\/p>\n<p class=\"Normal\"><strong><span class=\"tm6\">Doser-Varianten:<br \/>\n<\/span><\/strong>Den Doser gibt es derzeit mit <strong>12 ml Volumen<\/strong>. Der Durchmesser betr\u00e4gt 30 mm. Die Gesamtl\u00e4nge des Dosers betr\u00e4gt 100 mm.<\/p>\n<p class=\"Normal\">Eine <strong><span class=\"tm6\">Glasflasche 28 mm,<\/span><\/strong> die zu dem System passt, findest du<strong><u><a href=\"https:\/\/shop.nlq24.eu\/de\/produkt\/doser-system-flasche\/\"><span class=\"tm6\"><span style=\"color: #0000ff;\"> \u00a0hier<\/span><\/span><\/a><\/u><\/strong> .<\/p>\n<p class=\"Normal\">Hast du bereits eine Flasche 28 mm gekauft? Wenn du den Doser mit Doser-Einsatz f\u00fcr eine solche Flasche nutzen m\u00f6chten, ben\u00f6tigst du immer auch den gesonderten Verschluss, der keinen Tropfer enth\u00e4lt. Er ist <strong>in diesem System enthalten<\/strong>.<\/p>\n","protected":false},"excerpt":{"rendered":"<p>Doser-System best\u00e4ndig, 28 mm &#8211; 12 ml Spritze + Einsatz + Deckel<\/p>\n","protected":false},"featured_media":87028,"comment_status":"open","ping_status":"closed","template":"","meta":[],"product_brand":[],"product_cat":[43,46,3742,81,113],"product_tag":[3369,3370,732,82,83,286,287,294,3368],"class_list":{"0":"post-78543","1":"product","2":"type-product","3":"status-publish","4":"has-post-thumbnail","6":"product_cat-dosieren-abmessen","7":"product_cat-doser-fuer-pp28-flaschen","8":"product_cat-alle-doser-systeme","9":"product_cat-alle-produkte-im-ueberblick","10":"product_cat-verschluesse-fuer-pp28-glasflaschen","11":"product_tag-pp28-doser","12":"product_tag-entferne-begriff-cdh-doser-cdh-doserentferne-begriff-doser-doserentferne-begriff-doser-einsatz-doser-einsatzentferne-begriff-dosier-system-28mm","13":"product_tag-dosierpipette","14":"product_tag-doser","15":"product_tag-cdh-doser","16":"product_tag-dosierspritze","17":"product_tag-dosierer","18":"product_tag-doser-einsatz","19":"product_tag-doser-28mm","20":"product_shipping_class-standard","22":"first","23":"instock","24":"taxable","25":"shipping-taxable","26":"purchasable","27":"product-type-variable"},"_links":{"self":[{"href":"https:\/\/shop.nlq24.eu\/de\/wp-json\/wp\/v2\/product\/78543","targetHints":{"allow":["GET"]}}],"collection":[{"href":"https:\/\/shop.nlq24.eu\/de\/wp-json\/wp\/v2\/product"}],"about":[{"href":"https:\/\/shop.nlq24.eu\/de\/wp-json\/wp\/v2\/types\/product"}],"replies":[{"embeddable":true,"href":"https:\/\/shop.nlq24.eu\/de\/wp-json\/wp\/v2\/comments?post=78543"}],"wp:featuredmedia":[{"embeddable":true,"href":"https:\/\/shop.nlq24.eu\/de\/wp-json\/wp\/v2\/media\/87028"}],"wp:attachment":[{"href":"https:\/\/shop.nlq24.eu\/de\/wp-json\/wp\/v2\/media?parent=78543"}],"wp:term":[{"taxonomy":"product_brand","embeddable":true,"href":"https:\/\/shop.nlq24.eu\/de\/wp-json\/wp\/v2\/product_brand?post=78543"},{"taxonomy":"product_cat","embeddable":true,"href":"https:\/\/shop.nlq24.eu\/de\/wp-json\/wp\/v2\/product_cat?post=78543"},{"taxonomy":"product_tag","embeddable":true,"href":"https:\/\/shop.nlq24.eu\/de\/wp-json\/wp\/v2\/product_tag?post=78543"}],"curies":[{"name":"wp","href":"https:\/\/api.w.org\/{rel}","templated":true}]}}