{"id":79,"date":"2018-12-18T19:10:25","date_gmt":"2018-12-18T19:10:25","guid":{"rendered":"https:\/\/www.nlq24.de\/?post_type=product&#038;p=79"},"modified":"2026-02-08T09:35:27","modified_gmt":"2026-02-08T09:35:27","slug":"trichter-mini-trichter","status":"publish","type":"product","link":"https:\/\/shop.nlq24.eu\/de\/Produkt\/trichter-mini-trichter\/","title":{"rendered":"Trichter &#8211; Mini-Trichter 6 cm"},"content":{"rendered":"<p class=\"Normal\">Dieser Trichter ist ein Mini-Trichter mit 6 cm Durchmesser. Diesen k\u00f6nnen Sie wunderbar zum Bef\u00fcllen Ihrer kleinen Gef\u00e4\u00dfen benutzen. Als Material wurde harter Polyethylen (PP natur) verwendet. Er ist gegen L\u00f6semittel best\u00e4ndig. Au\u00dferdem verf\u00fcgt er \u00fcber eine praktische Aufh\u00e4nge-\u00d6se. An dieser kann man diesen z.B. zum Trocknen aufh\u00e4ngen. Mit diesem Mini-Trichter bef\u00fcllen Sie Gef\u00e4\u00dfe sicher. Er eignet sich ebenso f\u00fcr Lebensmittel, wie auch f\u00fcr S\u00e4uren\/Laugen und Pulver.<\/p>\n<p class=\"Normal\">Der <strong>Auslauf-Durchmesser<\/strong> betr\u00e4gt 8 mm. Der <strong>Au\u00dfendurchmesser<\/strong> am oberen Rand betr\u00e4gt nur 6 cm.<\/p>\n<p class=\"Normal\">Er passt in <strong><a href=\"https:\/\/shop.nlq24.eu\/produkt\/glasflasche-din18-slim-braun\/\">Glasflaschen der Gewindegr\u00f6\u00dfe DIN18<\/a><\/strong>. Ebenfalls passt er in die M\u00fcndungen Ihrer <strong><a href=\"https:\/\/shop.nlq24.eu\/produkt\/pe-flaschen-weiss-in-verschiedenen-varianten-groessen-und-zubehoer\/\">HDPE-Flaschen 20-410<\/a><\/strong>. Auch in die \u00d6ffnung der <strong><a href=\"https:\/\/shop.nlq24.eu\/produkt\/pp-flaschen-bruchsicher-halbtransparent-mit-kindersicherheitsverschluss-div-groessen-farben\/\">bruchsicheren PP-Flaschen<\/a><\/strong> passt er gerade noch hinein. Der <strong><a href=\"https:\/\/shop.nlq24.eu\/produkt\/glastrichter-30-mm\/\">Glas-Trichter 30 mm<\/a> <\/strong>passt jedoch hier noch besser, da er einen etwas kleineren Durchmesser im Auslauf besitzt. Ben\u00f6tigen Sie einen breiteren Durchmesser, empfehle ich Ihnen den <strong><a href=\"https:\/\/shop.nlq24.eu\/produkt\/glastrichter-55-mm-aus-kalk-soda-glas\/\">Glastrichter 55 mm<\/a><\/strong>. Dieser ist sogar f\u00fcr das Bef\u00fcllen mit hei\u00dfen und kalten Fl\u00fcssigkeiten ausgelegt.<\/p>\n","protected":false},"excerpt":{"rendered":"<p>Mini-Trichter, Trichter 6 cm Durchmesser, Auslauf: 8 mm<\/p>\n","protected":false},"featured_media":6703,"comment_status":"open","ping_status":"closed","template":"","meta":[],"product_brand":[],"product_cat":[43,44,81],"product_tag":[203,635],"class_list":{"0":"post-79","1":"product","2":"type-product","3":"status-publish","4":"has-post-thumbnail","6":"product_cat-dosieren-abmessen","7":"product_cat-trichter-zum-abfuellen","8":"product_cat-alle-produkte-im-ueberblick","9":"product_tag-trichter","10":"product_tag-kleiner","11":"product_shipping_class-standard","13":"first","14":"instock","15":"taxable","16":"shipping-taxable","17":"purchasable","18":"product-type-simple"},"_links":{"self":[{"href":"https:\/\/shop.nlq24.eu\/de\/wp-json\/wp\/v2\/product\/79","targetHints":{"allow":["GET"]}}],"collection":[{"href":"https:\/\/shop.nlq24.eu\/de\/wp-json\/wp\/v2\/product"}],"about":[{"href":"https:\/\/shop.nlq24.eu\/de\/wp-json\/wp\/v2\/types\/product"}],"replies":[{"embeddable":true,"href":"https:\/\/shop.nlq24.eu\/de\/wp-json\/wp\/v2\/comments?post=79"}],"wp:featuredmedia":[{"embeddable":true,"href":"https:\/\/shop.nlq24.eu\/de\/wp-json\/wp\/v2\/media\/6703"}],"wp:attachment":[{"href":"https:\/\/shop.nlq24.eu\/de\/wp-json\/wp\/v2\/media?parent=79"}],"wp:term":[{"taxonomy":"product_brand","embeddable":true,"href":"https:\/\/shop.nlq24.eu\/de\/wp-json\/wp\/v2\/product_brand?post=79"},{"taxonomy":"product_cat","embeddable":true,"href":"https:\/\/shop.nlq24.eu\/de\/wp-json\/wp\/v2\/product_cat?post=79"},{"taxonomy":"product_tag","embeddable":true,"href":"https:\/\/shop.nlq24.eu\/de\/wp-json\/wp\/v2\/product_tag?post=79"}],"curies":[{"name":"wp","href":"https:\/\/api.w.org\/{rel}","templated":true}]}}