{"id":79266,"date":"2022-01-22T16:18:08","date_gmt":"2022-01-22T16:18:08","guid":{"rendered":"https:\/\/shop.nlq24.eu\/?post_type=product&#038;p=79266"},"modified":"2026-02-27T18:51:09","modified_gmt":"2026-02-27T18:51:09","slug":"body-polarisierer","status":"publish","type":"product","link":"https:\/\/shop.nlq24.eu\/de\/Produkt\/body-polarisierer\/","title":{"rendered":"Body Polarisierer"},"content":{"rendered":"<h3><strong>Der Body Polarisierer\u00a0<\/strong><\/h3>\n<div>Hinweis: Der Body Polarisierer wird derzeit ohne Lederband geliefert.<\/div>\n<div><\/div>\n<div>Der Body Polarisierer ist ein <strong>formsch\u00f6nes, kleines System<\/strong> zur Harmonisierung der Frequenzen am K\u00f6rper. Man kann es einfach an einer Kordel, Lederband oder an einer Halskette direkt am K\u00f6rper tragen. Aber auch in Tasche,, Hosentasche oder in einem Hemd kann man diesen gut bei sich f\u00fchren. Aber auch an allen anderen Stellen, die f\u00fcr Sie bequem sind.<\/div>\n<div><\/div>\n<div>Von den besten Ergebnissen wird jedoch berichtet, wenn der Body Polarisierer auf der Brust oder dem Solarplexus getragen wird.<\/div>\n<div><\/div>\n<div><\/div>\n<div>Der Body Polarisierer ist ein gut durchdachtes Schwingungs- und Antennensystem. Die aufeinander abgestimmten Ringe wirken auf die Umgebung, indem sie die Induktion und Schwingungsringe zum Schwingen bringen. Ein kleiner Kristall verst\u00e4rkt dabei die Wirkung.<\/div>\n<div><\/div>\n<div>Ein <strong>unbegrenzter Bereich von Wellenl\u00e4ngen wird absorbiert und invertiert<\/strong>. \u00c4hnlich wie bei dem <strong><a href=\"https:\/\/shop.nlq24.eu\/de\/produkt\/lebensumfeld-polarisierer-3\/\">Lebensumfeldpolarisierer<\/a><\/strong>, der f\u00fcr gr\u00f6\u00dfere Bereiche konzipiert wurde.<\/div>\n<div><\/div>\n<div>Das Ergebnis ist oft mehr<strong> Ruhe und Ausgeglichenheit<\/strong>. Daran muss man sich in der Regel vielleicht erst einmal gew\u00f6hnen.<\/div>\n<div><\/div>\n<div>Sie sch\u00fctzen und optimieren damit biologische Systeme und alle Formen des Lebens. Die gro\u00dfe Nachfrage\u00a0nach immer st\u00e4rkeren, wirksameren, einfachen und dazu preiswerten Systemen zur Harmonisierung fordert den Hersteller immer wieder neu heraus. F\u00fcr einige Menschen ist es schwer zu glauben, dass ein einfaches und g\u00fcnstiges System so wirksam sein kann. Der Hersteller hat jedoch bereits mehr als 16 Jahre Erfahrung, welche sich in diesem Produkt wiederfinden.<\/div>\n<div><\/div>\n<h2>Das Problem:<\/h2>\n<div>Heutzutage werden die Menschen mit sch\u00e4dlicher Strahlung \u00fcberflutet.<\/div>\n<div><\/div>\n<div>Einige Beispiele sind: Mikrowellen\u00a0\u00d6fen, Fernsehger\u00e4te, Sendemasten, Radio- und Telefonanlagen, Computer, das Stromnetz, Werkzeuge und Ger\u00e4te, die mit Wechselstrom betrieben werden. Das DECT-Telefon ist dabei einer der gr\u00f6\u00dften St\u00f6rfaktoren.<\/div>\n<div><\/div>\n<h2>Die L\u00f6sung<\/h2>\n<div>Neben der Normalisierung der elektromagnetischen Umgebung durch den Body Polarisierer und der Reduzierung des Elektrosmogs wird auch das Energiefeld (auch Aura genannt) sowie andere biologischer Systeme wiederhergestellt. Dies geschieht durch die Beseitigung von hinderlichen dissonanten Schwingungen in ihren elektrischen Feldern.<\/div>\n<div><\/div>\n<div>Verschiedene Messsysteme zeigen, dass bei einer Normalisierung der elektromagnetischen Umgebung das biologische System eines Menschen, eines Tieres, einer Pflanze oder eines Lebensmittels wieder ins\u00a0Gleichgewicht gebracht wird und sich somit ver\u00e4ndert. Einige Beispiele f\u00fcr diese Messsysteme sind: Elektro-Akupunktur, Photonen, Knapp-Methode, Prognos, Muskeltest, Vega und Voll.<\/div>\n<div><\/div>\n<div>Wenn man den Body Polarisierer auf den Bereich oberhalb des Nabels, auch Solarplexus genannt, h\u00e4lt, kann man eine vergleichende Messung oder einen Test durchf\u00fchren. Viele Menschen halten den Body Polarisierer auf den Solarplexus und sp\u00fcren meist nach einiger Zeit eine Form der Entspannung.<\/div>\n<div>Besonders Kinder und Tiere reagieren schnell darauf. Kunden, welche mit Kindern arbeiten, die ADHS und Autismus haben, hatten festgestellt, dass der Body Polarisierer eine deutlich positive Wirkung auf Unruhe und Konzentration habe. Hinweis: Es werden hier keinerlei Heilungsversprechen gegeben.<\/div>\n<div><\/div>\n<h1>Jahrelange Forschung<\/h1>\n<div>Der Body Polarisierer ist das Ergebnis jahrelanger Forschung durch eine Reihe von Wissenschaftlern aus den Bereichen Physik, Elektronik, Chemie, Biologie und Metallurgie. Die wichtigste Mensch bei der Entwicklung des Body Polarisierer war der Wissenschaftler George Lakhovsky. Er arbeitete in Paris, Wien und in den Vereinigten\u00a0Staaten. Dort forschte er intensiv auf dem Gebiet der Oszillation und Resonanz. Ber\u00fchmt wurde er vor allem durch die Entwicklung des \u201eMultiwellen Oscillator\u201c, die er zusammen mit Nikola Tesla entwickelte.<\/div>\n<div><\/div>\n<div>Die Experimente, die er an Geranien vornahm, die Krebszellen hatten, sind bekannt. Die Geranien, die Tumore entwickelten, wurden mit abgestimmten Schwingungsringen (Resonanzringen) versehen. Das Ergebnis war, dass die mit Tumoren belasteten Geranien, die einen Schwingungsring hatten, einfach weiter wuchsen und die<\/div>\n<div>Tumore im weiteren Verlauf verschwanden. Die anderen Geranien, die ebenfalls Tumore hatten, aber keinen Schwingungsring\u00a0 erhielten, starben langsam ab.<\/div>\n<div><\/div>\n<div>Eine optimierte Technik solcher Schwingungsringe, ist auch in Ihrem Body Polarisierer enthalten.<\/div>\n<div><\/div>\n<h3>Warum ist die Polarisation so wichtig f\u00fcr Ihre Gesundheit?<\/h3>\n<div>Viele Experten sind sich dar\u00fcber im Klaren, dass ein R\u00fcckgang der Vitalit\u00e4t einem Verlust der Gesundheit vorausgeht. Verschiedene Spannungen sind f\u00fcr den Verlust unserer Vitalit\u00e4t verantwortlich. Da biologische Systeme<\/div>\n<div>mit ihren eigenen Frequenzen funktionieren, sind die k\u00fcnstlichen Spannungen der st\u00e4dtischen elektromagnetischen<\/div>\n<div>Umgebungen sehr unvorteilhaft, um des vorsichtig auszudr\u00fccken. Die Vitalit\u00e4t wird gehemmt und &#8222;Krankheitssymptome&#8220; treten auf.<\/div>\n<div><\/div>\n<div>Durch die Harmonisierung der elektromagnetischen Umgebung stellt der Body Polarisierer die Koh\u00e4renz der elektrischen Felder des K\u00f6rpers wieder her. Auf diese Weise werden alle Informationen, die f\u00fcr das optimale Funktionieren des K\u00f6rpers wichtig sind, verf\u00fcgbar.<\/div>\n<div>Durch die Polarisierung werden auch die normalen Frequenzen f\u00fcr die Schwingung der Zellen wiederhergestellt, gest\u00e4rkt und revitalisiert.<\/div>\n<div><\/div>\n<div>Mancher Anwender legte den Body Polarisierer auf schmerzhafte K\u00f6rperteile, die oft unterschwellige<\/div>\n<div>Blockaden der Lebenskraft darstellen k\u00f6nnen. In ein paar Minuten am Tag konnten sie Ihr Lebensumfeld von elektrischen St\u00f6rungen und Blockaden im Energiefluss, welche Schmerzen zur Folge hatte, harmonisieren.<\/div>\n<div><\/div>\n<h3>Umpolung?<\/h3>\n<div>Auf Grund einer Vielzahl unnat\u00fcrlicher Spannungen haben die meisten Menschen, welche in st\u00e4dtischen Gebieten getestet wurden, eine falsche Polung (Umpolung). Um auf eine Umpolung zu testen, lassen Sie den zu testenden Menschen den den linken Arm seitlich heraus strecken. Legen Sie die rechte Handfl\u00e4che auf den Kopf und testen Sie. Die Person sollte stark sein, wenn die rechte Handfl\u00e4che auf ihrem Kopf liegt, und schw\u00e4cher\u00a0wenn der R\u00fccken der rechten Hand auf dem Kopf liegt. Sie werden wahrscheinlich feststellen, dass die meisten Menschen schwach sind, wenn sie stark sein sollten, und stark, wenn sie schwach sein sollten. Die Polarit\u00e4t ist dann umgekehrt oder umgedreht und ihr System arbeitet ohne die richtige Energie und Information. Um dieses Problem zu l\u00f6sen, nehmen Sie den Body Polarisierer und halten Sie ihn \u00fcber die Thymusdr\u00fcse oder den Solarplexus. Die Ergebnisse zeigen, dass es eine sofortige Korrektur des Energie-Niveaus gibt. Wenn du den Body Polarisierer f\u00fcr einige Zeit in dieser Position gehalten hast, wird der Getestete nach dem Entfernen des Body Polarisierer in der Regel &#8222;normal&#8220; getestet. Das Ergebnis ist nat\u00fcrlich nur vor\u00fcbergehend, es sei denn, die Umpolung wird dauerhaft aufgehoben.<\/div>\n<div><\/div>\n<div>Nutzungshinweis: Setzen Sie den Body Polarisierer weder Feuchtigkeit noch \u00fcberm\u00e4\u00dfiger Hitze aus.<\/div>\n<p class=\"Normal tm5\"><span class=\"tm8\">Nun viel Spa\u00df mit der neuen Harmonie&#8230;<\/span><\/p>\n<p>torben<\/p>\n","protected":false},"excerpt":{"rendered":"<h3><strong>Body Polarisierer<\/strong><\/h3>\n","protected":false},"featured_media":79269,"comment_status":"open","ping_status":"closed","template":"","meta":[],"product_brand":[],"product_cat":[2879,2928],"product_tag":[2966,2962,2963,2964,2965],"class_list":{"0":"post-79266","1":"product","2":"type-product","3":"status-publish","4":"has-post-thumbnail","6":"product_cat-weihnachtstipps","7":"product_cat-frequenztechnik-elektrosmog","8":"product_tag-energiefelder","9":"product_tag-lebensumfeld-polarisierer-3","10":"product_tag-polarisierer","11":"product_tag-antennensysteme","12":"product_tag-positive-energie","13":"product_shipping_class-standard","15":"first","16":"instock","17":"taxable","18":"shipping-taxable","19":"purchasable","20":"product-type-simple"},"_links":{"self":[{"href":"https:\/\/shop.nlq24.eu\/de\/wp-json\/wp\/v2\/product\/79266","targetHints":{"allow":["GET"]}}],"collection":[{"href":"https:\/\/shop.nlq24.eu\/de\/wp-json\/wp\/v2\/product"}],"about":[{"href":"https:\/\/shop.nlq24.eu\/de\/wp-json\/wp\/v2\/types\/product"}],"replies":[{"embeddable":true,"href":"https:\/\/shop.nlq24.eu\/de\/wp-json\/wp\/v2\/comments?post=79266"}],"wp:featuredmedia":[{"embeddable":true,"href":"https:\/\/shop.nlq24.eu\/de\/wp-json\/wp\/v2\/media\/79269"}],"wp:attachment":[{"href":"https:\/\/shop.nlq24.eu\/de\/wp-json\/wp\/v2\/media?parent=79266"}],"wp:term":[{"taxonomy":"product_brand","embeddable":true,"href":"https:\/\/shop.nlq24.eu\/de\/wp-json\/wp\/v2\/product_brand?post=79266"},{"taxonomy":"product_cat","embeddable":true,"href":"https:\/\/shop.nlq24.eu\/de\/wp-json\/wp\/v2\/product_cat?post=79266"},{"taxonomy":"product_tag","embeddable":true,"href":"https:\/\/shop.nlq24.eu\/de\/wp-json\/wp\/v2\/product_tag?post=79266"}],"curies":[{"name":"wp","href":"https:\/\/api.w.org\/{rel}","templated":true}]}}