{"id":79562,"date":"2022-02-21T11:46:49","date_gmt":"2022-02-21T11:46:49","guid":{"rendered":"https:\/\/shop.nlq24.eu\/?post_type=product&#038;p=79562"},"modified":"2022-02-21T12:23:59","modified_gmt":"2022-02-21T12:23:59","slug":"wasserstoffperoxid-3-loesung-500-ml-in-pet-flasche","status":"publish","type":"product","link":"https:\/\/shop.nlq24.eu\/de\/Produkt\/wasserstoffperoxid-3-loesung-500-ml-in-pet-flasche\/","title":{"rendered":"Wasserstoffperoxid 35 % L\u00f6sung 500 ml in PET Flasche"},"content":{"rendered":"<p>Wasserstoffperoxid 35 % L\u00f6sung H2o2 500 ml in PET Flasche<\/p>\n<p>Keine Kennzeichnung nach EG Verordnung erforderlich.<\/p>\n<p>von Floracura GmbH<\/p>\n<p>&nbsp;<\/p>\n<p>K\u00fchl und vor Licht gesch\u00fctzt lagern. Darf nicht in die H\u00e4nde von Kindern.<\/p>\n<p><strong>Inhaltsstoffe:<\/strong> 3 %ige Wasserstoffperoxid L\u00f6sung<\/p>\n<p>min. halbar bis 5\/22<\/p>\n","protected":false},"excerpt":{"rendered":"<p>Wasserstoffperoxid 35 % L\u00f6sung 500 ml in PET Flasche<\/p>\n","protected":false},"featured_media":0,"comment_status":"open","ping_status":"closed","template":"","meta":[],"product_brand":[],"product_cat":[15],"product_tag":[],"class_list":{"0":"post-79562","1":"product","2":"type-product","3":"status-publish","5":"product_cat-ohne-produkt-kategorie","6":"product_shipping_class-standard","8":"first","9":"outofstock","10":"taxable","11":"shipping-taxable","12":"purchasable","13":"product-type-simple"},"_links":{"self":[{"href":"https:\/\/shop.nlq24.eu\/de\/wp-json\/wp\/v2\/product\/79562","targetHints":{"allow":["GET"]}}],"collection":[{"href":"https:\/\/shop.nlq24.eu\/de\/wp-json\/wp\/v2\/product"}],"about":[{"href":"https:\/\/shop.nlq24.eu\/de\/wp-json\/wp\/v2\/types\/product"}],"replies":[{"embeddable":true,"href":"https:\/\/shop.nlq24.eu\/de\/wp-json\/wp\/v2\/comments?post=79562"}],"wp:attachment":[{"href":"https:\/\/shop.nlq24.eu\/de\/wp-json\/wp\/v2\/media?parent=79562"}],"wp:term":[{"taxonomy":"product_brand","embeddable":true,"href":"https:\/\/shop.nlq24.eu\/de\/wp-json\/wp\/v2\/product_brand?post=79562"},{"taxonomy":"product_cat","embeddable":true,"href":"https:\/\/shop.nlq24.eu\/de\/wp-json\/wp\/v2\/product_cat?post=79562"},{"taxonomy":"product_tag","embeddable":true,"href":"https:\/\/shop.nlq24.eu\/de\/wp-json\/wp\/v2\/product_tag?post=79562"}],"curies":[{"name":"wp","href":"https:\/\/api.w.org\/{rel}","templated":true}]}}