{"id":80,"date":"2018-10-30T20:13:50","date_gmt":"2018-10-30T20:13:50","guid":{"rendered":"https:\/\/www.nlq24.de\/?post_type=product&#038;p=80"},"modified":"2025-09-10T08:12:26","modified_gmt":"2025-09-10T08:12:26","slug":"trichter-7-5-zentimeter-aus-bestaendigem-pp-kunststoff","status":"publish","type":"product","link":"https:\/\/shop.nlq24.eu\/de\/Produkt\/trichter-7-5-zentimeter-aus-bestaendigem-pp-kunststoff\/","title":{"rendered":"Trichter 7.5 cm aus best\u00e4ndigem PP Kunststoff"},"content":{"rendered":"<p class=\"Normal\">Dieser Trichter 7.5 cm aus best\u00e4ndigem PP Kunststoff ist zum Bef\u00fcllen von Gef\u00e4\u00dfen ab einem Durchmesser von 11 mm optimal.<\/p>\n<p class=\"Normal\">Als Material f\u00fcr Ihren neuen Trichter wurde der harte Werkstoff Polyethylen (PP natur) verwendet. Diese Material ist l\u00f6semittelbest\u00e4ndig.<\/p>\n<h3>Praktische Aufh\u00e4nge \u00d6se<\/h3>\n<p class=\"Normal\">Ihr neuer Trichter verf\u00fcgt \u00fcber eine praktische Aufh\u00e4nge-\u00d6se an der Sie diesen zum Trocknen nach dem Absp\u00fclen einfach aufh\u00e4ngen k\u00f6nnen.<\/p>\n<h3>Sicheres Bef\u00fcllen von Flaschen<\/h3>\n<p class=\"Normal\">Mit diesem Trichter 7.5 cm aus best\u00e4ndigem PP Kunststoff bef\u00fcllen Sie Ihre Flaschen und Gef\u00e4\u00dfe sicher. Sie k\u00f6nnen diesen zum Beispiel zum Abf\u00fcllen von S\u00e4ften und fl\u00fcssigen f\u00fcr Lebensmitteln, ebenso wie f\u00fcr, S\u00e4uren\/Laugen und Pulver.<\/p>\n<p>Der Durchmesser am Auslauf Ihres neuen Trichters betr\u00e4gt <strong>11 mm<\/strong>. Der Au\u00dfendurchmesser am oberen Rand betr\u00e4gt nur 7,5 cm. Damit passt dieser in Glasflaschen PP28 (28 mm) und in M\u00fcndungen \u00fcber 11 mm.<\/p>\n<p class=\"Normal\">F\u00fcr f\u00fcr <strong><a href=\"https:\/\/shop.nlq24.eu\/produkt\/glasflasche-din18-slim-braun\/\">Glasflaschen DIN18<\/a><\/strong> (18 mm) und zur Bef\u00fcllung von <strong><a href=\"https:\/\/shop.nlq24.eu\/produkt\/pe-flaschen-weiss-in-varianten\/\">PE Flaschen der Gr\u00f6\u00dfe 20-410<\/a><\/strong> ist er nicht geeignet, da der Auslauf zu gro\u00df ist. Benutzen Sie f\u00fcr kleinere Flaschen einfach den <a href=\"https:\/\/shop.nlq24.eu\/produkt\/trichter-minitrichter-6-cm-aussen-durchmesser-auslauf-8-mm\/\">Mintrichter 6 cm<\/a>.<\/p>\n","protected":false},"excerpt":{"rendered":"<p>Trichter 7,5 cm Durchmesser aus PP. Auslauf: 11 mm<\/p>\n","protected":false},"featured_media":6711,"comment_status":"open","ping_status":"closed","template":"","meta":[],"product_brand":[],"product_cat":[43,44,81],"product_tag":[713,714,203,3029,206,207,288,289],"class_list":{"0":"post-80","1":"product","2":"type-product","3":"status-publish","4":"has-post-thumbnail","6":"product_cat-dosieren-abmessen","7":"product_cat-trichter-zum-abfuellen","8":"product_cat-alle-produkte-im-ueberblick","9":"product_tag-trichter-7","10":"product_tag-trichter-chemiebestaendig","11":"product_tag-trichter","12":"product_tag-5-cm","13":"product_tag-allzwecktrichter","14":"product_tag-trichter-fuer-lebensmittel","15":"product_tag-grosser-trichter","16":"product_tag-groesserer-trichter","17":"product_shipping_class-standard","19":"first","20":"outofstock","21":"taxable","22":"shipping-taxable","23":"purchasable","24":"product-type-simple"},"_links":{"self":[{"href":"https:\/\/shop.nlq24.eu\/de\/wp-json\/wp\/v2\/product\/80","targetHints":{"allow":["GET"]}}],"collection":[{"href":"https:\/\/shop.nlq24.eu\/de\/wp-json\/wp\/v2\/product"}],"about":[{"href":"https:\/\/shop.nlq24.eu\/de\/wp-json\/wp\/v2\/types\/product"}],"replies":[{"embeddable":true,"href":"https:\/\/shop.nlq24.eu\/de\/wp-json\/wp\/v2\/comments?post=80"}],"wp:featuredmedia":[{"embeddable":true,"href":"https:\/\/shop.nlq24.eu\/de\/wp-json\/wp\/v2\/media\/6711"}],"wp:attachment":[{"href":"https:\/\/shop.nlq24.eu\/de\/wp-json\/wp\/v2\/media?parent=80"}],"wp:term":[{"taxonomy":"product_brand","embeddable":true,"href":"https:\/\/shop.nlq24.eu\/de\/wp-json\/wp\/v2\/product_brand?post=80"},{"taxonomy":"product_cat","embeddable":true,"href":"https:\/\/shop.nlq24.eu\/de\/wp-json\/wp\/v2\/product_cat?post=80"},{"taxonomy":"product_tag","embeddable":true,"href":"https:\/\/shop.nlq24.eu\/de\/wp-json\/wp\/v2\/product_tag?post=80"}],"curies":[{"name":"wp","href":"https:\/\/api.w.org\/{rel}","templated":true}]}}