{"id":80159,"date":"2022-05-19T06:24:02","date_gmt":"2022-05-19T06:24:02","guid":{"rendered":"https:\/\/shop.nlq24.eu\/?post_type=product&#038;p=80159"},"modified":"2026-04-23T18:17:37","modified_gmt":"2026-04-23T18:17:37","slug":"xylit-birkenzuckerr-1kg-beutel","status":"publish","type":"product","link":"https:\/\/shop.nlq24.eu\/de\/Produkt\/xylit-birkenzuckerr-1kg-beutel\/","title":{"rendered":"Xylit Birkenzucker 1kg Beutel"},"content":{"rendered":"<h4><strong><span class=\"tm6\">Xylit Birkenzucker 1kg Beutel<\/span><\/strong><\/h4>\n<p class=\"Normal\">Xylit Birkenzucker hat eine leichte K\u00fchlwirkung beim Aufl\u00f6sen. Er wird aus Holz hergestellt. Der Zucker ist ein feink\u00f6rniges Pulver. Die maximale Korngr\u00f6\u00dfe ist kleiner als die von Haushaltszucker. Daher kann er auch ohne Feuchtigkeit klumpen. Sollten Sie eine Verklumpung vorfinden, ist diese ganz leicht wieder zu l\u00f6sen.<\/p>\n<h3><strong>Birkenzucker Xylitol aus Finnland<\/strong><\/h3>\n<p class=\"Normal\">Dieser Xylitol &#8211; Xylit Birkenzucker ist auch unter der Bezeichnung &#8222;Xylit&#8220; sehr bekannt. Er kommt ausschlie\u00dflich aus europ\u00e4ischer Produktion. Haupts\u00e4chlich aus Finnland. Die Rohstoffgrundlage f\u00fcr die Herstellung ist das Hartholz von Birken und auch von Buchen. Es stammt aus nachhaltiger Forstwirtschaft. Die Gewinnung von Xylit ist sehr aufwendig. In einem technisch komplexen Verfahren wird aus dem Holzzucker Xylose, das Xylit gewonnen. Dazu wird klein gehacktes Holz mit Wasser versetzt. Diese Holz-Wassermasse wird dann so lange gereinigt und gefiltert bis sich alle Fremdstoffe von dem Xylit restlos getrennt haben. Kein Baum wird nur ausschlie\u00dflich f\u00fcr die Herstellung von Xylit gef\u00e4llt. Vielmehr stammt das Holz, aus der Papierherstellung. Es handelt sich also lediglich um Holz, welches f\u00fcr die Papierherstellung nicht genutzt werden kann. Daher ist es besonders gut geeignet f\u00fcr den Birkenzucker.<\/p>\n<p class=\"Normal\">Xylit von Tieren fernhalten.<\/p>\n<h4><strong>Unterschiede zwischen Xylit Birkenzucker und Xylitol und billigem<br \/>\nNachhaltigkeit:<\/strong><\/h4>\n<p class=\"Normal\">Bei &#8222;Billig-Xylit&#8220; wird h\u00e4ufig Mais als Grundstoff verwendet. Dieses Produkt entsteht ausschlie\u00dflich aus Holz bzw. aus der darin enthaltene Xylose, aus welchem dann der Xylit gewonnen wird.<\/p>\n<h3><strong>Produktspezifikation<\/strong><\/h3>\n<p>bei Verzehr:<\/p>\n<table class=\" cke_show_border\" border=\"0\" cellspacing=\"0\">\n<colgroup width=\"234\"><\/colgroup>\n<colgroup span=\"2\" width=\"107\"><\/colgroup>\n<tbody>\n<tr>\n<td style=\"width: 234px;\" align=\"left\" height=\"21\"><b><span style=\"color: #000000; font-family: Arial,Arial;\">Durchschnittliche N\u00e4hrwerte<\/span><\/b><\/td>\n<td style=\"width: 131px;\" align=\"left\">\n<table class=\" cke_show_border\" style=\"width: 160px;\" border=\"0\" cellspacing=\"0\">\n<tbody>\n<tr>\n<td style=\"width: 153.533px;\" align=\"left\">auf 100 g (1 Portion)<\/td>\n<\/tr>\n<\/tbody>\n<\/table>\n<\/td>\n<td style=\"width: 102.767px;\" align=\"left\"><\/td>\n<\/tr>\n<tr>\n<td style=\"width: 234px;\" align=\"left\" height=\"21\"><span style=\"color: #000000; font-family: Arial,Arial;\">Energie <\/span><\/td>\n<td style=\"width: 131px;\" align=\"left\"><span style=\"color: #000000; font-family: Arial,Arial;\">990 kJ \/ 240 kcal <\/span><\/td>\n<td style=\"width: 102.767px;\" align=\"left\"><span style=\"color: #000000; font-family: Arial,Arial;\">kcal\/100g <\/span><\/td>\n<\/tr>\n<tr>\n<td style=\"width: 234px;\" align=\"left\" height=\"21\"><\/td>\n<td style=\"width: 131px;\" align=\"left\"><\/td>\n<td style=\"width: 102.767px;\" align=\"left\"><\/td>\n<\/tr>\n<tr>\n<td style=\"width: 234px;\" align=\"left\" height=\"21\"><span style=\"color: #000000; font-family: Arial,Arial;\">Fett <\/span><\/td>\n<td style=\"width: 131px;\" align=\"left\"><span style=\"color: #000000; font-family: Arial,Arial;\">0,0 g <\/span><\/td>\n<td style=\"width: 102.767px;\" align=\"left\"><span style=\"color: #000000; font-family: Arial,Arial;\">g\/100g <\/span><\/td>\n<\/tr>\n<tr>\n<td style=\"width: 234px;\" align=\"left\" height=\"21\"><span style=\"color: #000000; font-family: Arial,Arial;\">davon ges\u00e4ttigte Fetts\u00e4uren <\/span><\/td>\n<td style=\"width: 131px;\" align=\"left\"><span style=\"color: #000000; font-family: Arial,Arial;\">0,0 g <\/span><\/td>\n<td style=\"width: 102.767px;\" align=\"left\"><span style=\"color: #000000; font-family: Arial,Arial;\">g\/100g <\/span><\/td>\n<\/tr>\n<tr>\n<td style=\"width: 234px;\" align=\"left\" height=\"21\"><span style=\"color: #000000; font-family: Arial,Arial;\">Kohlenhydrate <\/span><\/td>\n<td style=\"width: 131px;\" align=\"left\"><span style=\"color: #000000; font-family: Arial,Arial;\">99,8 g <\/span><\/td>\n<td style=\"width: 102.767px;\" align=\"left\"><span style=\"color: #000000; font-family: Arial,Arial;\">g\/100g <\/span><\/td>\n<\/tr>\n<tr>\n<td style=\"width: 234px;\" align=\"left\" height=\"21\"><span style=\"color: #000000; font-family: Arial,Arial;\">davon Zucker <\/span><\/td>\n<td style=\"width: 131px;\" align=\"left\"><span style=\"color: #000000; font-family: Arial,Arial;\">93,4 g <\/span><\/td>\n<td style=\"width: 102.767px;\" align=\"left\"><span style=\"color: #000000; font-family: Arial,Arial;\">g\/100g <\/span><\/td>\n<\/tr>\n<tr>\n<td style=\"width: 234px;\" align=\"left\" height=\"21\"><span style=\"color: #000000; font-family: Arial,Arial;\">Eiwei\u00df <\/span><\/td>\n<td style=\"width: 131px;\" align=\"left\"><span style=\"color: #000000; font-family: Arial,Arial;\">0,0 g <\/span><\/td>\n<td style=\"width: 102.767px;\" align=\"left\"><span style=\"color: #000000; font-family: Arial,Arial;\">g\/100g <\/span><\/td>\n<\/tr>\n<tr>\n<td style=\"width: 234px;\" align=\"left\" height=\"21\"><span style=\"color: #000000; font-family: Arial,Arial;\">Salz <\/span><\/td>\n<td style=\"width: 131px;\" align=\"left\"><span style=\"color: #000000; font-family: Arial,Arial;\">0,0 g <\/span><\/td>\n<td style=\"width: 102.767px;\" align=\"left\"><span style=\"color: #000000; font-family: Arial,Arial;\">g\/100g <\/span><\/td>\n<\/tr>\n<\/tbody>\n<\/table>\n<table class=\" cke_show_border\" style=\"width: 842px;\" border=\"0\" cellspacing=\"0\">\n<colgroup width=\"234\"><\/colgroup>\n<colgroup span=\"3\" width=\"107\"><\/colgroup>\n<colgroup width=\"624\"><\/colgroup>\n<colgroup width=\"107\"><\/colgroup>\n<tbody>\n<tr>\n<td style=\"width: 164.3px;\" align=\"left\" height=\"21\"><b>Checkliste Allergene<\/b><\/td>\n<td style=\"width: 56.3167px;\" align=\"left\"><\/td>\n<td style=\"width: 56.3167px;\" align=\"left\"><\/td>\n<td style=\"width: 56.3px;\" align=\"left\"><\/td>\n<td style=\"width: 310.433px;\" align=\"left\"><span style=\"color: #000000; font-family: Arial,Arial;\">Ja <\/span><\/td>\n<td style=\"width: 170.7px;\" align=\"left\"><span style=\"color: #000000; font-family: Arial,Arial;\">Nein<\/span><\/td>\n<\/tr>\n<tr>\n<td style=\"width: 164.3px;\" align=\"left\" height=\"21\">Im Produkt enthalten?<\/td>\n<td style=\"width: 56.3167px;\" align=\"left\"><\/td>\n<td style=\"width: 56.3167px;\" align=\"left\"><\/td>\n<td style=\"width: 56.3px;\" align=\"left\"><\/td>\n<td style=\"width: 310.433px;\" align=\"left\"><\/td>\n<td style=\"width: 170.7px;\" align=\"left\"><span style=\"color: #000000; font-family: Arial,Arial;\">X <\/span><\/td>\n<\/tr>\n<tr>\n<td style=\"width: 345.933px;\" colspan=\"4\" align=\"left\" height=\"40\"><span style=\"color: #000000; font-family: Arial,Arial;\">Glutenhaltiges Getreide ( d.h. Weizen, Roggen, Gerste, Hafer, Dinkel, Kamut- oder Hybridst\u00e4mme davon ) und erzeugnisse. <\/span><\/td>\n<td style=\"width: 310.433px;\" align=\"left\">nein<\/td>\n<td style=\"width: 170.7px;\" align=\"left\"><span style=\"color: #000000; font-family: Arial,Arial;\">X <\/span><\/td>\n<\/tr>\n<tr>\n<td style=\"width: 345.933px;\" colspan=\"4\" align=\"left\" height=\"21\"><span style=\"color: #000000; font-family: Arial,Arial;\">Krebs- und Krebstiererzeugnisse <\/span><\/td>\n<td style=\"width: 310.433px;\" align=\"left\">nein<\/td>\n<td style=\"width: 170.7px;\" align=\"left\"><span style=\"color: #000000; font-family: Arial,Arial;\">X <\/span><\/td>\n<\/tr>\n<tr>\n<td style=\"width: 345.933px;\" colspan=\"4\" align=\"left\" height=\"21\"><span style=\"color: #000000; font-family: Arial,Arial;\">Ei- und Eierzeugnisse <\/span><\/td>\n<td style=\"width: 310.433px;\" align=\"left\">nein<\/td>\n<td style=\"width: 170.7px;\" align=\"left\"><span style=\"color: #000000; font-family: Arial,Arial;\">X <\/span><\/td>\n<\/tr>\n<tr>\n<td style=\"width: 345.933px;\" colspan=\"4\" align=\"left\" height=\"21\"><span style=\"color: #000000; font-family: Arial,Arial;\">Fisch- und Fischerzeugnisse <\/span><\/td>\n<td style=\"width: 310.433px;\" align=\"left\">nein<\/td>\n<td style=\"width: 170.7px;\" align=\"left\"><span style=\"color: #000000; font-family: Arial,Arial;\">X <\/span><\/td>\n<\/tr>\n<tr>\n<td style=\"width: 345.933px;\" colspan=\"4\" align=\"left\" height=\"21\"><span style=\"color: #000000; font-family: Arial,Arial;\">Erdn\u00fcsse und Erdnusserzeugnisse <\/span><\/td>\n<td style=\"width: 310.433px;\" align=\"left\">nein<\/td>\n<td style=\"width: 170.7px;\" align=\"left\"><span style=\"color: #000000; font-family: Arial,Arial;\">X <\/span><\/td>\n<\/tr>\n<tr>\n<td style=\"width: 345.933px;\" colspan=\"4\" align=\"left\" height=\"21\"><span style=\"color: #000000; font-family: Arial,Arial;\">Soja und Sojaerzeugnisse <\/span><\/td>\n<td style=\"width: 310.433px;\" align=\"left\">nein<\/td>\n<td style=\"width: 170.7px;\" align=\"left\"><span style=\"color: #000000; font-family: Arial,Arial;\">X <\/span><\/td>\n<\/tr>\n<tr>\n<td style=\"width: 345.933px;\" colspan=\"4\" align=\"left\" height=\"21\"><span style=\"color: #000000; font-family: Arial,Arial;\">Milch und Milcherzeugnisse <\/span><\/td>\n<td style=\"width: 310.433px;\" align=\"left\">nein<\/td>\n<td style=\"width: 170.7px;\" align=\"left\"><span style=\"color: #000000; font-family: Arial,Arial;\">X <\/span><\/td>\n<\/tr>\n<tr>\n<td style=\"width: 345.933px;\" colspan=\"4\" align=\"left\" height=\"59\"><span style=\"color: #000000; font-family: Arial,Arial;\">Schalenfr\u00fcchte ( d.h. Mandeln, Haselnuss, Walnuss, Cashewnuss, Pecannuss, Paranuss, Pistazien, Macadamianuss, Queenslandnuss und -erzeugnisse <\/span><\/td>\n<td style=\"width: 310.433px;\" align=\"left\">nein<\/td>\n<td style=\"width: 170.7px;\" align=\"left\"><span style=\"color: #000000; font-family: Arial,Arial;\">X <\/span><\/td>\n<\/tr>\n<tr>\n<td style=\"width: 345.933px;\" colspan=\"4\" align=\"left\" height=\"21\"><span style=\"color: #000000; font-family: Arial,Arial;\">Sellerie und Senferzeugnisse <\/span><\/td>\n<td style=\"width: 310.433px;\" align=\"left\">nein<\/td>\n<td style=\"width: 170.7px;\" align=\"left\"><span style=\"color: #000000; font-family: Arial,Arial;\">X <\/span><\/td>\n<\/tr>\n<tr>\n<td style=\"width: 345.933px;\" colspan=\"4\" align=\"left\" height=\"21\"><span style=\"color: #000000; font-family: Arial,Arial;\">Senf und Senferzeugnisse <\/span><\/td>\n<td style=\"width: 310.433px;\" align=\"left\">nein<\/td>\n<td style=\"width: 170.7px;\" align=\"left\"><span style=\"color: #000000; font-family: Arial,Arial;\">X <\/span><\/td>\n<\/tr>\n<tr>\n<td style=\"width: 345.933px;\" colspan=\"4\" align=\"left\" height=\"21\"><span style=\"color: #000000; font-family: Arial,Arial;\">Sesamsamen und Sesamerzeugnisse <\/span><\/td>\n<td style=\"width: 310.433px;\" align=\"left\">nein<\/td>\n<td style=\"width: 170.7px;\" align=\"left\"><span style=\"color: #000000; font-family: Arial,Arial;\">X <\/span><\/td>\n<\/tr>\n<tr>\n<td style=\"width: 345.933px;\" colspan=\"4\" align=\"left\" height=\"21\"><span style=\"color: #000000; font-family: Arial,Arial;\">Schwefeldioxid und Sulfite ( &gt; 10 mg\/kg oder Liter)<\/span><\/td>\n<td style=\"width: 310.433px;\" align=\"left\">nein<\/td>\n<td style=\"width: 170.7px;\" align=\"left\"><span style=\"color: #000000; font-family: Arial,Arial;\">X <\/span><\/td>\n<\/tr>\n<tr>\n<td style=\"width: 345.933px;\" colspan=\"4\" align=\"left\" height=\"21\"><span style=\"color: #000000; font-family: Arial,Arial;\">Lupinen und Lupinenerzeugnisse <\/span><\/td>\n<td style=\"width: 310.433px;\" align=\"left\">nein<\/td>\n<td style=\"width: 170.7px;\" align=\"left\"><span style=\"color: #000000; font-family: Arial,Arial;\">X <\/span><\/td>\n<\/tr>\n<tr>\n<td style=\"width: 345.933px;\" colspan=\"4\" align=\"left\" height=\"21\"><span style=\"color: #000000; font-family: Arial,Arial;\">Weichtier und Weichtiererzeugnisse <\/span><\/td>\n<td style=\"width: 310.433px;\" align=\"left\">nein<\/td>\n<td style=\"width: 170.7px;\" align=\"left\"><span style=\"color: #000000; font-family: Arial,Arial;\">X <\/span><\/td>\n<\/tr>\n<\/tbody>\n<\/table>\n<div>Die Angaben von N\u00e4hrwerten erfolgen nur informativ ; die angegebenen Zahlen stammen aus \u00f6ffentlich zug\u00e4nglichen Quellen, deren Zuverl\u00e4ssigkeit nicht in unserer Verantwortung liegt.<\/div>\n<p class=\"Normal\">Artikel: Birkenzucker \u201eXylit\u201c<br \/>\nK\u00f6rnung: 0,1-2,4 mm<br \/>\nVerpackung: 1 kg<br \/>\nHaltbarkeit: 5 Jahre<br \/>\nLagerung: k\u00fchl, trocken und lichtgesch\u00fctzt lagern<br \/>\nHerkunft: Finnland<br \/>\nFeuchtigkeitsgehalt: ca. 0,1% &#8211; 0,4%<\/p>\n<p class=\"Normal\">Zutaten: Xylit Birkenzucker (E967)<br \/>\nVerwendung: chem. Reagenz (E967)<\/p>\n<h3><strong>Sensorische Eigenschaften von Xylit Birkenzucker<\/strong><\/h3>\n<p class=\"Normal\">Aussehen: wei\u00df.<br \/>\nGeschmack: s\u00fc\u00df.<br \/>\nForm: kristallin.<\/p>\n<p class=\"Normal\"><strong><span class=\"tm6\">Hinweis:<\/span><\/strong> Xylit ist nicht f\u00fcr Tiere geeignet.<\/p>\n<h4><strong>Allergene:<\/strong><\/h4>\n<p class=\"Normal\">Der Hersteller ist darauf bedacht, dass nur die reinen Produkte in die Verpackungen gelangen. Jedoch ist die Kreuzkontamination mit Allergenen nicht g\u00e4nzlich auszuschlie\u00dfen.<\/p>\n<p class=\"Normal\">Dieses Produkt entspricht lebensmittelrechtlichen Vorschriften. Alle Angaben wurden sorgf\u00e4ltig zusammengestellt. Die Hinweise erfolgen ohne Zusicherung, Gew\u00e4hrleistung oder Garantie. Die Ware wurde weder direkt noch indirekt mithilfe gentechnologischer Verfahren hergestellt. Auch nicht unter Verwendung gentechnologisch modifizierter Organismen oder Hilfsstoffe. Dieser Xylit ist also <strong><span class=\"tm6\">frei von Gentechnik<\/span><\/strong>. Zur Herstellung wurden <strong><span class=\"tm6\">weder bestrahlte Rohstoffe<\/span><\/strong> eingesetzt noch wurde das Produkt <strong><span class=\"tm6\">selbst bestrahlt<\/span><\/strong>. Die vorliegende Produktspezifikation entbindet den Nutzer der Ware nicht von seiner Verpflichtung einer eigenverantwortlichen und sorgf\u00e4ltigen Eingangspr\u00fcfung. Auch nicht hinsichtlich der Eignung der Ware f\u00fcr den beabsichtigten Verwendungszweck. Die Verpackung ist f\u00fcr Lebensmittel geeignet.<\/p>\n<p>K\u00fchl und trocken lagern.<\/p>\n<p>&nbsp;<\/p>\n<p>Andere Mineralien:\u00a0<a href=\"https:\/\/shop.nlq24.eu\/de\/produkt\/himalaya-salz-naturrein-1-oder-2-kg\/\">Himalaya Salz<\/a><\/p>\n<p>&nbsp;<\/p>\n","protected":false},"excerpt":{"rendered":"<p>Xylitol, Birkenzucker &#8211;\u00a0 fein, streubar 1kg<\/p>\n","protected":false},"featured_media":86668,"comment_status":"open","ping_status":"closed","template":"","meta":[],"product_brand":[],"product_cat":[38,81],"product_tag":[257,258],"class_list":{"0":"post-80159","1":"product","2":"type-product","3":"status-publish","4":"has-post-thumbnail","6":"product_cat-mineralien","7":"product_cat-alle-produkte-im-ueberblick","8":"product_tag-xylit","9":"product_tag-birkenzucker","10":"product_shipping_class-standard","12":"first","13":"instock","14":"featured","15":"taxable","16":"shipping-taxable","17":"purchasable","18":"product-type-simple"},"_links":{"self":[{"href":"https:\/\/shop.nlq24.eu\/de\/wp-json\/wp\/v2\/product\/80159","targetHints":{"allow":["GET"]}}],"collection":[{"href":"https:\/\/shop.nlq24.eu\/de\/wp-json\/wp\/v2\/product"}],"about":[{"href":"https:\/\/shop.nlq24.eu\/de\/wp-json\/wp\/v2\/types\/product"}],"replies":[{"embeddable":true,"href":"https:\/\/shop.nlq24.eu\/de\/wp-json\/wp\/v2\/comments?post=80159"}],"wp:featuredmedia":[{"embeddable":true,"href":"https:\/\/shop.nlq24.eu\/de\/wp-json\/wp\/v2\/media\/86668"}],"wp:attachment":[{"href":"https:\/\/shop.nlq24.eu\/de\/wp-json\/wp\/v2\/media?parent=80159"}],"wp:term":[{"taxonomy":"product_brand","embeddable":true,"href":"https:\/\/shop.nlq24.eu\/de\/wp-json\/wp\/v2\/product_brand?post=80159"},{"taxonomy":"product_cat","embeddable":true,"href":"https:\/\/shop.nlq24.eu\/de\/wp-json\/wp\/v2\/product_cat?post=80159"},{"taxonomy":"product_tag","embeddable":true,"href":"https:\/\/shop.nlq24.eu\/de\/wp-json\/wp\/v2\/product_tag?post=80159"}],"curies":[{"name":"wp","href":"https:\/\/api.w.org\/{rel}","templated":true}]}}