{"id":80378,"date":"2022-06-13T19:14:29","date_gmt":"2022-06-13T19:14:29","guid":{"rendered":"https:\/\/shop.nlq24.eu\/?post_type=product&#038;p=80378"},"modified":"2026-02-01T17:01:52","modified_gmt":"2026-02-01T17:01:52","slug":"wasserfilter-flasche-mobil-500-ml","status":"publish","type":"product","link":"https:\/\/shop.nlq24.eu\/de\/Produkt\/wasserfilter-flasche-mobil-500-ml\/","title":{"rendered":"Wasserfilter Flasche Mobil 500 ml"},"content":{"rendered":"<p>Diese <strong>Wasserfilter Flasche Mobil 500 ml<\/strong> ist eine gute Alternative f\u00fcr gefiltertes Leitungswasser unterwegs.<\/p>\n<p>Deine neue wiederverwendbare Flasche f\u00fcr gefiltertes Trinkwasser ist zudem ein sicherer und nachhaltiger Beitrag M\u00fcll von Einmalflaschen zu reduzieren. Mit dieser Flasche kannst du f\u00fcr eine ausreichende Wasserversorgung unterwegs sorgen.<\/p>\n<p>Diese Wasserfilter Flasche Mobil besteht aus Tritan\u2122. Dabei handelt es sich um ein sto\u00dffestes, lebensmittelechtes Material, welches frei ist von:<\/p>\n<p>BPA, Halogenen,<br \/>\nOrtho-Phthalaten<br \/>\nund anderen sch\u00e4dlichen Substanzen.<\/p>\n<h3>Design und Komfort<\/h3>\n<p>Die Flasche hat eine hochwertige, weiche und dennoch strapazierf\u00e4hige Oberfl\u00e4che Sie h\u00e4lt sowohl kalten als auch warmen Bedingungen stand.<\/p>\n<p>Die samtweiche, matte Textur ist leicht zu greifen, und die Flasche rutscht nicht aus der Hand, wenn diese einmal nass ist.<\/p>\n<p>Die Flasche hat Markierungen in Millilitern und Unzen (OZ). Damit kannst du deine t\u00e4gliche Wasseraufnahme besser zu \u00fcberblicken.<\/p>\n<h3>Der Filter<\/h3>\n<p>Der austauschbare Filter hat eine Kapazit\u00e4t von 150 Litern und sollte danach gewechselt werden. Er reinigt und verbessert den Geschmack deines Trinkwasser. Diese Filterflasche ist f\u00fcr die Verbesserung von Leitungswasser gedacht.<\/p>\n<p>Der Filter entfernt:<br \/>\n<strong>Chlor,<\/strong><br \/>\n<strong>organische Verunreinigungen<\/strong><br \/>\n<strong>und Sedimente.<\/strong><\/p>\n<p>Er verbessert zudem den Geschmack und Geruch des Wassers und bewahrt die nat\u00fcrliche mineralische Zusammensetzung. Und dies einschlie\u00dflich der Mineralien Ca2+ und Mg2+, welche im Filter enthalten sind.<\/p>\n<p>Genie\u00dfen Sie dieses saubere und gereinigte Wasser aus Ihrer pers\u00f6nlichen Trinkflasche nun auch unterwegs!<\/p>\n<h3>Volumen:<\/h3>\n<p>500 ml oder 17 oz<\/p>\n<p>&nbsp;<\/p>\n<p><strong>Ersatzfilter erh\u00e4ltst du HIER:\u00a0<a href=\"https:\/\/shop.nlq24.eu\/de\/produkt\/ersatzfilter-fuer-wasserfilter-flasche-mobil\/\">Ersatzfilter f\u00fcr Wasserfilter Flasche Mobil<\/a><\/strong><\/p>\n<p>&nbsp;<\/p>\n","protected":false},"excerpt":{"rendered":"<p>Wasserfilter Flasche Mobil 500 ml<\/p>\n","protected":false},"featured_media":80380,"comment_status":"open","ping_status":"closed","template":"","meta":[],"product_brand":[],"product_cat":[48,416],"product_tag":[3483,3484,3485,3486,3487],"class_list":{"0":"post-80378","1":"product","2":"type-product","3":"status-publish","4":"has-post-thumbnail","6":"product_cat-wasserfilter-umkehrosmose","7":"product_cat-wasserveredelung-wasserfilter","8":"product_tag-wasserfilter-flasche-mobil-500-ml","9":"product_tag-filterflasche","10":"product_tag-trinkflasche","11":"product_tag-mobile-trinkflasche","12":"product_tag-mobiler-wasserfilter","14":"first","15":"instock","16":"taxable","17":"shipping-taxable","18":"purchasable","19":"product-type-simple"},"_links":{"self":[{"href":"https:\/\/shop.nlq24.eu\/de\/wp-json\/wp\/v2\/product\/80378","targetHints":{"allow":["GET"]}}],"collection":[{"href":"https:\/\/shop.nlq24.eu\/de\/wp-json\/wp\/v2\/product"}],"about":[{"href":"https:\/\/shop.nlq24.eu\/de\/wp-json\/wp\/v2\/types\/product"}],"replies":[{"embeddable":true,"href":"https:\/\/shop.nlq24.eu\/de\/wp-json\/wp\/v2\/comments?post=80378"}],"wp:featuredmedia":[{"embeddable":true,"href":"https:\/\/shop.nlq24.eu\/de\/wp-json\/wp\/v2\/media\/80380"}],"wp:attachment":[{"href":"https:\/\/shop.nlq24.eu\/de\/wp-json\/wp\/v2\/media?parent=80378"}],"wp:term":[{"taxonomy":"product_brand","embeddable":true,"href":"https:\/\/shop.nlq24.eu\/de\/wp-json\/wp\/v2\/product_brand?post=80378"},{"taxonomy":"product_cat","embeddable":true,"href":"https:\/\/shop.nlq24.eu\/de\/wp-json\/wp\/v2\/product_cat?post=80378"},{"taxonomy":"product_tag","embeddable":true,"href":"https:\/\/shop.nlq24.eu\/de\/wp-json\/wp\/v2\/product_tag?post=80378"}],"curies":[{"name":"wp","href":"https:\/\/api.w.org\/{rel}","templated":true}]}}