{"id":81,"date":"2018-12-23T08:41:12","date_gmt":"2018-12-23T08:41:12","guid":{"rendered":"https:\/\/www.nlq24.de\/?post_type=product&#038;p=81"},"modified":"2026-03-03T17:50:34","modified_gmt":"2026-03-03T17:50:34","slug":"sprayer-aufsatz-glasflasche-din18-schwarz","status":"publish","type":"product","link":"https:\/\/shop.nlq24.eu\/de\/Produkt\/sprayer-aufsatz-glasflasche-din18-schwarz\/","title":{"rendered":"Spr\u00fchverschluss f\u00fcr Glasflasche DIN18 &#8211; schwarz"},"content":{"rendered":"<h3 class=\"Normal\">Spr\u00fchverschluss f\u00fcr Glasflasche DIN18 &#8211; schwarz<\/h3>\n<p class=\"Normal\">Dieser Spr\u00fchverschluss f\u00fcr Glasflasche DIN18 &#8211; schwarz passt auf deine Glasflaschen mit der Gewindegr\u00f6\u00dfe DIN18. Er ist mit einem Schraubverschluss versehen. Zudem verf\u00fcgt er \u00fcber eine Spr\u00fchpumpe, welche mit einer Schutzkappe versehen ist. Damit sch\u00fctzt sie das F\u00fcllgut vor dem Auslaufen. Zudem finden auch keine Ausgasungen von drucklosen Gasen statt. Er besteht aus dem Material <strong>PP<\/strong>. Der Hub, das ist die Dosis pro Bet\u00e4tigung der Spr\u00fchpumpe, betr\u00e4gt ca. 0,11 ml.<\/p>\n<h4><strong>Ansaugrohr variierbar\u00a0<\/strong><\/h4>\n<p class=\"Normal\">Das Ansaugrohr hat eine ausreichende L\u00e4nge von 110 mm f\u00fcr alle Flaschen mit der Gewindegr\u00f6\u00dfe DIN18. Du kannst es einfach mit einem Cuttermesser auf die ben\u00f6tigte L\u00e4nge k\u00fcrzen.<\/p>\n<p>Vielleicht suchst du auch eine <a href=\"https:\/\/shop.nlq24.eu\/produkt\/sprayer-glasflasche-100-ml-din18\/\">komplette Spr\u00fchflasche<\/a>?<\/p>\n<p class=\"Normal\">\n","protected":false},"excerpt":{"rendered":"<p>Spr\u00fchverschluss f\u00fcr Glasflasche DIN18, schwarz<\/p>\n","protected":false},"featured_media":86380,"comment_status":"open","ping_status":"closed","template":"","meta":[],"product_brand":[],"product_cat":[43,81,90,91,941,109,327,328],"product_tag":[361,530,644,645,776,93,103],"class_list":{"0":"post-81","1":"product","2":"type-product","3":"status-publish","4":"has-post-thumbnail","6":"product_cat-dosieren-abmessen","7":"product_cat-alle-produkte-im-ueberblick","8":"product_cat-sprayerflaschen-aus-hdpe-oder-glas","9":"product_cat-sprayer-flaschen","10":"product_cat-glasflaschen-din18","11":"product_cat-verschluesse-din18","12":"product_cat-verschluesse-und-zubehoer","13":"product_cat-flaschen-verschluesse-zubehoer","14":"product_tag-spruehpumpe","15":"product_tag-din18","16":"product_tag-sprayeraufsatz","17":"product_tag-spruehopf","18":"product_tag-sprayer-aufsatz","19":"product_tag-sprayer","20":"product_tag-glasflasche","21":"product_shipping_class-standard","23":"first","24":"instock","25":"taxable","26":"shipping-taxable","27":"purchasable","28":"product-type-simple"},"_links":{"self":[{"href":"https:\/\/shop.nlq24.eu\/de\/wp-json\/wp\/v2\/product\/81","targetHints":{"allow":["GET"]}}],"collection":[{"href":"https:\/\/shop.nlq24.eu\/de\/wp-json\/wp\/v2\/product"}],"about":[{"href":"https:\/\/shop.nlq24.eu\/de\/wp-json\/wp\/v2\/types\/product"}],"replies":[{"embeddable":true,"href":"https:\/\/shop.nlq24.eu\/de\/wp-json\/wp\/v2\/comments?post=81"}],"wp:featuredmedia":[{"embeddable":true,"href":"https:\/\/shop.nlq24.eu\/de\/wp-json\/wp\/v2\/media\/86380"}],"wp:attachment":[{"href":"https:\/\/shop.nlq24.eu\/de\/wp-json\/wp\/v2\/media?parent=81"}],"wp:term":[{"taxonomy":"product_brand","embeddable":true,"href":"https:\/\/shop.nlq24.eu\/de\/wp-json\/wp\/v2\/product_brand?post=81"},{"taxonomy":"product_cat","embeddable":true,"href":"https:\/\/shop.nlq24.eu\/de\/wp-json\/wp\/v2\/product_cat?post=81"},{"taxonomy":"product_tag","embeddable":true,"href":"https:\/\/shop.nlq24.eu\/de\/wp-json\/wp\/v2\/product_tag?post=81"}],"curies":[{"name":"wp","href":"https:\/\/api.w.org\/{rel}","templated":true}]}}