{"id":82,"date":"2018-10-30T21:38:56","date_gmt":"2018-10-30T21:38:56","guid":{"rendered":"https:\/\/www.nlq24.de\/?post_type=product&#038;p=82"},"modified":"2024-12-12T19:46:29","modified_gmt":"2024-12-12T19:46:29","slug":"sprayer-aufsatz-fuer-hd-pe-flasche-20-410","status":"publish","type":"product","link":"https:\/\/shop.nlq24.eu\/de\/Produkt\/sprayer-aufsatz-fuer-hd-pe-flasche-20-410\/","title":{"rendered":"Sprayer-Aufsatz f\u00fcr HDPE Flasche 20-410"},"content":{"rendered":"<p>Dieser <strong>Sprayer-Aufsatz f\u00fcr HDPE Flasche 20-410<\/strong> verf\u00fcgt \u00fcber einen Schraubverschluss, welcher Ihnen ein dichtes Verschlie\u00dfen der Flasche erm\u00f6glicht. Der Hub pro Spr\u00fchsto\u00df betr\u00e4gt ca. 0,18 ml. So k\u00f6nnen Sie damit sogar dosieren. <strong><span class=\"tm5\">Praktisch<\/span><\/strong> f\u00fcr Sie: Die Spr\u00fchpumpe ist <strong><span class=\"tm5\">mit<\/span><\/strong> <strong>einer Schutzkappe<\/strong> ausgestattet. Dies erm\u00f6glicht es Ihnen, auch F\u00fcllgut zu nutzen, welches <strong>nicht ausd\u00fcnsten oder ausgasen<\/strong> darf wie z. B. CDH. Durch die Abdeckkappe kann das Gas nicht entweichen. Die Gewindegr\u00f6\u00dfe passt auf Flaschen der Gr\u00f6\u00dfe 20-410. Das Ansaugrohr des Sprayerkopfes hat eine ausreichende L\u00e4nge f\u00fcr alle Flaschen mit diesem 20-410 Gewinde und kann ggf. manuell gek\u00fcrzt werden.<\/p>\n<p>Der Sprayaufsatz besteht aus dem Material PE\/PP und ist zu vielen Inhalten chemiebest\u00e4ndig. Jedoch sollten Sie dies jeweils pr\u00fcfen. Das Material ist best\u00e4ndig gegen S\u00e4ure und Basen mit pH Werten zwischen pH 4 \u2013 9.<\/p>\n<p>Hier finden Sie die dazu passende <a href=\"https:\/\/shop.nlq24.eu\/produkt\/pe-flaschen-weiss-in-verschiedenen-varianten-groessen-und-zubehoer\/\">HDPE-Flasche.<\/a> Auch gleich mit passendem Zubeh\u00f6r.<\/p>\n","protected":false},"excerpt":{"rendered":"<p>Sprayer-Aufsatz f\u00fcr HDPE Flasche 20-410<\/p>\n","protected":false},"featured_media":5225,"comment_status":"open","ping_status":"closed","template":"","meta":[],"product_brand":[],"product_cat":[81,90,91,327,328,330,393],"product_tag":[644,776,777,778,93,361],"class_list":{"0":"post-82","1":"product","2":"type-product","3":"status-publish","4":"has-post-thumbnail","6":"product_cat-alle-produkte-im-ueberblick","7":"product_cat-sprayerflaschen-aus-hdpe-oder-glas","8":"product_cat-sprayer-flaschen","9":"product_cat-verschluesse-und-zubehoer","10":"product_cat-flaschen-verschluesse-zubehoer","11":"product_cat-hdpe-flaschen-weiss-durchgefaerbt","12":"product_cat-hdpe-flaschen-zubehoer","13":"product_tag-sprayeraufsatz","14":"product_tag-sprayer-aufsatz","15":"product_tag-zerstaeuberpumpe","16":"product_tag-sprayer-fuer-pe-flasche","17":"product_tag-sprayer","18":"product_tag-spruehpumpe","19":"product_shipping_class-standard","21":"first","22":"instock","23":"taxable","24":"shipping-taxable","25":"purchasable","26":"product-type-simple"},"_links":{"self":[{"href":"https:\/\/shop.nlq24.eu\/de\/wp-json\/wp\/v2\/product\/82","targetHints":{"allow":["GET"]}}],"collection":[{"href":"https:\/\/shop.nlq24.eu\/de\/wp-json\/wp\/v2\/product"}],"about":[{"href":"https:\/\/shop.nlq24.eu\/de\/wp-json\/wp\/v2\/types\/product"}],"replies":[{"embeddable":true,"href":"https:\/\/shop.nlq24.eu\/de\/wp-json\/wp\/v2\/comments?post=82"}],"wp:featuredmedia":[{"embeddable":true,"href":"https:\/\/shop.nlq24.eu\/de\/wp-json\/wp\/v2\/media\/5225"}],"wp:attachment":[{"href":"https:\/\/shop.nlq24.eu\/de\/wp-json\/wp\/v2\/media?parent=82"}],"wp:term":[{"taxonomy":"product_brand","embeddable":true,"href":"https:\/\/shop.nlq24.eu\/de\/wp-json\/wp\/v2\/product_brand?post=82"},{"taxonomy":"product_cat","embeddable":true,"href":"https:\/\/shop.nlq24.eu\/de\/wp-json\/wp\/v2\/product_cat?post=82"},{"taxonomy":"product_tag","embeddable":true,"href":"https:\/\/shop.nlq24.eu\/de\/wp-json\/wp\/v2\/product_tag?post=82"}],"curies":[{"name":"wp","href":"https:\/\/api.w.org\/{rel}","templated":true}]}}