{"id":82029,"date":"2023-02-24T11:32:14","date_gmt":"2023-02-24T11:32:14","guid":{"rendered":"https:\/\/shop.nlq24.eu\/?post_type=product&#038;p=82029"},"modified":"2025-04-25T18:49:55","modified_gmt":"2025-04-25T18:49:55","slug":"doser-system-10-fuer-glasflasche-28-mm","status":"publish","type":"product","link":"https:\/\/shop.nlq24.eu\/de\/Produkt\/doser-system-10-fuer-glasflasche-28-mm\/","title":{"rendered":"Doser-System 10 f\u00fcr Glasflasche 28 mm (PP28)"},"content":{"rendered":"<p class=\"Normal\"><strong><span class=\"tm6\">Der Doser<\/span><\/strong> ist ein Teil des <strong><span class=\"tm6\">ORIGINAL Doser-System. Es passt sowohl f\u00fcr die braunen Glasflaschen mit der \u00d6ffnung PP28 (28 mm) als auch auf <\/span><\/strong><strong><span class=\"tm6\">Miron Glasflaschen mit der selben \u00d6ffnungsgr\u00f6\u00dfe, au\u00dfer der 1 &#8211; Liter <a href=\"https:\/\/shop.nlq24.eu\/de\/produkt\/miron-glasflasche\/\">Mironglasflasche<\/a>.<\/span><\/strong><\/p>\n<p class=\"Normal\">Das Volumen der Doser-Spritze (Doser) betr\u00e4gt 10 ml.<\/p>\n<p class=\"Normal\">Dieses Dosiersystem hilft bei der genauen Dosierung von Fl\u00fcssigkeiten, wie: Wasser, S\u00e4fte, CDH\/CDS\/CDL (bedingt) etc.<\/p>\n<p class=\"Normal\">Durch das Hineindr\u00fccken des <a href=\"https:\/\/shop.nlq24.eu\/de\/produkt\/doser-einsatz-fuer-doser-system-10-28-mm\/\">Doser-Einsatz<\/a> in den Hals einer 28 mm Flasche, wird dieser in der Gr\u00f6\u00dfe reduziert und die \u00d6ffnung verkleinert.<\/p>\n<p><img loading=\"lazy\" decoding=\"async\" class=\"alignnone size-medium wp-image-612\" src=\"https:\/\/shop.nlq24.eu\/wp-content\/uploads\/2018\/09\/Dosereinsatz-in-Flasche-dr\u00fccken-203x300.jpg\" alt=\"\" width=\"203\" height=\"300\" srcset=\"https:\/\/shop.nlq24.eu\/wp-content\/uploads\/2018\/09\/Dosereinsatz-in-Flasche-dr\u00fccken-203x300.jpg 203w, https:\/\/shop.nlq24.eu\/wp-content\/uploads\/2018\/09\/Dosereinsatz-in-Flasche-dr\u00fccken-466x689.jpg 466w, https:\/\/shop.nlq24.eu\/wp-content\/uploads\/2018\/09\/Dosereinsatz-in-Flasche-dr\u00fccken-768x1136.jpg 768w, https:\/\/shop.nlq24.eu\/wp-content\/uploads\/2018\/09\/Dosereinsatz-in-Flasche-dr\u00fccken-692x1024.jpg 692w, https:\/\/shop.nlq24.eu\/wp-content\/uploads\/2018\/09\/Dosereinsatz-in-Flasche-dr\u00fccken-510x754.jpg 510w, https:\/\/shop.nlq24.eu\/wp-content\/uploads\/2018\/09\/Dosereinsatz-in-Flasche-dr\u00fccken.jpg 1011w\" sizes=\"auto, (max-width: 203px) 100vw, 203px\" \/><\/p>\n<p>In diesen Doser-Einsatz passt nun der so genannte Doser (eine Dosierspritze) welche \u00fcber ein Volumen von 10 ml verf\u00fcgt.<\/p>\n<p>Der<strong> Doser<\/strong> wiederum, <strong>passt<\/strong> genau <strong>in den Doser-Einsatz<\/strong>.<\/p>\n<p class=\"Normal\">Um aus der Flasche, welche du mit dem Doser-Einsatz ausgestattet hast Fl\u00fcssigkeit zu entnehmen und gleichzeitig sauber abzumessen, kannst du wie folgt vorgehen:<\/p>\n<ol>\n<li class=\"Normal\">Doser &#8211; Dosierspritze in den Doser Einsatz der Flasche stecken (fest andr\u00fccken)<\/li>\n<li class=\"Normal\">Die Flasche mit der einen Hand leicht kippen, bis Fl\u00fcssigkeit an den Doser gelangt.<\/li>\n<li class=\"Normal\">Nun die Fl\u00fcssigkeit mit der anderen Hand in den Doser (Dosierspritze) aufziehen.<\/li>\n<li class=\"Normal\">Doser wieder herausziehen und die Flasche verschlie\u00dfen.<\/li>\n<\/ol>\n<p>Nun kannst du die abgemessene Fl\u00fcssigkeit verwenden.<\/p>\n<p>Der St\u00f6\u00dfel im Doser ist aus dem Material PE.<\/p>\n<p>So kannst du mit dem Doser-Einsatz und dem pass genauen Doser <strong>Fl\u00fcssigkeiten<\/strong> aus diesen Flaschen <strong>entnehmen<\/strong>. Und dies <strong>ohne Verluste<\/strong> und ganz sauber. Das Tolle an diesem System ist, dass du die Fl\u00fcssigkeit beim Aufziehen in den Doser<strong> gleichzeitig abmessen<\/strong> kannst. Dies erm\u00f6glicht die Graduierung des 10 ml Dosers. Sie ist in 0,5 ml &#8211; Schritte aufgeteilt. So kannst du mit diesem <strong>viel genauer dosieren,<\/strong> als mit einem Messbecher.<\/p>\n<h3 class=\"Normal\"><strong><span class=\"tm6\">Mein Pflege-TIPP f\u00fcr Doser-System10, 28mm:<\/span><\/strong><\/h3>\n<div>Die Skala vom Doser 10 ml f\u00fcr 28 mm Flaschen ist innen am Stempel aufgebracht. Werden nun aggressivere oder l\u00f6sende Substanzen damit aufgezogen und abgemessen, k\u00f6nnen Reste dieser l\u00f6senden Substanzen zum langsamen Abl\u00f6sen der Beschriftung der Skala f\u00fchren. Suchst du einen best\u00e4ndigeres System, klicke auf <a href=\"https:\/\/shop.nlq24.eu\/de\/produkt\/doser-system-6-28-mm-6-ml-spritze-einsatz-deckel\/\">Doser-System 6 ml best\u00e4ndig 28 mm<\/a>.<\/div>\n<div><\/div>\n<div>Nutzt du jedoch dieses System, solltest du solche Substanzen mit Wasser gemischt aufziehen und den Doser nach der Benutzung gleich mit sauberem Wasser sp\u00fclen.<\/div>\n<div><\/div>\n<h3>Leichtg\u00e4ngigkeit des Dosers:<\/h3>\n<div>Der kleine Gummiring am Stempel in dem Doser, kann nach einer gewissen Zeit der Nutzung, an Geschmeidigkeit verlieren.<\/div>\n<p class=\"Normal\">Sollte der Doser also schwer g\u00e4ngig werden, gehe einfach wie folgt vor.<br \/>\n1.) Ziehe den St\u00f6\u00dfel aus dem Doser-Geh\u00e4use.<br \/>\n2.) Benetze das um den St\u00f6\u00dfel angebrachte Dichtungsgummi mit einem Tropfen Pflanzen\u00f6l.<br \/>\n3.) Schiebe den St\u00f6\u00dfel wieder hinein und bewegen diesen ein paar Mal auf und ab. Danach ist er wieder leichtg\u00e4ngig!<\/p>\n<p class=\"Normal\"><strong><span class=\"tm6\">Doser-Variante:<br \/>\n<\/span><\/strong>Der Doser f\u00fcr 10 ml Volumen hat 13,6 mm Durchmesser und 134 mm L\u00e4nge. Die Graduierung l\u00e4sst sich in 0,5 ml Schritten gut ablesen.<\/p>\n<h2>WEITERE Doser-Systeme zum sauberen Entnehmen<\/h2>\n<p class=\"Normal\">Ein <strong>Doser-System f\u00fcr die kleineren DIN18 Glasflaschen<\/strong> (30-100 ml) findest du <strong><a href=\"https:\/\/shop.nlq24.eu\/de\/produkt\/doser-system-din18\/\">HIER<\/a><\/strong>.<\/p>\n<p>Ein noch <a href=\"https:\/\/shop.nlq24.eu\/de\/produkt\/doser-system-bestaendig\/\">best\u00e4ndigeres Doser-System f\u00fcr 28 mm Flaschen<\/a> findest du <a href=\"https:\/\/shop.nlq24.eu\/de\/produkt\/doser-system-bestaendig\/\">HIER<\/a>. Dies verf\u00fcgt \u00fcber eine h\u00e4rtere Spritze, welche die Graduierung auf der Au\u00dfenseite hat und insgesamt best\u00e4ndiger ist.<\/p>\n<p>Das best\u00e4ndige <a href=\"https:\/\/shop.nlq24.eu\/de\/produkt\/doser-system-din18\/\">Doser-System DIN18<\/a> gibt es hier auch f\u00fcr Flaschen mit einem Durchmesser der M\u00fcndung von 18 mm (DIN18). Diese sind meist auf diese <a href=\"https:\/\/shop.nlq24.eu\/de\/produkt\/glasflasche-din18-vario\/\">Tropferflaschen<\/a> von 10 bis 100 ml zu finden.<\/p>\n","protected":false},"excerpt":{"rendered":"<p>Doser-System 10 f\u00fcr Glasflasche PP28<\/p>\n","protected":false},"featured_media":5774,"comment_status":"open","ping_status":"closed","template":"","meta":[],"product_brand":[],"product_cat":[43,46,81,3742],"product_tag":[732,82,83,286,287,294],"class_list":{"0":"post-82029","1":"product","2":"type-product","3":"status-publish","4":"has-post-thumbnail","6":"product_cat-dosieren-abmessen","7":"product_cat-doser-fuer-pp28-flaschen","8":"product_cat-alle-produkte-im-ueberblick","9":"product_cat-alle-doser-systeme","10":"product_tag-dosierpipette","11":"product_tag-doser","12":"product_tag-cdh-doser","13":"product_tag-dosierspritze","14":"product_tag-dosierer","15":"product_tag-doser-einsatz","17":"first","18":"instock","19":"taxable","20":"shipping-taxable","21":"purchasable","22":"product-type-variable"},"_links":{"self":[{"href":"https:\/\/shop.nlq24.eu\/de\/wp-json\/wp\/v2\/product\/82029","targetHints":{"allow":["GET"]}}],"collection":[{"href":"https:\/\/shop.nlq24.eu\/de\/wp-json\/wp\/v2\/product"}],"about":[{"href":"https:\/\/shop.nlq24.eu\/de\/wp-json\/wp\/v2\/types\/product"}],"replies":[{"embeddable":true,"href":"https:\/\/shop.nlq24.eu\/de\/wp-json\/wp\/v2\/comments?post=82029"}],"wp:featuredmedia":[{"embeddable":true,"href":"https:\/\/shop.nlq24.eu\/de\/wp-json\/wp\/v2\/media\/5774"}],"wp:attachment":[{"href":"https:\/\/shop.nlq24.eu\/de\/wp-json\/wp\/v2\/media?parent=82029"}],"wp:term":[{"taxonomy":"product_brand","embeddable":true,"href":"https:\/\/shop.nlq24.eu\/de\/wp-json\/wp\/v2\/product_brand?post=82029"},{"taxonomy":"product_cat","embeddable":true,"href":"https:\/\/shop.nlq24.eu\/de\/wp-json\/wp\/v2\/product_cat?post=82029"},{"taxonomy":"product_tag","embeddable":true,"href":"https:\/\/shop.nlq24.eu\/de\/wp-json\/wp\/v2\/product_tag?post=82029"}],"curies":[{"name":"wp","href":"https:\/\/api.w.org\/{rel}","templated":true}]}}