{"id":82347,"date":"2023-04-04T10:13:37","date_gmt":"2023-04-04T10:13:37","guid":{"rendered":"https:\/\/shop.nlq24.eu\/?post_type=product&#038;p=82347"},"modified":"2025-04-29T20:20:14","modified_gmt":"2025-04-29T20:20:14","slug":"verschluss-deckel-pp28-weiss-fuer-doser","status":"publish","type":"product","link":"https:\/\/shop.nlq24.eu\/de\/Produkt\/verschluss-deckel-pp28-weiss-fuer-doser\/","title":{"rendered":"Verschluss Deckel, PP28 wei\u00df f\u00fcr Dosersystem"},"content":{"rendered":"<p>Dieser Verschluss Deckel PP28 wei\u00df f\u00fcr Doser-System hat eine Gewindegr\u00f6\u00dfe in 28 mm und passt f\u00fcr das <a href=\"https:\/\/shop.nlq24.eu\/de\/produkt\/doser-cdh-doser-10-ml\/\">Dosersystem PP28<\/a>.<\/p>\n<p>Es handelt sich um einen Schraubverschluss mit einem Originalit\u00e4tssicherungsring. Nach dem erstmaligen Verschlie\u00dfen der Flasche, rei\u00dft dieser beim ersten \u00d6ffnen der Flasche ab. Somit ist sichtbar, ob die Flasche bereits ge\u00f6ffnet wurde.<\/p>\n<p>Die Dichteinlage im Deckel besteht aus sehr best\u00e4ndigem PE-Schaum. Er bietet Ihnen damit gute Dichteigenschaften f\u00fcr die meisten Fl\u00fcssigkeiten. Dies ist auch der Grund, warum dieser Deckel f\u00fcr Chlordioxid L\u00f6sungen &lt; 0,3 % verwendet werden kann.<\/p>\n<p>Der Verschluss passt nicht nur auf Glasflaschen mit PP28 Gewinde, sondern eben so auf PET-Flaschen dieser Gewindegr\u00f6\u00dfe.<\/p>\n<h3>Technische Daten des Verschluss Deckel PP28 wei\u00df f\u00fcr Dosersystem:<\/h3>\n<p>Material: PE<br \/>\nFarbe: wei\u00df<br \/>\nM\u00fcndung\/Gewinde: 28 mm (PP28)<br \/>\nAusf\u00fchrung: mit Qualit\u00e4tsring\/Abreissring<br \/>\nDichtung: PE-Schaum<\/p>\n<p>Passend zum Verschluss gibt es auch das <strong><a href=\"https:\/\/shop.nlq24.eu\/de\/produkt\/doser-cdh-doser-10-ml\/\">Doser-System<\/a><\/strong>, einen <strong><a href=\"https:\/\/shop.nlq24.eu\/de\/produkt\/doser-einsatz-fuer-doser-system\/\">Doser-Einsatz<\/a><\/strong> zur Verkleinerung der \u00d6ffnung. Dadurch ist sogar ein Tropfen der Fl\u00fcssigkeit aus einer PP28 Flasche m\u00f6glich.<\/p>\n<p>Suchst du Flaschen, welche direkt mit Doser-System ausgestattet sind? Dann w\u00e4hle diese <strong><a href=\"https:\/\/shop.nlq24.eu\/de\/produkt\/doser-system-flasche\/\">Doser-System-Flasche<\/a>.<\/strong><\/p>\n","protected":false},"excerpt":{"rendered":"<p>Verschluss Deckel, PP28 mm wei\u00df f\u00fcr Doser-System<\/p>\n","protected":false},"featured_media":82350,"comment_status":"open","ping_status":"closed","template":"","meta":[],"product_brand":[],"product_cat":[46,3742,113,327,466,858],"product_tag":[3209,3210],"class_list":{"0":"post-82347","1":"product","2":"type-product","3":"status-publish","4":"has-post-thumbnail","6":"product_cat-doser-fuer-pp28-flaschen","7":"product_cat-alle-doser-systeme","8":"product_cat-verschluesse-fuer-pp28-glasflaschen","9":"product_cat-verschluesse-und-zubehoer","10":"product_cat-glasflaschen-pp28","11":"product_cat-cdh-komponenten","12":"product_tag-verschluss-pp28","13":"product_tag-verschluss-28-mm","14":"product_shipping_class-standard","16":"first","17":"instock","18":"taxable","19":"shipping-taxable","20":"purchasable","21":"product-type-simple"},"_links":{"self":[{"href":"https:\/\/shop.nlq24.eu\/de\/wp-json\/wp\/v2\/product\/82347","targetHints":{"allow":["GET"]}}],"collection":[{"href":"https:\/\/shop.nlq24.eu\/de\/wp-json\/wp\/v2\/product"}],"about":[{"href":"https:\/\/shop.nlq24.eu\/de\/wp-json\/wp\/v2\/types\/product"}],"replies":[{"embeddable":true,"href":"https:\/\/shop.nlq24.eu\/de\/wp-json\/wp\/v2\/comments?post=82347"}],"wp:featuredmedia":[{"embeddable":true,"href":"https:\/\/shop.nlq24.eu\/de\/wp-json\/wp\/v2\/media\/82350"}],"wp:attachment":[{"href":"https:\/\/shop.nlq24.eu\/de\/wp-json\/wp\/v2\/media?parent=82347"}],"wp:term":[{"taxonomy":"product_brand","embeddable":true,"href":"https:\/\/shop.nlq24.eu\/de\/wp-json\/wp\/v2\/product_brand?post=82347"},{"taxonomy":"product_cat","embeddable":true,"href":"https:\/\/shop.nlq24.eu\/de\/wp-json\/wp\/v2\/product_cat?post=82347"},{"taxonomy":"product_tag","embeddable":true,"href":"https:\/\/shop.nlq24.eu\/de\/wp-json\/wp\/v2\/product_tag?post=82347"}],"curies":[{"name":"wp","href":"https:\/\/api.w.org\/{rel}","templated":true}]}}