{"id":83,"date":"2018-10-30T22:17:37","date_gmt":"2018-10-30T22:17:37","guid":{"rendered":"https:\/\/www.nlq24.de\/?post_type=product&#038;p=83"},"modified":"2024-12-12T19:46:15","modified_gmt":"2024-12-12T19:46:15","slug":"glasflasche-pp28","status":"publish","type":"product","link":"https:\/\/shop.nlq24.eu\/de\/Produkt\/glasflasche-pp28\/","title":{"rendered":"Glasflasche braun 28 mm (PP28)"},"content":{"rendered":"<p>Diese <strong>braune Glasflasche PP28<\/strong> hat eine M\u00fcndung von <strong>28 mm<\/strong>. Sie ist nicht nur als Braunglasflasche, sondern auch als Sirup-Flasche bekannt. Au\u00dferdem wird sie auch als Apothekerflasche bezeichnet. Sie ist mit diesem <a href=\"https:\/\/shop.nlq24.eu\/produkt\/doser-cdh-doser-10-ml\/\"><span style=\"color: #0000ff;\"><strong>Doser System<\/strong><\/span><\/a> kombinierbar. Dieses erm\u00f6glicht Ihnen die leichte Entnahme und das gleichzeitige Abmessen.<\/p>\n<p>Der Glask\u00f6rper besteht aus Braunglas der hydrolytischen Klasse 3. Mit ihrer Durchf\u00e4rbung bietet Ihnen diese Flasche f\u00fcr Ihr F\u00fcllgut einen hohen Lichtschutz. Das Gewinde hat die Gr\u00f6\u00dfe PP28 (28 mm).<\/p>\n<h3><span style=\"text-decoration: underline;\">Haltbarkeit:<\/span><\/h3>\n<p>Diese Flasche ist sogar resistent gegen S\u00e4uren und andere aggressive Substanzen. Dadurch hat sie hervorragende Barriere-Eigenschaften und verf\u00fcgt au\u00dferdem \u00fcber ein hochwertiges Aussehen. Sie wird auch als Euro Medizin Flasche bezeichnet.<\/p>\n<h3>In vielen Varianten erh\u00e4ltlich:<\/h3>\n<p>Sie k\u00f6nnen zwischen verschiedenen Verschl\u00fcssen und Varianten w\u00e4hlen.<\/p>\n<p>Ohne Verschluss, oder:<\/p>\n<p>1. Kindersicherheitsverschluss<br \/>\n2. Standard Verschluss mit Gie\u00dfring. Mit diesem Gie\u00dfring k\u00f6nnen Sie Ihre Fl\u00fcssigkeiten sauber ausgie\u00dfen. Er ist jedoch nicht mit einem Dosereinsatz kombinierbar.<br \/>\n3. Konischer, selbst sichernder Verschluss. Absolut dicht. Er ist allerdings nicht mit einem Doser-Einsatz kombinierbar.<br \/>\n4. Sprayer Verschluss<\/p>\n<p>Eine <strong>Doser-System-Flasche mit passendem Dosier-System<\/strong> finden Sie <a href=\"https:\/\/shop.nlq24.eu\/produkt\/doser-system-flasche-pp28\/\">HIER.<\/a><\/p>\n","protected":false},"excerpt":{"rendered":"<p>Glasflasche PP28 in verschiedenen Ausf\u00fchrungen<\/p>\n","protected":false},"featured_media":5456,"comment_status":"open","ping_status":"closed","template":"","meta":[],"product_brand":[],"product_cat":[81,89,466],"product_tag":[467,468,469,83,544,678],"class_list":{"0":"post-83","1":"product","2":"type-product","3":"status-publish","4":"has-post-thumbnail","6":"product_cat-alle-produkte-im-ueberblick","7":"product_cat-glasflaschen","8":"product_cat-glasflaschen-pp28","9":"product_tag-doser-system-flasche","10":"product_tag-sirupflasche","11":"product_tag-glasflasche-pp28","12":"product_tag-cdh-doser","13":"product_tag-flasche","14":"product_tag-doser-system","15":"product_shipping_class-standard","16":"pa_milliliter-250-ml","17":"pa_milliliter-500-ml","18":"pa_milliliter-1000-ml","20":"first","21":"instock","22":"taxable","23":"shipping-taxable","24":"purchasable","25":"product-type-variable"},"_links":{"self":[{"href":"https:\/\/shop.nlq24.eu\/de\/wp-json\/wp\/v2\/product\/83","targetHints":{"allow":["GET"]}}],"collection":[{"href":"https:\/\/shop.nlq24.eu\/de\/wp-json\/wp\/v2\/product"}],"about":[{"href":"https:\/\/shop.nlq24.eu\/de\/wp-json\/wp\/v2\/types\/product"}],"replies":[{"embeddable":true,"href":"https:\/\/shop.nlq24.eu\/de\/wp-json\/wp\/v2\/comments?post=83"}],"wp:featuredmedia":[{"embeddable":true,"href":"https:\/\/shop.nlq24.eu\/de\/wp-json\/wp\/v2\/media\/5456"}],"wp:attachment":[{"href":"https:\/\/shop.nlq24.eu\/de\/wp-json\/wp\/v2\/media?parent=83"}],"wp:term":[{"taxonomy":"product_brand","embeddable":true,"href":"https:\/\/shop.nlq24.eu\/de\/wp-json\/wp\/v2\/product_brand?post=83"},{"taxonomy":"product_cat","embeddable":true,"href":"https:\/\/shop.nlq24.eu\/de\/wp-json\/wp\/v2\/product_cat?post=83"},{"taxonomy":"product_tag","embeddable":true,"href":"https:\/\/shop.nlq24.eu\/de\/wp-json\/wp\/v2\/product_tag?post=83"}],"curies":[{"name":"wp","href":"https:\/\/api.w.org\/{rel}","templated":true}]}}