{"id":83655,"date":"2023-11-26T17:55:19","date_gmt":"2023-11-26T17:55:19","guid":{"rendered":"https:\/\/shop.nlq24.eu\/?post_type=product&#038;p=83655"},"modified":"2025-10-08T17:48:41","modified_gmt":"2025-10-08T17:48:41","slug":"cdl3000-top-premium-250-ml-mit-dosiersystem","status":"publish","type":"product","link":"https:\/\/shop.nlq24.eu\/de\/Produkt\/cdl3000-top-premium-250-ml-mit-dosiersystem\/","title":{"rendered":"CDL3000 TOP Premium 250 ml + Dosiersystem"},"content":{"rendered":"<h3 class=\"Normal\"><strong>CDL3000 TOP Premium 250 ml mit Doser-System<\/strong><\/h3>\n<p class=\"Normal\">Dieses CDL3000 TOP Premium ist eine Chlordioxid Variante mit allen Vorteilen\u00a0von <a href=\"https:\/\/www.natao.org\/cdh3000-cdl-wasserdesinfektion.htm\">OX-IT<\/a><\/p>\n<ol>\n<li><strong>Reinstes Chlordioxid<\/strong> Gas in Wasser ohne Aktivator<\/li>\n<li><strong>Bester Lichtschutz<\/strong> und Schutz der Frequenzen durch Miron Violett Glas<\/li>\n<li>So gut wie<strong> kein Verlust von Gas<\/strong> bei der Entnahme durch das <a href=\"https:\/\/shop.nlq24.eu\/de\/produkt\/doser-system-6-28-mm\/\">Dosersystem 6 ml mit Spritze<\/a><\/li>\n<\/ol>\n<p>Der Preis setzt sich aus dem hochwertigsten CDL, der Top Mironglasflasche und dem Doser-System f\u00fcr verlustfreies Entnehmen zusammen.<\/p>\n<p><strong>Verf\u00fcgbarkeit:<\/strong> Da das CDL3000 TOP Premium frisch hergestellt wird, kann es vorkommen, dass es nicht st\u00e4ndig und in jeder Menge verf\u00fcgbar ist.<\/p>\n<p>CDL bedeutet <strong>C<\/strong>hlor <strong>D<\/strong>ioxid <strong>L<\/strong>\u00f6sung. Im Englischen wird sie auch CDS genannt. Das Premium steht f\u00fcr die Mironglasflasche mit h\u00f6chsten Lichtschutz und Frequenzschutz so wie die sehr hohe Reinheit und das praktische Dosiersystem.<\/p>\n<p class=\"Normal\">Sie hat einen Chlordioxid-Anteil von &lt; 0,3 % und wird in einem zeitaufwendigen Elektrolyseverfahren nur aus Natriumchlorit L\u00f6sung hergestellt. Es hat eine unglaublich <strong>hohe Reinheit<\/strong> \u2013 von bis zu 99,99 %.<\/p>\n<p class=\"Normal\">Bei der Herstellung wird keine S\u00e4ure (Aktivator) verwendet, was den S\u00e4urewert gering ausfallen l\u00e4sst. Das sich aus dem Natriumchlorit bildende Chlordioxid Gas wird in kaltes Umkehr-Osmose-Wasser eingeleitet, bis es die maximale S\u00e4ttigung erreicht. Nun haben wir eine perfekte und sehr reine Chlordioxid L\u00f6sung.<\/p>\n<p class=\"Normal\">Zudem wird sie dir in einer extrem gut <a href=\"https:\/\/shop.nlq24.eu\/de\/produkt\/miron-glasflasche\/\"><strong>Licht- und Frequenz sch\u00fctzenden<\/strong>\u00a0<strong>Mironglasflasche<\/strong><\/a> geliefert.<br \/>\nDiese sch\u00fctzt nicht nur vor einem schnelleren Verfall des Chlordioxids durch Licht, sondern es sch\u00fctzt ebenso alle positiven Frequenzen, weil andere nicht hineinkommen\u00a0 \ud83d\ude42<\/p>\n<p>Bewahre diese Flasche auf, denn sie ist f\u00fcr alle weiteren Substanzen f\u00fcr die du diese nutzt, ebenfalls wertvoll und sichert eine l\u00e4ngere Haltbarkeit.<\/p>\n<h2>G\u00fcnstige Nachf\u00fcllflasche<\/h2>\n<p>Wenn du deine wertvolle Miron Glasflasche mit CDL3000 TOP Premium nachf\u00fcllen m\u00f6chtest, kannst du das g\u00fcnstige <strong><a href=\"https:\/\/shop.nlq24.eu\/de\/produkt\/cdl3000-250-ml-nachfuellflasche-fuer-top-premium\/\">\u00a0CDL3000<\/a><\/strong> in der Braunglas Flasche bestellen und diese umf\u00fcllen. Dies f\u00fchre aber nur bei guter Bel\u00fcftung durch.<\/p>\n<h3 class=\"Normal\">Wissenswertes zu CDL3000 TOP Premium:<\/h3>\n<p class=\"Normal\">Gef\u00e4\u00dfe die viel Licht durchlassen, wie halb- oder vollkommen transparente Flaschen sind nicht so geeignet, wenn die CDS\/CDL L\u00f6sung lange halten soll. Das normale <a href=\"https:\/\/shop.nlq24.eu\/de\/produkt\/cds-cdl-chlordioxid-loesung-cdh3000\/\">CDH3000<\/a>, welches du in einer braunen Glasflasche kaufen kannst, ist schon gut ein halbes Jahr haltbar. In der <strong>Mironglasflasche<\/strong>, wird die L\u00f6sung jedoch noch <strong>wesentlich besser vor der schw\u00e4chenden Licht- und Frequenz-Einwirkung<\/strong> gesch\u00fctzt. Aber nicht nur das sind deine <strong>Vorteile<\/strong> von CDL3000 TOP Premium in Mironglas!<\/p>\n<h3 class=\"Normal\">Hier weitere Vorteile vom Mironglas:<\/h3>\n<p>Dieses violette Glas zeichnet sich durch einen absoluten Lichtschutz im sichtbaren Bereich aus. F\u00fcr ultraviolettes Licht ist es hingegen durchl\u00e4ssig. So entsteht im inneren der Flasche ein hoch energetisches Milieu, welches du nutzen kannst, um die Haltbarkeit zu verl\u00e4ngern und die Frequenzen zu erhalten oder sogar zu verst\u00e4rken. Abbau und Zersetzungsprozesse werden grunds\u00e4tzlich verz\u00f6gert.<\/p>\n<p>Der optimale Farbton f\u00fcr die Lagerung hochwertiger Inhalte in Gef\u00e4\u00dfen liegt im violetten Bereich. Miron-Violett-Glas blockt das gesamte Spektrum des sichtbaren Licht ab. Eine Ausnahme bildet dabei der violette Anteil. Es bietet zugleich die Durchl\u00e4ssigkeit eines gewissen Anteils f\u00fcr Strahlung im Spektralbereich von UV-A und Infrarotlicht. Dadurch wird die <strong>Molekularstruktur<\/strong> von eingef\u00fcllten Substanzen pausenlos <strong>aktiviert<\/strong>. <strong>Feinstoffliche Energien bleiben dadurch lange Zeit auf dem Niveau<\/strong> des Ursprungs erhalten. Diese einzigartige Kombination bietet einen <strong>optimalen Schutz vor Alterungsprozessen. <\/strong>Diese k\u00f6nnen n\u00e4mlich durch sichtbares Licht ausgel\u00f6st werden.<\/p>\n<h3>Kurz gesagt:<\/h3>\n<p>Es gibt aus meiner Sicht keine bessere Lagerungsm\u00f6glichkeit f\u00fcr die Chlordioxid L\u00f6sungen. Daher ist es ein ausgesprochenes Premium Produkt f\u00fcr sehr hohe Anspr\u00fcche.<\/p>\n<p class=\"Normal\">F\u00fcr deine Chlordioxid L\u00f6sungen gibt es \u00fcbrigens auch andere Abk\u00fcrzungen, wie zum Beispiel:<br \/>\nCDL, bedeutet <strong><span class=\"tm6\">C<\/span><\/strong>hlor <strong><span class=\"tm6\">D<\/span><\/strong>ioxid<strong><span class=\"tm6\"> L<\/span><\/strong>\u00f6sung.<br \/>\nCDS, bedeutet <strong><span class=\"tm6\">C<\/span><\/strong>hlorine<strong><span class=\"tm6\"> D<\/span><\/strong>ioxide <strong><span class=\"tm6\">S<\/span><\/strong>olution (englische Abk\u00fcrzung).<br \/>\nCDH, bedeutet <strong><span class=\"tm6\">C<\/span><\/strong>hlor<strong><span class=\"tm6\">d<\/span><\/strong>ioxid <strong><span class=\"tm6\">H<\/span><\/strong>altbar.<\/p>\n<h3 class=\"Normal\"><strong><span class=\"tm6\">CDL3000 TOP Premium &#8211; Hinweise:<\/span><\/strong><\/h3>\n<p class=\"Normal\">Dieses CDL3000 TOP Premium wird <strong><span class=\"tm6\">frisch und mit Liebe<\/span><\/strong> f\u00fcr dich im Elektrolyseverfahren hergestellt. Es wird in einer hochwertigen Mironglasflasche geliefert. Diese L\u00f6sung ist durch ihre Reinheit ein kleines bisschen heller, als die \u00fcblichen <a href=\"https:\/\/shop.nlq24.eu\/de\/produkt\/cds-cdl-chlordioxid-loesung-cdh3000\/\">CDH.<\/a><\/p>\n<p>Zur verlustfreien Abf\u00fcllung erh\u00e4ltst du automatisch ein Doser-System welches daf\u00fcr sorgt, dass das Chlordioxid Gas auch bei der Entnahme der Chlordioxid L\u00f6sung nicht unn\u00f6tig in die Luft entweicht.<\/p>\n<p>Zur weiteren Verwendung und Abf\u00fcllung kannst du hier einen <a href=\"https:\/\/shop.nlq24.eu\/de\/produkt\/messbecher-100-ml-bestaendiges-pp-blaue-skala\/\">Messbecher<\/a> und einen <a href=\"https:\/\/shop.nlq24.eu\/de\/product-category\/dosieren-abmessen\/trichter-zum-abfuellen\/\">Trichter<\/a> dazu bestellen.<\/p>\n<p class=\"Normal\">Die CDL3000-Fl\u00fcssigkeit kann unverd\u00fcnnt organisches Material entf\u00e4rben. Nach Einatmen von \u00fcber der Fl\u00fcssigkeit befindlichem Gas, sorge f\u00fcr Frischluft. Bei Kontakt mit den Augen, sp\u00fcle das Auge bei ge\u00f6ffnetem Lidspalt mit Wasser. Nach versehentlichem Verschlucken, trinke reichlich Wasser zur Verd\u00fcnnung. Solltest du anhaltende Beschwerden haben, suche einen Arzt oder Heilpraktiker auf. Lasse keine gr\u00f6\u00dferen Mengen in die Kanalisation oder Gew\u00e4sser gelangen. Lagere CDL3000 TOP Premium k\u00fchl in der geschlossenen Flasche.<\/p>\n","protected":false},"excerpt":{"rendered":"<p>CDL3000 TOP Premium 250 ml in violetter Mironglasflasche mit Dosier System mit 6 ml Spritze<br \/>\nCDL vorsichtig verwenden. Vor Gebrauch stets das Etikett und die Produktinformation lesen.<\/p>\n","protected":false},"featured_media":84023,"comment_status":"open","ping_status":"closed","template":"","meta":[],"product_brand":[],"product_cat":[31,81,3662],"product_tag":[3579,68,3580,124,706],"class_list":{"0":"post-83655","1":"product","2":"type-product","3":"status-publish","4":"has-post-thumbnail","6":"product_cat-cdh3000-cdl3000","7":"product_cat-alle-produkte-im-ueberblick","8":"product_cat-cdl3000","9":"product_tag-cdl-eingegast","10":"product_tag-chlordioxid-loesung","11":"product_tag-cdl-ohne-aktivator","12":"product_tag-cdl","13":"product_tag-cds-cdl","14":"product_shipping_class-standard","16":"first","17":"instock","18":"taxable","19":"shipping-taxable","20":"purchasable","21":"product-type-simple"},"_links":{"self":[{"href":"https:\/\/shop.nlq24.eu\/de\/wp-json\/wp\/v2\/product\/83655","targetHints":{"allow":["GET"]}}],"collection":[{"href":"https:\/\/shop.nlq24.eu\/de\/wp-json\/wp\/v2\/product"}],"about":[{"href":"https:\/\/shop.nlq24.eu\/de\/wp-json\/wp\/v2\/types\/product"}],"replies":[{"embeddable":true,"href":"https:\/\/shop.nlq24.eu\/de\/wp-json\/wp\/v2\/comments?post=83655"}],"wp:featuredmedia":[{"embeddable":true,"href":"https:\/\/shop.nlq24.eu\/de\/wp-json\/wp\/v2\/media\/84023"}],"wp:attachment":[{"href":"https:\/\/shop.nlq24.eu\/de\/wp-json\/wp\/v2\/media?parent=83655"}],"wp:term":[{"taxonomy":"product_brand","embeddable":true,"href":"https:\/\/shop.nlq24.eu\/de\/wp-json\/wp\/v2\/product_brand?post=83655"},{"taxonomy":"product_cat","embeddable":true,"href":"https:\/\/shop.nlq24.eu\/de\/wp-json\/wp\/v2\/product_cat?post=83655"},{"taxonomy":"product_tag","embeddable":true,"href":"https:\/\/shop.nlq24.eu\/de\/wp-json\/wp\/v2\/product_tag?post=83655"}],"curies":[{"name":"wp","href":"https:\/\/api.w.org\/{rel}","templated":true}]}}