{"id":83746,"date":"2023-12-04T11:28:43","date_gmt":"2023-12-04T11:28:43","guid":{"rendered":"https:\/\/shop.nlq24.eu\/?post_type=product&#038;p=83746"},"modified":"2026-03-12T08:45:44","modified_gmt":"2026-03-12T08:45:44","slug":"pipette-fuer-miron-glasflasche-din18-95-schwarz","status":"publish","type":"product","link":"https:\/\/shop.nlq24.eu\/de\/Produkt\/pipette-fuer-miron-glasflasche-din18-95-schwarz\/","title":{"rendered":"Pipette f\u00fcr Miron Glasflasche DIN18, 95 mm schwarz"},"content":{"rendered":"<p><strong>Pipette f\u00fcr Miron Glasflasche DIN18, 95 mm schwarz <\/strong><\/p>\n<ul>\n<li><strong>hat einen weichen Balg, der eine hohe Menge aufnimmt.<\/strong><\/li>\n<\/ul>\n<p><strong>Diese Pipette passt optimal in die DIN18 <a href=\"https:\/\/shop.nlq24.eu\/de\/Produkt\/miron-glasflasche\/\"><span style=\"text-decoration: underline;\">Miron<\/span> Glasflasche mit 50 ml<\/a> Volumen und auch in die Braunglasflasche 100 ml Volumen.\u00a0<\/strong><\/p>\n<p>Um Sie zu nutzen, brauchst du diese Pipette nur einfach auf deine DIN18 Miron Glasflasche aufschrauben. F\u00fcr kleinere Miron Glasflaschen als 50 ml DIN18, ist diese Pipette nicht geeignet.<\/p>\n<p>Du kannst diese Pipette nat\u00fcrlich auch f\u00fcr andere Glasflaschen mit der M\u00fcndung DIN18 benutzen.<\/p>\n<p>Das m\u00f6gliche Volumen pro Hub liegt bei ca. <strong>1,0 ml<\/strong>. Der Verschluss besteht aus PE. Der Balg aus Nitril-Gummi und das R\u00f6hrchen aus Glas. Die Farbe des Balges und Kopfes der Pipette ist<strong>\u00a0schwarz<\/strong>.<\/p>\n<p>Auch innen ist die Pipette schwarz, was bei Mironglas F\u00fcllungen wichtig ist, damit keine Reflektion stattfindet.<\/p>\n<p>Ma\u00dfe: 7,25 x 95 mm<\/p>\n<p>L\u00e4nge: 95 mm (Glask\u00f6rper)<\/p>\n<p>Durchmesser: 24,7 mm<\/p>\n<p>Material des Verschlusse: PP<\/p>\n<p>Material des Balges: nbr<\/p>\n<p>&nbsp;<\/p>\n","protected":false},"excerpt":{"rendered":"<p>Pipette f\u00fcr Miron Glasflasche DIN18, 95 mm<\/p>\n","protected":false},"featured_media":83749,"comment_status":"open","ping_status":"closed","template":"","meta":[],"product_brand":[],"product_cat":[43,81,89,109,327,328,843],"product_tag":[3585,3586,530],"class_list":{"0":"post-83746","1":"product","2":"type-product","3":"status-publish","4":"has-post-thumbnail","6":"product_cat-dosieren-abmessen","7":"product_cat-alle-produkte-im-ueberblick","8":"product_cat-glasflaschen","9":"product_cat-verschluesse-din18","10":"product_cat-verschluesse-und-zubehoer","11":"product_cat-flaschen-verschluesse-zubehoer","12":"product_cat-pipetten","13":"product_tag-pipette-95","14":"product_tag-pipette-mironglas","15":"product_tag-din18","16":"product_shipping_class-standard","18":"first","19":"instock","20":"taxable","21":"shipping-taxable","22":"purchasable","23":"product-type-simple"},"_links":{"self":[{"href":"https:\/\/shop.nlq24.eu\/de\/wp-json\/wp\/v2\/product\/83746","targetHints":{"allow":["GET"]}}],"collection":[{"href":"https:\/\/shop.nlq24.eu\/de\/wp-json\/wp\/v2\/product"}],"about":[{"href":"https:\/\/shop.nlq24.eu\/de\/wp-json\/wp\/v2\/types\/product"}],"replies":[{"embeddable":true,"href":"https:\/\/shop.nlq24.eu\/de\/wp-json\/wp\/v2\/comments?post=83746"}],"wp:featuredmedia":[{"embeddable":true,"href":"https:\/\/shop.nlq24.eu\/de\/wp-json\/wp\/v2\/media\/83749"}],"wp:attachment":[{"href":"https:\/\/shop.nlq24.eu\/de\/wp-json\/wp\/v2\/media?parent=83746"}],"wp:term":[{"taxonomy":"product_brand","embeddable":true,"href":"https:\/\/shop.nlq24.eu\/de\/wp-json\/wp\/v2\/product_brand?post=83746"},{"taxonomy":"product_cat","embeddable":true,"href":"https:\/\/shop.nlq24.eu\/de\/wp-json\/wp\/v2\/product_cat?post=83746"},{"taxonomy":"product_tag","embeddable":true,"href":"https:\/\/shop.nlq24.eu\/de\/wp-json\/wp\/v2\/product_tag?post=83746"}],"curies":[{"name":"wp","href":"https:\/\/api.w.org\/{rel}","templated":true}]}}