{"id":84134,"date":"2024-02-09T18:37:52","date_gmt":"2024-02-09T18:37:52","guid":{"rendered":"https:\/\/shop.nlq24.eu\/?post_type=product&#038;p=84134"},"modified":"2025-10-15T14:06:06","modified_gmt":"2025-10-15T14:06:06","slug":"cdl3000-250-ml-nachfuellflasche-fuer-top-premium","status":"publish","type":"product","link":"https:\/\/shop.nlq24.eu\/de\/Produkt\/cdl3000-250-ml-nachfuellflasche-fuer-top-premium\/","title":{"rendered":"CDL3000 &#8211; 250 ml"},"content":{"rendered":"<h3 class=\"Normal\"><strong>CDL3000 &#8211; 250 ml<\/strong><\/h3>\n<p class=\"Normal\">Mit dieser CDL3000 &#8211; 250 ml Braunglasflasche kannst du deine wertvolle Mironglasflasche von deinem CDL3000 TOP Premium nachf\u00fcllen, wenn diese restlos entleert ist. Oder du benutzt es einfach so.<\/p>\n<p class=\"Normal\">CDL3000 ist eine Chlordioxid Variante mit allen Vorteilen von <a href=\"https:\/\/www.natao.org\/cdh3000-cdl-wasserdesinfektion.htm\">OX-IT<\/a><\/p>\n<p>Reinstes Chlordioxid in Wasser.<\/p>\n<p>Diese Flasche ist <strong>nicht<\/strong> mit einem <strong>Doser-System<\/strong> ausgestattet. M\u00f6chtest du die f\u00fcr die Braunglasflasche nachr\u00fcsten, ben\u00f6tigst du die Doser-Spritze, den passenden Deckel und den Doser-Einsatz. Das System findest du <a href=\"https:\/\/shop.nlq24.eu\/de\/produkt\/doser-system-6-28-mm-6-ml-spritze-einsatz-deckel\/\">HIER<\/a>.<\/p>\n<p><strong>Verf\u00fcgbarkeit:<\/strong> Da das CDL3000 immer frisch hergestellt wird, kann es vorkommen, dass es nicht st\u00e4ndig und in jeder Menge verf\u00fcgbar ist.<\/p>\n<p>CDL bedeutet <strong>C<\/strong>hlor <strong>D<\/strong>ioxid <strong>L<\/strong>\u00f6sung. Sie hat einen Chlordioxid-Anteil von &lt; 0,3 %, wird in einem zeitaufwendigen Elektrolyseverfahren hergestellt und hat eine hohe Reinheit \u2013 von bis zu 99,99 %.<\/p>\n<p class=\"Normal\">Bei der Herstellung wird keine S\u00e4ure (Aktivator) verwendet, was den S\u00e4urewert gering ausfallen l\u00e4sst. Das sich aus dem Natriumchlorit bildende Chlordioxid Gas wird in kaltes Umkehr-Osmose-Wasser eingeleitet, bis es die maximale S\u00e4ttigung erreicht. Nun haben wir eine perfekte und sehr reine Chlordioxid L\u00f6sung.<\/p>\n<h3 class=\"Normal\"><strong><span class=\"tm6\">CDL3000 &#8211; Hinweise:<\/span><\/strong><\/h3>\n<p class=\"Normal\">Dieses CDL3000 wird <strong><span class=\"tm6\">frisch und mit Liebe<\/span><\/strong> f\u00fcr dich im Elektrolyseverfahren hergestellt. Diese Chlordioxid L\u00f6sung ist durch ihre Reinheit ein kleines bisschen heller, als die \u00fcblichen <a href=\"https:\/\/shop.nlq24.eu\/de\/produkt\/cds-cdl-chlordioxid-loesung-cdh3000\/\">CDH L\u00f6sungen<\/a>.<\/p>\n<p>Zur Verlustfreien Abf\u00fcllung kannst du hier einen <a href=\"https:\/\/shop.nlq24.eu\/de\/produkt\/messbecher-100-ml-bestaendiges-pp-blaue-skala\/\">Messbecher<\/a> und einen <a href=\"https:\/\/shop.nlq24.eu\/de\/product-category\/dosieren-abmessen\/trichter-zum-abfuellen\/\">Trichter<\/a>\u00a0erwerben.<\/p>\n<p class=\"Normal\">Die CDL3000-Fl\u00fcssigkeit kann unverd\u00fcnnt organisches Material entf\u00e4rben. Nach Einatmen von \u00fcber der Fl\u00fcssigkeit befindlichem Gas, sorge f\u00fcr Frischluft. Bei Kontakt mit den Augen, sp\u00fcle das Auge bei ge\u00f6ffnetem Lidspalt mit Wasser. Nach versehentlichem Verschlucken, trinke reichlich Wasser zur Verd\u00fcnnung. Solltest du anhaltende Beschwerden haben, suche einen Arzt oder Heilpraktiker auf. Lasse keine gr\u00f6\u00dferen Mengen in die Kanalisation oder Gew\u00e4sser gelangen. Lagere CDL3000 k\u00fchl und dunkel in der geschlossenen Flasche.<\/p>\n","protected":false},"excerpt":{"rendered":"<p>CDL3000 &#8211; 250 ml CDL\/CDS in Braunglasflasche<br \/>\nCDL vorsichtig verwenden. Vor Gebrauch stets das Etikett und die Produktinformation lesen.<\/p>\n","protected":false},"featured_media":88686,"comment_status":"open","ping_status":"closed","template":"","meta":[],"product_brand":[],"product_cat":[31,81,3662],"product_tag":[3579,68,3580,3595,124,706],"class_list":{"0":"post-84134","1":"product","2":"type-product","3":"status-publish","4":"has-post-thumbnail","6":"product_cat-cdh3000-cdl3000","7":"product_cat-alle-produkte-im-ueberblick","8":"product_cat-cdl3000","9":"product_tag-cdl-eingegast","10":"product_tag-chlordioxid-loesung","11":"product_tag-cdl-ohne-aktivator","12":"product_tag-cdl3000","13":"product_tag-cdl","14":"product_tag-cds-cdl","15":"product_shipping_class-standard","17":"first","18":"instock","19":"taxable","20":"shipping-taxable","21":"purchasable","22":"product-type-simple"},"_links":{"self":[{"href":"https:\/\/shop.nlq24.eu\/de\/wp-json\/wp\/v2\/product\/84134","targetHints":{"allow":["GET"]}}],"collection":[{"href":"https:\/\/shop.nlq24.eu\/de\/wp-json\/wp\/v2\/product"}],"about":[{"href":"https:\/\/shop.nlq24.eu\/de\/wp-json\/wp\/v2\/types\/product"}],"replies":[{"embeddable":true,"href":"https:\/\/shop.nlq24.eu\/de\/wp-json\/wp\/v2\/comments?post=84134"}],"wp:featuredmedia":[{"embeddable":true,"href":"https:\/\/shop.nlq24.eu\/de\/wp-json\/wp\/v2\/media\/88686"}],"wp:attachment":[{"href":"https:\/\/shop.nlq24.eu\/de\/wp-json\/wp\/v2\/media?parent=84134"}],"wp:term":[{"taxonomy":"product_brand","embeddable":true,"href":"https:\/\/shop.nlq24.eu\/de\/wp-json\/wp\/v2\/product_brand?post=84134"},{"taxonomy":"product_cat","embeddable":true,"href":"https:\/\/shop.nlq24.eu\/de\/wp-json\/wp\/v2\/product_cat?post=84134"},{"taxonomy":"product_tag","embeddable":true,"href":"https:\/\/shop.nlq24.eu\/de\/wp-json\/wp\/v2\/product_tag?post=84134"}],"curies":[{"name":"wp","href":"https:\/\/api.w.org\/{rel}","templated":true}]}}