{"id":84307,"date":"2024-02-22T10:32:14","date_gmt":"2024-02-22T10:32:14","guid":{"rendered":"https:\/\/shop.nlq24.eu\/?post_type=product&#038;p=84307"},"modified":"2025-04-19T18:00:09","modified_gmt":"2025-04-19T18:00:09","slug":"doser-system-6-ml-bestaendig-din18mm","status":"publish","type":"product","link":"https:\/\/shop.nlq24.eu\/de\/Produkt\/doser-system-6-ml-bestaendig-din18mm\/","title":{"rendered":"Doser-System 6 ml best\u00e4ndig &#8211; DIN18"},"content":{"rendered":"<p class=\"Normal\"><strong><span class=\"tm6\">Hier findest du das Dosiersystem: Doser-System 6 ml best\u00e4ndig &#8211; f\u00fcr die kleinen Flaschen aus braunem Glas (von 10 bis 100 ml Volumen). Es passt also zur M\u00fcndungsgr\u00f6\u00dfe des Flaschenhalses von DIN18 (18 mm)!<\/span><\/strong><\/p>\n<p>Dieses Dosiersystem hilft bei der genauen Dosierung von Fl\u00fcssigkeiten, wie: Wasser, S\u00e4fte, <a href=\"https:\/\/shop.nlq24.eu\/de\/produkt\/cds-cdl-chlordioxid-loesung-cdh3000\/\">CDH3000<\/a>\/CDS\/<a href=\"https:\/\/shop.nlq24.eu\/de\/produkt\/cdl3000-top-premium-250-ml-mit-dosiersystem\/\">CDL<\/a>, <a href=\"https:\/\/shop.nlq24.eu\/de\/produkt\/dmso100-dimethylsulfoxid\/\">DMSO<\/a>, <a href=\"https:\/\/shop.nlq24.eu\/de\/produkt\/dmkb-dmso-magnesium-kalium-borax-loesung\/\">DMKB<\/a>, <a href=\"https:\/\/shop.nlq24.eu\/de\/produkt\/mkb-magnesium-kalium-borax-mischung-in-glasflasche-100-ml\/\">MKB Vital<\/a>, <a href=\"https:\/\/shop.nlq24.eu\/de\/produkt\/natriumchlorit-25-loesung\/\">Natriumchlorit 25 %<\/a>, <a href=\"https:\/\/shop.nlq24.eu\/de\/produkt\/salzsaeure-4\/\">Salzs\u00e4ure 4%<\/a> , <a href=\"https:\/\/shop.nlq24.eu\/de\/produkt\/milchsaeure-21-rechtsdrehend\/\">Milchs\u00e4ure 21 %<\/a> etc. einfach zu entnehmen und gleichzeitig abzumessen!<\/p>\n<p>Die Spritze dieses Systems ist, bezogen auf die Skala viel best\u00e4ndiger, als die Spritze vom <a href=\"https:\/\/shop.nlq24.eu\/de\/produkt\/doser-system-10-fuer-glasflasche-28-mm\/\">Doser-System 10 ml<\/a>, welches altbekannt ist.<\/p>\n<p class=\"Normal\"><strong><span class=\"tm6\">Die im Bild gezeigte Flasche ist im NICHT im Angebot enthalten. Sie dient nur zur Darstellung, wie das System an einer Flasche aussieht.<br \/>\n<\/span><\/strong><\/p>\n<p class=\"Normal\"><strong><span class=\"tm6\">Der Doser<\/span><\/strong> (die Spritze) ist ein Teil des <strong><span class=\"tm6\">ORIGINAL Doser-System. Es passt sowohl f\u00fcr die braunen <a href=\"https:\/\/shop.nlq24.eu\/de\/produkt\/glasflasche-din18-vario\/\">Glasflaschen mit der \u00d6ffnung DIN18<\/a> (18 mm) als auch auf <\/span><\/strong><strong><span class=\"tm6\">Miron Glasflaschen mit der selben \u00d6ffnungsgr\u00f6\u00dfe in 50 und 100 ml, siehe: <a href=\"https:\/\/shop.nlq24.eu\/de\/produkt\/miron-glasflasche\/\">Mironglasflasche<\/a>.<\/span><\/strong><\/p>\n<p class=\"Normal\">Das Volumen der <strong>Doser-Spritze<\/strong> (Doser) betr\u00e4gt 6 ml. Sie ist <strong>handlich und klein<\/strong>.<\/p>\n<p>&nbsp;<\/p>\n<h3>Wie installiere ich das Doser-System nachtr\u00e4glich?<\/h3>\n<h3>&#8211; Der Doser-Einsatz:<\/h3>\n<p class=\"Normal\">Durch das Hineindr\u00fccken des <a href=\"https:\/\/shop.nlq24.eu\/de\/produkt\/doser-einsatz-din18\/\">Doser-Einsatz<\/a> in den Hals einer DIN18 Flasche, wird dieser in der Gr\u00f6\u00dfe reduziert und die \u00d6ffnung stark verkleinert. Dies sorgt daf\u00fcr, dass gashaltige Substanzen, wie CDL \/ CDS nicht beim \u00d6ffnen der Flasche in gr\u00f6\u00dferen Mengen in die Luft str\u00f6men und die Kraft der L\u00f6sung reduzieren. Dadurch h\u00e4lt die L\u00f6sung viel l\u00e4nger und man kann .<\/p>\n<p><img loading=\"lazy\" decoding=\"async\" class=\"size-medium wp-image-612 aligncenter\" src=\"https:\/\/shop.nlq24.eu\/wp-content\/uploads\/2018\/09\/Dosereinsatz-in-Flasche-dr\u00fccken-203x300.jpg\" alt=\"\" width=\"203\" height=\"300\" srcset=\"https:\/\/shop.nlq24.eu\/wp-content\/uploads\/2018\/09\/Dosereinsatz-in-Flasche-dr\u00fccken-203x300.jpg 203w, https:\/\/shop.nlq24.eu\/wp-content\/uploads\/2018\/09\/Dosereinsatz-in-Flasche-dr\u00fccken-466x689.jpg 466w, https:\/\/shop.nlq24.eu\/wp-content\/uploads\/2018\/09\/Dosereinsatz-in-Flasche-dr\u00fccken-768x1136.jpg 768w, https:\/\/shop.nlq24.eu\/wp-content\/uploads\/2018\/09\/Dosereinsatz-in-Flasche-dr\u00fccken-692x1024.jpg 692w, https:\/\/shop.nlq24.eu\/wp-content\/uploads\/2018\/09\/Dosereinsatz-in-Flasche-dr\u00fccken-510x754.jpg 510w, https:\/\/shop.nlq24.eu\/wp-content\/uploads\/2018\/09\/Dosereinsatz-in-Flasche-dr\u00fccken.jpg 1011w\" sizes=\"auto, (max-width: 203px) 100vw, 203px\" \/><\/p>\n<p>In diesen Doser-Einsatz passt nun der so genannte Doser (eine Dosierspritze) welche bei diesem Produkt \u00fcber ein Volumen von 6 ml verf\u00fcgt.<\/p>\n<p>Es gibt auch Doser-Systeme mit anderem Volumen, z.B. das <a href=\"https:\/\/shop.nlq24.eu\/de\/Produkt\/doser-system-12-ml-din18\/\">Doser-System best\u00e4ndiger mit 12 ml Spritze<\/a>.<\/p>\n<h3><\/h3>\n<h3><strong>Der Doser &#8211; Die Dosierspritze<\/strong><\/h3>\n<p>Der<strong> Doser<\/strong> wiederum, <strong>passt<\/strong> genau <strong>in den Doser-Einsatz<\/strong>.<\/p>\n<p>&nbsp;<\/p>\n<h3><strong>Wie benutze ich das Doser-System richtig?<\/strong><\/h3>\n<p class=\"Normal\">Um aus der Flasche, welche du mit dem Doser-Einsatz ausgestattet hast Fl\u00fcssigkeit zu<strong> entnehmen<\/strong> und <strong>gleichzeitig sauber abzumessen<\/strong>, kannst du wie folgt vorgehen:<\/p>\n<ol>\n<li class=\"Normal\">Doser &#8211; Dosierspritze in den Doser Einsatz der Flasche stecken (fest andr\u00fccken)<\/li>\n<li class=\"Normal\">Die Flasche mit der einen Hand leicht kippen, bis Fl\u00fcssigkeit an den Doser gelangt.<\/li>\n<li class=\"Normal\">Nun die Fl\u00fcssigkeit mit der anderen Hand in den Doser (Dosierspritze) aufziehen.<\/li>\n<li class=\"Normal\">Doser wieder herausziehen und die Flasche verschlie\u00dfen.<\/li>\n<\/ol>\n<p>Nun kannst du die abgemessene Fl\u00fcssigkeit verwenden.<\/p>\n<p>Der St\u00f6\u00dfel im Doser ist aus dem Material PE und somit sehr best\u00e4ndig.<\/p>\n<p>So kannst du mit dem Doser-Einsatz und dem pass genauen Doser <strong>Fl\u00fcssigkeiten<\/strong> aus diesen Flaschen <strong>entnehmen<\/strong>. Und dies <strong>ohne Verluste<\/strong> und ganz sauber. Das Tolle an diesem System ist, dass du die Fl\u00fcssigkeit beim Aufziehen in den Doser<strong> gleichzeitig abmessen<\/strong> kannst. Dies erm\u00f6glicht die Graduierung, welche in <strong>0,25 ml &#8211; Schritte aufgeteilt ist<\/strong>. So kannst du viertel, und auch halbe Milliliter wunderbar ablesen und dadurch <strong>sehr genau dosieren.<\/strong> Damit hast du klaren Vorteil gegen\u00fcber dem Abmessen mit einem <a href=\"https:\/\/shop.nlq24.eu\/de\/produkt\/messbecher-100-ml-bestaendiges-pp-blaue-skala\/\">Messbecher<\/a>, welcher sich nicht so genau ablesen l\u00e4sst.<\/p>\n<p class=\"Normal\">Das <strong>Doser-System passt also f\u00fcr die g\u00e4ngigen Medizin-Glasflaschen mit der kleinen DIN18 <\/strong><strong>\u00d6ffnung. <\/strong><\/p>\n<h3 class=\"Normal\"><strong><span class=\"tm6\">Mein Pflege-TIPP f\u00fcr Doser-System 6 ml best\u00e4ndig &#8211; DIN18:<\/span><\/strong><\/h3>\n<div>Pflegehinweis: Damit der Doser (die Spritze) leichtg\u00e4ngig bleibt, sp\u00fcle diesen gleich nach der Benutzung mit klarem Wasser.<\/div>\n<div>Ist er einmal sehr schwerg\u00e4ngig, ziehe den St\u00f6\u00dfel der Spritze komplett aus dieser heraus und benetze die Spitze des St\u00f6\u00dfels mit Speise\u00f6l. Nun schiebe diesen wieder in den K\u00f6rper der Spritze und bewege diesen ein paar Mal auf und ab. Nun ist sie wieder leichtg\u00e4ngiger.<\/div>\n<p>Dieses System passt zu <a href=\"https:\/\/www.natao.org\/cdh3000-cdl-wasserdesinfektion.htm\">OX-IT<\/a> Produkten in DIN18 (Durchmesser des Flaschenhalses).<\/p>\n","protected":false},"excerpt":{"rendered":"<p>Doser-System 6 &#8211; DIN18 mm<\/p>\n","protected":false},"featured_media":86902,"comment_status":"open","ping_status":"closed","template":"","meta":[],"product_brand":[],"product_cat":[43,46,81,113],"product_tag":[732,83,286,294,3368,3369,3632],"class_list":{"0":"post-84307","1":"product","2":"type-product","3":"status-publish","4":"has-post-thumbnail","6":"product_cat-dosieren-abmessen","7":"product_cat-doser-fuer-pp28-flaschen","8":"product_cat-alle-produkte-im-ueberblick","9":"product_cat-verschluesse-fuer-pp28-glasflaschen","10":"product_tag-dosierpipette","11":"product_tag-cdh-doser","12":"product_tag-dosierspritze","13":"product_tag-doser-einsatz","14":"product_tag-doser-28mm","15":"product_tag-pp28-doser","16":"product_tag-doser6","17":"product_shipping_class-standard","19":"first","20":"instock","21":"taxable","22":"shipping-taxable","23":"purchasable","24":"product-type-variable"},"_links":{"self":[{"href":"https:\/\/shop.nlq24.eu\/de\/wp-json\/wp\/v2\/product\/84307","targetHints":{"allow":["GET"]}}],"collection":[{"href":"https:\/\/shop.nlq24.eu\/de\/wp-json\/wp\/v2\/product"}],"about":[{"href":"https:\/\/shop.nlq24.eu\/de\/wp-json\/wp\/v2\/types\/product"}],"replies":[{"embeddable":true,"href":"https:\/\/shop.nlq24.eu\/de\/wp-json\/wp\/v2\/comments?post=84307"}],"wp:featuredmedia":[{"embeddable":true,"href":"https:\/\/shop.nlq24.eu\/de\/wp-json\/wp\/v2\/media\/86902"}],"wp:attachment":[{"href":"https:\/\/shop.nlq24.eu\/de\/wp-json\/wp\/v2\/media?parent=84307"}],"wp:term":[{"taxonomy":"product_brand","embeddable":true,"href":"https:\/\/shop.nlq24.eu\/de\/wp-json\/wp\/v2\/product_brand?post=84307"},{"taxonomy":"product_cat","embeddable":true,"href":"https:\/\/shop.nlq24.eu\/de\/wp-json\/wp\/v2\/product_cat?post=84307"},{"taxonomy":"product_tag","embeddable":true,"href":"https:\/\/shop.nlq24.eu\/de\/wp-json\/wp\/v2\/product_tag?post=84307"}],"curies":[{"name":"wp","href":"https:\/\/api.w.org\/{rel}","templated":true}]}}