{"id":84971,"date":"2024-05-30T09:03:46","date_gmt":"2024-05-30T09:03:46","guid":{"rendered":"https:\/\/shop.nlq24.eu\/?post_type=product&#038;p=84971"},"modified":"2024-12-12T17:52:30","modified_gmt":"2024-12-12T17:52:30","slug":"durchflussbegrenzer-flow-restrictor-550","status":"publish","type":"product","link":"https:\/\/shop.nlq24.eu\/de\/Produkt\/durchflussbegrenzer-flow-restrictor-550\/","title":{"rendered":"Durchflussbegrenzer &#8211; Flow Restrictor 550"},"content":{"rendered":"<p>Dieser Durchflussbegrenzer (Flow Restrictor) regelt den Durchflussmengen vom Abwasser bei diesen <a href=\"https:\/\/shop.nlq24.eu\/de\/produkt\/umkehrosmoseanlage-smart-premium\/\">Umkehrosmose Anlagen Smart<\/a>. Und der <a href=\"https:\/\/shop.nlq24.eu\/de\/produkt\/umkehrosmoseanlage-7-star-energy-einfach\/\">Anlage 7-Star<\/a>.<\/p>\n<p>Ist dieser Defekt, flie\u00dft kein Wasser mehr durch die Anlage.<\/p>\n<p>Der Durchflussbegrenzer Flow 550 begrenzt die Abwassermenge auf 550 ml \/ Minute. Dieser ist n\u00f6tig, damit das Wasserverh\u00e4ltnis nicht zu hoch wird.<\/p>\n<h3><strong>Montage des Durchflussbegrenzer:<\/strong><\/h3>\n<p>F\u00fcr die Demontage des alten Durchflussbegrenzers m\u00fcssen die blauen Sicherungsclips entfernt werden. Dann die Wulst, welche frei wird zusammendr\u00fccken und den Schlauch herausziehen.<\/p>\n<p>Zum Einbau diese Aktion anders herum ausf\u00fchren. Wulst wieder zusammendr\u00fccken, Schlauch einf\u00fchren\u00a0 und fest hineindr\u00fccken. Dann den blauen Clip wieder befestigen.<\/p>\n","protected":false},"excerpt":{"rendered":"<p>Der Durchflussbegrenzer Flow 550<\/p>\n","protected":false},"featured_media":0,"comment_status":"closed","ping_status":"closed","template":"","meta":[],"product_brand":[],"product_cat":[54],"product_tag":[],"class_list":{"0":"post-84971","1":"product","2":"type-product","3":"status-publish","5":"product_cat-umkehrosmose-zubehoer","7":"first","8":"outofstock","9":"taxable","10":"shipping-taxable","11":"purchasable","12":"product-type-simple"},"_links":{"self":[{"href":"https:\/\/shop.nlq24.eu\/de\/wp-json\/wp\/v2\/product\/84971","targetHints":{"allow":["GET"]}}],"collection":[{"href":"https:\/\/shop.nlq24.eu\/de\/wp-json\/wp\/v2\/product"}],"about":[{"href":"https:\/\/shop.nlq24.eu\/de\/wp-json\/wp\/v2\/types\/product"}],"replies":[{"embeddable":true,"href":"https:\/\/shop.nlq24.eu\/de\/wp-json\/wp\/v2\/comments?post=84971"}],"wp:attachment":[{"href":"https:\/\/shop.nlq24.eu\/de\/wp-json\/wp\/v2\/media?parent=84971"}],"wp:term":[{"taxonomy":"product_brand","embeddable":true,"href":"https:\/\/shop.nlq24.eu\/de\/wp-json\/wp\/v2\/product_brand?post=84971"},{"taxonomy":"product_cat","embeddable":true,"href":"https:\/\/shop.nlq24.eu\/de\/wp-json\/wp\/v2\/product_cat?post=84971"},{"taxonomy":"product_tag","embeddable":true,"href":"https:\/\/shop.nlq24.eu\/de\/wp-json\/wp\/v2\/product_tag?post=84971"}],"curies":[{"name":"wp","href":"https:\/\/api.w.org\/{rel}","templated":true}]}}