{"id":8528,"date":"2019-04-12T09:06:57","date_gmt":"2019-04-12T09:06:57","guid":{"rendered":"https:\/\/www.nlq24.de\/?post_type=product&#038;p=8528"},"modified":"2026-03-02T11:52:47","modified_gmt":"2026-03-02T11:52:47","slug":"zitronensaeure-50","status":"publish","type":"product","link":"https:\/\/shop.nlq24.eu\/de\/Produkt\/zitronensaeure-50\/","title":{"rendered":"Zitronens\u00e4ure 50%"},"content":{"rendered":"<div>Hier finden Sie Zitronens\u00e4ure 50 % in Top Qualit\u00e4t. Es handelt sich nicht um technische Qualit\u00e4t.<br \/>\nDiese Zitronens\u00e4ure wird mit Pilzkulturen aus Zuckerreststoffen in einem biologischen Umsetzungsprozess hergestellt.<\/div>\n<div>\n<hr \/>\n<p><strong>Dieses Produkt gibt es in den Varianten:<\/strong><br \/>\n30 ml PP-Flasche (bruchsicher) mit Tropfer,<br \/>\n50 ml Glasflasche mit Tropfer,<br \/>\n100 ml Glasflasche mit Tropfer,<br \/>\n100 ml PP-Flasche (bruchsicher) mit Tropfer,<br \/>\n250 ml Glasflasche PP28 ohne Tropfer,<br \/>\n500 ml Glasflasche PP28 ohne Tropfer.<\/p>\n<p><strong>Zitronens\u00e4ure 50% in w\u00e4ssriger L\u00f6sung:<\/strong><\/p>\n<p><img loading=\"lazy\" decoding=\"async\" class=\"\" src=\"https:\/\/shop.es-drei.de\/images\/ghs\/50px-GHS-pictogram-exclam.svg.jpg\" alt=\"GHS-Piktogramm-Ausrufezeichen\" width=\"64\" height=\"64\" \/><\/p>\n<p><strong>Achtung<\/strong><\/p>\n<p><strong>Gefahren- und Sicherheitshinweise:<\/strong> Verursacht schwere Augenreizung. BEI KONTAKT MIT DEN AUGEN: Einige Minuten lang behutsam mit Wasser sp\u00fclen. Vorhandene Kontaktlinsen nach M\u00f6glichkeit entfernen. Weiter sp\u00fclen. <span class=\"tm8\">Bei anhaltender Augenreizung, \u00e4rztlichen Rat einholen\/\u00e4rztliche Hilfe hinzuziehen. <\/span>Schutzhandschuhe \/ Schutzkleidung \/ Augenschutz \/ Gesichtsschutz tragen.<\/p>\n<\/div>\n","protected":false},"excerpt":{"rendered":"<p><strong>Zitronens\u00e4ure 50%, w\u00e4ssrige L\u00f6sung<\/strong><strong><br \/>\n<\/strong><\/p>\n","protected":false},"featured_media":75057,"comment_status":"open","ping_status":"closed","template":"","meta":[],"product_brand":[],"product_cat":[81,859],"product_tag":[875,876],"class_list":{"0":"post-8528","1":"product","2":"type-product","3":"status-publish","4":"has-post-thumbnail","6":"product_cat-alle-produkte-im-ueberblick","7":"product_cat-saeuren","8":"product_tag-zitronensaeure","9":"product_tag-zitronensaeure-50","10":"product_shipping_class-standard","11":"pa_flaschenart-pp-flasche-halbtransparent","12":"pa_flaschenart-glasflasche-din18","13":"pa_flaschenart-glasflasche-pp28","14":"pa_milliliter-10-ml","15":"pa_milliliter-30-ml","16":"pa_milliliter-50-ml","17":"pa_milliliter-100-ml","18":"pa_milliliter-250-ml","19":"pa_milliliter-500-ml","20":"pa_milliliter-1000-ml","22":"first","23":"instock","24":"taxable","25":"shipping-taxable","26":"purchasable","27":"product-type-variable"},"_links":{"self":[{"href":"https:\/\/shop.nlq24.eu\/de\/wp-json\/wp\/v2\/product\/8528","targetHints":{"allow":["GET"]}}],"collection":[{"href":"https:\/\/shop.nlq24.eu\/de\/wp-json\/wp\/v2\/product"}],"about":[{"href":"https:\/\/shop.nlq24.eu\/de\/wp-json\/wp\/v2\/types\/product"}],"replies":[{"embeddable":true,"href":"https:\/\/shop.nlq24.eu\/de\/wp-json\/wp\/v2\/comments?post=8528"}],"wp:featuredmedia":[{"embeddable":true,"href":"https:\/\/shop.nlq24.eu\/de\/wp-json\/wp\/v2\/media\/75057"}],"wp:attachment":[{"href":"https:\/\/shop.nlq24.eu\/de\/wp-json\/wp\/v2\/media?parent=8528"}],"wp:term":[{"taxonomy":"product_brand","embeddable":true,"href":"https:\/\/shop.nlq24.eu\/de\/wp-json\/wp\/v2\/product_brand?post=8528"},{"taxonomy":"product_cat","embeddable":true,"href":"https:\/\/shop.nlq24.eu\/de\/wp-json\/wp\/v2\/product_cat?post=8528"},{"taxonomy":"product_tag","embeddable":true,"href":"https:\/\/shop.nlq24.eu\/de\/wp-json\/wp\/v2\/product_tag?post=8528"}],"curies":[{"name":"wp","href":"https:\/\/api.w.org\/{rel}","templated":true}]}}