{"id":85452,"date":"2024-09-19T09:39:14","date_gmt":"2024-09-19T09:39:14","guid":{"rendered":"https:\/\/shop.nlq24.eu\/?post_type=product&#038;p=85452"},"modified":"2025-04-19T19:16:34","modified_gmt":"2025-04-19T19:16:34","slug":"doser-einsatz-glasflasche-pp28-system-6-und-12-ml","status":"publish","type":"product","link":"https:\/\/shop.nlq24.eu\/de\/Produkt\/doser-einsatz-glasflasche-pp28-system-6-und-12-ml\/","title":{"rendered":"Doser-Einsatz f\u00fcr Flasche PP28 &#8211; (6+12ml)"},"content":{"rendered":"<p class=\"Normal\"><strong>Der Doser-Einsatz<\/strong> ist auch ein Teil des <strong><span class=\"tm6\">ORIGINAL Doser-Systems (Dosiersystem) und passt nur zur Doser Spritze (Doser) welche 6 oder 12 ml Volumen hat in der M\u00fcndungsgr\u00f6\u00dfe PP28! Also f\u00fcr die gr\u00f6\u00dferen Flaschen mit dem Hals-\u00a0 Durchmesser von 28 mm.<br \/>\n<\/span><\/strong><\/p>\n<p>&nbsp;<\/p>\n<p class=\"Normal\">Dieser kleine Kunststoff-Einsatz nennt sich Doser-Einsatz. Du kannst diesen auch in die Miron Glasflaschen mit dem \u00d6ffnungsdurchmesser 28 mm (PP28) hineinpressen <span style=\"text-decoration: underline;\"><strong>au\u00dfer bei der Mironglasflasche 1 Liter<\/strong><\/span>. Nach dem Hineinpressen des Doser-Einsatzes hast du den Flaschenhals so verkleinert, dass der Doser (Dosierspritze 6 oder 12 ml) genau in diese Vorrichtung passt. Der Doser wiederum ist eine Art Dosierspritze. Damit kannst du Fl\u00fcssigkeiten aus diesen Flaschen entnehmen und abmessen. Und dies sauber und ohne Verluste. Das Tolle an diesem System ist, dass du Fl\u00fcssigkeit beim Aufziehen in den Doser gleichzeitig abmessen kannst. Dieser Doser-Einsatz passt sowohl in\u00a0 Braunglasflaschen wie auch in Mironglasflaschen der Gr\u00f6\u00dfe PP28.<\/p>\n<p>Sofern du vorher einen Tropfer in deiner Flasche hattest und diese umr\u00fcsten willst ben\u00f6tigst du einen Verschluss Deckel mit Schaum.<\/p>\n<p class=\"Normal\">Ben\u00f6tigst du Miron Glasflaschen, findest du diese <a href=\"https:\/\/shop.nlq24.eu\/produkt\/miron-glasflasche\/\">hier<\/a>.<\/p>\n<p class=\"Normal\">Ein komplettes Dosiersystem findest du <span style=\"color: #0000ff;\"><strong><a href=\"https:\/\/shop.nlq24.eu\/de\/produkt\/doser-system-bestaendig\/\">hier<\/a>.<\/strong><\/span><\/p>\n","protected":false},"excerpt":{"rendered":"<p>Doser-Einsatz f\u00fcr PP28 Glas-Flaschen mit 28 mm Durchmesser f\u00fcr (System 6 + 12 ml)<\/p>\n","protected":false},"featured_media":86946,"comment_status":"open","ping_status":"closed","template":"","meta":[],"product_brand":[],"product_cat":[43,46,81,3742],"product_tag":[3551,82,294,530,678],"class_list":{"0":"post-85452","1":"product","2":"type-product","3":"status-publish","4":"has-post-thumbnail","6":"product_cat-dosieren-abmessen","7":"product_cat-doser-fuer-pp28-flaschen","8":"product_cat-alle-produkte-im-ueberblick","9":"product_cat-alle-doser-systeme","10":"product_tag-doser-einsatz-din18","11":"product_tag-doser","12":"product_tag-doser-einsatz","13":"product_tag-din18","14":"product_tag-doser-system","15":"product_shipping_class-standard","16":"pa_milliliter-10-ml","17":"pa_milliliter-5-ml","19":"first","20":"instock","21":"taxable","22":"shipping-taxable","23":"purchasable","24":"product-type-simple"},"_links":{"self":[{"href":"https:\/\/shop.nlq24.eu\/de\/wp-json\/wp\/v2\/product\/85452","targetHints":{"allow":["GET"]}}],"collection":[{"href":"https:\/\/shop.nlq24.eu\/de\/wp-json\/wp\/v2\/product"}],"about":[{"href":"https:\/\/shop.nlq24.eu\/de\/wp-json\/wp\/v2\/types\/product"}],"replies":[{"embeddable":true,"href":"https:\/\/shop.nlq24.eu\/de\/wp-json\/wp\/v2\/comments?post=85452"}],"wp:featuredmedia":[{"embeddable":true,"href":"https:\/\/shop.nlq24.eu\/de\/wp-json\/wp\/v2\/media\/86946"}],"wp:attachment":[{"href":"https:\/\/shop.nlq24.eu\/de\/wp-json\/wp\/v2\/media?parent=85452"}],"wp:term":[{"taxonomy":"product_brand","embeddable":true,"href":"https:\/\/shop.nlq24.eu\/de\/wp-json\/wp\/v2\/product_brand?post=85452"},{"taxonomy":"product_cat","embeddable":true,"href":"https:\/\/shop.nlq24.eu\/de\/wp-json\/wp\/v2\/product_cat?post=85452"},{"taxonomy":"product_tag","embeddable":true,"href":"https:\/\/shop.nlq24.eu\/de\/wp-json\/wp\/v2\/product_tag?post=85452"}],"curies":[{"name":"wp","href":"https:\/\/api.w.org\/{rel}","templated":true}]}}