{"id":85634,"date":"2024-10-28T17:14:15","date_gmt":"2024-10-28T17:14:15","guid":{"rendered":"https:\/\/shop.nlq24.eu\/?post_type=product&#038;p=85634"},"modified":"2025-11-07T19:34:13","modified_gmt":"2025-11-07T19:34:13","slug":"kolloidales-zink-mit-silber-spezial","status":"publish","type":"product","link":"https:\/\/shop.nlq24.eu\/de\/Produkt\/kolloidales-zink-mit-silber-spezial\/","title":{"rendered":"Kolloidales Zink mit Silber Spezial"},"content":{"rendered":"<p>Das einzigartige <strong>hoch energetische Multi-Spektrum Kolloidales Zink mit Silber Spezial in <\/strong><\/p>\n<p><strong>50 oder 100 ml Miron &#8211; Violett Glasflasche!<\/strong><\/p>\n<p class=\"Normal tm5 tm6\"><span class=\"tm7\">Kaufe dir jetzt das einzigartige hochenergetische kolloidale Multispektrum-Supplement mit Zink und Nano Silber (Kolloidales Silber Spezial) in der Licht- und Frequenz sch\u00fctzenden Mironglaflasche. Entdecke die harmonische Kraft von Kolloidalem Zink 20 ppm, gut durchdacht angereichert mit Kolloidalem Nano Silber f\u00fcr ein verfeinertes Supplement. Diese einzigartige Mischung bietet eine feine Balance zwischen Zink- und Silberpartikeln in ultrareiner Form. Perfekt gemacht in h\u00f6chster Qualit\u00e4t und Reinheit.<\/span><\/p>\n<h3><strong>Enth\u00e4lt das unvergleichliche Kolloidale Silber Spezial!<\/strong><\/h3>\n<h3 class=\"Normal\">Dieses Kolloidales Zink mit Silber Spezial<\/h3>\n<p class=\"Normal\">enth\u00e4lt das <a href=\"https:\/\/shop.nlq24.eu\/de\/produkt\/kolloidales-silber-spezial-100-ml-in-mironglasflasche\/\">Kolloidales Silber Spezial<\/a> bei dem es sich um ein <strong>Nano-Silber handelt<\/strong>, welches nach einem v\u00f6llig einzigartigen Verfahren hergestellt wird. Das Dabei werden die kleinsten, reinsten Silberpartikel mit einem bipolaren<strong>\u00a0Mehrfrequenz-Hochspannungs-Resonanzsystem<\/strong> aufgelockert. Durch diese speziell ausgekl\u00fcgelte Methode, erh\u00e4ltst du ein <strong>sehr hochwertiges, pures kolloidales Silber <\/strong>in 10 ppm, welches mit einem <strong>Breitspektrum an Mehrfrequenzen<\/strong>, wie sie auch in der Natur vorkommen, informiert ist. Es findet einfach gesagt eine \u201eBlitzentladung\u201c zwischen den reinen Silberelektroden im destillierten Wasser statt. Dadurch l\u00f6sen sich die Silberpartikel los und beginnen zu schweben. Es handelt sich hier also nicht um einen Elektrolyse-Prozess (oxidieren). Diese Methode wurde durch Hessel Hoornveld entwickelt. Wer sich mit dem Thema auseinandergesetzt hat, wei\u00df, dass es <strong>nicht auf einen hohen Anteil an materiellem Silber (ppm) ankommt<\/strong>, sondern auf die frequente Wirkung. Und diese ist hier optimal.<\/p>\n<h3><strong>Lange Haltbarkeit!<\/strong><\/h3>\n<p>Die Qualit\u00e4t erkennt man auch an der Haltbarkeit dieses Spezialproduktes. Die Haltbarkeit bei geschlossener Flasche betr\u00e4gt bis zu 3 Jahre. Bei ge\u00f6ffneter Flasche bei 1 Jahr!<\/p>\n<h3 class=\"Normal\"><strong><span class=\"tm6\">Anwendungen von Kolloidales Zink mit Silber Spezial<\/span><\/strong><\/h3>\n<p class=\"Normal\">Es ist besonders geeignet f\u00fcr alle bekannten Anwendungen jedoch auf hochfrequente feinstoffliche Art.<\/p>\n<h3><strong>Spezielle Flasche &#8211; l\u00e4nger aktiv und haltbar<\/strong><\/h3>\n<h4 class=\"Normal tm7 tm11\"><span class=\"tm10\">Die Flasche von diesem speziellen kolloidalem Silber Produkt wird aus energetisierendem Violett-Glas (Mironglas) gefertigt. Dieses Glas besitzt ganz besondere Eigenschaften. Daher sollten Sie diese Flasche auch nach der Benutzung nicht wegwerfen! Sie k\u00f6nnen dieses dann noch sehr gut zur Aufbewahrung von Wasser oder auch anderen Produkten verwenden. Im Shop biete ich Ihnen \u00fcbrigens auch verschiedenen <a href=\"https:\/\/shop.nlq24.eu\/de\/Produkt\/miron-glasflasche\/\">Mironglas-Flaschen<\/a> an.<br \/>\n<\/span><\/h4>\n<h3 class=\"Normal tm7 tm11\"><strong><span class=\"tm6\">Weitere Informationen zu: <\/span><\/strong><strong><span class=\"tm6\">Kolloidales Zink mit Silber Spezial<\/span><\/strong><strong><span class=\"tm6\">\u00a0<\/span><\/strong><\/h3>\n<p class=\"Normal\">Die Werbung \u00fcber m\u00f6gliche positiven Effekte von kolloidalem Zink mit Silber ist nicht &#8222;gestattet&#8220;. Es gibt jedoch zahlreiche Informationen \u00fcber Erfahrungen. Du wei\u00dft schon \ud83d\ude09<\/p>\n<h3><strong>H\u00f6chste Silber-Qualit\u00e4t<\/strong><\/h3>\n<p class=\"Normal tm7 tm11\"><span class=\"tm10\">Der Hersteller verf\u00fcgt \u00fcber ein Feinsilber-Qualit\u00e4tszertifikat. Inhalt Ag 999,7 \u2030. <\/span><\/p>\n<p>Ein Produkt von <a href=\"http:\/\/www.natao.org\">Natao<\/a><\/p>\n","protected":false},"excerpt":{"rendered":"<p>Kolloidales Zink mit Silber Spezial in einer Mironglasflasche<\/p>\n","protected":false},"featured_media":86310,"comment_status":"open","ping_status":"closed","template":"","meta":[],"product_brand":[],"product_cat":[81,3680,1671,2879],"product_tag":[3672,1472,1473,1474],"class_list":{"0":"post-85634","1":"product","2":"type-product","3":"status-publish","4":"has-post-thumbnail","6":"product_cat-alle-produkte-im-ueberblick","7":"product_cat-kolloidale-produkte-2","8":"product_cat-kolloidales-silber-spezial","9":"product_cat-weihnachtstipps","10":"product_tag-kolloidales-zink","11":"product_tag-kolloidales-silber-spezial","12":"product_tag-kolloidales-silber","13":"product_tag-nano-silber","14":"product_shipping_class-standard","16":"first","17":"instock","18":"taxable","19":"shipping-taxable","20":"purchasable","21":"product-type-variable"},"_links":{"self":[{"href":"https:\/\/shop.nlq24.eu\/de\/wp-json\/wp\/v2\/product\/85634","targetHints":{"allow":["GET"]}}],"collection":[{"href":"https:\/\/shop.nlq24.eu\/de\/wp-json\/wp\/v2\/product"}],"about":[{"href":"https:\/\/shop.nlq24.eu\/de\/wp-json\/wp\/v2\/types\/product"}],"replies":[{"embeddable":true,"href":"https:\/\/shop.nlq24.eu\/de\/wp-json\/wp\/v2\/comments?post=85634"}],"wp:featuredmedia":[{"embeddable":true,"href":"https:\/\/shop.nlq24.eu\/de\/wp-json\/wp\/v2\/media\/86310"}],"wp:attachment":[{"href":"https:\/\/shop.nlq24.eu\/de\/wp-json\/wp\/v2\/media?parent=85634"}],"wp:term":[{"taxonomy":"product_brand","embeddable":true,"href":"https:\/\/shop.nlq24.eu\/de\/wp-json\/wp\/v2\/product_brand?post=85634"},{"taxonomy":"product_cat","embeddable":true,"href":"https:\/\/shop.nlq24.eu\/de\/wp-json\/wp\/v2\/product_cat?post=85634"},{"taxonomy":"product_tag","embeddable":true,"href":"https:\/\/shop.nlq24.eu\/de\/wp-json\/wp\/v2\/product_tag?post=85634"}],"curies":[{"name":"wp","href":"https:\/\/api.w.org\/{rel}","templated":true}]}}