{"id":86011,"date":"2024-12-13T18:16:00","date_gmt":"2024-12-13T18:16:00","guid":{"rendered":"https:\/\/shop.nlq24.eu\/?post_type=product&#038;p=86011"},"modified":"2026-01-19T10:18:08","modified_gmt":"2026-01-19T10:18:08","slug":"natriumchlorit-25-salzsaeure-4-set-100ml","status":"publish","type":"product","link":"https:\/\/shop.nlq24.eu\/de\/Produkt\/natriumchlorit-25-salzsaeure-4-set-100ml\/","title":{"rendered":"Natriumchlorit 25 % + Salzs\u00e4ure 4 % je 100 ml"},"content":{"rendered":"<p>Natriumchlorit 25%ige L\u00f6sung + Salzs\u00e4ure 4 % je 100 ml. Wird gern zusammen gekauft.<\/p>\n<p>Flaschen nicht mischen.<\/p>\n<p>Suchst du ein Set in einer anderen Menge oder mit anderen Flaschen, schaue <span style=\"text-decoration: underline;\"><strong><a href=\"https:\/\/shop.nlq24.eu\/de\/Produkt\/chlordioxid-set-typ-mms\/\">HIER<\/a><\/strong><\/span>.<\/p>\n<hr \/>\n<p><span class=\"style7\">Chemie vorsichtig verwenden und vor Gebrauch stets Etikett und Produktinformationen lesen.<\/span><\/p>\n<p><strong>Natriumchlorit L\u00f6sung 25 %<\/strong><strong>:<\/strong><\/p>\n<p><strong><img loading=\"lazy\" decoding=\"async\" class=\"alignnone size-full wp-image-55159\" src=\"https:\/\/shop.nlq24.eu\/wp-content\/uploads\/2019\/01\/Achtung-Ausrufezeichen-71x71-1.jpg\" alt=\"\" width=\"71\" height=\"71\" \/>\u00a0 \u00a0<\/strong><strong><br \/>\nAchtung\u00a0 \u00a0 \u00a0 \u00a0\u00a0<\/strong><\/p>\n<p class=\"Standard_1\"><span class=\"tm6\">Gefahren- und Sicherheitshinweise:<\/span><\/p>\n<p class=\"Standard_1\"><span class=\"tm6\">Vor Gebrauch stets Etikett + Produktinformationen lesen.<\/span><\/p>\n<p class=\"Standard_1\"><span class=\"tm6\">Entwickelt bei Ber\u00fchrung mit S\u00e4ure sehr giftige Gase. Gesundheitssch\u00e4dlich bei Verschlucken. Verursacht schwere Augenreizung. Gesundheitssch\u00e4dlich bei Einatmen. Gas\/Nebel\/Dampf\/Aerosol nicht einatmen. Darf nicht in die H\u00e4nde von Kindern gelangen.<\/span><\/p>\n<p class=\"Standard_1\"><span class=\"tm6\">Schutzhandschuhe\/Schutzkleidung, Augenschutz\/Gesichtsschutz tragen. Nur in Original Verpackung unter Verschluss aufbewahren. Bei Verschlucken: Sofort Giftinformationszentrum oder Arzt anrufen. Bei Kontakt mit den Augen: Einige Minuten lang behutsam mit Wasser aussp\u00fclen. Eventuell vorhandene Kontaktlinsen nach M\u00f6glichkeit entfernen. Weiter aussp\u00fclen. Ist \u00e4rztlicher Rat erforderlich, Kennzeichnungsetikett bereithalten.<\/span><\/p>\n<p>Dieses Gemisch enth\u00e4lt keine Stoffe, die als PBT- oder vPvB-Stoff beurteilt werden.<\/p>\n<p>Diese L\u00f6sung hat einen pH Wert unter 11.<\/p>\n<p>&nbsp;<\/p>\n<p><span class=\"style7\"><strong>Salzs\u00e4ure 4 %:<br \/>\n<\/strong><strong><img loading=\"lazy\" decoding=\"async\" class=\"alignnone size-full wp-image-55159\" src=\"https:\/\/shop.nlq24.eu\/wp-content\/uploads\/2019\/01\/Achtung-Ausrufezeichen-71x71-1.jpg\" alt=\"\" width=\"71\" height=\"71\" \/><br \/>\nAchtung<br \/>\n<\/strong><\/span>Kann gegen\u00fcber Metallen korrosiv sein. Verursacht Hautreizungen. Verursacht schwere Augenreizung. Bei Kontakt mit den Augen: Einige Minuten lang behutsam mit Wasser sp\u00fclen. Vorhandene Kontaktlinsen nach M\u00f6glichkeit entfernen. Weiter sp\u00fclen. Bei Verschlucken: Mund aussp\u00fclen. Kein Erbrechen herbeif\u00fchren. Schutzhandschuhe\/Schutzkleidung\/ Augenschutz\/Gesichtsschutz tragen. Bei der Mischung von Natriumchlorit 25% und S\u00e4ure entsteht Chlordioxid-Gas.<\/p>\n<p>Suchst du die Substanzen allein? Hier gelangst du zu <strong><a href=\"https:\/\/shop.nlq24.eu\/produkt\/natriumchlorit-25-loesung\/\">Natriumchlorit 25 %<\/a><\/strong> und hier zu den verschiedenen S\u00e4uren, wie <strong><a href=\"https:\/\/shop.nlq24.eu\/produkt\/salzsaeure-4\/\">Salzs\u00e4ure 4 %<\/a><\/strong>, <strong><a href=\"https:\/\/shop.nlq24.eu\/produkt\/milchsaeure-21-rechtsdrehend\/\">Milchs\u00e4ure 21 %<\/a><\/strong> und <strong><a href=\"https:\/\/shop.nlq24.eu\/produkt\/zitronensaeure-50\/\">Zitronens\u00e4ure 50 %<\/a><\/strong>.<\/p>\n","protected":false},"excerpt":{"rendered":"<p><span class=\"style7\">Natriumchlorit 25 % + Salzs\u00e4ure 4 % je 100 ml &#8211; <\/span><span class=\"style7\">vorsichtig verwenden und vor Gebrauch stets Etikett und Produktinformationen lesen.<\/span><\/p>\n","protected":false},"featured_media":68965,"comment_status":"open","ping_status":"closed","template":"","meta":[],"product_brand":[],"product_cat":[81],"product_tag":[88,188,196,576,759,768,846],"class_list":{"0":"post-86011","1":"product","2":"type-product","3":"status-publish","4":"has-post-thumbnail","6":"product_cat-alle-produkte-im-ueberblick","7":"product_tag-salzsaeure-4","8":"product_tag-chlordioxid-set","9":"product_tag-natriumchlorit-25","10":"product_tag-aktivator","11":"product_tag-hydrochloric-acid","12":"product_tag-hcl","13":"product_tag-wps1","14":"product_shipping_class-standard","16":"first","17":"instock","18":"taxable","19":"shipping-taxable","20":"purchasable","21":"product-type-simple"},"_links":{"self":[{"href":"https:\/\/shop.nlq24.eu\/de\/wp-json\/wp\/v2\/product\/86011","targetHints":{"allow":["GET"]}}],"collection":[{"href":"https:\/\/shop.nlq24.eu\/de\/wp-json\/wp\/v2\/product"}],"about":[{"href":"https:\/\/shop.nlq24.eu\/de\/wp-json\/wp\/v2\/types\/product"}],"replies":[{"embeddable":true,"href":"https:\/\/shop.nlq24.eu\/de\/wp-json\/wp\/v2\/comments?post=86011"}],"wp:featuredmedia":[{"embeddable":true,"href":"https:\/\/shop.nlq24.eu\/de\/wp-json\/wp\/v2\/media\/68965"}],"wp:attachment":[{"href":"https:\/\/shop.nlq24.eu\/de\/wp-json\/wp\/v2\/media?parent=86011"}],"wp:term":[{"taxonomy":"product_brand","embeddable":true,"href":"https:\/\/shop.nlq24.eu\/de\/wp-json\/wp\/v2\/product_brand?post=86011"},{"taxonomy":"product_cat","embeddable":true,"href":"https:\/\/shop.nlq24.eu\/de\/wp-json\/wp\/v2\/product_cat?post=86011"},{"taxonomy":"product_tag","embeddable":true,"href":"https:\/\/shop.nlq24.eu\/de\/wp-json\/wp\/v2\/product_tag?post=86011"}],"curies":[{"name":"wp","href":"https:\/\/api.w.org\/{rel}","templated":true}]}}