{"id":86399,"date":"2025-01-29T13:41:52","date_gmt":"2025-01-29T13:41:52","guid":{"rendered":"https:\/\/shop.nlq24.eu\/?post_type=product&#038;p=86399"},"modified":"2026-01-29T09:40:07","modified_gmt":"2026-01-29T09:40:07","slug":"methylenblau-1","status":"publish","type":"product","link":"https:\/\/shop.nlq24.eu\/de\/Produkt\/methylenblau-1\/","title":{"rendered":"Methylenblau L\u00f6sung 1 %"},"content":{"rendered":"<p>Das <strong><span style=\"color: #000080;\">Methylenblau<\/span><\/strong> 1 % L\u00f6sung ist eine <span style=\"color: #000080;\"><strong>tiefblaue<\/strong><\/span> L\u00f6sung, die aus Umkehrosmose Wasser und Methylenblau Trihydrat (reinst, USP) hergestellt wurde. Sie kann als F\u00e4rbemittel genutzt werden. Hier findest du die <a href=\"https:\/\/shop.nlq24.eu\/wp-content\/uploads\/2025\/01\/Methylenblau-Analysezertifikat-Pulver-fuer-1-Loesung-NLQ24.de_.pdf\">Methylenblau Analysezertifikat Pulver f\u00fcr 1 % L\u00f6sung <\/a><\/p>\n<p>Sie ist ebenso als Pigment f\u00fcr Farben geeignet. <a href=\"https:\/\/neue-lebensqualitaet.beepworld.de\/methylenblau-1--loesung.htm\">Es<\/a>\u00a0f\u00e4rbt Textilien dauerhaft und wurde ohne Konservierungsstoffe hergestellt.<\/p>\n<p>Diese wertvolle Methylenblau 1 % L\u00f6sung wurde in eine <span style=\"text-decoration: underline;\"><strong>Mironglasflasche<\/strong><\/span> abgef\u00fcllt. Diese sch\u00fctzt die L\u00f6sung vor Strahlung, Licht und st\u00f6renden Frequenzen. Zudem erh\u00e4lt sie die Frequenzen im Inneren der Flasche. Diese Substanz ist\u00a0frei von Schwermetallen.<\/p>\n<p>Lese hier mehr zu dem speziellen <a href=\"https:\/\/shop.nlq24.eu\/de\/mironglas-violettglas-perfekt-auch-fuer-cdl-cds\/\">Mironglas<\/a><\/p>\n<p>&nbsp;<\/p>\n<p><strong>Lagerung<\/strong><\/p>\n<ul>\n<li>bei Zimmertemperatur, nicht im K\u00fchlschrank.<\/li>\n<li>Au\u00dferhalb der Reichweite von Kindern aufbewahren.<\/li>\n<\/ul>\n<p>&nbsp;<\/p>\n<p>&nbsp;<\/p>\n<h1 class=\"product--title\"><\/h1>\n","protected":false},"excerpt":{"rendered":"<p>Methylenblau L\u00f6sung 1 %, im Mironglasflasche (Violettglas!)<\/p>\n","protected":false},"featured_media":86445,"comment_status":"closed","ping_status":"closed","template":"","meta":[],"product_brand":[],"product_cat":[81],"product_tag":[3721,3722,3716,3718,3719,3720],"class_list":{"0":"post-86399","1":"product","2":"type-product","3":"status-publish","4":"has-post-thumbnail","6":"product_cat-alle-produkte-im-ueberblick","7":"product_tag-methylenblau","8":"product_tag-methylenblau-kaufen","9":"product_tag-methylenblau-loesung-1","10":"product_tag-methylenblau-loesung","11":"product_tag-methylen-blau","12":"product_tag-methylenblau-tropfen","13":"product_shipping_class-standard","15":"first","16":"instock","17":"taxable","18":"shipping-taxable","19":"purchasable","20":"product-type-variable"},"_links":{"self":[{"href":"https:\/\/shop.nlq24.eu\/de\/wp-json\/wp\/v2\/product\/86399","targetHints":{"allow":["GET"]}}],"collection":[{"href":"https:\/\/shop.nlq24.eu\/de\/wp-json\/wp\/v2\/product"}],"about":[{"href":"https:\/\/shop.nlq24.eu\/de\/wp-json\/wp\/v2\/types\/product"}],"replies":[{"embeddable":true,"href":"https:\/\/shop.nlq24.eu\/de\/wp-json\/wp\/v2\/comments?post=86399"}],"wp:featuredmedia":[{"embeddable":true,"href":"https:\/\/shop.nlq24.eu\/de\/wp-json\/wp\/v2\/media\/86445"}],"wp:attachment":[{"href":"https:\/\/shop.nlq24.eu\/de\/wp-json\/wp\/v2\/media?parent=86399"}],"wp:term":[{"taxonomy":"product_brand","embeddable":true,"href":"https:\/\/shop.nlq24.eu\/de\/wp-json\/wp\/v2\/product_brand?post=86399"},{"taxonomy":"product_cat","embeddable":true,"href":"https:\/\/shop.nlq24.eu\/de\/wp-json\/wp\/v2\/product_cat?post=86399"},{"taxonomy":"product_tag","embeddable":true,"href":"https:\/\/shop.nlq24.eu\/de\/wp-json\/wp\/v2\/product_tag?post=86399"}],"curies":[{"name":"wp","href":"https:\/\/api.w.org\/{rel}","templated":true}]}}