{"id":86754,"date":"2025-03-20T15:45:54","date_gmt":"2025-03-20T15:45:54","guid":{"rendered":"https:\/\/shop.nlq24.eu\/?post_type=product&#038;p=86754"},"modified":"2026-03-27T15:19:33","modified_gmt":"2026-03-27T15:19:33","slug":"umkehrosmoseanlage-7-star-energy-50","status":"publish","type":"product","link":"https:\/\/shop.nlq24.eu\/de\/Produkt\/umkehrosmoseanlage-7-star-energy-50\/","title":{"rendered":"Umkehrosmose Anlage 7 Star Energy+ 50"},"content":{"rendered":"<h3 class=\"Normal tm5\"><strong>Umkehrosmose Anlage 7 Star Energy+ 50<\/strong><\/h3>\n<p class=\"Normal tm5\"><span style=\"font-size: 120%;\">Diese Umkehrosmose Anlage 7 Star Energy+ 50 hat eine Membrane welche mit dem Membrangeh\u00e4use fest verbunden ist.\u00a0<\/span><\/p>\n<p class=\"Normal tm5\"><span style=\"font-size: 120%;\">Dabei k\u00f6nnen bei der Demontage und Montage beim Wechsel, keine Dichtigkeitsprobleme entstehen.<\/span><\/p>\n<p class=\"Normal tm5\"><span style=\"font-size: 120%;\"><strong><br \/>\nDie Marken Anlage von WaterCell\u2122 mit Wasser Energetisierung<\/strong><\/span><\/p>\n<p>Diese Umkehrosmose liefert bis zu <strong>189 Liter pro Tag<\/strong> und kommt ganz <strong>ohne<\/strong> eine<strong> Pumpe<\/strong> aus. So ist eine einfache Installation <strong>ohne Stromanschluss<\/strong> m\u00f6glich. Allein der Druck des Leitungswassers sorgt daf\u00fcr, dass du immer wieder gen\u00fcgend Wasser in Ihrem <strong>3 Liter Tank<\/strong> zur Verf\u00fcgung hast.<\/p>\n<p class=\"Normal tm5\">Dieser Umkehrosmose-Wasserfilter 7-Star XRS7M von WaterCell ist mit sieben Stufen der Filtration f\u00fcr dich ausgestattet. Es handelt sich um folgende Filterstufen:<\/p>\n<p class=\"Normal tm5\" style=\"color: #555555; font-family: Helvetica, Arial, sans-serif; font-size: 14.4px; font-style: normal; font-variant-ligatures: normal; font-variant-caps: normal; font-weight: 400; letter-spacing: normal; orphans: 2; text-align: start; text-indent: 0px; text-transform: none; white-space: normal; widows: 2; word-spacing: 0px; -webkit-text-stroke-width: 0px; text-decoration-style: initial; text-decoration-color: initial;\"><strong style=\"font-weight: bold !important;\"><span class=\"tm6\">1. Stufe: Sedimentfilter mit 5 Mikron<\/span><\/strong><\/p>\n<p><img loading=\"lazy\" decoding=\"async\" class=\"alignnone wp-image-49838\" src=\"https:\/\/shop.nlq24.eu\/wp-content\/uploads\/2019\/12\/Zeichen-mechanische-Filterung-150x150-1.png\" alt=\"Mechanische Filterung\" width=\"80\" height=\"80\" srcset=\"https:\/\/shop.nlq24.eu\/wp-content\/uploads\/2019\/12\/Zeichen-mechanische-Filterung-150x150-1.png 150w, https:\/\/shop.nlq24.eu\/wp-content\/uploads\/2019\/12\/Zeichen-mechanische-Filterung-150x150-1-100x100.png 100w\" sizes=\"auto, (max-width: 80px) 100vw, 80px\" \/><\/p>\n<p class=\"Normal tm5\">Der Sedimentfilter besteht aus einem hochwertigen Polypropylen Vlies und hat eine Filtrationsgr\u00f6\u00dfe von 5 Mikron. Diese wird durch die Gr\u00f6\u00dfe der Poren bestimmt, welche grobe Partikel besonders effektiv aufnehmen und damit binden. Hierzu geh\u00f6ren z.B. Sand, Schlamm, Rostpartikel sowie mechanische Verunreinigungen aus dem Leitungswasser. Der Sedimentfilter wurde aus einem hochwertigen Kunststoff-Polymer gefertigt, der besonders resistent gegen chemische Einwirkungen ist und gleichzeitig die Entwicklung von Mikroorganismen minimiert. Empfohlener Austausch ca. alle 6 Monate.<\/p>\n<p class=\"Normal tm5\"><strong><span class=\"tm6\">2. Stufe:\u00a0Aktivkohle-Blockfilter<\/span><\/strong><\/p>\n<p><img loading=\"lazy\" decoding=\"async\" class=\"alignnone wp-image-49829\" src=\"https:\/\/shop.nlq24.eu\/wp-content\/uploads\/2019\/12\/Zeichen-Aktivkohle-Filtration-150x150-1.png\" alt=\"\" width=\"80\" height=\"80\" srcset=\"https:\/\/shop.nlq24.eu\/wp-content\/uploads\/2019\/12\/Zeichen-Aktivkohle-Filtration-150x150-1.png 150w, https:\/\/shop.nlq24.eu\/wp-content\/uploads\/2019\/12\/Zeichen-Aktivkohle-Filtration-150x150-1-100x100.png 100w\" sizes=\"auto, (max-width: 80px) 100vw, 80px\" \/><\/p>\n<p class=\"Normal tm5\">Der Aktivkohle-Blockfilter wird unter Druck und hoher Temperatur produziert. Die Aktivkohle wird so gebunden und weist eine besondere Oberfl\u00e4chenstruktur auf, welche den Aktivkohle Filter hervorragend erg\u00e4nzt. Er verst\u00e4rkt die Filterung des Aktivkohlefilters und minimiert so nochmals chemische Verunreinigungen im Leitungswasser, bevor diese in die Membran gelangen k\u00f6nnen. Die Aktivkohle Filter entfernt dauerhaft Chlor, Pestizide, organische Stoffe, bestimmte Salze und Schwermetalle aus dem Wasser. Empfohlener Austausch ca. alle 6 Monate.<\/p>\n<p class=\"Normal tm5\"><strong><span class=\"tm6\">3. Stufe:\u00a0Sedimentfilter mit 1 Mikron<\/span><\/strong><\/p>\n<p><img loading=\"lazy\" decoding=\"async\" class=\"alignnone wp-image-49838\" src=\"https:\/\/shop.nlq24.eu\/wp-content\/uploads\/2019\/12\/Zeichen-mechanische-Filterung-150x150-1.png\" alt=\"Mechanische Filterung\" width=\"80\" height=\"80\" srcset=\"https:\/\/shop.nlq24.eu\/wp-content\/uploads\/2019\/12\/Zeichen-mechanische-Filterung-150x150-1.png 150w, https:\/\/shop.nlq24.eu\/wp-content\/uploads\/2019\/12\/Zeichen-mechanische-Filterung-150x150-1-100x100.png 100w\" sizes=\"auto, (max-width: 80px) 100vw, 80px\" \/><\/p>\n<p class=\"Normal tm5\">Dieser ultra-feine Sedimentfilter hat eine Porengr\u00f6\u00dfe von nur 1 Mikron und h\u00e4lt so noch viel feinere Partikel aus dem ungefilterten Wasser zur\u00fcck. Diese mechanische Filterpatrone aus PP entfernt Verunreinigungen bis zu 1 \u03bcm (ein tausendstel Millimeter), wie z.B. Pollen, Sand und Staub. Empfohlener Austausch ca. alle 6 Monate.<\/p>\n<p class=\"Normal tm5\"><strong><span class=\"tm6\">4. Stufe: Membrane mit 150 GPD<\/span><\/strong><\/p>\n<p><img loading=\"lazy\" decoding=\"async\" class=\"alignnone wp-image-49841\" src=\"https:\/\/shop.nlq24.eu\/wp-content\/uploads\/2019\/12\/Zeichen-Osmotische-Filterung-150x150-1.png\" alt=\"\" width=\"80\" height=\"80\" srcset=\"https:\/\/shop.nlq24.eu\/wp-content\/uploads\/2019\/12\/Zeichen-Osmotische-Filterung-150x150-1.png 150w, https:\/\/shop.nlq24.eu\/wp-content\/uploads\/2019\/12\/Zeichen-Osmotische-Filterung-150x150-1-100x100.png 100w\" sizes=\"auto, (max-width: 80px) 100vw, 80px\" \/><\/p>\n<p class=\"Normal tm5\">Diese Membrane bildet das Herzst\u00fcck der Umkehrosmose-Anlage und besteht aus einer mehrschichtigen Laser-perforierten Polymer-Folie. Diese hat dadurch eine mikroskopisch kleine Porengr\u00f6\u00dfe. Das Wasser wird mit Druck durch diese halbdurchl\u00e4ssige (permeable) Membran gepresst. Da jedes im Wasser gel\u00f6ste Molek\u00fcl kleiner ist, als die eigentlichen Wassermolek\u00fcle sind, ist die Porengr\u00f6\u00dfe so gew\u00e4hlt, dass <strong><span class=\"tm6\">nur die Wassermolek\u00fcle<\/span><\/strong> die Membran durchdringen k\u00f6nnen. Die hervorragende osmotische Membranfiltration ist das wichtigste Element des Systems. Die Wasserfiltration findet auf der Ebene der Wassermolek\u00fcle statt. Alle Arten von Schadstoffen, einschlie\u00dflich krebserregender und radioaktiver Stoffe, werden dauerhaft aus dem Wasser entfernt. Jegliche unerw\u00fcnschten Fremdstoffe werden somit nicht hindurch gelassen. Egal ob Keime, Nitrat, Nitrit, Uran, Medikamentenr\u00fcckst\u00e4nde oder einfach nur Kalk \u2013 es werden s\u00e4mtliche Schadstoffe aus dem Leitungswasser reduziert bzw. entfernt. Sie erm\u00f6glicht eine gute Filterrate (150 GDP). GDP hei\u00dft Gallonen pro Tag und wurde hier auf Liter umgerechnet. Empfohlener Austausch ca. alle 4-6 Jahre. Die Wasserqualit\u00e4t sollte ab und an gemessen werden, um zu sehen, ob die Qualit\u00e4t noch stimmt. Ein ppm Wert von bis zu 80 ist noch ausreichend. Diese Membrane hat kein getrenntes Geh\u00e4use mehr. Dadurch kommt es bei der Demontage nicht zu Undichtigkeiten.<\/p>\n<p class=\"Normal tm5\"><strong><span class=\"tm6\">5. Stufe: Aktivkohle-Nachfilter<\/span><\/strong><\/p>\n<p><img loading=\"lazy\" decoding=\"async\" class=\"alignnone wp-image-49829\" src=\"https:\/\/shop.nlq24.eu\/wp-content\/uploads\/2019\/12\/Zeichen-Aktivkohle-Filtration-150x150-1.png\" alt=\"\" width=\"80\" height=\"80\" srcset=\"https:\/\/shop.nlq24.eu\/wp-content\/uploads\/2019\/12\/Zeichen-Aktivkohle-Filtration-150x150-1.png 150w, https:\/\/shop.nlq24.eu\/wp-content\/uploads\/2019\/12\/Zeichen-Aktivkohle-Filtration-150x150-1-100x100.png 100w\" sizes=\"auto, (max-width: 80px) 100vw, 80px\" \/><\/p>\n<p class=\"Normal tm5\">Der Aktivkohle-Nachfilter enth\u00e4lt Aktivkohle-Teilchen, welche aus speziellen Kokosnuss-Schalen gewonnen werden. Er sorgt f\u00fcr einen ausgewogenen Geschmack und eine angenehme Frische des Osmosewassers. Auch wird Geruch durch sie beseitigt. Empfohlener Austausch ca. <strong>alle 6 Monate<\/strong>.<\/p>\n<p class=\"Normal tm5\"><strong><span class=\"tm6\">\u00a0<\/span><\/strong><\/p>\n<p class=\"Normal tm5\"><strong><span class=\"tm6\">6. Stufe: Re-Mineralisierungs-Kartusche<\/span><\/strong><\/p>\n<p class=\"Normal tm5\"><img loading=\"lazy\" decoding=\"async\" class=\"alignnone wp-image-49844\" src=\"https:\/\/shop.nlq24.eu\/wp-content\/uploads\/2019\/12\/Zeichen-Remineralisierung.png\" alt=\"\" width=\"80\" height=\"80\" srcset=\"https:\/\/shop.nlq24.eu\/wp-content\/uploads\/2019\/12\/Zeichen-Remineralisierung.png 150w, https:\/\/shop.nlq24.eu\/wp-content\/uploads\/2019\/12\/Zeichen-Remineralisierung-100x100.png 100w\" sizes=\"auto, (max-width: 80px) 100vw, 80px\" \/><\/p>\n<p class=\"Normal tm5\">Diese bringt herausgefilterte Mineralien wieder in das Wasser. Das sind die nat\u00fcrlichen, wohltuenden Mineralien wie: Natrium- (Natrium), Kalium-, Kalzium- und Magnesium-Ionen. Empfohlener Austausch ca. alle 6 Monate.<\/p>\n<p class=\"Normal tm5\"><strong><span class=\"tm6\">\u00a0<\/span><\/strong><\/p>\n<p class=\"Normal tm5\"><strong><span class=\"tm6\">7. Stufe: Energetisierungs-Kartusche<\/span><\/strong><\/p>\n<p class=\"Normal tm5\"><img loading=\"lazy\" decoding=\"async\" class=\"alignnone wp-image-49832\" style=\"color: #333333;\" src=\"https:\/\/shop.nlq24.eu\/wp-content\/uploads\/2019\/12\/Zeichen-Energetisieriung-Re-Strukturierung-150x150-1.png\" alt=\"\" width=\"80\" height=\"80\" srcset=\"https:\/\/shop.nlq24.eu\/wp-content\/uploads\/2019\/12\/Zeichen-Energetisieriung-Re-Strukturierung-150x150-1.png 150w, https:\/\/shop.nlq24.eu\/wp-content\/uploads\/2019\/12\/Zeichen-Energetisieriung-Re-Strukturierung-150x150-1-100x100.png 100w\" sizes=\"auto, (max-width: 80px) 100vw, 80px\" \/><\/p>\n<p class=\"Normal tm5\">Dieser bio-keramische Strukturgeber baut die nat\u00fcrliche Struktur des Wassers wieder auf, indem er die Energie des Sonnenspektrums nutzt. Keramische Biokeramik-Kugeln emittieren Strahlung im Infrarotspektrum der Fern-Infrarotstrahlen, was zur Resonanz mit Wassermolek\u00fclen und anderen organischen Molek\u00fclen f\u00fchrt. Die freigesetzte Energie soll den Wiederaufbau des k\u00f6rpereigenen Immunsystems im Organismus f\u00f6rdern. Zudem soll es sich positiv auf das Blutsystem aus wirken und die Entwicklung neuer Zellen f\u00f6rdern. Empfohlener Austausch ca. alle 12 Monate.<\/p>\n<h3 class=\"Normal tm5\"><strong><span class=\"tm6\">Warum gereinigtes Wasser?<\/span><\/strong><\/h3>\n<p class=\"Normal tm5\">Wasser ist das wichtigste L\u00f6sungsmittel im menschlichen Organismus. Das Wasser erm\u00f6glicht den Transport von Sauerstoff, Enzymen, Ionen und Mineralien durch unseren K\u00f6rper. Daher h\u00e4ngt die richtige Arbeit des menschlichen K\u00f6rpers von der Wasserqualit\u00e4t ab. Die Einf\u00fchrung der neuesten hervorragenden WaterCell\u2122 Technologie bringt Vorteile bei der Senkung der Kosten der t\u00e4glichen Wasserreinigung. Das WaterCell System stellt den nat\u00fcrlichen Gehalt an n\u00fctzlichen Mineralien im gereinigten Wasser wieder her und bringt die nat\u00fcrliche Struktur des Wassers wieder in ihr Gleichgewicht.<\/p>\n<p class=\"Normal tm5\">Diese Umkehrosmose von WaterCell\u2122 liefert Ihnen ultra-reines Wasser von h\u00f6chster Qualit\u00e4t, verbessert damit die Aufnahme von N\u00e4hrstoffen. Sie gibt wichtigsten Mineralien organischen Ursprungs wieder in das gefilterte Wasser. Zudem entfernt die Anlage Kalk und Schlamm aus dem Wasser. Dies f\u00fchrt letztlich zur Energieeinsparung und verl\u00e4ngert die Lebensdauer Ihrer Haushaltsger\u00e4te. Denken Sie nur an den Wasserkocher oder an Kocht\u00f6pfe, an denen sich gern Kalk absetzt. Zudem entfernt diese Anlage anorganische Mineralien aus dem Wasser. Anorganische Mineralien werden vom menschlichen K\u00f6rper nicht aufgenommen. Dazu geh\u00f6ren Mineralien, die f\u00fcr die Wasserh\u00e4rte und die Bildung von Kalk im Wasser verantwortlich sind.<\/p>\n<p class=\"Normal tm5\">Wenn Sie dann dieses gefilterte Wasser f\u00fcr Ihren Kaffee, Tee und auch f\u00fcr Ihre Lieblingsgerichte verwenden, werden Sie sicherlich eine Verbesserung des Geschmacks feststellen. Im Tee sichtbaren Flecken geh\u00f6ren der Vergangenheit an.<\/p>\n<p class=\"Normal tm5\">Diese Anlage arbeitet ohne Strom. Sie ist dadurch sehr leise, spart Kosten und ist wartungsarm.<\/p>\n<p class=\"Normal tm5\">Der 3 Liter Tank f\u00fcllt sich immer wieder allein auf und stellt daher ausreichend Wasser zur Verf\u00fcgung, auch ohne Druckpumpe.<\/p>\n<h3 class=\"Normal tm5\"><strong>Technische Daten der Umkehrosmose Anlage 7 Star Energy+ 50<\/strong><\/h3>\n<p class=\"Normal tm5\"><strong>Filter Modell:<\/strong> WaterCell\u2122 XRS 7M 50 gdp<\/p>\n<p class=\"Normal tm5\"><strong>Anzahl der Arbeitsstufen:<\/strong> 7 Stufen<\/p>\n<p class=\"Normal tm5\">Technologie: Excelled\u2122 Filtration<\/p>\n<p class=\"Normal tm5\"><strong>Wassertemperatur Arbeitsbereich:<\/strong> von +2\u00b0 C bis +38\u00b0 C<\/p>\n<p class=\"Normal tm5\"><strong>Betriebsdruck:<\/strong> von 2,5 bis 6,0 bar<\/p>\n<p class=\"Normal tm5\"><strong>Kapazit\u00e4t<\/strong> : <strong>189 Liter pro Tag (GDP50).\u00a0<\/strong><\/p>\n<p class=\"Normal tm5\">Typen der Filterkartuschen: mechanische Filterkartusche &#8211; Aktivkohle-Kartusche &#8211; feinmechanische Filterkartusche &#8211; osmotische Membran &#8211; Inline-Postkohle Filterkartusche &#8211; Re-Mineralisierungskartusche &#8211; biokeramischer Wasserstrukturierer (Energiekartusche)<\/p>\n<p class=\"Normal tm5\"><strong>Austausch der Filterpatronen:<\/strong> mechanische Filter alle 6 Monate<br \/>\n&#8211; Aktivkohle-Kartusche alle 6 Monate<br \/>\n&#8211; osmotische Membran ca. alle 4-6 Jahre (man sollte die Wasserqualit\u00e4t ab und an messen)<br \/>\n&#8211; Postkohle-Kartusche alle 6 Monate<br \/>\n&#8211; Wasser-Re-Mineralisierungs-Kartusche alle 6 Monate<\/p>\n<p class=\"Normal tm5\">Maximaler Salzgehalt des Wassers: 1000 ppm (1 g\/l)<\/p>\n<p class=\"Normal tm5\">Die Werte beziehen sich auf den Betrieb unter folgenden Bedingungen: Wasserh\u00e4rte &lt; 85 mg\/l; TDS &lt; 1000 ppm; freies Chlor &lt; 0,1 ppm; SDI &lt; 5; pH 3 &#8211; 11; Fe Eisen &lt; 0,01 mg\/l; Mangan Mn &lt; 0,05 mg\/l; Tr\u00fcbung &lt; 1NTU<\/p>\n<p class=\"Normal\"><strong><span class=\"tm6\">Hier die Daten im \u00dcberblick:<\/span><\/strong><\/p>\n<ul class=\"Normal tm8\">\n<li class=\"tm9\"><strong><span class=\"tm6\">Anwendungsgebiet:<\/span><\/strong> Aquaristik \/ Haushalt<\/li>\n<li class=\"Normal tm9\"><strong><span class=\"tm6\">Menschen im Haushalt:<\/span><\/strong> 2-3<\/li>\n<li class=\"Normal tm9\"><strong><span class=\"tm6\">Geschwindigkeit:<\/span><\/strong> ~ 189 Liter \/Tag<\/li>\n<li class=\"Normal tm9\"><strong><span class=\"tm6\">Filterstufen:<\/span><\/strong> 7-stufig<\/li>\n<li class=\"Normal tm9\"><strong><span class=\"tm6\">Filtergr\u00f6\u00dfe<\/span><\/strong>: 10 Zoll<\/li>\n<li class=\"Normal tm9\"><strong><span class=\"tm6\">Membranen:<\/span><\/strong> <strong>50<\/strong> GPD<\/li>\n<li class=\"Normal tm9\"><strong><span class=\"tm6\">Stromanschluss:<\/span><\/strong> NEIN<\/li>\n<li class=\"Normal tm9\"><strong><span class=\"tm6\">Tank:<\/span><\/strong> Ja<\/li>\n<li class=\"Normal tm9\"><strong><span class=\"tm6\">min. Leitungsdruck:<\/span><\/strong> 1 Bar<\/li>\n<li class=\"Normal tm9\"><strong><span class=\"tm6\">Abwasserverh\u00e4ltnis:<\/span><\/strong> ca. 1:3 bis 1:4<\/li>\n<li class=\"Normal tm9\"><strong><span class=\"tm6\">Ma\u00dfe (B x T x H):<\/span><\/strong>\u00a0 Breite: 400 x Tiefe: 150 x H\u00f6he: 460 mm (H\u00f6he variiert je nachdem wie Sie die Kartuschen auf dem Ger\u00e4t anordnen)<br \/>\nTank: 235 mm (Durchmesser) x 345 mm (H\u00f6he)<\/li>\n<li class=\"Normal tm9\"><strong><span class=\"tm6\">Gewicht:<\/span><\/strong>\u00a0 \u00a0kg<\/li>\n<\/ul>\n<p>Wie einfach der Einbau geht, sehen Sie in Rubrik <u><a href=\"https:\/\/shop.nlq24.eu\/anleitungen-fuer-umkehrosmoseanlagen\/\">Einbauanleitungen\u00a0<\/a><\/u>oder direkt\u00a0 <a href=\"https:\/\/shop.nlq24.eu\/wp-content\/uploads\/2019\/12\/7_star.pdf\">H I E R <\/a>\u00a0 f\u00fcr dieses Ger\u00e4t.<\/p>\n<p>&nbsp;<\/p>\n<p class=\"Normal\"><strong><span class=\"tm5\">Teileliste f\u00fcr Umkehrosmose Anlage 7 Star Energy+ 50<\/span><\/strong><\/p>\n<p class=\"Normal\"><span class=\"tm6\">1 Geh\u00e4use, Integrierte Membrane im Geh\u00e4use, 1 Carbon Filter<\/span><\/p>\n<p class=\"Normal tm7\"><span class=\"tm6\">1 Filter (2 in 1) = Beseitigung von Geschmack und Geruch + Mineralisierung<\/span><\/p>\n<p class=\"Normal\"><span class=\"tm6\">1 Integrierte Membran 50 GDP<\/span><\/p>\n<p class=\"Normal\"><span class=\"tm6\">1 Edelstahl Wasserhahn mit 2 Anschl\u00fcssen<\/span><\/p>\n<p class=\"Normal\"><span class=\"tm6\">1 Tank 3 Liter<\/span><\/p>\n<p class=\"Normal\"><span class=\"tm6\">3 Vorfiltergeh\u00e4use mit 3 Filtern:<\/span><\/p>\n<p class=\"Normal\"><span class=\"tm6\">1 Sedimentfilter 5 Mikron<\/span><span class=\"tm6\"> (wei\u00df)<\/span><\/p>\n<p class=\"Normal\"><span class=\"tm6\">1 Aktivkohle Blockfilter (mit Plastikhaut)<\/span><\/p>\n<p class=\"Normal\"><span class=\"tm6\">1 Sedimentfilter mit 1 Mikron<\/span><span class=\"tm6\"> (wei\u00df)<\/span><\/p>\n<p class=\"Normal\"><span class=\"tm6\">Zubeh\u00f6r:<\/span><\/p>\n<p class=\"Normal\"><span class=\"tm6\">1 Teflon oder Hanfband<\/span><\/p>\n<p class=\"Normal\"><span class=\"tm6\">1 Tankventil <\/span><\/p>\n<p class=\"Normal\"><span class=\"tm6\">1 Absperrhahn (Wasseranschluss f\u00fcr Anlage)<\/span><\/p>\n<p class=\"Normal\"><span class=\"tm6\">\u00a0<\/span><\/p>\n<p class=\"Normal\"><span class=\"tm6\">5 Anschluss-Schl\u00e4uche 1\/4 Zoll in 5 Farben<\/span><\/p>\n<p class=\"Normal\"><span class=\"tm6\">1 x 2-teile Abschlussschelle mit 2 Bolzen und 2 Muttern<\/span><\/p>\n<p class=\"Normal\"><span class=\"tm6\">1 Adapter zur Zwischeninstallation mit Dichtung (T-f\u00f6rmiger Adapter)<\/span><\/p>\n<p class=\"Normal\"><span class=\"tm6\">6 Schnellverschluss Clips (U-Klammern)<\/span><\/p>\n<p>&nbsp;<\/p>\n","protected":false},"excerpt":{"rendered":"<p><strong><span class=\"tm6\">Umkehrosmose Anlage &#8222;7 Star&#8220; Energy + 50. Mit Tank und Wasser Energetisierung<\/span><\/strong><\/p>\n","protected":false},"featured_media":49847,"comment_status":"open","ping_status":"closed","template":"","meta":[],"product_brand":[],"product_cat":[48,2879,50,81],"product_tag":[2920,2921,490,491,591,592],"class_list":{"0":"post-86754","1":"product","2":"type-product","3":"status-publish","4":"has-post-thumbnail","6":"product_cat-wasserfilter-umkehrosmose","7":"product_cat-weihnachtstipps","8":"product_cat-umkehrosmose-anlagen-wasserfilter","9":"product_cat-alle-produkte-im-ueberblick","10":"product_tag-7-star","11":"product_tag-7-star-energy","12":"product_tag-umkehrosmose","13":"product_tag-osmoseanlage","14":"product_tag-guenstige","15":"product_tag-umkehrosmoseanlage","16":"product_shipping_class-standard","18":"first","19":"instock","20":"taxable","21":"shipping-taxable","22":"purchasable","23":"product-type-simple"},"_links":{"self":[{"href":"https:\/\/shop.nlq24.eu\/de\/wp-json\/wp\/v2\/product\/86754","targetHints":{"allow":["GET"]}}],"collection":[{"href":"https:\/\/shop.nlq24.eu\/de\/wp-json\/wp\/v2\/product"}],"about":[{"href":"https:\/\/shop.nlq24.eu\/de\/wp-json\/wp\/v2\/types\/product"}],"replies":[{"embeddable":true,"href":"https:\/\/shop.nlq24.eu\/de\/wp-json\/wp\/v2\/comments?post=86754"}],"wp:featuredmedia":[{"embeddable":true,"href":"https:\/\/shop.nlq24.eu\/de\/wp-json\/wp\/v2\/media\/49847"}],"wp:attachment":[{"href":"https:\/\/shop.nlq24.eu\/de\/wp-json\/wp\/v2\/media?parent=86754"}],"wp:term":[{"taxonomy":"product_brand","embeddable":true,"href":"https:\/\/shop.nlq24.eu\/de\/wp-json\/wp\/v2\/product_brand?post=86754"},{"taxonomy":"product_cat","embeddable":true,"href":"https:\/\/shop.nlq24.eu\/de\/wp-json\/wp\/v2\/product_cat?post=86754"},{"taxonomy":"product_tag","embeddable":true,"href":"https:\/\/shop.nlq24.eu\/de\/wp-json\/wp\/v2\/product_tag?post=86754"}],"curies":[{"name":"wp","href":"https:\/\/api.w.org\/{rel}","templated":true}]}}