{"id":88723,"date":"2025-10-28T10:17:34","date_gmt":"2025-10-28T10:17:34","guid":{"rendered":"https:\/\/shop.nlq24.eu\/?post_type=product&#038;p=88723"},"modified":"2026-04-04T11:09:39","modified_gmt":"2026-04-04T11:09:39","slug":"halit-salz-in-brocken-koenigssalz","status":"publish","type":"product","link":"https:\/\/shop.nlq24.eu\/de\/Produkt\/halit-salz-in-brocken-koenigssalz\/","title":{"rendered":"Halit Salz in Brocken &#8211; K\u00f6nigssalz"},"content":{"rendered":"<p class=\"Normal tm5\"><span class=\"tm6\">Dieses besonders hochwertige Kristallsalz wurde nat\u00fcrlich gebrochen und bringt richtig Lebensenergie mit. Das ist Kristallsalz in seiner perfektesten, kubischen Form. <\/span><span class=\"tm6\">Beim Brechen bricht sie \u201ekubisch\u201c ab. Dies liegt daran, da das Kristallstrukturgitter in senkrechten und waagrechten Linien verl\u00e4uft<\/span><span class=\"tm7\">.<\/span><span class=\"tm6\"> Der Begriff <\/span><span class=\"tm6\">\u201ekubisch\u201c bezieht sich auf die charakteristische Form der Salzst\u00fccke, wenn diese abgebaut werden. Diese sind dann ann\u00e4hernd w\u00fcrfelf\u00f6rmig. Diese kubische Struktur entsteht durch die nat\u00fcrliche Kristallisation des Salzes<\/span><span class=\"tm7\"> in einer sehr geordneten Struktur bei der Entstehung.<\/span>\u00a0<span class=\"tm6\">Die Anordnung der Kristallgitterstruktur ist perfekt. Diese reinste Form von Salz, sieht glasklar und farblos aus.<\/span><\/p>\n<p class=\"Normal tm5\"><span class=\"tm6\">Es hat nat\u00fcrliche Frequenzspektren und wird als \u201eHalit\u201c bezeichnet. Dieses Salz wurde nicht raffiniert. Somit sind all seine nat\u00fcrlichen Inhaltsstoffe vorhanden. Das sind alle Mineralien welche im Ur-Meerwasser gel\u00f6st waren. <\/span><\/p>\n<p class=\"Normal tm5\"><span class=\"tm6\">Der Halit wird auch als \u201eK\u00f6nigssalz\u201c bezeichnet. Dies liegt wohl darin begr\u00fcndet, weil beim Abbau von Himalaya Salz von diesem speziellen Salz, welches den wohl h\u00f6chsten Ordnungszustand aufweist nicht, viel enthalten ist. <\/span><\/p>\n<p class=\"Normal tm5\"><span class=\"tm6\">Dieses reine Kristallsalz kommt nur sporadisch und \u201evenenartig\u201c vor. Das hei\u00dft, dass teilweise eine hundertfache Menge an Steinsalz abgebaut werden muss, um dieses kostbar Salz erschlie\u00dfen zu k\u00f6nnen.<\/span><span class=\"tm6\">\u00a0<\/span><\/p>\n<p class=\"Normal tm5\"><span class=\"tm6\">Es eignet sich hervorragend zur Herstellung einer hoch frequenten Sole in seiner vollen Ganzheitlichkeit.<\/span><\/p>\n<p class=\"Normal tm5\"><span class=\"tm6\">Diese Menge von 500 g ist perfekt zum Ansetzen einer Sole von 1 Liter, welche man \u00fcber eine lange Zeit nutzen kann. <\/span><span class=\"tm6\">Es l\u00f6st sich nur soweit auf, bis eine 26%ige Sole erreicht ist.<\/span><\/p>\n<p class=\"Normal tm5\"><span class=\"tm6\">Das \u201ewei\u00dfe Gold der Erde\u201c ist etwas ganz Besonderes.<\/span><\/p>\n<p class=\"Normal tm5\"><span class=\"tm6\">Es handelt sich um 2-5 cm gro\u00dfe Brocken. Die Magie des Salzes&#8230;<\/span><\/p>\n<p>Vor langer Zeit berichtete Peter Feirrera \u00fcber die harmonisierenden Frequenzen dieses Salzes.<\/p>\n<p class=\"Normal\">\n","protected":false},"excerpt":{"rendered":"<p class=\"Normal\">Halit Salz in Brocken &#8211; K\u00f6nigssalz, 500 g<\/p>\n","protected":false},"featured_media":88729,"comment_status":"open","ping_status":"closed","template":"","meta":[],"product_brand":[],"product_cat":[38,2879,81,3825],"product_tag":[3830,304,3831,307,308],"class_list":{"0":"post-88723","1":"product","2":"type-product","3":"status-publish","4":"has-post-thumbnail","6":"product_cat-mineralien","7":"product_cat-weihnachtstipps","8":"product_cat-alle-produkte-im-ueberblick","9":"product_cat-salze-steinsalze","10":"product_tag-halit-salz","11":"product_tag-salz","12":"product_tag-koenigssalz","13":"product_tag-natursalz","14":"product_tag-ursalz","15":"product_shipping_class-standard","17":"first","18":"instock","19":"taxable","20":"shipping-taxable","21":"purchasable","22":"product-type-simple"},"_links":{"self":[{"href":"https:\/\/shop.nlq24.eu\/de\/wp-json\/wp\/v2\/product\/88723","targetHints":{"allow":["GET"]}}],"collection":[{"href":"https:\/\/shop.nlq24.eu\/de\/wp-json\/wp\/v2\/product"}],"about":[{"href":"https:\/\/shop.nlq24.eu\/de\/wp-json\/wp\/v2\/types\/product"}],"replies":[{"embeddable":true,"href":"https:\/\/shop.nlq24.eu\/de\/wp-json\/wp\/v2\/comments?post=88723"}],"wp:featuredmedia":[{"embeddable":true,"href":"https:\/\/shop.nlq24.eu\/de\/wp-json\/wp\/v2\/media\/88729"}],"wp:attachment":[{"href":"https:\/\/shop.nlq24.eu\/de\/wp-json\/wp\/v2\/media?parent=88723"}],"wp:term":[{"taxonomy":"product_brand","embeddable":true,"href":"https:\/\/shop.nlq24.eu\/de\/wp-json\/wp\/v2\/product_brand?post=88723"},{"taxonomy":"product_cat","embeddable":true,"href":"https:\/\/shop.nlq24.eu\/de\/wp-json\/wp\/v2\/product_cat?post=88723"},{"taxonomy":"product_tag","embeddable":true,"href":"https:\/\/shop.nlq24.eu\/de\/wp-json\/wp\/v2\/product_tag?post=88723"}],"curies":[{"name":"wp","href":"https:\/\/api.w.org\/{rel}","templated":true}]}}