{"id":88831,"date":"2025-11-07T19:46:44","date_gmt":"2025-11-07T19:46:44","guid":{"rendered":"https:\/\/shop.nlq24.eu\/?post_type=product&#038;p=88831"},"modified":"2026-03-31T15:39:05","modified_gmt":"2026-03-31T15:39:05","slug":"kupfeflasche-synergy-500-ml","status":"publish","type":"product","link":"https:\/\/shop.nlq24.eu\/de\/Produkt\/kupfeflasche-synergy-500-ml\/","title":{"rendered":"Kupferflasche Synergy, 500 ml, Ayurveda"},"content":{"rendered":"<h2 class=\"Normal tm5 tm6\"><strong><span class=\"tm8\">Kupfer-Trinkflasche Synergy, matt 500 ml<\/span><\/strong><\/h2>\n<p class=\"Normal tm5 tm6\"><strong><span class=\"tm8\">\u2013 Stilvoll und Nachhaltig<\/span><\/strong><\/p>\n<p class=\"Normal tm5 tm6\"><span class=\"tm7\">Dieser spezielle Kupfer-Flasche matt 500 ml vereint Funktionalit\u00e4t und \u00c4sthetik. Die wundersch\u00f6n gestaltete Flasche aus 100 % reinem Kupfer mit einer modernen, matten Oberfl\u00e4che bietet nicht nur ein rustikales, zeitloses Erscheinungsbild, sondern auch nat\u00fcrliche Frequenzen f\u00fcr deine Harmonie.<\/span><\/p>\n<p class=\"Normal tm5 tm6\"><span class=\"tm7\">Mit einem Gewicht von nur 227 Gramm und aus 100 % reinem Kupfer gefertigt, bietet diese Flasche eine langlebige und elegante M\u00f6glichkeit, Ihr Wasser k\u00fchl und erfrischend zu halten. Perfekt f\u00fcr Zuhause, B\u00fcro oder unterwegs.<\/span><\/p>\n<p class=\"Normal tm5 tm6\"><span class=\"tm7\">Sie vereint jahrhundertealte ayurvedische Weisheit mit modernem Design und bietet dir ein ganz neues Erlebnis beim Trinken.<\/span><\/p>\n<p class=\"Normal tm5 tm6\"><span class=\"tm7\">Mehr Genuss und Freude im Alltag!<\/span><\/p>\n<p class=\"Normal tm5 tm6\"><span class=\"tm7\">Kupfer tr\u00e4gt zu einem besseren Genuss beim Trinken bei.<\/span><\/p>\n<p class=\"Normal tm5 tm6\"><span class=\"tm7\">Mit einem Fassungsverm\u00f6gen von 500 ml und einem unaufdringlichen Design ist diese Flasche kompakt, leicht und praktisch. F\u00fcr den t\u00e4glichen Gebrauch ebenso, wie f\u00fcr Ayurveda und Yoga. Der Verschluss ist mit einer Dichtung ausgestattet, so dass du die Flasche auch unterwegs gut benutzen kannst.<\/span><\/p>\n<h4>FAQ- H\u00e4ufige Fragen:<\/h4>\n<h3 class=\"Normal tm5 tm6\"><strong><span class=\"tm8\">Warum die Kupferflasche in Matt w\u00e4hlen?<\/span><\/strong><\/h3>\n<p class=\"Normal tm5 tm6\"><span class=\"tm7\">Diese Oberfl\u00e4chenstruktur hat ein rustikales, gem\u00fctliches und zeitloses Aussehen.<\/span><\/p>\n<h3><strong>H\u00e4lt die Kupferflasche warme Getr\u00e4nke warm?<\/strong><\/h3>\n<p><span class=\"tm7\">Ja, die Kupferflasche hat die thermische Eigenschaft<\/span><span class=\"tm6\"> Wasser auf einer angenehmen Temperatur zu halten. Warmes Wasser bleibt darin bis zu <\/span><u><span class=\"tm7\">2-3 Stunden warm.<\/span><\/u><span class=\"tm7\"> Jedoch nimmt die Flasche auch die W\u00e4rme des warmen Getr\u00e4nkes an.<\/span><\/p>\n<h3 class=\"Normal tm5 tm6\"><strong><span class=\"tm8\">Welche Vorteile hat so ein Kupferflasche?<\/span><\/strong><\/h3>\n<p class=\"Normal tm5\"><span class=\"tm7\">&#8211; Kupfer hat nat\u00fcrliche antibakterielle Eigenschaften, die helfen, das Wasser rein zu halten.<\/span><\/p>\n<p class=\"Normal tm5\"><strong><span class=\"tm8\">&#8211; Eine moderne matte Oberfl\u00e4che<\/span><\/strong><span class=\"tm7\"> verleiht der Flasche ein stilvolles, minimalistisches und rustikales Aussehen.<\/span><\/p>\n<p class=\"Normal tm5\"><strong><span class=\"tm8\">&#8211; Kompakt und tragbar<\/span><\/strong><span class=\"tm7\"> mit einem Fassungsverm\u00f6gen von 500 ml und einem unaufdringlichen Design ist sie ideal f\u00fcr den t\u00e4glichen Gebrauch, auch unterwegs.<\/span><\/p>\n<p class=\"Normal tm5\"><strong><span class=\"tm8\">Nachhaltig und Umweltfreundlich<\/span><\/strong><span class=\"tm7\">: Wieder verwendbar und aus 100 % reinem Kupfer gefertigt, eine umweltbewusste Wahl.<\/span><\/p>\n<p class=\"Normal tm5\"><strong><span class=\"tm8\">Einfach zu Reinigen<\/span><\/strong><span class=\"tm7\">: Mit einfacher Pflege bleibt deine Flasche jahrelang sch\u00f6n und hygienisch.<\/span><\/p>\n<h3><strong>Was bietet diese Flasche Besonderes gegen\u00fcber einem herk\u00f6mmlichen Kupfer Trinkflaschen?<\/strong><\/h3>\n<p class=\"Normal tm5 tm6\"><strong><span class=\"tm8\">Frequenzen nach Lakhovsky<\/span><\/strong><\/p>\n<p class=\"Normal tm5 tm6\"><span class=\"tm7\">Diese <\/span><strong><span class=\"tm8\">Kupfer-Trinkflasche<\/span><\/strong><span class=\"tm7\">, wie auch der <\/span><strong><a href=\"https:\/\/shop.nlq24.eu\/de\/Produkt\/kupferbecher-300-ml-ayurveda-yoga\/\"><span class=\"tm8\">Kupfer Trinkbecher <\/span><\/a><\/strong><span class=\"tm7\">\u00a0ist mit den charakteristischen <\/span><strong><span class=\"tm8\">Lakhovsky-Ringen<\/span><\/strong><span class=\"tm7\"> ausgestattet, inspiriert von dem\u00a0<\/span><strong><span class=\"tm8\">Multiwellen Oszillator<\/span><\/strong><span class=\"tm7\">. Diese Ringe bestehen aus einer Reihe offener Kreise, welche eine harmonisierende Wirkung auf das Wasser haben.<\/span><\/p>\n<p class=\"Normal tm5 tm6\"><span class=\"tm7\">Die offenen Ringe erzeugen ein subtiles Energiefeld, die Bildung von Wasserstrukturen unterst\u00fctzt und es somit ins Gleichgewicht bringt. Dieses Konzept basiert auf Lakhovskys Forschung zu nat\u00fcrlichen Schwingungen und Resonanzen, die Harmonie in biologischen Systemen f\u00f6rdern. <\/span><\/p>\n<p class=\"Normal tm5 tm6\"><span class=\"tm7\">Das Wasser in diesen Kupfergef\u00e4\u00dfen profitiert von dieser Technologie und bietet eine einzigartige energetische Balance f\u00fcr ein besonderes Erlebnis beim Trinken.<\/span><\/p>\n<p class=\"Normal tm5 tm6\"><span class=\"tm7\">Genie\u00dfe jetzt auch du die Vorteile von Kupfer in Kombination mit der harmonisierenden Wirkung dieser au\u00dfergew\u00f6hnlichen Ringe!<\/span><\/p>\n<h3 class=\"Normal tm5 tm6\"><strong><span class=\"tm8\">Wie kann ich die Kupferflasche am besten benutzen?<\/span><\/strong><\/h3>\n<p class=\"Normal tm5 tm6\"><span class=\"tm7\">F\u00fclle die Flasche mit Wasser und genie\u00dfe ein reines, harmonisches Getr\u00e4nk. Zur Energetisierung nach Ayurveda, lasse das Wasser \u00fcber Nacht in der Flasche und trinke es belebend am Morgen.<\/span><\/p>\n<p class=\"Normal tm5\"><span class=\"tm7\">Lasse jedoch das Wasser nicht l\u00e4nger als 6-8 Stunden darin stehen, um eine optimale Energetisierung zu erzielen.<\/span><\/p>\n<h3 class=\"Normal tm5 tm6\"><strong><span class=\"tm8\">Was kann man aus einer Kupferflasche trinken?<\/span><\/strong><\/h3>\n<p class=\"Normal tm5\"><span class=\"tm7\">Grunds\u00e4tzlich kann man alles daraus trinken. Jedoch sollte man s\u00e4urehaltige Getr\u00e4nke, wie Fruchts\u00e4fte, vermeiden, da diese mit dem Kupfer reagieren k\u00f6nnten.<\/span><\/p>\n<h3 class=\"Normal tm5 tm6\"><strong><span class=\"tm8\">Wie sollte die Kupferflasche gepflegt und gereinigt werden?<\/span><\/strong><\/h3>\n<p class=\"Normal tm5 tm6\"><span class=\"tm7\">Kupfer entwickelt durch Oxidation von Natur aus eine Patina. Dieser Prozess ist normal und schadet nicht, aber regelm\u00e4\u00dfige Reinigung sorgt daf\u00fcr, dass die matte Oberfl\u00e4che intakt bleibt.<\/span><\/p>\n<p class=\"Normal tm5\"><span class=\"tm7\">Reinige die Flasche 2-3 Mal pro Woche mit Zitronensaft und Salz oder Essig und Salz, um die Patina zu entfernen. Sp\u00fcle sie danach gr\u00fcndlich aus, um R\u00fcckst\u00e4nde zu entfernen.<\/span><\/p>\n<p class=\"Normal tm5\"><span class=\"tm7\">Freue dich auf diese spezielle Kupfer-Trinkflasche Matt mit 500 ml und genie\u00dfe ein stilvolles, gesundes und nachhaltiges Erlebnis beim wichtigen Trinken. So macht Trinken wieder Spa\u00df! Perfekt f\u00fcr alle, die Wert auf \u00c4sthetik und bewusstes Leben legen!<\/span><\/p>\n<h3><strong>Tradition und Historie<\/strong><\/h3>\n<p><span class=\"svelte-1fz0gqk\">Im Ayurveda wird Kupfer traditionell f\u00fcr die Aufbewahrung von Wasser verwendet.<\/span><br class=\"svelte-1fz0gqk\" \/>Die Kreation dieser Flasche ist inspiriert von historischen Trinkgef\u00e4\u00dfen aus Kupfer.<\/p>\n<h3 id=\"2-perfekt-als-geschenk\" class=\"heading svelte-1fz0gqk\"><span class=\"svelte-1fz0gqk\">Perfekt auch als Geschenk<\/span><\/h3>\n<p class=\"svelte-1fz0gqk\"><span class=\"svelte-1fz0gqk\">Ob f\u00fcr Genie\u00dfer, Designliebhaber oder Freunde exotischer Traditionen \u2013 dieser Kupferbecher ist ein\u00a0<\/span><strong class=\"svelte-1fz0gqk\"><span class=\"svelte-1fz0gqk\">besonderes Geschenk<\/span><\/strong><span class=\"svelte-1fz0gqk\">\u00a0mit bleibendem Wert.<\/span><\/p>\n<p>&nbsp;<\/p>\n<p>Laut einer der vielen &#8222;EU Verordnungen&#8220; sind gesundheitsbezogene Aussagen auch hier &#8222;nicht erlaubt&#8220;. Daher schreibe ich mal nichts zu all dem, was Kupfer so nachgesagt wird. Dir noch eine sch\u00f6ne Zeit \ud83d\ude42<\/p>\n","protected":false},"excerpt":{"rendered":"<p>Kupferflasche Synergy, matt, 500 ml<\/p>\n","protected":false},"featured_media":88782,"comment_status":"closed","ping_status":"closed","template":"","meta":[],"product_brand":[],"product_cat":[2879,3844],"product_tag":[3848,3850,3851,3864],"class_list":{"0":"post-88831","1":"product","2":"type-product","3":"status-publish","4":"has-post-thumbnail","6":"product_cat-weihnachtstipps","7":"product_cat-kupfer-artikel","8":"product_tag-matt","9":"product_tag-yoga","10":"product_tag-ayurveda","11":"product_tag-kupferflasche","13":"first","14":"instock","15":"taxable","16":"shipping-taxable","17":"purchasable","18":"product-type-simple"},"_links":{"self":[{"href":"https:\/\/shop.nlq24.eu\/de\/wp-json\/wp\/v2\/product\/88831","targetHints":{"allow":["GET"]}}],"collection":[{"href":"https:\/\/shop.nlq24.eu\/de\/wp-json\/wp\/v2\/product"}],"about":[{"href":"https:\/\/shop.nlq24.eu\/de\/wp-json\/wp\/v2\/types\/product"}],"replies":[{"embeddable":true,"href":"https:\/\/shop.nlq24.eu\/de\/wp-json\/wp\/v2\/comments?post=88831"}],"wp:featuredmedia":[{"embeddable":true,"href":"https:\/\/shop.nlq24.eu\/de\/wp-json\/wp\/v2\/media\/88782"}],"wp:attachment":[{"href":"https:\/\/shop.nlq24.eu\/de\/wp-json\/wp\/v2\/media?parent=88831"}],"wp:term":[{"taxonomy":"product_brand","embeddable":true,"href":"https:\/\/shop.nlq24.eu\/de\/wp-json\/wp\/v2\/product_brand?post=88831"},{"taxonomy":"product_cat","embeddable":true,"href":"https:\/\/shop.nlq24.eu\/de\/wp-json\/wp\/v2\/product_cat?post=88831"},{"taxonomy":"product_tag","embeddable":true,"href":"https:\/\/shop.nlq24.eu\/de\/wp-json\/wp\/v2\/product_tag?post=88831"}],"curies":[{"name":"wp","href":"https:\/\/api.w.org\/{rel}","templated":true}]}}