{"id":88879,"date":"2025-11-13T11:18:16","date_gmt":"2025-11-13T11:18:16","guid":{"rendered":"https:\/\/shop.nlq24.eu\/?post_type=product&#038;p=88879"},"modified":"2026-03-23T11:14:21","modified_gmt":"2026-03-23T11:14:21","slug":"kupferbecher-india-300-ml-ayurveda","status":"publish","type":"product","link":"https:\/\/shop.nlq24.eu\/de\/Produkt\/kupferbecher-india-300-ml-ayurveda\/","title":{"rendered":"Kupferbecher India, 300 ml, Ayurveda"},"content":{"rendered":"<h2 class=\"Normal tm5 tm6\"><strong><span class=\"tm8\">Kupfer-Trinkbecher India, gl\u00e4nzend 300 ml<\/span><\/strong><\/h2>\n<p class=\"Normal tm5 tm6\"><strong><span class=\"tm8\">\u2013 Stilvoll, Gesund und Nachhaltig<\/span><\/strong><\/p>\n<p class=\"Normal tm5 tm6\"><span class=\"tm7\">Dieser spezielle Kupfer-Trinkbecher 300 ml vereint Funktionalit\u00e4t und \u00c4sthetik. Der wundersch\u00f6n gestaltete Becher aus 100 % reinem Kupfer mit einer modernen, gl\u00e4nzenden Oberfl\u00e4che bietet nicht nur ein rustikales, sondern auch zeitloses Erscheinungsbild.<\/span><\/p>\n<p class=\"Normal tm5 tm6\"><span class=\"tm7\">Er vereint jahrhundertealte ayurvedische Weisheit mit modernem Design und bietet dir ein ganz neues Erlebnis beim Trinken.<\/span><\/p>\n<p class=\"Normal tm5 tm6\"><span class=\"tm7\">Mehr Genuss und Freude im Alltag.<\/span><\/p>\n<p class=\"Normal tm5 tm6\"><span class=\"tm7\">Kupfer tr\u00e4gt zu einem besseren Genuss beim Trinken bei.<\/span><\/p>\n<p class=\"Normal tm5 tm6\"><span class=\"tm7\">Mit einem Fassungsverm\u00f6gen von 300 ml und einem unaufdringlichen Design ist dieser Becher kompakt, leicht und praktisch. F\u00fcr den t\u00e4glichen Gebrauch ebenso, wie f\u00fcr Ayurveda und Yoga. Mit nur 65 Gramm ein super Leichtgewicht.<\/span><\/p>\n<h4>FAQ- H\u00e4ufige Fragen:<\/h4>\n<h3 class=\"Normal tm5 tm6\"><strong><span class=\"tm8\">Warum den Kupfer-Trinkbecher gl\u00e4nzend w\u00e4hlen?<\/span><\/strong><\/h3>\n<p class=\"Normal tm5 tm6\"><span class=\"tm7\">Diese Oberfl\u00e4chenstruktur hat ein edles, gem\u00fctliches und zeitloses Aussehen.<\/span><\/p>\n<p>&nbsp;<\/p>\n<h3 class=\"Normal tm5 tm6\"><strong><span class=\"tm8\">Welche Vorteile hat so ein Kupferbecher?<\/span><\/strong><\/h3>\n<p class=\"Normal tm5\"><span class=\"tm7\">&#8211; Kupfer hat nat\u00fcrliche antibakterielle Eigenschaften, die helfen k\u00f6nnen, das Wasser rein zu halten.<\/span><\/p>\n<p class=\"Normal tm5\"><strong><span class=\"tm8\">&#8211; Eine gl\u00e4nzende Oberfl\u00e4che<\/span><\/strong><span class=\"tm7\"> verleiht dem Becher ein stilvolles, minimalistisches und rustikales Aussehen.<\/span><\/p>\n<p class=\"Normal tm5\"><strong><span class=\"tm8\">&#8211; Kompakt und tragbar<\/span><\/strong><span class=\"tm7\"> mit einem Fassungsverm\u00f6gen von 300 ml und einem gl\u00e4nzenden Design ist er ideal f\u00fcr den t\u00e4glichen Gebrauch.<\/span><\/p>\n<p class=\"Normal tm5\"><strong><span class=\"tm8\">Nachhaltig und Umweltfreundlich<\/span><\/strong><span class=\"tm7\">: Wieder verwendbar und aus 100 % reinem Kupfer gefertigt, eine umweltbewusste Wahl.<\/span><\/p>\n<p class=\"Normal tm5\"><strong><span class=\"tm8\">Einfach zu Reinigen<\/span><\/strong><span class=\"tm7\">: Mit einfacher Pflege bleibt der Becher jahrelang sch\u00f6n und hygienisch.<\/span><\/p>\n<h3 class=\"Normal tm5 tm6\"><strong><span class=\"tm8\">Wie kann ich den Kupferbecher am besten benutzen?<\/span><\/strong><\/h3>\n<p class=\"Normal tm5 tm6\"><span class=\"tm7\">F\u00fclle den Becher mit Wasser und genie\u00dfe ein reines, gesundes Getr\u00e4nk. Nach Ayurveda, lasse das Wasser \u00fcber Nacht in dem Becher und trinke es belebend am Morgen.<\/span><\/p>\n<p class=\"Normal tm5\"><span class=\"tm7\">Lasse jedoch das Wasser nicht l\u00e4nger als 6-8 Stunden im Becher stehen, um optimale Ergebnisse zu erzielen.<\/span><\/p>\n<h3 class=\"Normal tm5 tm6\"><strong><span class=\"tm8\">Was kann man aus einem Kupferbecher trinken?<\/span><\/strong><\/h3>\n<p class=\"Normal tm5\"><span class=\"tm7\">Grunds\u00e4tzlich kann man alles daraus trinken. Jedoch sollte man s\u00e4urehaltige Getr\u00e4nke, wie Fruchts\u00e4fte, vermeiden, da diese mit dem Kupfer reagieren k\u00f6nnten.<\/span><\/p>\n<h3 class=\"Normal tm5 tm6\"><strong><span class=\"tm8\">Wie sollte der Kupferbecher gepflegt und gereinigt werden?<\/span><\/strong><\/h3>\n<p class=\"Normal tm5 tm6\"><span class=\"tm7\">Kupfer entwickelt durch Oxidation von Natur aus eine Patina. Dieser Prozess ist normal und schadet dem Becher nicht. Regelm\u00e4\u00dfige Reinigung sorgt daf\u00fcr, dass die Oberfl\u00e4che intakt bleibt.<\/span><\/p>\n<p class=\"Normal tm5\"><span class=\"tm7\">Reinige den Becher 2-3 Mal pro Woche mit Zitronensaft und Salz oder Essig und Salz, um die Patina zu entfernen. Sp\u00fcle den Becher danach gr\u00fcndlich aus, um R\u00fcckst\u00e4nde zu entfernen.<\/span><\/p>\n<p class=\"Normal tm5\"><span class=\"tm7\">Freue dich auf diesen <strong>von Hand gefertigten<\/strong> Kupfer-Trinkbecher und genie\u00dfe ein stilvolles, gesundes und nachhaltiges Erlebnis beim wichtigen Trinken. So macht Trinken wieder Spa\u00df! Perfekt f\u00fcr alle, die Wert auf \u00c4sthetik und bewusstes Leben legen!<\/span><\/p>\n<h3><strong>Tradition und Historie<\/strong><\/h3>\n<p><span class=\"svelte-1fz0gqk\">Im Ayurveda wird Kupfer traditionell f\u00fcr die Aufbewahrung von Wasser verwendet. <\/span>Die Kreation dieses Bechers ist inspiriert von historischen Trinkgef\u00e4\u00dfen aus Kupfer.<\/p>\n<h3 id=\"2-perfekt-als-geschenk\" class=\"heading svelte-1fz0gqk\"><span class=\"svelte-1fz0gqk\">Perfekt auch als Geschenk<\/span><\/h3>\n<p class=\"svelte-1fz0gqk\"><span class=\"svelte-1fz0gqk\">Ob f\u00fcr Genie\u00dfer, Designliebhaber oder Freunde exotischer Traditionen \u2013 dieser Kupferbecher ist ein\u00a0<\/span><strong class=\"svelte-1fz0gqk\"><span class=\"svelte-1fz0gqk\">besonderes Geschenk<\/span><\/strong><span class=\"svelte-1fz0gqk\">\u00a0mit bleibendem Wert.<\/span><\/p>\n<p>&nbsp;<\/p>\n<p>Laut einer der vielen &#8222;EU Verordnungen&#8220; sind gesundheitsbezogene Aussagen auch hier &#8222;nicht erlaubt&#8220;. Daher schreibe ich mal nichts zu all dem, was Kupfer so nachgesagt wird. Dir noch eine sch\u00f6ne Zeit \ud83d\ude42<\/p>\n","protected":false},"excerpt":{"rendered":"<p>Kupferbecher India gl\u00e4nzend, handgefertigt, 300 ml.<\/p>\n","protected":false},"featured_media":88884,"comment_status":"closed","ping_status":"closed","template":"","meta":[],"product_brand":[],"product_cat":[2879,3844],"product_tag":[3884,3885,3849,3850,3851,3883],"class_list":{"0":"post-88879","1":"product","2":"type-product","3":"status-publish","4":"has-post-thumbnail","6":"product_cat-weihnachtstipps","7":"product_cat-kupfer-artikel","8":"product_tag-kupferbecher-india","9":"product_tag-glaenzend","10":"product_tag-300-ml","11":"product_tag-yoga","12":"product_tag-ayurveda","13":"product_tag-handgefertigt","15":"first","16":"instock","17":"taxable","18":"shipping-taxable","19":"purchasable","20":"product-type-simple"},"_links":{"self":[{"href":"https:\/\/shop.nlq24.eu\/de\/wp-json\/wp\/v2\/product\/88879","targetHints":{"allow":["GET"]}}],"collection":[{"href":"https:\/\/shop.nlq24.eu\/de\/wp-json\/wp\/v2\/product"}],"about":[{"href":"https:\/\/shop.nlq24.eu\/de\/wp-json\/wp\/v2\/types\/product"}],"replies":[{"embeddable":true,"href":"https:\/\/shop.nlq24.eu\/de\/wp-json\/wp\/v2\/comments?post=88879"}],"wp:featuredmedia":[{"embeddable":true,"href":"https:\/\/shop.nlq24.eu\/de\/wp-json\/wp\/v2\/media\/88884"}],"wp:attachment":[{"href":"https:\/\/shop.nlq24.eu\/de\/wp-json\/wp\/v2\/media?parent=88879"}],"wp:term":[{"taxonomy":"product_brand","embeddable":true,"href":"https:\/\/shop.nlq24.eu\/de\/wp-json\/wp\/v2\/product_brand?post=88879"},{"taxonomy":"product_cat","embeddable":true,"href":"https:\/\/shop.nlq24.eu\/de\/wp-json\/wp\/v2\/product_cat?post=88879"},{"taxonomy":"product_tag","embeddable":true,"href":"https:\/\/shop.nlq24.eu\/de\/wp-json\/wp\/v2\/product_tag?post=88879"}],"curies":[{"name":"wp","href":"https:\/\/api.w.org\/{rel}","templated":true}]}}