{"id":89364,"date":"2026-03-06T08:32:58","date_gmt":"2026-03-06T08:32:58","guid":{"rendered":"https:\/\/shop.nlq24.eu\/?post_type=product&#038;p=89364"},"modified":"2026-03-16T10:08:59","modified_gmt":"2026-03-16T10:08:59","slug":"durchflussbegrenzer-800-fuer-7-star","status":"publish","type":"product","link":"https:\/\/shop.nlq24.eu\/de\/Produkt\/durchflussbegrenzer-800-fuer-7-star\/","title":{"rendered":"Durchflussbegrenzer &#8211; 800 f\u00fcr 7 Star"},"content":{"rendered":"<p>Dieser Durchflussbegrenzer (Flow Restrictor) regelt den Durchflussmengen vom Abwasser bei der <a href=\"https:\/\/shop.nlq24.eu\/de\/produkt\/umkehrosmoseanlage-7-star-energy-einfach\/\">Anlage 7-Star<\/a>.<\/p>\n<p>Ist dieser defekt, flie\u00dft kein Wasser mehr durch die Anlage.<\/p>\n<p>Der Durchflussbegrenzer Flow 800 begrenzt die Abwassermenge auf 800 ml \/ Minute. Dieser ist n\u00f6tig, damit das Wasserverh\u00e4ltnis nicht zu hoch wird.<\/p>\n<h3><strong>Montage des Durchflussbegrenzer:<\/strong><\/h3>\n<p>F\u00fcr die Demontage des alten Durchflussbegrenzers m\u00fcssen die blauen Sicherungsclips am alten Durchflussbegrenzer entfernt werden. Dann die Wulst, welche frei wird zusammendr\u00fccken und den Schlauch herausziehen.<\/p>\n<p>Zum Einbau diese Aktion anders herum ausf\u00fchren. Wulst wieder zusammendr\u00fccken, Schlauch einf\u00fchren\u00a0 und fest hineindr\u00fccken. Dann den blauen Clip wieder befestigen.<\/p>\n","protected":false},"excerpt":{"rendered":"<p>Der Durchflussbegrenzer Flow 800 f\u00fcr 7 Star<\/p>\n","protected":false},"featured_media":89370,"comment_status":"closed","ping_status":"closed","template":"","meta":[],"product_brand":[],"product_cat":[54],"product_tag":[3966],"class_list":{"0":"post-89364","1":"product","2":"type-product","3":"status-publish","4":"has-post-thumbnail","6":"product_cat-umkehrosmose-zubehoer","7":"product_tag-duchflussbegrenzer","8":"product_shipping_class-standard","10":"first","11":"instock","12":"taxable","13":"shipping-taxable","14":"purchasable","15":"product-type-simple"},"_links":{"self":[{"href":"https:\/\/shop.nlq24.eu\/de\/wp-json\/wp\/v2\/product\/89364","targetHints":{"allow":["GET"]}}],"collection":[{"href":"https:\/\/shop.nlq24.eu\/de\/wp-json\/wp\/v2\/product"}],"about":[{"href":"https:\/\/shop.nlq24.eu\/de\/wp-json\/wp\/v2\/types\/product"}],"replies":[{"embeddable":true,"href":"https:\/\/shop.nlq24.eu\/de\/wp-json\/wp\/v2\/comments?post=89364"}],"wp:featuredmedia":[{"embeddable":true,"href":"https:\/\/shop.nlq24.eu\/de\/wp-json\/wp\/v2\/media\/89370"}],"wp:attachment":[{"href":"https:\/\/shop.nlq24.eu\/de\/wp-json\/wp\/v2\/media?parent=89364"}],"wp:term":[{"taxonomy":"product_brand","embeddable":true,"href":"https:\/\/shop.nlq24.eu\/de\/wp-json\/wp\/v2\/product_brand?post=89364"},{"taxonomy":"product_cat","embeddable":true,"href":"https:\/\/shop.nlq24.eu\/de\/wp-json\/wp\/v2\/product_cat?post=89364"},{"taxonomy":"product_tag","embeddable":true,"href":"https:\/\/shop.nlq24.eu\/de\/wp-json\/wp\/v2\/product_tag?post=89364"}],"curies":[{"name":"wp","href":"https:\/\/api.w.org\/{rel}","templated":true}]}}