{"id":89367,"date":"2026-03-06T08:50:31","date_gmt":"2026-03-06T08:50:31","guid":{"rendered":"https:\/\/shop.nlq24.eu\/?post_type=product&#038;p=89367"},"modified":"2026-03-16T10:08:59","modified_gmt":"2026-03-16T10:08:59","slug":"automatisches-absperrventil-umkehrosmose","status":"publish","type":"product","link":"https:\/\/shop.nlq24.eu\/de\/Produkt\/automatisches-absperrventil-umkehrosmose\/","title":{"rendered":"Automatisches Absperrventil Umkehrosmose"},"content":{"rendered":"<p class=\"svelte-x57wqa\"><span class=\"svelte-x57wqa\">Ein <\/span><span class=\"svelte-x57wqa\">automatisches Absperrventil (<strong class=\"svelte-x57wqa\">Auto Shut-Off Valve)<\/strong> ist ein Sicherheitsmechanismus, der automatisch den Wasserzufuhr stoppt, wenn ein Leck, ein \u00dcberlauf oder eine ungew\u00f6hnliche Wasserstr\u00f6mung erkannt wird. <\/span><span class=\"svelte-x57wqa\">Dies verhindert erhebliche Wassersch\u00e4den, insbesondere wenn niemand zu Hause ist.<\/span><\/p>\n<p>&nbsp;<\/p>\n<p>Es passt zur Umkehrosmose Anlage <a href=\"https:\/\/shop.nlq24.eu\/de\/Produkt\/umkehrosmoseanlage-7-star-energy-einfach\/\">7 Star Energy<\/a>\u00a0 und <a href=\"https:\/\/shop.nlq24.eu\/de\/Produkt\/umkehrosmoseanlage-smart-premium\/\">Smart Energy<\/a><\/p>\n<p class=\"svelte-x57wqa\"><strong class=\"svelte-x57wqa\"><span class=\"svelte-x57wqa\">Wie funktioniert\u00a0 das automatische Absperrventil?<\/span><\/strong><br class=\"svelte-x57wqa\" \/><span class=\"svelte-x57wqa\">Die Funktionsweise h\u00e4ngt vom Systemtyp ab, aber grunds\u00e4tzlich erfolgt die Steuerung \u00fcber Sensoren:<\/span><\/p>\n<p class=\"svelte-x57wqa\"><strong class=\"svelte-x57wqa\"><span class=\"svelte-x57wqa\">Dieses flussbasierte System <\/span><\/strong><span class=\"svelte-x57wqa\">f\u00fcr Umkehr-Osmose-Anlagen <\/span><span class=\"svelte-x57wqa\">\u00fcberwacht die Wasserstr\u00f6mung. Wenn die Flussrate zu stark ansteigt, schlie\u00dft das Ventil sofort den Wasserzutritt.<\/span><\/p>\n<p class=\"svelte-x57wqa\"><span class=\"svelte-x57wqa\">In der Umkehrosmose-Anlage nutzt das Ventil den Druck aus einem Schwimmerventil, um den Wasserzutritt zur Membran zu unterbrechen, sobald der Speicher voll ist.\u00a0<\/span><\/p>\n<h3><strong>Montage<\/strong><\/h3>\n<ol class=\"svelte-1fz0gqk\" start=\"1\">\n<li class=\"svelte-1fz0gqk\">\n<p class=\"svelte-1fz0gqk\"><strong class=\"svelte-1fz0gqk\"><span class=\"svelte-1fz0gqk\">Wasser abschalten<\/span><\/strong><span class=\"svelte-1fz0gqk\">:<\/span><br class=\"svelte-1fz0gqk\" \/><span class=\"svelte-1fz0gqk\">Schlie\u00dfe die Kaltwasserzufuhr und \u00f6ffne den Entnahmehahn, um den Druck abzulassen.<\/span><\/p>\n<\/li>\n<li class=\"svelte-1fz0gqk\">\n<p class=\"svelte-1fz0gqk\"><strong class=\"svelte-1fz0gqk\"><span class=\"svelte-1fz0gqk\">Ventilposition bestimmen<\/span><\/strong><span class=\"svelte-1fz0gqk\">:<\/span><br class=\"svelte-1fz0gqk\" \/><span class=\"svelte-1fz0gqk\">Das Ventil hat zwei Seiten:<\/span><\/p>\n<ul class=\"svelte-1fz0gqk\">\n<li class=\"svelte-1fz0gqk\">\n<p class=\"svelte-1fz0gqk\"><strong class=\"svelte-1fz0gqk\"><span class=\"svelte-1fz0gqk\">Obere Seite (Hochdruckseite)<\/span><\/strong><span class=\"svelte-1fz0gqk\">: Anschl\u00fcsse \u201eIN\u201c und \u201eOUT\u201c f\u00fcr das Speisewasser.<\/span><\/p>\n<\/li>\n<li class=\"svelte-1fz0gqk\">\n<p class=\"svelte-1fz0gqk\"><strong class=\"svelte-1fz0gqk\"><span class=\"svelte-1fz0gqk\">Untere Seite (Niederdruckseite)<\/span><\/strong><span class=\"svelte-1fz0gqk\">: Anschl\u00fcsse f\u00fcr das Permeat (gereinigtes Wasser) welches zum Speichertank f\u00fchrt<\/span><\/p>\n<p class=\"svelte-1fz0gqk\"><strong class=\"svelte-1fz0gqk\"><span class=\"svelte-1fz0gqk\">Schl\u00e4uche anschlie\u00dfen<\/span><\/strong><span class=\"svelte-1fz0gqk\">:<\/span><\/p>\n<p>F\u00fcr die Demontage des alten Ventils m\u00fcssen die blauen Sicherungsclips am alten Ventil entfernt werden. Dann die Wulst, welche frei wird zum Ventil hin zusammendr\u00fccken und den Schlauch dann herausziehen.<\/p>\n<p>Zum Einbau diese Aktion anders herum ausf\u00fchren. Wulst wieder zusammendr\u00fccken, Schlauch einf\u00fchren und fest hineindr\u00fccken. Dann den blauen Clip wieder dazwischen schieben &#8211; fertig!<\/p>\n<ul class=\"svelte-1fz0gqk\">\n<li class=\"svelte-1fz0gqk\">\n<p class=\"svelte-1fz0gqk\"><strong class=\"svelte-1fz0gqk\"><span class=\"svelte-1fz0gqk\">Hochdruckseite (oben)<\/span><\/strong><span class=\"svelte-1fz0gqk\">:<\/span><br class=\"svelte-1fz0gqk\" \/><span class=\"svelte-1fz0gqk\">Der Schlauch vom letzten Vorfilter (z.\u202fB. Kohlefilter) geht in den\u00a0<\/span><strong class=\"svelte-1fz0gqk\"><span class=\"svelte-1fz0gqk\">\u201eIN\u201c-Anschluss.<\/span><\/strong><\/p>\n<\/li>\n<li class=\"svelte-1fz0gqk\">\n<p class=\"svelte-1fz0gqk\"><span class=\"svelte-1fz0gqk\">Der\u00a0<\/span><strong class=\"svelte-1fz0gqk\"><span class=\"svelte-1fz0gqk\">\u201eOUT\u201c-Anschluss<\/span><\/strong><span class=\"svelte-1fz0gqk\">\u00a0f\u00fchrt zum\u00a0<\/span><strong class=\"svelte-1fz0gqk\"><span class=\"svelte-1fz0gqk\">Eingang der Membrane<\/span><\/strong><span class=\"svelte-1fz0gqk\">.<\/span><\/p>\n<\/li>\n<li class=\"svelte-1fz0gqk\">\n<p class=\"svelte-1fz0gqk\"><strong class=\"svelte-1fz0gqk\"><span class=\"svelte-1fz0gqk\">Niederdruckseite (unten)<\/span><\/strong><span class=\"svelte-1fz0gqk\">:<\/span><br class=\"svelte-1fz0gqk\" \/><span class=\"svelte-1fz0gqk\">Der Schlauch vom\u00a0<\/span><strong class=\"svelte-1fz0gqk\"><span class=\"svelte-1fz0gqk\">Ausgang der RO-Membran (Permeat)<\/span><\/strong><span class=\"svelte-1fz0gqk\">\u00a0geht in den\u00a0<\/span><strong class=\"svelte-1fz0gqk\"><span class=\"svelte-1fz0gqk\">unteren \u201eIN\u201c-Anschluss. <\/span><\/strong><\/p>\n<\/li>\n<li class=\"svelte-1fz0gqk\">\n<p class=\"svelte-1fz0gqk\"><span class=\"svelte-1fz0gqk\">Der <\/span><strong class=\"svelte-1fz0gqk\"><span class=\"svelte-1fz0gqk\">\u201eOUT\u201c-Anschluss<\/span><\/strong><span class=\"svelte-1fz0gqk\">\u00a0f\u00fchrt zum\u00a0<\/span><strong class=\"svelte-1fz0gqk\"><span class=\"svelte-1fz0gqk\">Speichertank<\/span><\/strong><span class=\"svelte-1fz0gqk\">.<\/span><\/p>\n<\/li>\n<\/ul>\n<\/li>\n<\/ul>\n<\/li>\n<li class=\"svelte-1fz0gqk\">\n<p class=\"svelte-1fz0gqk\"><strong class=\"svelte-1fz0gqk\"><span class=\"svelte-1fz0gqk\">R\u00fcckschlagventil (Check Valve) pr\u00fcfen<\/span><\/strong><span class=\"svelte-1fz0gqk\">:<\/span><br class=\"svelte-1fz0gqk\" \/><span class=\"svelte-1fz0gqk\">Ein\u00a0<\/span><strong class=\"svelte-1fz0gqk\"><span class=\"svelte-1fz0gqk\">R\u00fcckschlagventil<\/span><\/strong><span class=\"svelte-1fz0gqk\"> muss im Permeat-Strang (zwischen Membran und dem Ventil) installiert sein, damit der Druck im Tank das Ventil steuern kann. <\/span><span class=\"svelte-1fz0gqk\">Viele Systeme haben es bereits integriert.<\/span><\/p>\n<\/li>\n<li class=\"svelte-1fz0gqk\">\n<p class=\"svelte-1fz0gqk\"><strong class=\"svelte-1fz0gqk\"><span class=\"svelte-1fz0gqk\">Funktion testen<\/span><\/strong><span class=\"svelte-1fz0gqk\">:<\/span><br class=\"svelte-1fz0gqk\" \/><span class=\"svelte-1fz0gqk\">\u00d6ffnen die Wasserzufuhr, lasse den Tank bef\u00fcllen. Sobald der Tank Druck in dem Tank etwa 65\u202f% des Eingangsdrucks erreicht hat, sollte das Ventil den Wasserfluss zur Membran stoppen.<\/span><\/p>\n<\/li>\n<\/ol>\n<h3 id=\"2-wichtige-hinweise\" class=\"heading svelte-1fz0gqk\"><span class=\"svelte-1fz0gqk\">Wichtige Hinweise:<\/span><\/h3>\n<ul class=\"svelte-1fz0gqk\">\n<li class=\"svelte-1fz0gqk\">\n<p class=\"svelte-1fz0gqk\"><span class=\"svelte-1fz0gqk\">Achten Sie auf die\u00a0<\/span><strong class=\"svelte-1fz0gqk\"><span class=\"svelte-1fz0gqk\">richtige Schlauchfarbe bzw. -reihenfolge<\/span><\/strong><span class=\"svelte-1fz0gqk\">, um Verwechslungen zu vermeiden w\u00fcrde ich das alte Ventil vor dem Abbau angeschlossen fotografieren und so bei der Anlage liegen lassen, wie es ausgebaut wurde. Dann einfach das neue Ventil genau so anschlie\u00dfen, wie das alte. Dann ist es ganz einfach \ud83d\ude42<\/span><\/p>\n<\/li>\n<li class=\"svelte-1fz0gqk\">\n<p class=\"svelte-1fz0gqk\"><span class=\"svelte-1fz0gqk\">Da Ventil ist mit einem <\/span><strong class=\"svelte-1fz0gqk\"><span class=\"svelte-1fz0gqk\">Schnellsteckanschlusse (1\/4\u2033)<\/span><\/strong><span class=\"svelte-1fz0gqk\"> versehen. \u2013 einfach eindr\u00fccken und blauen Clip wieder einschieben.<\/span><\/p>\n<\/li>\n<li class=\"svelte-1fz0gqk\">\n<p class=\"svelte-1fz0gqk\"><span class=\"svelte-1fz0gqk\">Bei Fehlfunktion:\u00a0<\/span><strong class=\"svelte-1fz0gqk\"><span class=\"svelte-1fz0gqk\">Pr\u00fcfe alle 4 Anschl\u00fcsse<\/span><\/strong><span class=\"svelte-1fz0gqk\">\u00a0\u2013 falsche Verbindungen sind die h\u00e4ufigste Fehlerquelle.\u00a0<\/span><\/p>\n<\/li>\n<\/ul>\n<p>&nbsp;<\/p>\n","protected":false},"excerpt":{"rendered":"<p>Automatisches Absperrventil Umkehrosmose f\u00fcr 7 Star und Smart<\/p>\n","protected":false},"featured_media":89379,"comment_status":"closed","ping_status":"closed","template":"","meta":[],"product_brand":[],"product_cat":[54],"product_tag":[],"class_list":{"0":"post-89367","1":"product","2":"type-product","3":"status-publish","4":"has-post-thumbnail","6":"product_cat-umkehrosmose-zubehoer","7":"product_shipping_class-standard","9":"first","10":"instock","11":"taxable","12":"shipping-taxable","13":"purchasable","14":"product-type-simple"},"_links":{"self":[{"href":"https:\/\/shop.nlq24.eu\/de\/wp-json\/wp\/v2\/product\/89367","targetHints":{"allow":["GET"]}}],"collection":[{"href":"https:\/\/shop.nlq24.eu\/de\/wp-json\/wp\/v2\/product"}],"about":[{"href":"https:\/\/shop.nlq24.eu\/de\/wp-json\/wp\/v2\/types\/product"}],"replies":[{"embeddable":true,"href":"https:\/\/shop.nlq24.eu\/de\/wp-json\/wp\/v2\/comments?post=89367"}],"wp:featuredmedia":[{"embeddable":true,"href":"https:\/\/shop.nlq24.eu\/de\/wp-json\/wp\/v2\/media\/89379"}],"wp:attachment":[{"href":"https:\/\/shop.nlq24.eu\/de\/wp-json\/wp\/v2\/media?parent=89367"}],"wp:term":[{"taxonomy":"product_brand","embeddable":true,"href":"https:\/\/shop.nlq24.eu\/de\/wp-json\/wp\/v2\/product_brand?post=89367"},{"taxonomy":"product_cat","embeddable":true,"href":"https:\/\/shop.nlq24.eu\/de\/wp-json\/wp\/v2\/product_cat?post=89367"},{"taxonomy":"product_tag","embeddable":true,"href":"https:\/\/shop.nlq24.eu\/de\/wp-json\/wp\/v2\/product_tag?post=89367"}],"curies":[{"name":"wp","href":"https:\/\/api.w.org\/{rel}","templated":true}]}}