{"id":89432,"date":"2026-03-17T16:31:38","date_gmt":"2026-03-17T16:31:38","guid":{"rendered":"https:\/\/shop.nlq24.eu\/?post_type=product&#038;p=89432"},"modified":"2026-04-21T07:32:38","modified_gmt":"2026-04-21T07:32:38","slug":"augenbadewanne-aus-glas","status":"publish","type":"product","link":"https:\/\/shop.nlq24.eu\/de\/Produkt\/augenbadewanne-aus-glas\/","title":{"rendered":"Augenbadewanne aus Glas"},"content":{"rendered":"<p>Diese Augenbadewanne aus Quarzglas ist optimal zur Sp\u00fclung von Augen.<\/p>\n<p>Das Glas ist transparent. Es hat eine anatomische Form, welche auf die Augenpartie abgestimmt ist.<\/p>\n<p>Sie stammt aus dem Hause Dr. Junghans.<\/p>\n<p>Die Badewanne muss vor jeder Nutzung auf \u00e4u\u00dferliche Sch\u00e4den kontrolliert werden. Benutze keine gesch\u00e4digte Augenbadewanne!<\/p>\n<p>Sp\u00fcle sie nach jeder Nutzung mit warmem Wasser aus.<\/p>\n<p>&nbsp;<\/p>\n","protected":false},"excerpt":{"rendered":"<p>Augenbadewanne aus Glas<\/p>\n","protected":false},"featured_media":89436,"comment_status":"closed","ping_status":"closed","template":"","meta":[],"product_brand":[],"product_cat":[81,328],"product_tag":[3974,3975],"class_list":{"0":"post-89432","1":"product","2":"type-product","3":"status-publish","4":"has-post-thumbnail","6":"product_cat-alle-produkte-im-ueberblick","7":"product_cat-flaschen-verschluesse-zubehoer","8":"product_tag-augenbadewanne","9":"product_tag-augenspuelung-glas","11":"first","12":"instock","13":"taxable","14":"shipping-taxable","15":"purchasable","16":"product-type-simple"},"_links":{"self":[{"href":"https:\/\/shop.nlq24.eu\/de\/wp-json\/wp\/v2\/product\/89432","targetHints":{"allow":["GET"]}}],"collection":[{"href":"https:\/\/shop.nlq24.eu\/de\/wp-json\/wp\/v2\/product"}],"about":[{"href":"https:\/\/shop.nlq24.eu\/de\/wp-json\/wp\/v2\/types\/product"}],"replies":[{"embeddable":true,"href":"https:\/\/shop.nlq24.eu\/de\/wp-json\/wp\/v2\/comments?post=89432"}],"wp:featuredmedia":[{"embeddable":true,"href":"https:\/\/shop.nlq24.eu\/de\/wp-json\/wp\/v2\/media\/89436"}],"wp:attachment":[{"href":"https:\/\/shop.nlq24.eu\/de\/wp-json\/wp\/v2\/media?parent=89432"}],"wp:term":[{"taxonomy":"product_brand","embeddable":true,"href":"https:\/\/shop.nlq24.eu\/de\/wp-json\/wp\/v2\/product_brand?post=89432"},{"taxonomy":"product_cat","embeddable":true,"href":"https:\/\/shop.nlq24.eu\/de\/wp-json\/wp\/v2\/product_cat?post=89432"},{"taxonomy":"product_tag","embeddable":true,"href":"https:\/\/shop.nlq24.eu\/de\/wp-json\/wp\/v2\/product_tag?post=89432"}],"curies":[{"name":"wp","href":"https:\/\/api.w.org\/{rel}","templated":true}]}}