{"id":91,"date":"2018-12-23T08:43:18","date_gmt":"2018-12-23T08:43:18","guid":{"rendered":"https:\/\/www.nlq24.de\/?post_type=product&#038;p=91"},"modified":"2024-12-12T19:32:27","modified_gmt":"2024-12-12T19:32:27","slug":"tropfer-verschluss-fuer-glasflasche-din18-standard","status":"publish","type":"product","link":"https:\/\/shop.nlq24.eu\/de\/Produkt\/tropfer-verschluss-fuer-glasflasche-din18-standard\/","title":{"rendered":"Tropfer Verschluss f\u00fcr Glasflasche DIN18"},"content":{"rendered":"<p><strong>Tropfer Verschluss f\u00fcr Glasflasche DIN18 (Standard)<\/strong><\/p>\n<p>nicht mehr lieferbar. Ich empfehle den guten <a href=\"https:\/\/shop.nlq24.eu\/de\/produkt\/tropfer-verschluss-deckel-din18-kindersicher\/\">Tropfer Verschluss Deckel DIN18 Kindersicher<\/a><\/p>\n<p>Hierbei handelt es sich um eine Verschluss-Deckel, welchen Sie f\u00fcr alle DIN18 Flaschen verwenden k\u00f6nnen.<br \/>\nEr eignet sich ebenso zum Topfen von Fl\u00fcssigkeiten als auch als reiner Verschluss. Er ist aus PE hergestellt.<br \/>\nSie k\u00f6nnen diesen Tropfer sehr gut f\u00fcr alkoholische, w\u00e4sserige oder auch d\u00fcnnfl\u00fcssige F\u00fcllmedien verwenden.<\/p>\n<p>&nbsp;<\/p>\n","protected":false},"excerpt":{"rendered":"<p><strong>Tropfer-Verschluss, f\u00fcr Glasflasche DIN18 Standard<\/strong><\/p>\n","protected":false},"featured_media":4857,"comment_status":"open","ping_status":"closed","template":"","meta":[],"product_brand":[],"product_cat":[81,109,327],"product_tag":[761,762,105,106,107,111,530],"class_list":{"0":"post-91","1":"product","2":"type-product","3":"status-publish","4":"has-post-thumbnail","6":"product_cat-alle-produkte-im-ueberblick","7":"product_cat-verschluesse-din18","8":"product_cat-verschluesse-und-zubehoer","9":"product_tag-tropferverschluss-glasflasche-din18","10":"product_tag-deckel-din18","11":"product_tag-tropfer","12":"product_tag-tropfverschluss","13":"product_tag-randtropfer","14":"product_tag-verschluss","15":"product_tag-din18","16":"product_shipping_class-standard","18":"first","19":"outofstock","20":"taxable","21":"shipping-taxable","22":"purchasable","23":"product-type-simple"},"_links":{"self":[{"href":"https:\/\/shop.nlq24.eu\/de\/wp-json\/wp\/v2\/product\/91","targetHints":{"allow":["GET"]}}],"collection":[{"href":"https:\/\/shop.nlq24.eu\/de\/wp-json\/wp\/v2\/product"}],"about":[{"href":"https:\/\/shop.nlq24.eu\/de\/wp-json\/wp\/v2\/types\/product"}],"replies":[{"embeddable":true,"href":"https:\/\/shop.nlq24.eu\/de\/wp-json\/wp\/v2\/comments?post=91"}],"wp:featuredmedia":[{"embeddable":true,"href":"https:\/\/shop.nlq24.eu\/de\/wp-json\/wp\/v2\/media\/4857"}],"wp:attachment":[{"href":"https:\/\/shop.nlq24.eu\/de\/wp-json\/wp\/v2\/media?parent=91"}],"wp:term":[{"taxonomy":"product_brand","embeddable":true,"href":"https:\/\/shop.nlq24.eu\/de\/wp-json\/wp\/v2\/product_brand?post=91"},{"taxonomy":"product_cat","embeddable":true,"href":"https:\/\/shop.nlq24.eu\/de\/wp-json\/wp\/v2\/product_cat?post=91"},{"taxonomy":"product_tag","embeddable":true,"href":"https:\/\/shop.nlq24.eu\/de\/wp-json\/wp\/v2\/product_tag?post=91"}],"curies":[{"name":"wp","href":"https:\/\/api.w.org\/{rel}","templated":true}]}}